{"id":70,"date":"2020-11-20T01:43:17","date_gmt":"2020-11-20T04:43:17","guid":{"rendered":"https:\/\/lpee.ct.utfpr.edu.br\/?page_id=70"},"modified":"2025-04-24T14:14:31","modified_gmt":"2025-04-24T17:14:31","slug":"artigos","status":"publish","type":"page","link":"https:\/\/utfpr.curitiba.br\/lpee\/artigos\/","title":{"rendered":"Artigos"},"content":{"rendered":"\n<h2 class=\"wp-block-heading\">2023<\/h2>\n\n\n\n<h2 class=\"wp-block-heading has-medium-font-size\">Artigos em peri\u00f3dicos<\/h2>\n\n\n\n<p>CAMPOS, HENRIQUE MARIN VAN DER BROOCKE ; SOARES, JEFFERSON WILHELM MEYER ;&nbsp;Badin, Alceu Andre&nbsp;; CORTEZ, DANIEL FLORES . Single-Phase Hybrid Switched-Capacitor PFC Boost Rectifier With Low Voltage Gain. IEEE TRANSACTIONS ON POWER ELECTRONICS, v. 38, p. 968-976, 2023.<\/p>\n\n\n\n<p><a href=\"http:\/\/dx.doi.org\/10.1109\/jestpe.2022.3231131\" target=\"_blank\" rel=\"noreferrer noopener\"><\/a>SOARES, JEFFERSON WILHELM MEYER ;\u00a0Badin, Alceu Andr\u00e9\u00a0. High-Efficiency Interleaved Totem-Pole PFC Converter With Voltage Follower Characteristics. IEEE Journal of Emerging and Selected Topics in Power Electronics, v. 11, p. 1879-1887, 2023.<\/p>\n\n\n\n<p><a href=\"http:\/\/dx.doi.org\/10.1109\/ACCESS.2023.3326133\" target=\"_blank\" rel=\"noreferrer noopener\"><\/a>MAYER, GIOVANO ;&nbsp;Badin, Alceu Andre&nbsp;. Design of a Double-Half-Bridge Rectifier With Single-Stage and Power Decoupling. IEEE Access, v. 11, p. 117508-117519, 2023.<\/p>\n\n\n\n<p><a href=\"http:\/\/dx.doi.org\/10.1109\/TIE.2023.3335456\" target=\"_blank\" rel=\"noreferrer noopener\"><\/a>TONOLO, \u00c9DWIN AUGUSTO ; SOARES, JEFFERSON WILHELM MEYER ;&nbsp;Badin, Alceu Andr\u00e9&nbsp;; ALONSO, J. MARCOS . Frequency-Modulated High-Gain Boost-Flyback DC-DC Converter for Renewable Energy Systems. IEEE TRANSACTIONS ON INDUSTRIAL ELECTRONICS, v. 1, p. 1-11, 2023.<\/p>\n\n\n\n<p>GOMES, ANDREAS ANAEL PEREIRA ; GANACIM, FRANCISCO ITAMARATI SECOLO ; MAGRIN, FABIANO GUSTAVO SILVEIRA ; BOBKO, NARA ; FERNANDES, LEONARDO G\u00d6BEL ; POMBEIRO, ANSELMO ;&nbsp;Romaneli, Eduardo F\u00e9lix Ribeiro&nbsp;. A Semantically Annotated 15-Class Ground Truth Dataset for Substation Equipment to Train Semantic Segmentation Models. Data, v. 8, p. 118, 2023.<\/p>\n\n\n\n<p><a href=\"http:\/\/dx.doi.org\/10.3390\/en16114295\" target=\"_blank\" rel=\"noreferrer noopener\"><\/a>JUNIOR, OSNI SILVA ; CONINCK, JOSE CARLOS PEREIRA ; MAGRIN, FABIANO GUSTAVO SILVEIRA ; GANACIM, FRANCISCO ITAMARATI SECOLO ; POMBEIRO, ANSELMO ; FERNANDES, LEONARDO G\u00d6BEL ;&nbsp;Romaneli, Eduardo F\u00e9lix Ribeiro&nbsp;. Impacts of Atmospheric and Load Conditions on the Power Substation Equipment Temperature Model. Energies, v. 16, p. 4295, 2023.<\/p>\n\n\n\n<h2 class=\"wp-block-heading\">2022<\/h2>\n\n\n\n<h2 class=\"wp-block-heading has-medium-font-size\">Artigos em peri\u00f3dicos<\/h2>\n\n\n\n<p><a href=\"http:\/\/dx.doi.org\/10.1109\/TPEL.2022.3166747\" target=\"_blank\" rel=\"noreferrer noopener\"><\/a>TONOLO, EDWIN AUGUSTO ; SOARES, JEFFERSON WILHELM MEYER ; ROMANELI, EDUARDO FELIX ;&nbsp;Badin, Alceu Andre&nbsp;. Current Sensorless MPPT with a CCM Interleaved Boost Converter for Renewable Energy System. IEEE TRANSACTIONS ON POWER ELECTRONICS, v. 1, p. 1-1, 2022.<\/p>\n\n\n\n<p><a href=\"http:\/\/dx.doi.org\/10.18540\/jcecvl8iss7pp14750-01e\" target=\"_blank\" rel=\"noreferrer noopener\"><\/a>SANSON NETO, O. J. ; FERNANDES, L. G. ;&nbsp;A. A. Badin&nbsp;; SANTOS, W. E. ; F. R. ROMANELI, EDUARDO . System for acquisition and transmission of thermal images to monitor equipment of an electrical substation. The Journal of Engineering and Exact Sciences, v. 1, p. 1-1, 2022.<\/p>\n\n\n\n<p><a href=\"http:\/\/dx.doi.org\/10.1109\/tie.2021.3101020\" target=\"_blank\" rel=\"noreferrer noopener\"><\/a>SOARES, JEFFERSON WILHELM MEYER ;&nbsp;Badin, Alceu Andre&nbsp;. An Interleaved PFC Boost Converter With Soft Commutations and Voltage Follower Characteristics. IEEE TRANSACTIONS ON INDUSTRIAL ELECTRONICS, v. 69, p. 6732-6740, 2022.<\/p>\n\n\n\n<p>TAKEUCHI, RENAN DE OLIVEIRA ALVES ;&nbsp;<a href=\"http:\/\/lattes.cnpq.br\/4280173811936614\" target=\"_blank\" rel=\"noreferrer noopener\">ULBRICHT, Leandra<\/a>&nbsp;; MAGRIN, FABIANO GUSTAVO SILVEIRA ; GANACIM, FRANCISCO ITAMARATI SECOLO ; FERNANDES, LEONARDO G\u00d6BEL ;&nbsp;Romaneli, Eduardo F\u00e9lix Ribeiro&nbsp;; JUNIOR, JAIR URBANETZ . Comparison of Traditional Image Segmentation Methods Applied to Thermograms of Power Substation Equipment. Energies, v. 15, p. 7477, 2022.<\/p>\n\n\n\n<p><a href=\"http:\/\/dx.doi.org\/10.18540\/jcecvl8iss7pp14750-01e\" target=\"_blank\" rel=\"noreferrer noopener\"><\/a>SANSON NETO, ODAIR JOS\u00c9 ; FERNANDES, LEONARDO G\u00d6BEL ; BADIN, ALCEU ANDR\u00c9 ; SANTOS, WINDERSON EUGENIO DOS ;&nbsp;Romaneli, Eduardo F\u00e9lix Ribeiro&nbsp;. System for acquisition and transmission of thermal images to monitor equipment of an electrical substation. The Journal of Engineering and Exact Sciences, v. 8, p. 14750-01e, 2022.<\/p>\n\n\n\n<h2 class=\"wp-block-heading\">2021<\/h2>\n\n\n\n<h2 class=\"wp-block-heading has-medium-font-size\">Artigos em peri\u00f3dicos<\/h2>\n\n\n\n<p><a href=\"http:\/\/dx.doi.org\/10.1109\/tie.2021.3131873\" target=\"_blank\" rel=\"noreferrer noopener\"><\/a>PALHANODAFONSECA, ZITO ; NASCIMENTO, CLAUDINOR BITENCOURT ;&nbsp;Badin, Alceu Andre&nbsp;. Single-Stage PFC Charge-Pump Bridgeless Converters for LED Driver Applications. IEEE TRANSACTIONS ON INDUSTRIAL ELECTRONICS, v. 1, p. 1-1, 2021.<\/p>\n\n\n\n<p><a href=\"http:\/\/dx.doi.org\/10.1109\/access.2021.3119545\" target=\"_blank\" rel=\"noreferrer noopener\"><\/a>GUIMARAES, JULIO CESAR ; CORTEZ, DANIEL FLORES ;&nbsp;Badin, Alceu Andre&nbsp;. Single-Phase Hybrid Switched-Capacitor Interleaved AC-DC Boost Converter. IEEE Access, v. 9, p. 1-1, 2021.<\/p>\n\n\n\n<p><a href=\"http:\/\/dx.doi.org\/10.1109\/tie.2020.2970672\" target=\"_blank\" rel=\"noreferrer noopener\"><\/a>FERNANDES, LEONARDO GOBEL ;&nbsp;Badin, Alceu Andre&nbsp;; CORTEZ, DANIEL FLORES ;&nbsp;<a href=\"http:\/\/lattes.cnpq.br\/8115378687801645\" target=\"_blank\" rel=\"noreferrer noopener\">GULES, ROGER<\/a>&nbsp;;&nbsp;<a href=\"http:\/\/lattes.cnpq.br\/1223078719595762\" target=\"_blank\" rel=\"noreferrer noopener\">ROMANELI, EDUARDO FELIX RIBEIRO<\/a>&nbsp;; ASSEF, AMAURI . Transformerless UPS System Based on the Half-Bridge Hybrid Switched-Capacitor Operating as AC-DC and DC-DC Converter. IEEE TRANSACTIONS ON INDUSTRIAL ELECTRONICS, v. 68, p. 2173-2183, 2021.<\/p>\n\n\n\n<p><a href=\"http:\/\/dx.doi.org\/10.1109\/JESTPE.2021.3079573\" target=\"_blank\" rel=\"noreferrer noopener\"><\/a>KRAVETZ, FABIO INOCENCIO ;&nbsp;Gules, Roger&nbsp;. Soft-Switching High Static Gain Modified SEPIC Converter. IEEE Journal of Emerging and Selected Topics in Power Electronics, v. 1, p. 1-1, 2021.<\/p>\n\n\n\n<p><a href=\"http:\/\/dx.doi.org\/10.1109\/JESTPE.2021.3105041\" target=\"_blank\" rel=\"noreferrer noopener\"><\/a>SCORTEGAGNA, RENATO GREGOLON ;&nbsp;Gules, Roger&nbsp;. Self-Driven Current-Doubler Synchronous Rectifier and Design Tuning for Maximizing Efficiency in IPT Systems. Ieee Journal Of Emerging And Selected Topics In Power Electronics, v. 1, p. 1-1, 2021.<\/p>\n\n\n\n<p><a href=\"http:\/\/dx.doi.org\/10.1109\/tpel.2020.3041454\" target=\"_blank\" rel=\"noreferrer noopener\"><\/a>SOARES, JEFFERSON WILHELM MEYER ;&nbsp;Badin, Alceu Andre&nbsp;. Switching Cell With Frequency Modulation for CCM Voltage-Follower Converters. IEEE TRANSACTIONS ON POWER ELECTRONICS, v. 36, p. 6223-6227, 2021.<\/p>\n\n\n\n<h2 class=\"wp-block-heading publicacoes\">2020<\/h2>\n\n\n\n<h3 class=\"wp-block-heading publicacoes\">Artigos em peri\u00f3dicos<\/h3>\n\n\n\n<p class=\"publicacoes has-normal-font-size\">CESAR MOURA FAE, JULIO ; GATI, VICTOR ; Gules, Roger ; RIBEIRO FELIX ROMANELI, EDUARDO ; Andr\u00e9 Badin, Alceu ; AMORIN ASSEF, AMAURI . <strong><a href=\"https:\/\/sobraep.org.br\/artigo\/inversor-monofasico-isolado-conectado-a-rede-baseado-na-topologia-boost-full-bridge-com-reducao-ativa-da-ondulacao-de-baixa-frequencia-da-corrente-de-entrada\/\">Grid-Tie Single Phase Inverter Based on the Boost-Full-Bridge Converter With Active Reduction of the Low Frequency Input Current Ripple<\/a>.<\/strong> ELETR\u00d4NICA DE POT\u00caNCIA (IMPRESSO), v. 25, p. 1-12, 2020.<\/p>\n\n\n\n<p class=\"publicacoes has-normal-font-size\">DA COSTA, ROSALBA ; MAIA, JOAQUIM M. ; ASSEF, AMAURI A. ; PICHORIM, SERGIO F. ; GEWEHR, PEDRO M. ; COSTA, EDUARDO T. . <strong><a href=\"https:\/\/ieeexplore.ieee.org\/document\/9024094\">Defect Detection in Aluminum Bars Using Impedance and Ultrasonic Attenuation<\/a>.<\/strong> IEEE SENSORS JOURNAL, v. 1, p. 1-1, 2020.<\/p>\n\n\n\n<p class=\"publicacoes has-normal-font-size\">FERNANDES, LEONARDO GOBEL ; BADIN, A. A. ; CORTEZ, DANIEL ; Gules, Roger ; ROMANELI, E. F. R. ; ASSEF, AMAURI AMORIN . <strong><a href=\"https:\/\/ieeexplore.ieee.org\/document\/8994175\">Transformerless UPS System Based on the Half-Bridge Hybrid Switched-Capacitor Operating as AC-DC and DC-DC Converter<\/a>.<\/strong> IEEE TRANSACTIONS ON INDUSTRIAL ELECTRONICS, v. 1, p. 1-1, 2020.<\/p>\n\n\n\n<p class=\"publicacoes has-normal-font-size\">FONSECA, Z.P. ; NASCIMENTO, C.B. ; BADIN, A.A. . <strong><a href=\"https:\/\/digital-library.theiet.org\/content\/journals\/10.1049\/el.2020.2009\">Single-stage PFC bridgeless converter<\/a>.<\/strong> ELECTRONICS LETTERS, v. 56, p. 1267-1270, 2020.<\/p>\n\n\n\n<p class=\"publicacoes has-normal-font-size\">HIRTH, MARCOS PAULO ; Gules, Roger ; FONT, CARLOS HENRIQUE ILLA . <strong><a href=\"https:\/\/ieeexplore.ieee.org\/document\/8957476\">A Wide Conversion Ratio Bidirectional Modified SEPIC Converter with Non- Dissipative Current Snubber<\/a><\/strong>. IEEE Journal of Emerging and Selected Topics in Power Electronics, v. 1, p. 1-1, 2020.<\/p>\n\n\n\n<p class=\"publicacoes has-normal-font-size\">KOHLER, MICHEL ANDREY FREITAS DE SOUZA ; FLORESCORTEZ, DANIEL . <strong><a href=\"https:\/\/ieeexplore.ieee.org\/document\/9195178\">Single-Phase Five-Level Flying-Capacitor Rectifier Using Three Switches<\/a>.<\/strong> IEEE Open Journal of Power Electronics, v. 1, p. 383-392, 2020.<\/p>\n\n\n\n<p class=\"publicacoes has-normal-font-size\">SOARES, J. W. M.; BADIN, A. A. <strong><a href=\"https:\/\/ieeexplore.ieee.org\/document\/9275341\">Switching Cell With Frequency Modulation for CCM Voltage Follower Converters<\/a><\/strong>. IEEE Transactions on Power Electronics, p. 1-1, 2020<\/p>\n\n\n\n<h3 class=\"wp-block-heading publicacoes\">Artigos em anais de congressos<\/h3>\n\n\n\n<p class=\"publicacoes has-normal-font-size\">CUSTODIO, L. P. ; CORTEZ, D. F. ; ASSEF, A. A. ; GULES, R. ; BADIN, A. A. ; ROMANELI, E. F. R. . <strong><a href=\"https:\/\/www.sba.org.br\/open_journal_systems\/index.php\/sba\/article\/view\/1363\">Rastreamento do ponto de m\u00e1xima pot\u00eancia para o controle do retificador trif\u00e1sico duplo boost intercalado em modo de condu\u00e7\u00e3o descont\u00ednua com aplica\u00e7\u00e3o em gerador e\u00f3lico de pequeno porte<\/a><\/strong>. In: XXIII Congresso Brasileiro de Autom\u00e1tica (CBA 2020), 2020, Congresso Virtual. Anais do XXIII Congresso Brasileiro de Autom\u00e1tica (CBA 2020), 2020.<\/p>\n\n\n\n<p class=\"publicacoes has-normal-font-size\">FEY, ALICE NOGUEIRA ; LEITE, VICENTE ; RIBEIRO ROMANELI, EDUARDO FELIX . <strong><a href=\"https:\/\/ieeexplore.ieee.org\/document\/9242833\">A Low Power Photovoltaic Water Pumping System based on a DC-DC Step-up Converter and Standard Frequency Converters<\/a><\/strong>. In: 2020 9th International Conference on Renewable Energy Research and Application (ICRERA), 2020, Glasgow. 2020 9th International Conference on Renewable Energy Research and Application (ICRERA). Glasgow: IEEE, 2020. v. 1. p. 138-143.<\/p>\n\n\n\n<p class=\"publicacoes has-normal-font-size\">GOMES, D. F. ; MAIA, J. M. ; ZIMBICO, A. J. ; ASSEF, A. A. ; NEVES, L. C. ; SCHNEIDER, F. K. ; COSTA, E. T. . <strong>Sparse Arrays Method with Generalized Sidelobe Canceler Beamformer for Improved Contrast and Resolution in Ultrasound Ultrafast Imaging.<\/strong> In: Congresso Brasileiro de Engenharia Biom\u00e9dica (CBEB 2020), 2020, Vit\u00f3ria (Virtual). Anais do XXVII Congresso Brasileiro de Engenharia Biom\u00e9dica (CBEB2020), 2020. p. 947-951.<\/p>\n\n\n\n<p class=\"publicacoes has-normal-font-size\">MAKOSKI, A. N. ; ASSEF, A. A. ; SILVA, E. . <strong><a href=\"https:\/\/www.sba.org.br\/open_journal_systems\/index.php\/sba\/article\/view\/1143\">Controle remoto de ferramentas de aperto usando o Open Protocol<\/a><\/strong>. In: XXIII Congresso Brasileiro de Autom\u00e1tica (CBA 2020), 2020, Congresso Virtual. Anais do XXIII Congresso Brasileiro de Autom\u00e1tica (CBA 2020), 2020.<\/p>\n\n\n\n<p class=\"publicacoes has-normal-font-size\">MEDEIROS, R. A. C. ; ASSEF, A. A. ; OLIVEIRA, J. ; MAIA, J. M. ; COSTA, E. T. . <strong>B-mode Ultrasound Imaging System Using Raspberry Pi<\/strong>. In: XXVII Congresso Brasileiro de Engenharia Biom\u00e9dica (CBEB2020), 2020, Vit\u00f3ria (Virtual). Anais do XXVII Congresso Brasileiro de Engenharia Biom\u00e9dica (CBEB2020), 2020. p. 85-90<\/p>\n\n\n\n<p class=\"publicacoes has-normal-font-size\">NEVES, L. C. ; MAIA, J. M. ; ZIMBICO, A. J. ; GOMES, D. F. ; ASSEF, A. A. ; COSTA, E. T. . <strong>Eigenspace Beamformer Combined with Generalized Sidelobe Canceler and Filters for Generating Plane Wave Ultrasound Images<\/strong>. In: XXVII Congresso Brasileiro de Engenharia Biom\u00e9dica (CBEB2020), 2020, Vit\u00f3ria (Virtual). Anais do XXVII Congresso Brasileiro de Engenharia Biom\u00e9dica (CBEB2020), 2020. v. 1765. p. 1760.<\/p>\n\n\n\n<p class=\"publicacoes has-normal-font-size\">OLIVEIRA, J. ; ASSEF, A. A. ; MEDEIROS, R. A. C. ; MAIA, J. M. ; COSTA, E. T. . <strong>Implementation of an Ultrasound Data Transfer System Via Ethernet with FPGABased Embedded Processing<\/strong>. In: XXVII Congresso Brasileiro de Engenharia Biom\u00e9dica (CBEB2020), 2020, Vit\u00f3ria (Virtual). Anais do XXVII Congresso Brasileiro de Engenharia Biom\u00e9dica (CBEB2020), 2020. p. 816-820.<\/p>\n\n\n\n<p class=\"publicacoes has-normal-font-size\">OSORIO, A. F. ; RODRIGUEZ, S. ; SILVA, R. O. ; DOMINGUES, L. R. ; ASSEF, A. A. ; ONISTO, H. J. ; COSTA, EDUARDO T. ; FONSECA, G. C. ; BERTUZZO, J. E. ; MAIA, J. M. ; CARNEIRO, A. . <strong><a href=\"https:\/\/ieeexplore.ieee.org\/document\/9251588\">Hybrid Hardware and Software-Based Fully-Flexible Ultrasound Open Platform<\/a><\/strong>. In: IEEE International Ultrasonics Symposium (IUS 2020), 2020, Las Vegas. IUS 2020 Virtual Conference Proceedings, 2020. v. 1. p. 1-4.<\/p>\n\n\n\n<p class=\"publicacoes has-normal-font-size\">RODRIGUES, M. A. ; CREMASCO, N. P. ; ROMANELI, E.F.R ; URBANETZ JR., J. . <strong><a href=\"https:\/\/anaiscbens.emnuvens.com.br\/cbens\/article\/view\/911\">ESTUDO DE CONVERSORES THREE-PORT PARA APLICA\u00c7\u00c3O EM SISTEMAS FOTOVOLTAICOS COM BACKUP DE ENERGIA<\/a><\/strong>. In: VIII Congresso Brasileiro de Energia Solar &#8211; CBENS, 2020, Fortaleza &#8211; CE. Anais do VIII Congresso Brasileiro de Energia Solar &#8211; CBENS, 2020. v. 1.<\/p>\n\n\n\n<p class=\"publicacoes has-normal-font-size\">RODRIGUES, M. A. ; ROMANELI, E.F.R ; URBANETZ JR., J. . <strong><a href=\"https:\/\/utfpr-ct-static-content.s3.amazonaws.com\/labens.ct.utfpr.edu.br\/wp-content\/uploads\/2020\/11\/27.CBPE_MODOS-DE-OPERACAO-DO-INVERSOR-BIDIRECIONAL-APLICAVEIS-AO-SISTEMA-FOTOVOLTAICO-CONECTADO-A-REDE-COM-ARMAZENAMENTO-DE-ENERGIA.pdf\">Modos de Opera\u00e7\u00e3o do inversor bidirecional aplic\u00e1veis ao Sistema Fotovoltaico Conectado a rede com armazenamento de Energia<\/a><\/strong>. In: XII Congresso Brasileiro de Planejamento Energ\u00e9tico &#8211; CBPE, 2020, On Line. Anais do XII Congresso Brasileiro de Planejamento Energ\u00e9tico &#8211; CBPE, 2020. v. 1.<\/p>\n\n\n\n<p class=\"publicacoes has-normal-font-size\">RODRIGUEZ, S. ; OSORIO, A. F. ; SILVA, R. O. ; DOMINGUES, L. R. ; ONISTO, H. J. ; FONSECA, G. C. ; BERTUZZO, J. E. ; ASSEF, A. A. ; MAIA, J. M. ; CARNEIRO, A. A. O. ; COSTA, E. T. . <strong>Fully configurable real-time ultrasound platform for medical imaging research<\/strong>. In: XXVII Congresso Brasileiro de Engenharia Biom\u00e9dica (CBEB 2020), 2020, Vit\u00f3ria (Virtual). Anais do XXVII Congresso Brasileiro de Engenharia Biom\u00e9dica (CBEB 2020), 2020. p. 2187-2192.<\/p>\n\n\n\n<p class=\"publicacoes has-normal-font-size\">TASCHETTO, R. L. ; CORTEZ, D. F. ; Amauri A. Assef . <strong><a href=\"https:\/\/www.sba.org.br\/open_journal_systems\/index.php\/sba\/article\/view\/1468\">Projeto e Implementa\u00e7\u00e3o de um Inversor de Frequ\u00eancia NPC Trif\u00e1sico com Modula\u00e7\u00e3o SVPWM controlado por FPGA<\/a><\/strong>. In: XXIII Congresso Brasileiro de Autom\u00e1tica (CBA 2020), 2020, Congresso Virtual. Anais do XXIII Congresso Brasileiro de Autom\u00e1tica (CBA 2020), 2020.<\/p>\n\n\n\n<h2 class=\"wp-block-heading publicacoes\">2019<\/h2>\n\n\n\n<h3 class=\"wp-block-heading publicacoes\">Artigos em peri\u00f3dicos<\/h3>\n\n\n\n<p class=\"publicacoes has-normal-font-size\">CARBENTE, RUBEM P. ; MAIA, JOAQUIM M. ; ASSEF, AMAURI A. . <strong><a href=\"https:\/\/www.ncbi.nlm.nih.gov\/pmc\/articles\/PMC6417019\/\">Image reconstruction utilizing median filtering applied to elastography<\/a><\/strong>. Biomedical Engineering Online, v. 18, p. 1-31, 2019.<\/p>\n\n\n\n<p class=\"publicacoes has-normal-font-size\">GRANZA, MARCELO HENRIQUE ; Gules, Roger ; ILLA FONT, CARLOS HENRIQUE . <strong><a href=\"https:\/\/ieeexplore.ieee.org\/document\/8890736\">Hybrid and Three-Level Three-Phase Rectifiers Using Interleaved DCM Boost Converters<\/a><\/strong>. IEEE Access, v. 7, p. 160168-160176, 2019.<\/p>\n\n\n\n<h3 class=\"wp-block-heading publicacoes\">Artigos em anais de congressos<\/h3>\n\n\n\n<p class=\"publicacoes has-normal-font-size\">ASSEF, A. A.; OLIVEIRA, J. ; MAIA, J. M. ; COSTA, E. T. . <strong><a href=\"https:\/\/pubmed.ncbi.nlm.nih.gov\/31946478\/\">FPGA implementation and evaluation of an approximate Hilbert transform-based envelope detector for ultrasound imaging using the DSP Builder Development Tool<\/a><\/strong>. In: EMBC 2019 &#8211; 41st IEEE Engineering in Medicine and Biology Conference, 2019, Berlim. Proceedings do EMBC 2019. Berlim: IEEE EMBC, 2019. v. 1. p. 2813-2816.<\/p>\n\n\n\n<p class=\"publicacoes has-normal-font-size\">OLIVEIRA, J. ; ASSEF, A. A. ; MAIA, J. M. . <strong><a href=\"http:\/\/doi.org\/10.5281\/zenodo.3459853\">Cascaded FPGA-based FIR filter for ultrasound imaging applications using the DSP Builder Tool<\/a><\/strong>. In: XII Simp\u00f3sio de Engenharia Biom\u00e9dica &#8211; IX Simp\u00f3sio de Instrumenta\u00e7\u00e3o e Imagens M\u00e9dicas, 2019, Uberl\u00e2ndia. Anais do XII SEB e IX SIIM. Uberl\u00e2ndia: UFU, 2019. v. 4. p. 1-4.<\/p>\n\n\n\n<p class=\"publicacoes has-normal-font-size\">NEVES, L. C. ; ZIMBICO, A. J. ; MAIA, J. M. ; GOMES, D. F. ; ASSEF, A. A. ; Schneider, F. K. ; COSTA, E. T. . <strong><a href=\"http:\/\/doi.org\/10.5281\/zenodo.3459625\">Adaptive beamformer with generalized sidelobe canceler for plane wave ultrasound image<\/a><\/strong>. In: XII Simp\u00f3sio de Engenharia Biom\u00e9dica &#8211; IX Simp\u00f3sio de Instrumenta\u00e7\u00e3o e Imagens M\u00e9dicas, 2019, Uberl\u00e2ndia. Anais do XII SEB e IX SIIM. Uberl\u00e2ndia: UFU, 2019. v. 1. p. 1-3.<\/p>\n\n\n\n<p class=\"publicacoes has-normal-font-size\">GOMES, D. F. ; ZIMBICO, A. J. ; MAIA, J. M. ; NEVES, L. C. ; ASSEF, A. A. ; SCHNEIDER, F. K. ; COSTA, E. T. . <strong><a href=\"https:\/\/ieeexplore.ieee.org\/document\/8956867\">Sparse Arrays Method with Minimum Variance for High Quality Image in Ultrasound Ultrafast<\/a><\/strong>. In: IEEE SENSORS 2019, 2019, Montreal. Proceedings do IEEE SENSORS 2019, 2019. v. 1. p. 1-4.<\/p>\n\n\n\n<p class=\"publicacoes has-normal-font-size\">ZOLET, CERISE M. L. S. ; ULBRICHT, Leandra ; ROMANELI, EDUARDO F. R. ; NEVES, EDUARDO B. . <strong><a href=\"https:\/\/ieeexplore.ieee.org\/document\/8857378\">Thermal Asymmetries and Mean Foot Temperature<\/a><\/strong>. In: 2019 41st Annual International Conference of the IEEE Engineering in Medicine &amp; Biology Society (EMBC), 2019, Berlin. 2019 41st Annual International Conference of the IEEE Engineering in Medicine and Biology Society (EMBC), 2019. p. 2821.<\/p>\n\n\n\n<p class=\"publicacoes has-normal-font-size\">FIGUEIREDO, G. R. ; Ripka, W. L. ; Romaneli, E. F. R. ; ULBRICHT, L. . <strong><a href=\"https:\/\/ieeexplore.ieee.org\/document\/8857878\">Attentional bias for emotional faces in depressed and non-depressed individuals: an eye-tracking study<\/a><\/strong>. In: 2019 41st Annual International Conference of the IEEE Engineering in Medicine &amp; Biology Society (EMBC), 2019, Berlin. 2019 41st Annual International Conference of the IEEE Engineering in Medicine and Biology Society (EMBC), 2019. p. 5419.<\/p>\n\n\n\n<p class=\"publicacoes has-normal-font-size\">CAMARGO, V. M. B. ; GAMBA, H. ; Romaneli, E. F. R. ; ULBRICHT, L. . <strong><a href=\"https:\/\/ieeexplore.ieee.org\/document\/8856801\">Using Thermography as Auxiliary Tool to Thyroid Cancer Diagnosis: a Case Study<\/a><\/strong>. In: 2019 41st Annual International Conference of the IEEE Engineering in Medicine &amp; Biology Society (EMBC), 2019, Berlin. 2019 41st Annual International Conference of the IEEE Engineering in Medicine and Biology Society (EMBC), 2019. p. 5498.<\/p>\n","protected":false},"excerpt":{"rendered":"<p>2023 Artigos em peri\u00f3dicos CAMPOS, HENRIQUE MARIN VAN DER BROOCKE ; SOARES, JEFFERSON WILHELM MEYER ;&nbsp;Badin, Alceu Andre&nbsp;; CORTEZ, DANIEL FLORES . Single-Phase Hybrid Switched-Capacitor PFC Boost Rectifier With Low Voltage Gain. IEEE TRANSACTIONS ON POWER ELECTRONICS, v. 38, p. 968-976, 2023. SOARES, JEFFERSON WILHELM MEYER ;\u00a0Badin, Alceu Andr\u00e9\u00a0. High-Efficiency Interleaved Totem-Pole PFC Converter With [&hellip;]<\/p>\n","protected":false},"author":4,"featured_media":0,"parent":0,"menu_order":0,"comment_status":"closed","ping_status":"closed","template":"","meta":{"footnotes":""},"class_list":["post-70","page","type-page","status-publish","czr-hentry"],"_links":{"self":[{"href":"https:\/\/utfpr.curitiba.br\/lpee\/wp-json\/wp\/v2\/pages\/70","targetHints":{"allow":["GET"]}}],"collection":[{"href":"https:\/\/utfpr.curitiba.br\/lpee\/wp-json\/wp\/v2\/pages"}],"about":[{"href":"https:\/\/utfpr.curitiba.br\/lpee\/wp-json\/wp\/v2\/types\/page"}],"author":[{"embeddable":true,"href":"https:\/\/utfpr.curitiba.br\/lpee\/wp-json\/wp\/v2\/users\/4"}],"replies":[{"embeddable":true,"href":"https:\/\/utfpr.curitiba.br\/lpee\/wp-json\/wp\/v2\/comments?post=70"}],"version-history":[{"count":11,"href":"https:\/\/utfpr.curitiba.br\/lpee\/wp-json\/wp\/v2\/pages\/70\/revisions"}],"predecessor-version":[{"id":727,"href":"https:\/\/utfpr.curitiba.br\/lpee\/wp-json\/wp\/v2\/pages\/70\/revisions\/727"}],"wp:attachment":[{"href":"https:\/\/utfpr.curitiba.br\/lpee\/wp-json\/wp\/v2\/media?parent=70"}],"curies":[{"name":"wp","href":"https:\/\/api.w.org\/{rel}","templated":true}]}}