{"id":249,"date":"2020-11-26T09:12:54","date_gmt":"2020-11-26T12:12:54","guid":{"rendered":"https:\/\/lpee.ct.utfpr.edu.br\/?page_id=249"},"modified":"2020-12-01T15:41:12","modified_gmt":"2020-12-01T18:41:12","slug":"missao","status":"publish","type":"page","link":"https:\/\/utfpr.curitiba.br\/lpee\/missao\/","title":{"rendered":"Miss\u00e3o"},"content":{"rendered":"\n<p>Promover e disseminar o conhecimento na \u00e1rea de Eletr\u00f4nica de Pot\u00eancia por meio na excel\u00eancia no ensino, pesquisa, extens\u00e3o e inova\u00e7\u00e3o, formando e qualificando pessoas capazes de contribuir com a sociedade<\/p>\n\n\n\n<h2 class=\"wp-block-heading\">Vis\u00e3o<\/h2>\n\n\n\n<p>Consolidar-se como refer\u00eancia nacional e internacional nas \u00e1reas de ensino, pesquisa, extens\u00e3o e inova\u00e7\u00e3o em Eletr\u00f4nica de Pot\u00eancia.<\/p>\n","protected":false},"excerpt":{"rendered":"<p>Promover e disseminar o conhecimento na \u00e1rea de Eletr\u00f4nica de Pot\u00eancia por meio na excel\u00eancia no ensino, pesquisa, extens\u00e3o e inova\u00e7\u00e3o, formando e qualificando pessoas capazes de contribuir com a sociedade Vis\u00e3o Consolidar-se como refer\u00eancia nacional e internacional nas \u00e1reas de ensino, pesquisa, extens\u00e3o e inova\u00e7\u00e3o em Eletr\u00f4nica de Pot\u00eancia.<\/p>\n","protected":false},"author":4,"featured_media":0,"parent":0,"menu_order":0,"comment_status":"closed","ping_status":"closed","template":"","meta":{"footnotes":""},"class_list":["post-249","page","type-page","status-publish","czr-hentry"],"_links":{"self":[{"href":"https:\/\/utfpr.curitiba.br\/lpee\/wp-json\/wp\/v2\/pages\/249","targetHints":{"allow":["GET"]}}],"collection":[{"href":"https:\/\/utfpr.curitiba.br\/lpee\/wp-json\/wp\/v2\/pages"}],"about":[{"href":"https:\/\/utfpr.curitiba.br\/lpee\/wp-json\/wp\/v2\/types\/page"}],"author":[{"embeddable":true,"href":"https:\/\/utfpr.curitiba.br\/lpee\/wp-json\/wp\/v2\/users\/4"}],"replies":[{"embeddable":true,"href":"https:\/\/utfpr.curitiba.br\/lpee\/wp-json\/wp\/v2\/comments?post=249"}],"version-history":[{"count":2,"href":"https:\/\/utfpr.curitiba.br\/lpee\/wp-json\/wp\/v2\/pages\/249\/revisions"}],"predecessor-version":[{"id":378,"href":"https:\/\/utfpr.curitiba.br\/lpee\/wp-json\/wp\/v2\/pages\/249\/revisions\/378"}],"wp:attachment":[{"href":"https:\/\/utfpr.curitiba.br\/lpee\/wp-json\/wp\/v2\/media?parent=249"}],"curies":[{"name":"wp","href":"https:\/\/api.w.org\/{rel}","templated":true}]}}