{"id":464,"date":"2023-07-13T02:05:54","date_gmt":"2023-07-13T05:05:54","guid":{"rendered":"https:\/\/utfpr.lsda.online\/?page_id=82"},"modified":"2026-03-17T09:45:43","modified_gmt":"2026-03-17T12:45:43","slug":"inscreva-se","status":"publish","type":"page","link":"https:\/\/utfpr.curitiba.br\/leansixsigma\/inscreva-se\/","title":{"rendered":"Inscreva-se"},"content":{"rendered":"\t\t<div data-elementor-type=\"wp-page\" data-elementor-id=\"464\" class=\"elementor elementor-464\">\n\t\t\t\t\t\t<section class=\"elementor-section elementor-top-section elementor-element elementor-element-f6b306c elementor-section-boxed elementor-section-height-default elementor-section-height-default\" data-id=\"f6b306c\" data-element_type=\"section\" data-e-type=\"section\">\n\t\t\t\t\t\t<div class=\"elementor-container elementor-column-gap-default\">\n\t\t\t\t\t<div class=\"elementor-column elementor-col-100 elementor-top-column elementor-element elementor-element-5d5aa16\" data-id=\"5d5aa16\" data-element_type=\"column\" data-e-type=\"column\">\n\t\t\t<div class=\"elementor-widget-wrap\">\n\t\t\t\t\t\t\t<\/div>\n\t\t<\/div>\n\t\t\t\t\t<\/div>\n\t\t<\/section>\n\t\t\t\t<section class=\"elementor-section elementor-top-section elementor-element elementor-element-b2de15e elementor-section-boxed elementor-section-height-default elementor-section-height-default\" data-id=\"b2de15e\" data-element_type=\"section\" data-e-type=\"section\">\n\t\t\t\t\t\t<div class=\"elementor-container elementor-column-gap-default\">\n\t\t\t\t\t<div class=\"elementor-column elementor-col-100 elementor-top-column elementor-element elementor-element-5c123c5\" data-id=\"5c123c5\" data-element_type=\"column\" data-e-type=\"column\">\n\t\t\t<div class=\"elementor-widget-wrap elementor-element-populated\">\n\t\t\t\t\t\t<div class=\"elementor-element elementor-element-3c774b1 elementor-widget elementor-widget-text-editor\" data-id=\"3c774b1\" data-element_type=\"widget\" data-e-type=\"widget\" data-widget_type=\"text-editor.default\">\n\t\t\t\t<div class=\"elementor-widget-container\">\n\t\t\t\t\t\t\t\t\t<h2>TURMA 2026<\/h2>\t\t\t\t\t\t\t\t<\/div>\n\t\t\t\t<\/div>\n\t\t\t\t<div class=\"elementor-element elementor-element-14ff7bf elementor-widget elementor-widget-text-editor\" data-id=\"14ff7bf\" data-element_type=\"widget\" data-e-type=\"widget\" data-widget_type=\"text-editor.default\">\n\t\t\t\t<div class=\"elementor-widget-container\">\n\t\t\t\t\t\t\t\t\t<p style=\"font-weight: 400\">Per\u00edodo de Inscri\u00e7\u00e3o 01\/11\/2025 \u00e0 27\/03\/2026\u00a0<\/p><p style=\"font-weight: 400\">Resultado da Classifica\u00e7\u00e3o 01\/04\/2026\u00a0<\/p><p style=\"font-weight: 400\">Interposi\u00e7\u00e3o de Recurso 01\/04\/2026 e 02\/04\/2026\u00a0<\/p><p style=\"font-weight: 400\">Per\u00edodo de Matr\u00edcula 01\/04\/2026 \u00e0 10\/04\/2026\u00a0<\/p><p style=\"font-weight: 400\">Segunda Chamada para Matr\u00edcula 13\/04\/2026 \u00e0 15\/04\/2026\u00a0<\/p><p style=\"font-weight: 400\">Terceira Chamada para Matr\u00edcula 16\/04\/2026 e 17\/04\/2026\u00a0<\/p><p style=\"font-weight: 400\">Quarta Chamada para Matr\u00edcula 20\/04\/2026 \u00e0 22\/04\/2026\u00a0<\/p><p style=\"font-weight: 400\">Quinta Chamada para Matr\u00edcula 23\/04\/2026 e 24\/04\/2026<\/p><p style=\"font-weight: 400\"><strong>In\u00edcio das Atividades Letivas 08\/05\/2026\u00a0<\/strong><\/p>\t\t\t\t\t\t\t\t<\/div>\n\t\t\t\t<\/div>\n\t\t\t\t<div class=\"elementor-element elementor-element-8d4720d elementor-align-center elementor-widget elementor-widget-button\" data-id=\"8d4720d\" data-element_type=\"widget\" data-e-type=\"widget\" data-widget_type=\"button.default\">\n\t\t\t\t<div class=\"elementor-widget-container\">\n\t\t\t\t\t\t\t\t\t<div class=\"elementor-button-wrapper\">\n\t\t\t\t\t<a class=\"elementor-button elementor-button-link elementor-size-sm elementor-animation-pulse\" href=\"https:\/\/funtefpr.conveniar.com.br\/Eventos\/Forms\/Servicos\/EventoDados.aspx?action=2107\" target=\"_blank\">\n\t\t\t\t\t\t<span class=\"elementor-button-content-wrapper\">\n\t\t\t\t\t\t\t\t\t<span class=\"elementor-button-text\">INSCREVA-SE<\/span>\n\t\t\t\t\t<\/span>\n\t\t\t\t\t<\/a>\n\t\t\t\t<\/div>\n\t\t\t\t\t\t\t\t<\/div>\n\t\t\t\t<\/div>\n\t\t\t\t\t<\/div>\n\t\t<\/div>\n\t\t\t\t\t<\/div>\n\t\t<\/section>\n\t\t\t\t<\/div>\n\t\t","protected":false},"excerpt":{"rendered":"<p>TURMA 2026 Per\u00edodo de Inscri\u00e7\u00e3o 01\/11\/2025 \u00e0 27\/03\/2026\u00a0 Resultado da Classifica\u00e7\u00e3o 01\/04\/2026\u00a0 Interposi\u00e7\u00e3o de Recurso 01\/04\/2026 e 02\/04\/2026\u00a0 Per\u00edodo de Matr\u00edcula 01\/04\/2026 \u00e0 10\/04\/2026\u00a0 Segunda Chamada para Matr\u00edcula 13\/04\/2026 \u00e0 15\/04\/2026\u00a0 Terceira Chamada para Matr\u00edcula 16\/04\/2026 e 17\/04\/2026\u00a0 Quarta Chamada para Matr\u00edcula 20\/04\/2026 \u00e0 22\/04\/2026\u00a0 Quinta Chamada para Matr\u00edcula 23\/04\/2026 e 24\/04\/2026 In\u00edcio das Atividades [&hellip;]<\/p>\n","protected":false},"author":24,"featured_media":0,"parent":0,"menu_order":0,"comment_status":"closed","ping_status":"closed","template":"","meta":{"footnotes":""},"class_list":["post-464","page","type-page","status-publish","hentry"],"_links":{"self":[{"href":"https:\/\/utfpr.curitiba.br\/leansixsigma\/wp-json\/wp\/v2\/pages\/464","targetHints":{"allow":["GET"]}}],"collection":[{"href":"https:\/\/utfpr.curitiba.br\/leansixsigma\/wp-json\/wp\/v2\/pages"}],"about":[{"href":"https:\/\/utfpr.curitiba.br\/leansixsigma\/wp-json\/wp\/v2\/types\/page"}],"author":[{"embeddable":true,"href":"https:\/\/utfpr.curitiba.br\/leansixsigma\/wp-json\/wp\/v2\/users\/24"}],"replies":[{"embeddable":true,"href":"https:\/\/utfpr.curitiba.br\/leansixsigma\/wp-json\/wp\/v2\/comments?post=464"}],"version-history":[{"count":93,"href":"https:\/\/utfpr.curitiba.br\/leansixsigma\/wp-json\/wp\/v2\/pages\/464\/revisions"}],"predecessor-version":[{"id":1176,"href":"https:\/\/utfpr.curitiba.br\/leansixsigma\/wp-json\/wp\/v2\/pages\/464\/revisions\/1176"}],"wp:attachment":[{"href":"https:\/\/utfpr.curitiba.br\/leansixsigma\/wp-json\/wp\/v2\/media?parent=464"}],"curies":[{"name":"wp","href":"https:\/\/api.w.org\/{rel}","templated":true}]}}