{"id":462,"date":"2023-06-14T19:30:00","date_gmt":"2023-06-14T22:30:00","guid":{"rendered":"http:\/\/dagee.local\/especializacao\/?page_id=6"},"modified":"2025-05-06T09:48:17","modified_gmt":"2025-05-06T12:48:17","slug":"curso","status":"publish","type":"page","link":"https:\/\/utfpr.curitiba.br\/leansixsigma\/","title":{"rendered":"Curso"},"content":{"rendered":"\t\t<div data-elementor-type=\"wp-page\" data-elementor-id=\"462\" class=\"elementor elementor-462\">\n\t\t\t\t\t\t<section class=\"elementor-section elementor-top-section elementor-element elementor-element-7e0d4164 elementor-section-height-min-height elementor-section-boxed elementor-section-height-default elementor-section-items-middle\" data-id=\"7e0d4164\" data-element_type=\"section\" data-e-type=\"section\" data-settings=\"{&quot;background_background&quot;:&quot;classic&quot;}\">\n\t\t\t\t\t\t\t<div class=\"elementor-background-overlay\"><\/div>\n\t\t\t\t\t\t\t<div class=\"elementor-container elementor-column-gap-default\">\n\t\t\t\t\t<div class=\"elementor-column elementor-col-100 elementor-top-column elementor-element elementor-element-61256691\" data-id=\"61256691\" data-element_type=\"column\" data-e-type=\"column\">\n\t\t\t<div class=\"elementor-widget-wrap elementor-element-populated\">\n\t\t\t\t\t\t<div class=\"elementor-element elementor-element-59a6d7da elementor-widget__width-initial elementor-widget-mobile__width-inherit elementor-invisible elementor-widget elementor-widget-heading\" data-id=\"59a6d7da\" data-element_type=\"widget\" data-e-type=\"widget\" data-settings=\"{&quot;_animation&quot;:&quot;fadeInUp&quot;,&quot;_animation_delay&quot;:&quot;10&quot;}\" data-widget_type=\"heading.default\">\n\t\t\t\t<div class=\"elementor-widget-container\">\n\t\t\t\t\t<h1 class=\"elementor-heading-title elementor-size-default\">CURSO DE ESPECIALIZA\u00c7\u00c3O EM LEAN SIX SIGMA<\/h1>\t\t\t\t<\/div>\n\t\t\t\t<\/div>\n\t\t\t\t\t<\/div>\n\t\t<\/div>\n\t\t\t\t\t<\/div>\n\t\t<\/section>\n\t\t\t\t<section class=\"elementor-section elementor-top-section elementor-element elementor-element-dcfd364 elementor-section-boxed elementor-section-height-default elementor-section-height-default\" data-id=\"dcfd364\" data-element_type=\"section\" data-e-type=\"section\">\n\t\t\t\t\t\t<div class=\"elementor-container elementor-column-gap-default\">\n\t\t\t\t\t<div class=\"elementor-column elementor-col-100 elementor-top-column elementor-element elementor-element-84f7f29\" data-id=\"84f7f29\" data-element_type=\"column\" data-e-type=\"column\">\n\t\t\t<div class=\"elementor-widget-wrap elementor-element-populated\">\n\t\t\t\t\t\t<div class=\"elementor-element elementor-element-e093ac6 elementor-widget elementor-widget-heading\" data-id=\"e093ac6\" data-element_type=\"widget\" data-e-type=\"widget\" data-widget_type=\"heading.default\">\n\t\t\t\t<div class=\"elementor-widget-container\">\n\t\t\t\t\t<h2 class=\"elementor-heading-title elementor-size-default\">Sobre<\/h2>\t\t\t\t<\/div>\n\t\t\t\t<\/div>\n\t\t\t\t<div class=\"elementor-element elementor-element-71f7437 elementor-widget__width-inherit elementor-widget elementor-widget-text-editor\" data-id=\"71f7437\" data-element_type=\"widget\" data-e-type=\"widget\" data-widget_type=\"text-editor.default\">\n\t\t\t\t<div class=\"elementor-widget-container\">\n\t\t\t\t\t\t\t\t\t<p>O Lean Six Sigma (LSS) \u00e9 uma estrat\u00e9gia recente de gerenciamento de produ\u00e7\u00e3o, processos e produtos que visa unir os benef\u00edcios de qualidade e satisfa\u00e7\u00e3o do cliente proporcionados pelo Six Sigma com a redu\u00e7\u00e3o de desperd\u00edcios e custos do Lean Manufacturing. A necessidade de desenvolvimento e implanta\u00e7\u00e3o do LSS foi provocada por diversos fatores, como: aumento da concorr\u00eancia global, crises financeiras sustentadas e aumento das expectativas dos consumidores por maior qualidade e menores custos. Produtos tecnologicamente complexos e processos combinados com cadeias de fornecimento globais intensificaram a necessidade de LSS. Dentre os maiores ganhos gerados com a ado\u00e7\u00e3o desta estrat\u00e9gia, est\u00e3o, a melhoria desempenho organizacional (e, consequentemente, econ\u00f4mico), altos n\u00edveis de credibilidade e satisfa\u00e7\u00e3o do cliente e fortalecimento da marca aumentando a participa\u00e7\u00e3o no mercado (market share). Este curso busca preparar o aluno para que possa entender e implementar o LSS em qualquer organiza\u00e7\u00e3o, desde os processos chave (como fabrica\u00e7\u00e3o) at\u00e9 os processos de apoio (servi\u00e7os). Adicionalmente, o aluno tamb\u00e9m ser\u00e1 preparado para fazer o teste da ASQ para obter a certifica\u00e7\u00e3o Black Belt Internacional. S\u00e3o trabalhados conceitos relacionados ao gerenciamento da qualidade total, an\u00e1lise de dados e controle estat\u00edstico de processos, ou seja, os conte\u00fados de todo o programa preparat\u00f3rio da American Society For Quality\u200e. O curso ainda incorpora v\u00e1rios estudos de caso reais de implementa\u00e7\u00e3o de tais programas. Acreditamos que esta P\u00f3s Gradua\u00e7\u00e3o com Certifica\u00e7\u00e3o Black Belt fornecer\u00e1 uma grande contribui\u00e7\u00e3o para o campo do Lean Seis Sigma nas empresas nacionais e fomentar\u00e1 a pesquisa cont\u00ednua, \u00e0 medida que a parceria entre o corpo docente e discente se desenvolvam, visando aumentar a competitividade no mercado global em r\u00e1pida evolu\u00e7\u00e3o.<\/p>\t\t\t\t\t\t\t\t<\/div>\n\t\t\t\t<\/div>\n\t\t\t\t\t<\/div>\n\t\t<\/div>\n\t\t\t\t\t<\/div>\n\t\t<\/section>\n\t\t\t\t<section class=\"elementor-section elementor-top-section elementor-element elementor-element-0f622a0 elementor-section-boxed elementor-section-height-default elementor-section-height-default\" data-id=\"0f622a0\" data-element_type=\"section\" data-e-type=\"section\" data-settings=\"{&quot;background_background&quot;:&quot;classic&quot;}\">\n\t\t\t\t\t\t<div class=\"elementor-container elementor-column-gap-default\">\n\t\t\t\t\t<div class=\"elementor-column elementor-col-100 elementor-top-column elementor-element elementor-element-2691bf2\" data-id=\"2691bf2\" data-element_type=\"column\" data-e-type=\"column\">\n\t\t\t<div class=\"elementor-widget-wrap elementor-element-populated\">\n\t\t\t\t\t\t<div class=\"elementor-element elementor-element-104b973 elementor-widget elementor-widget-heading\" data-id=\"104b973\" data-element_type=\"widget\" data-e-type=\"widget\" data-widget_type=\"heading.default\">\n\t\t\t\t<div class=\"elementor-widget-container\">\n\t\t\t\t\t<h2 class=\"elementor-heading-title elementor-size-default\">\u00c1rea de Conhecimento<\/h2>\t\t\t\t<\/div>\n\t\t\t\t<\/div>\n\t\t\t\t<div class=\"elementor-element elementor-element-2ffdd5f elementor-widget elementor-widget-text-editor\" data-id=\"2ffdd5f\" data-element_type=\"widget\" data-e-type=\"widget\" data-widget_type=\"text-editor.default\">\n\t\t\t\t<div class=\"elementor-widget-container\">\n\t\t\t\t\t\t\t\t\t<p>Engenharias III (<strong>Engenharia de Produ\u00e7\u00e3o \u2013 Tabela CAPES 3.08.00.00-5<\/strong>).<\/p>\t\t\t\t\t\t\t\t<\/div>\n\t\t\t\t<\/div>\n\t\t\t\t<div class=\"elementor-element elementor-element-0d88606 elementor-widget elementor-widget-heading\" data-id=\"0d88606\" data-element_type=\"widget\" data-e-type=\"widget\" data-widget_type=\"heading.default\">\n\t\t\t\t<div class=\"elementor-widget-container\">\n\t\t\t\t\t<h2 class=\"elementor-heading-title elementor-size-default\">P\u00fablico Alvo<\/h2>\t\t\t\t<\/div>\n\t\t\t\t<\/div>\n\t\t\t\t<div class=\"elementor-element elementor-element-45835ec elementor-widget elementor-widget-text-editor\" data-id=\"45835ec\" data-element_type=\"widget\" data-e-type=\"widget\" data-widget_type=\"text-editor.default\">\n\t\t\t\t<div class=\"elementor-widget-container\">\n\t\t\t\t\t\t\t\t\t<p>Engenheiros, tecn\u00f3logos, administradores, gestores de ativos e demais profissionais envolvidos na gest\u00e3o de processos produtivos, interessados nos conhecimentos inerentes a Metodologia Lean Six Sigma e na Certifica\u00e7\u00e3o Black Belt.<\/p>\t\t\t\t\t\t\t\t<\/div>\n\t\t\t\t<\/div>\n\t\t\t\t<div class=\"elementor-element elementor-element-99d3d9a elementor-widget elementor-widget-heading\" data-id=\"99d3d9a\" data-element_type=\"widget\" data-e-type=\"widget\" data-widget_type=\"heading.default\">\n\t\t\t\t<div class=\"elementor-widget-container\">\n\t\t\t\t\t<h2 class=\"elementor-heading-title elementor-size-default\">Finalidade do Curso<\/h2>\t\t\t\t<\/div>\n\t\t\t\t<\/div>\n\t\t\t\t<div class=\"elementor-element elementor-element-02cab3b elementor-widget elementor-widget-text-editor\" data-id=\"02cab3b\" data-element_type=\"widget\" data-e-type=\"widget\" data-widget_type=\"text-editor.default\">\n\t\t\t\t<div class=\"elementor-widget-container\">\n\t\t\t\t\t\t\t\t\t<p>Especializar profissionais de n\u00edvel superior para utilizar os conceitos, m\u00e9todos e t\u00e9cnicas inerentes \u00e0 Metodologia Lean Six Sigma como elementos de apoio \u00e0 tomada de decis\u00e3o, durante os processos de gest\u00e3o de ativos e processos industriais, buscando aumento de disponibilidade, produtividade e qualidade.<br \/>Al\u00e9m disso, o escopo do curso privilegia os conte\u00fados e requisitos necess\u00e1rios para a certifica\u00e7\u00e3o Black Belt.<\/p>\t\t\t\t\t\t\t\t<\/div>\n\t\t\t\t<\/div>\n\t\t\t\t<div class=\"elementor-element elementor-element-dcc00c8 elementor-widget elementor-widget-heading\" data-id=\"dcc00c8\" data-element_type=\"widget\" data-e-type=\"widget\" data-widget_type=\"heading.default\">\n\t\t\t\t<div class=\"elementor-widget-container\">\n\t\t\t\t\t<h2 class=\"elementor-heading-title elementor-size-default\">Hor\u00e1rio das Aulas<\/h2>\t\t\t\t<\/div>\n\t\t\t\t<\/div>\n\t\t\t\t<div class=\"elementor-element elementor-element-ec7de06 elementor-widget elementor-widget-text-editor\" data-id=\"ec7de06\" data-element_type=\"widget\" data-e-type=\"widget\" data-widget_type=\"text-editor.default\">\n\t\t\t\t<div class=\"elementor-widget-container\">\n\t\t\t\t\t\t\t\t\t<p style=\"text-align: justify\">As aulas ser\u00e3o ministradas \u00e0s sextas-feiras \u00e0 noite e aos s\u00e1bados, no turno da manh\u00e3 e tarde, preferencialmente de forma quinzenal.<\/p><p style=\"text-align: justify\"><span style=\"font-size: 1rem\">O curso ser\u00e1 ministrado na modalidade EaD.<\/span><\/p>\t\t\t\t\t\t\t\t<\/div>\n\t\t\t\t<\/div>\n\t\t\t\t\t<\/div>\n\t\t<\/div>\n\t\t\t\t\t<\/div>\n\t\t<\/section>\n\t\t\t\t<\/div>\n\t\t","protected":false},"excerpt":{"rendered":"<p>CURSO DE ESPECIALIZA\u00c7\u00c3O EM LEAN SIX SIGMA Sobre O Lean Six Sigma (LSS) \u00e9 uma estrat\u00e9gia recente de gerenciamento de produ\u00e7\u00e3o, processos e produtos que visa unir os benef\u00edcios de qualidade e satisfa\u00e7\u00e3o do cliente proporcionados pelo Six Sigma com a redu\u00e7\u00e3o de desperd\u00edcios e custos do Lean Manufacturing. A necessidade de desenvolvimento e implanta\u00e7\u00e3o [&hellip;]<\/p>\n","protected":false},"author":24,"featured_media":0,"parent":0,"menu_order":0,"comment_status":"closed","ping_status":"closed","template":"","meta":{"footnotes":""},"class_list":["post-462","page","type-page","status-publish","hentry"],"_links":{"self":[{"href":"https:\/\/utfpr.curitiba.br\/leansixsigma\/wp-json\/wp\/v2\/pages\/462","targetHints":{"allow":["GET"]}}],"collection":[{"href":"https:\/\/utfpr.curitiba.br\/leansixsigma\/wp-json\/wp\/v2\/pages"}],"about":[{"href":"https:\/\/utfpr.curitiba.br\/leansixsigma\/wp-json\/wp\/v2\/types\/page"}],"author":[{"embeddable":true,"href":"https:\/\/utfpr.curitiba.br\/leansixsigma\/wp-json\/wp\/v2\/users\/24"}],"replies":[{"embeddable":true,"href":"https:\/\/utfpr.curitiba.br\/leansixsigma\/wp-json\/wp\/v2\/comments?post=462"}],"version-history":[{"count":22,"href":"https:\/\/utfpr.curitiba.br\/leansixsigma\/wp-json\/wp\/v2\/pages\/462\/revisions"}],"predecessor-version":[{"id":1186,"href":"https:\/\/utfpr.curitiba.br\/leansixsigma\/wp-json\/wp\/v2\/pages\/462\/revisions\/1186"}],"wp:attachment":[{"href":"https:\/\/utfpr.curitiba.br\/leansixsigma\/wp-json\/wp\/v2\/media?parent=462"}],"curies":[{"name":"wp","href":"https:\/\/api.w.org\/{rel}","templated":true}]}}