{"id":1089,"date":"2026-01-03T11:13:27","date_gmt":"2026-01-03T14:13:27","guid":{"rendered":"https:\/\/utfpr.curitiba.br\/leansixsigma\/?page_id=1089"},"modified":"2026-01-03T12:45:24","modified_gmt":"2026-01-03T15:45:24","slug":"outros-cursos","status":"publish","type":"page","link":"https:\/\/utfpr.curitiba.br\/leansixsigma\/outros-cursos\/","title":{"rendered":"Outros Cursos"},"content":{"rendered":"\t\t<div data-elementor-type=\"wp-page\" data-elementor-id=\"1089\" class=\"elementor elementor-1089\">\n\t\t\t\t\t\t<section class=\"elementor-section elementor-top-section elementor-element elementor-element-e5a195c elementor-section-boxed elementor-section-height-default elementor-section-height-default\" data-id=\"e5a195c\" data-element_type=\"section\" data-e-type=\"section\">\n\t\t\t\t\t\t<div class=\"elementor-container elementor-column-gap-default\">\n\t\t\t\t\t<div class=\"elementor-column elementor-col-100 elementor-top-column elementor-element elementor-element-de8bf07\" data-id=\"de8bf07\" data-element_type=\"column\" data-e-type=\"column\">\n\t\t\t<div class=\"elementor-widget-wrap elementor-element-populated\">\n\t\t\t\t\t\t<div class=\"elementor-element elementor-element-aea4eb6 elementor-widget elementor-widget-spacer\" data-id=\"aea4eb6\" data-element_type=\"widget\" data-e-type=\"widget\" data-widget_type=\"spacer.default\">\n\t\t\t\t<div class=\"elementor-widget-container\">\n\t\t\t\t\t\t\t<div class=\"elementor-spacer\">\n\t\t\t<div class=\"elementor-spacer-inner\"><\/div>\n\t\t<\/div>\n\t\t\t\t\t\t<\/div>\n\t\t\t\t<\/div>\n\t\t\t\t\t<\/div>\n\t\t<\/div>\n\t\t\t\t\t<\/div>\n\t\t<\/section>\n\t\t\t\t<section class=\"elementor-section elementor-top-section elementor-element elementor-element-42b0e07 elementor-section-boxed elementor-section-height-default elementor-section-height-default\" data-id=\"42b0e07\" data-element_type=\"section\" data-e-type=\"section\">\n\t\t\t\t\t\t<div class=\"elementor-container elementor-column-gap-default\">\n\t\t\t\t\t<div class=\"elementor-column elementor-col-100 elementor-top-column elementor-element elementor-element-31688db\" data-id=\"31688db\" data-element_type=\"column\" data-e-type=\"column\">\n\t\t\t<div class=\"elementor-widget-wrap elementor-element-populated\">\n\t\t\t\t\t\t<div class=\"elementor-element elementor-element-899c611 elementor-widget elementor-widget-text-editor\" data-id=\"899c611\" data-element_type=\"widget\" data-e-type=\"widget\" data-widget_type=\"text-editor.default\">\n\t\t\t\t<div class=\"elementor-widget-container\">\n\t\t\t\t\t\t\t\t\t<p>Cursos 100% EaD com aulas ao vivo, nas sextas-feiras a noite e s\u00e1bados manh\u00e3 e tarde.<\/p><p>As aulas, ministradas ao vivo, ficam gravadas e podem ser acessadas a qualquer momento ao longo do curso.<\/p><p>Dura\u00e7\u00e3o de 18 meses e certifica\u00e7\u00e3o UTFPR, reconhecida pelo MEC.<\/p><p>Previs\u00e3o de In\u00edcio das Aulas: Abril\/2026 (aulas quinzenais)<\/p>\t\t\t\t\t\t\t\t<\/div>\n\t\t\t\t<\/div>\n\t\t\t\t\t<\/div>\n\t\t<\/div>\n\t\t\t\t\t<\/div>\n\t\t<\/section>\n\t\t\t\t<section class=\"elementor-section elementor-top-section elementor-element elementor-element-ce2bc45 elementor-section-boxed elementor-section-height-default elementor-section-height-default\" data-id=\"ce2bc45\" data-element_type=\"section\" data-e-type=\"section\">\n\t\t\t\t\t\t<div class=\"elementor-container elementor-column-gap-default\">\n\t\t\t\t\t<div class=\"elementor-column elementor-col-100 elementor-top-column elementor-element elementor-element-f70c5b4\" data-id=\"f70c5b4\" data-element_type=\"column\" data-e-type=\"column\">\n\t\t\t<div class=\"elementor-widget-wrap elementor-element-populated\">\n\t\t\t\t\t\t<div class=\"elementor-element elementor-element-3b3b1e0 elementor-widget-divider--view-line elementor-widget elementor-widget-divider\" data-id=\"3b3b1e0\" data-element_type=\"widget\" data-e-type=\"widget\" data-widget_type=\"divider.default\">\n\t\t\t\t<div class=\"elementor-widget-container\">\n\t\t\t\t\t\t\t<div class=\"elementor-divider\">\n\t\t\t<span class=\"elementor-divider-separator\">\n\t\t\t\t\t\t<\/span>\n\t\t<\/div>\n\t\t\t\t\t\t<\/div>\n\t\t\t\t<\/div>\n\t\t\t\t<div class=\"elementor-element elementor-element-2fc5c1c elementor-widget elementor-widget-text-editor\" data-id=\"2fc5c1c\" data-element_type=\"widget\" data-e-type=\"widget\" data-widget_type=\"text-editor.default\">\n\t\t\t\t<div class=\"elementor-widget-container\">\n\t\t\t\t\t\t\t\t\t<h2><strong><b>Engenharia da Confiabilidade<\/b><\/strong><\/h2><p>A Especializa\u00e7\u00e3o em Engenharia da Confiabilidade da UTFPR capacita profissionais para tomar decis\u00f5es t\u00e9cnicas e estrat\u00e9gicas baseadas em dados, reduzindo falhas, riscos e custos ao longo do ciclo de vida dos ativos.<\/p><p>O curso integra estat\u00edstica aplicada, an\u00e1lise de dados de vida, confiabilidade de sistemas, gest\u00e3o de riscos, desenvolvimento de produtos e manuten\u00e7\u00e3o, com foco em aplica\u00e7\u00f5es pr\u00e1ticas.<\/p><p>Ideal para engenheiros e gestores que buscam aumentar a disponibilidade e a produtividade de seus ativos com seguran\u00e7a e qualidade.<\/p><p>\u00danico curso no Brasil com este conte\u00fado especializado, para capacitar profissionais a dominar conceitos, m\u00e9todos e t\u00e9cnicas avan\u00e7adas de otimiza\u00e7\u00e3o do ciclo de vida dos ativos.<\/p>\t\t\t\t\t\t\t\t<\/div>\n\t\t\t\t<\/div>\n\t\t\t\t\t<\/div>\n\t\t<\/div>\n\t\t\t\t\t<\/div>\n\t\t<\/section>\n\t\t\t\t<section class=\"elementor-section elementor-top-section elementor-element elementor-element-fb72169 elementor-section-boxed elementor-section-height-default elementor-section-height-default\" data-id=\"fb72169\" data-element_type=\"section\" data-e-type=\"section\">\n\t\t\t\t\t\t<div class=\"elementor-container elementor-column-gap-default\">\n\t\t\t\t\t<div class=\"elementor-column elementor-col-50 elementor-top-column elementor-element elementor-element-9e9a5de\" data-id=\"9e9a5de\" data-element_type=\"column\" data-e-type=\"column\">\n\t\t\t<div class=\"elementor-widget-wrap elementor-element-populated\">\n\t\t\t\t\t\t<div class=\"elementor-element elementor-element-87f797c elementor-widget elementor-widget-button\" data-id=\"87f797c\" data-element_type=\"widget\" data-e-type=\"widget\" data-widget_type=\"button.default\">\n\t\t\t\t<div class=\"elementor-widget-container\">\n\t\t\t\t\t\t\t\t\t<div class=\"elementor-button-wrapper\">\n\t\t\t\t\t<a class=\"elementor-button elementor-button-link elementor-size-sm\" href=\"https:\/\/utfpr.curitiba.br\/confiabilidade\" target=\"_blank\">\n\t\t\t\t\t\t<span class=\"elementor-button-content-wrapper\">\n\t\t\t\t\t\t\t\t\t<span class=\"elementor-button-text\">Programa do Curso<\/span>\n\t\t\t\t\t<\/span>\n\t\t\t\t\t<\/a>\n\t\t\t\t<\/div>\n\t\t\t\t\t\t\t\t<\/div>\n\t\t\t\t<\/div>\n\t\t\t\t\t<\/div>\n\t\t<\/div>\n\t\t\t\t<div class=\"elementor-column elementor-col-50 elementor-top-column elementor-element elementor-element-1475541\" data-id=\"1475541\" data-element_type=\"column\" data-e-type=\"column\">\n\t\t\t<div class=\"elementor-widget-wrap elementor-element-populated\">\n\t\t\t\t\t\t<div class=\"elementor-element elementor-element-f37fdac elementor-widget elementor-widget-button\" data-id=\"f37fdac\" data-element_type=\"widget\" data-e-type=\"widget\" data-widget_type=\"button.default\">\n\t\t\t\t<div class=\"elementor-widget-container\">\n\t\t\t\t\t\t\t\t\t<div class=\"elementor-button-wrapper\">\n\t\t\t\t\t<a class=\"elementor-button elementor-button-link elementor-size-sm\" href=\"https:\/\/funtefpr.conveniar.com.br\/Eventos\/Forms\/Servicos\/EventoDados.aspx?action=2106\" target=\"_blank\">\n\t\t\t\t\t\t<span class=\"elementor-button-content-wrapper\">\n\t\t\t\t\t\t\t\t\t<span class=\"elementor-button-text\">Inscreva-se<\/span>\n\t\t\t\t\t<\/span>\n\t\t\t\t\t<\/a>\n\t\t\t\t<\/div>\n\t\t\t\t\t\t\t\t<\/div>\n\t\t\t\t<\/div>\n\t\t\t\t\t<\/div>\n\t\t<\/div>\n\t\t\t\t\t<\/div>\n\t\t<\/section>\n\t\t\t\t<section class=\"elementor-section elementor-top-section elementor-element elementor-element-7d87798 elementor-section-boxed elementor-section-height-default elementor-section-height-default\" data-id=\"7d87798\" data-element_type=\"section\" data-e-type=\"section\">\n\t\t\t\t\t\t<div class=\"elementor-container elementor-column-gap-default\">\n\t\t\t\t\t<div class=\"elementor-column elementor-col-100 elementor-top-column elementor-element elementor-element-96bc8ca\" data-id=\"96bc8ca\" data-element_type=\"column\" data-e-type=\"column\">\n\t\t\t<div class=\"elementor-widget-wrap elementor-element-populated\">\n\t\t\t\t\t\t<div class=\"elementor-element elementor-element-ed77edc elementor-widget-divider--view-line elementor-widget elementor-widget-divider\" data-id=\"ed77edc\" data-element_type=\"widget\" data-e-type=\"widget\" data-widget_type=\"divider.default\">\n\t\t\t\t<div class=\"elementor-widget-container\">\n\t\t\t\t\t\t\t<div class=\"elementor-divider\">\n\t\t\t<span class=\"elementor-divider-separator\">\n\t\t\t\t\t\t<\/span>\n\t\t<\/div>\n\t\t\t\t\t\t<\/div>\n\t\t\t\t<\/div>\n\t\t\t\t<div class=\"elementor-element elementor-element-ac34ff7 elementor-widget elementor-widget-text-editor\" data-id=\"ac34ff7\" data-element_type=\"widget\" data-e-type=\"widget\" data-widget_type=\"text-editor.default\">\n\t\t\t\t<div class=\"elementor-widget-container\">\n\t\t\t\t\t\t\t\t\t<h2><strong><b>MBA em Gest\u00e3o de Ativos<\/b><\/strong><\/h2><p>O MBA em Gest\u00e3o de Ativos da UTFPR prepara profissionais para tomar decis\u00f5es estrat\u00e9gicas ao longo de todo o ciclo de vida dos ativos, integrando engenharia, confiabilidade, manuten\u00e7\u00e3o, finan\u00e7as e lideran\u00e7a.<\/p><p>Alinhado \u00e0s normas ISO 55000, o curso foca em redu\u00e7\u00e3o de custos, aumento de disponibilidade, gest\u00e3o de riscos e maximiza\u00e7\u00e3o de valor.<\/p><p>Ideal para engenheiros e gestores que desejam elevar o desempenho dos ativos e se destacar em ambientes industriais competitivos.<\/p><p>Este curso combina a excel\u00eancia acad\u00eamica da UTFPR com metodologias pr\u00e1ticas do mercado, integrando: corpo docente especializado e experiente, metodologia aplicada ao mundo corporativo e networking com profissionais do setor.<\/p>\t\t\t\t\t\t\t\t<\/div>\n\t\t\t\t<\/div>\n\t\t\t\t\t<\/div>\n\t\t<\/div>\n\t\t\t\t\t<\/div>\n\t\t<\/section>\n\t\t\t\t<section class=\"elementor-section elementor-top-section elementor-element elementor-element-d8e0b4b elementor-section-boxed elementor-section-height-default elementor-section-height-default\" data-id=\"d8e0b4b\" data-element_type=\"section\" data-e-type=\"section\">\n\t\t\t\t\t\t<div class=\"elementor-container elementor-column-gap-default\">\n\t\t\t\t\t<div class=\"elementor-column elementor-col-50 elementor-top-column elementor-element elementor-element-18a9535\" data-id=\"18a9535\" data-element_type=\"column\" data-e-type=\"column\">\n\t\t\t<div class=\"elementor-widget-wrap elementor-element-populated\">\n\t\t\t\t\t\t<div class=\"elementor-element elementor-element-531ca36 elementor-widget elementor-widget-button\" data-id=\"531ca36\" data-element_type=\"widget\" data-e-type=\"widget\" data-widget_type=\"button.default\">\n\t\t\t\t<div class=\"elementor-widget-container\">\n\t\t\t\t\t\t\t\t\t<div class=\"elementor-button-wrapper\">\n\t\t\t\t\t<a class=\"elementor-button elementor-button-link elementor-size-sm\" href=\"https:\/\/utfpr.curitiba.br\/gestaodeativos\/\" target=\"_blank\">\n\t\t\t\t\t\t<span class=\"elementor-button-content-wrapper\">\n\t\t\t\t\t\t\t\t\t<span class=\"elementor-button-text\">Programa do Curso<\/span>\n\t\t\t\t\t<\/span>\n\t\t\t\t\t<\/a>\n\t\t\t\t<\/div>\n\t\t\t\t\t\t\t\t<\/div>\n\t\t\t\t<\/div>\n\t\t\t\t\t<\/div>\n\t\t<\/div>\n\t\t\t\t<div class=\"elementor-column elementor-col-50 elementor-top-column elementor-element elementor-element-18fa2f3\" data-id=\"18fa2f3\" data-element_type=\"column\" data-e-type=\"column\">\n\t\t\t<div class=\"elementor-widget-wrap elementor-element-populated\">\n\t\t\t\t\t\t<div class=\"elementor-element elementor-element-212e7e3 elementor-widget elementor-widget-button\" data-id=\"212e7e3\" data-element_type=\"widget\" data-e-type=\"widget\" data-widget_type=\"button.default\">\n\t\t\t\t<div class=\"elementor-widget-container\">\n\t\t\t\t\t\t\t\t\t<div class=\"elementor-button-wrapper\">\n\t\t\t\t\t<a class=\"elementor-button elementor-button-link elementor-size-sm\" href=\"https:\/\/funtefpr.conveniar.com.br\/Eventos\/Forms\/Servicos\/EventoDados.aspx?action=2103\" target=\"_blank\">\n\t\t\t\t\t\t<span class=\"elementor-button-content-wrapper\">\n\t\t\t\t\t\t\t\t\t<span class=\"elementor-button-text\">Inscreva-se<\/span>\n\t\t\t\t\t<\/span>\n\t\t\t\t\t<\/a>\n\t\t\t\t<\/div>\n\t\t\t\t\t\t\t\t<\/div>\n\t\t\t\t<\/div>\n\t\t\t\t\t<\/div>\n\t\t<\/div>\n\t\t\t\t\t<\/div>\n\t\t<\/section>\n\t\t\t\t<section class=\"elementor-section elementor-top-section elementor-element elementor-element-f1837fe elementor-section-boxed elementor-section-height-default elementor-section-height-default\" data-id=\"f1837fe\" data-element_type=\"section\" data-e-type=\"section\">\n\t\t\t\t\t\t<div class=\"elementor-container elementor-column-gap-default\">\n\t\t\t\t\t<div class=\"elementor-column elementor-col-100 elementor-top-column elementor-element elementor-element-05ddce3\" data-id=\"05ddce3\" data-element_type=\"column\" data-e-type=\"column\">\n\t\t\t<div class=\"elementor-widget-wrap elementor-element-populated\">\n\t\t\t\t\t\t<div class=\"elementor-element elementor-element-d133016 elementor-widget-divider--view-line elementor-widget elementor-widget-divider\" data-id=\"d133016\" data-element_type=\"widget\" data-e-type=\"widget\" data-widget_type=\"divider.default\">\n\t\t\t\t<div class=\"elementor-widget-container\">\n\t\t\t\t\t\t\t<div class=\"elementor-divider\">\n\t\t\t<span class=\"elementor-divider-separator\">\n\t\t\t\t\t\t<\/span>\n\t\t<\/div>\n\t\t\t\t\t\t<\/div>\n\t\t\t\t<\/div>\n\t\t\t\t<div class=\"elementor-element elementor-element-54b9f1a elementor-widget elementor-widget-text-editor\" data-id=\"54b9f1a\" data-element_type=\"widget\" data-e-type=\"widget\" data-widget_type=\"text-editor.default\">\n\t\t\t\t<div class=\"elementor-widget-container\">\n\t\t\t\t\t\t\t\t\t<h2><strong><b>Intelig\u00eancia Artificial Generativa Aplicada<\/b><\/strong><\/h2><p>A Especializa\u00e7\u00e3o em Intelig\u00eancia Artificial Generativa Aplicada da UTFPR prepara profissionais para desenvolver, implementar e governar solu\u00e7\u00f5es de IA Generativa com foco em aplica\u00e7\u00f5es reais.<\/p><p>O curso integra Python, Machine Learning, Deep Learning, LLMs, RAG, agentes inteligentes e LLMOps, aliando t\u00e9cnica, estrat\u00e9gia e \u00e9tica.<\/p><p>Ideal para quem busca inova\u00e7\u00e3o, vantagem competitiva e protagonismo na transforma\u00e7\u00e3o digital, aplicando IA de forma segura e orientada a resultados.<\/p><p>Seja protagonista da revolu\u00e7\u00e3o tecnol\u00f3gica!<\/p>\t\t\t\t\t\t\t\t<\/div>\n\t\t\t\t<\/div>\n\t\t\t\t\t<\/div>\n\t\t<\/div>\n\t\t\t\t\t<\/div>\n\t\t<\/section>\n\t\t\t\t<section class=\"elementor-section elementor-top-section elementor-element elementor-element-87f66e2 elementor-section-boxed elementor-section-height-default elementor-section-height-default\" data-id=\"87f66e2\" data-element_type=\"section\" data-e-type=\"section\">\n\t\t\t\t\t\t<div class=\"elementor-container elementor-column-gap-default\">\n\t\t\t\t\t<div class=\"elementor-column elementor-col-50 elementor-top-column elementor-element elementor-element-c4669cb\" data-id=\"c4669cb\" data-element_type=\"column\" data-e-type=\"column\">\n\t\t\t<div class=\"elementor-widget-wrap elementor-element-populated\">\n\t\t\t\t\t\t<div class=\"elementor-element elementor-element-d468df2 elementor-widget elementor-widget-button\" data-id=\"d468df2\" data-element_type=\"widget\" data-e-type=\"widget\" data-widget_type=\"button.default\">\n\t\t\t\t<div class=\"elementor-widget-container\">\n\t\t\t\t\t\t\t\t\t<div class=\"elementor-button-wrapper\">\n\t\t\t\t\t<a class=\"elementor-button elementor-button-link elementor-size-sm\" href=\"https:\/\/utfpr.curitiba.br\/iaaplicada\" target=\"_blank\">\n\t\t\t\t\t\t<span class=\"elementor-button-content-wrapper\">\n\t\t\t\t\t\t\t\t\t<span class=\"elementor-button-text\">Programa do Curso<\/span>\n\t\t\t\t\t<\/span>\n\t\t\t\t\t<\/a>\n\t\t\t\t<\/div>\n\t\t\t\t\t\t\t\t<\/div>\n\t\t\t\t<\/div>\n\t\t\t\t\t<\/div>\n\t\t<\/div>\n\t\t\t\t<div class=\"elementor-column elementor-col-50 elementor-top-column elementor-element elementor-element-2d37645\" data-id=\"2d37645\" data-element_type=\"column\" data-e-type=\"column\">\n\t\t\t<div class=\"elementor-widget-wrap elementor-element-populated\">\n\t\t\t\t\t\t<div class=\"elementor-element elementor-element-36c3cf7 elementor-widget elementor-widget-button\" data-id=\"36c3cf7\" data-element_type=\"widget\" data-e-type=\"widget\" data-widget_type=\"button.default\">\n\t\t\t\t<div class=\"elementor-widget-container\">\n\t\t\t\t\t\t\t\t\t<div class=\"elementor-button-wrapper\">\n\t\t\t\t\t<a class=\"elementor-button elementor-button-link elementor-size-sm\" href=\"https:\/\/funtefpr.conveniar.com.br\/Eventos\/Forms\/Servicos\/EventoDados.aspx?action=2104%20\" target=\"_blank\">\n\t\t\t\t\t\t<span class=\"elementor-button-content-wrapper\">\n\t\t\t\t\t\t\t\t\t<span class=\"elementor-button-text\">Inscreva-se<\/span>\n\t\t\t\t\t<\/span>\n\t\t\t\t\t<\/a>\n\t\t\t\t<\/div>\n\t\t\t\t\t\t\t\t<\/div>\n\t\t\t\t<\/div>\n\t\t\t\t\t<\/div>\n\t\t<\/div>\n\t\t\t\t\t<\/div>\n\t\t<\/section>\n\t\t\t\t<\/div>\n\t\t","protected":false},"excerpt":{"rendered":"<p>Cursos 100% EaD com aulas ao vivo, nas sextas-feiras a noite e s\u00e1bados manh\u00e3 e tarde. As aulas, ministradas ao vivo, ficam gravadas e podem ser acessadas a qualquer momento ao longo do curso. Dura\u00e7\u00e3o de 18 meses e certifica\u00e7\u00e3o UTFPR, reconhecida pelo MEC. Previs\u00e3o de In\u00edcio das Aulas: Abril\/2026 (aulas quinzenais) Engenharia da Confiabilidade [&hellip;]<\/p>\n","protected":false},"author":24,"featured_media":0,"parent":0,"menu_order":0,"comment_status":"closed","ping_status":"closed","template":"","meta":{"footnotes":""},"class_list":["post-1089","page","type-page","status-publish","hentry"],"_links":{"self":[{"href":"https:\/\/utfpr.curitiba.br\/leansixsigma\/wp-json\/wp\/v2\/pages\/1089","targetHints":{"allow":["GET"]}}],"collection":[{"href":"https:\/\/utfpr.curitiba.br\/leansixsigma\/wp-json\/wp\/v2\/pages"}],"about":[{"href":"https:\/\/utfpr.curitiba.br\/leansixsigma\/wp-json\/wp\/v2\/types\/page"}],"author":[{"embeddable":true,"href":"https:\/\/utfpr.curitiba.br\/leansixsigma\/wp-json\/wp\/v2\/users\/24"}],"replies":[{"embeddable":true,"href":"https:\/\/utfpr.curitiba.br\/leansixsigma\/wp-json\/wp\/v2\/comments?post=1089"}],"version-history":[{"count":28,"href":"https:\/\/utfpr.curitiba.br\/leansixsigma\/wp-json\/wp\/v2\/pages\/1089\/revisions"}],"predecessor-version":[{"id":1122,"href":"https:\/\/utfpr.curitiba.br\/leansixsigma\/wp-json\/wp\/v2\/pages\/1089\/revisions\/1122"}],"wp:attachment":[{"href":"https:\/\/utfpr.curitiba.br\/leansixsigma\/wp-json\/wp\/v2\/media?parent=1089"}],"curies":[{"name":"wp","href":"https:\/\/api.w.org\/{rel}","templated":true}]}}