{"id":23,"date":"2016-01-25T23:19:46","date_gmt":"2016-01-25T23:19:46","guid":{"rendered":"http:\/\/www.robotica.org.br\/?page_id=23"},"modified":"2016-01-25T23:19:46","modified_gmt":"2016-01-25T23:19:46","slug":"eventos-anteriores","status":"publish","type":"page","link":"https:\/\/utfpr.curitiba.br\/larccbr16\/?page_id=23","title":{"rendered":"Last Edtions"},"content":{"rendered":"<p><b><a href=\"https:\/\/eventosrobotica2015.wordpress.com\/\" target=\"_blank\" rel=\"me\">A LARC \/ CBR 2015<\/a><\/b> \u2013 Uberl\u00e2ndia \u2013 MG<\/p>\n<p><b><a href=\"http:\/\/www.cbrobotica.org\/LARC2014\/index.htm?lang=pt\" target=\"_blank\" rel=\"me\">A LARC \/ CBR 2014<\/a><\/b> \u2013 S\u00e3o Carlos \u2013 SP<\/p>\n<p><a title=\"Competi\u00e7\u00e3o Brasileira de Rob\u00f3tica 2013\" href=\"http:\/\/www.cbrobotica.org\/CBR2013\/index.htm?lang=pt\" target=\"_blank\">CBR 2013<\/a> \u2013 Fortaleza \u2013 CE<\/p>\n<p><a href=\"http:\/\/www.cbrobotica.org\/LARC2012\/index.htm?lang=pt\" target=\"_blank\" rel=\"me\">LARC 2012 e CBR 2012<\/a> \u2013 Fortaleza \u2013 CE<\/p>\n<p><a href=\"http:\/\/www.cbrobotica.org\/CBR11\/index.htm?lang=pt\" target=\"_blank\" rel=\"me\"><b>CBR2011<\/b><\/a> \u2013 S\u00e3o Jo\u00e3o del-Rei \u2013 MG<\/p>\n<p><b> <a href=\"http:\/\/www.cbr10.fei.edu.br\" target=\"_blank\">LARC2010 e CBR2010<\/a><\/b>\u2013 S\u00e3o Bernardo do Campo \u2013 SP<\/p>\n<p><b> <a href=\"http:\/\/www.cbr09.fei.edu.br\" target=\"_blank\">CBR20<\/a><a href=\"http:\/\/www.cbr10.fei.edu.br\">09<\/a><\/b> \u2013 Bras\u00edlia \u2013 DF<\/p>\n<p><b> <a href=\"http:\/\/jri2008.dca.ufrn.br\/LARC\/\" target=\"_blank\">LARC2008 e CBR2008<\/a><\/b> \u2013 Salvador- BA<\/p>\n<p><b><a href=\"http:\/\/www.cbr2007.furg.br\/\" target=\"_blank\">CBR2007<\/a><\/b> \u2013 Florian\u00f3polis \u2013 SC<\/p>\n<p><b><a href=\"http:\/\/www.sorocaba.unesp.br\/jri2006\/\" target=\"_blank\">CBR2006<\/a><\/b> \u2013 Campo Grande \u2013 MS<\/p>\n<p><a href=\"http:\/\/www.larc.dee.ufma.br\/\" target=\"_blank\"><b>LARC2005 e CBR2005 <\/b>\u2013<\/a> S\u00e3o Luis \u2013 MA<\/p>\n<p><a href=\"http:\/\/www.sbc2004.ufba.br\/jri_04.html\" target=\"_blank\"><b>CBR2004 <\/b>\u2013<\/a> Salvador \u2013 BA<\/p>\n<p><b><a href=\"http:\/\/www.dee.bauru.unesp.br\/visbai\/ieee\/\" target=\"_blank\">LARC2003<\/a><\/b> \u2013 Bauru \u2013 SP<\/p>\n","protected":false},"excerpt":{"rendered":"<p>A LARC \/ CBR 2015 \u2013 Uberl\u00e2ndia \u2013 MG A LARC \/ CBR 2014 \u2013 S\u00e3o Carlos \u2013 SP CBR 2013 \u2013 Fortaleza \u2013 CE LARC 2012 e CBR 2012 \u2013 Fortaleza \u2013 CE CBR2011 \u2013 S\u00e3o Jo\u00e3o del-Rei \u2013 MG LARC2010 e CBR2010\u2013 S\u00e3o Bernardo do Campo \u2013 SP CBR2009 \u2013 Bras\u00edlia \u2013 DF [&hellip;]<\/p>\n","protected":false},"author":2,"featured_media":0,"parent":0,"menu_order":3,"comment_status":"closed","ping_status":"closed","template":"","meta":{"footnotes":""},"class_list":["post-23","page","type-page","status-publish","hentry"],"_links":{"self":[{"href":"https:\/\/utfpr.curitiba.br\/larccbr16\/index.php?rest_route=\/wp\/v2\/pages\/23","targetHints":{"allow":["GET"]}}],"collection":[{"href":"https:\/\/utfpr.curitiba.br\/larccbr16\/index.php?rest_route=\/wp\/v2\/pages"}],"about":[{"href":"https:\/\/utfpr.curitiba.br\/larccbr16\/index.php?rest_route=\/wp\/v2\/types\/page"}],"author":[{"embeddable":true,"href":"https:\/\/utfpr.curitiba.br\/larccbr16\/index.php?rest_route=\/wp\/v2\/users\/2"}],"replies":[{"embeddable":true,"href":"https:\/\/utfpr.curitiba.br\/larccbr16\/index.php?rest_route=%2Fwp%2Fv2%2Fcomments&post=23"}],"version-history":[{"count":0,"href":"https:\/\/utfpr.curitiba.br\/larccbr16\/index.php?rest_route=\/wp\/v2\/pages\/23\/revisions"}],"wp:attachment":[{"href":"https:\/\/utfpr.curitiba.br\/larccbr16\/index.php?rest_route=%2Fwp%2Fv2%2Fmedia&parent=23"}],"curies":[{"name":"wp","href":"https:\/\/api.w.org\/{rel}","templated":true}]}}