{"id":21,"date":"2016-01-25T23:19:27","date_gmt":"2016-01-25T23:19:27","guid":{"rendered":"http:\/\/www.robotica.org.br\/?page_id=21"},"modified":"2016-01-25T23:19:27","modified_gmt":"2016-01-25T23:19:27","slug":"datas-importantes-2","status":"publish","type":"page","link":"https:\/\/utfpr.curitiba.br\/larccbr16\/?page_id=21","title":{"rendered":"Important Dates"},"content":{"rendered":"<p><a href=\"http:\/\/www.robotica.org.br\/?p=122#importantDates\">Call for papers: LARS \/ SBR 2016<\/a><br \/>\n<a href=\"http:\/\/www.robotica.org.br\/?p=211#importantDates\">Inscri\u00e7\u00f5es competi\u00e7\u00f5es LARC e CBR<\/a><\/p>\n","protected":false},"excerpt":{"rendered":"<p>Call for papers: LARS \/ SBR 2016 Inscri\u00e7\u00f5es competi\u00e7\u00f5es LARC e CBR<\/p>\n","protected":false},"author":2,"featured_media":0,"parent":0,"menu_order":1,"comment_status":"closed","ping_status":"closed","template":"","meta":{"footnotes":""},"class_list":["post-21","page","type-page","status-publish","hentry"],"_links":{"self":[{"href":"https:\/\/utfpr.curitiba.br\/larccbr16\/index.php?rest_route=\/wp\/v2\/pages\/21","targetHints":{"allow":["GET"]}}],"collection":[{"href":"https:\/\/utfpr.curitiba.br\/larccbr16\/index.php?rest_route=\/wp\/v2\/pages"}],"about":[{"href":"https:\/\/utfpr.curitiba.br\/larccbr16\/index.php?rest_route=\/wp\/v2\/types\/page"}],"author":[{"embeddable":true,"href":"https:\/\/utfpr.curitiba.br\/larccbr16\/index.php?rest_route=\/wp\/v2\/users\/2"}],"replies":[{"embeddable":true,"href":"https:\/\/utfpr.curitiba.br\/larccbr16\/index.php?rest_route=%2Fwp%2Fv2%2Fcomments&post=21"}],"version-history":[{"count":0,"href":"https:\/\/utfpr.curitiba.br\/larccbr16\/index.php?rest_route=\/wp\/v2\/pages\/21\/revisions"}],"wp:attachment":[{"href":"https:\/\/utfpr.curitiba.br\/larccbr16\/index.php?rest_route=%2Fwp%2Fv2%2Fmedia&parent=21"}],"curies":[{"name":"wp","href":"https:\/\/api.w.org\/{rel}","templated":true}]}}