{"id":19,"date":"2016-01-25T23:18:51","date_gmt":"2016-01-25T23:18:51","guid":{"rendered":"http:\/\/www.robotica.org.br\/?page_id=19"},"modified":"2016-01-25T23:18:51","modified_gmt":"2016-01-25T23:18:51","slug":"local-3","status":"publish","type":"page","link":"https:\/\/utfpr.curitiba.br\/larccbr16\/?page_id=19","title":{"rendered":"Venue"},"content":{"rendered":"<h2><a href=\"http:\/\/www.casablancaturismoeventos.com.br\/loja\/robocup-2016-524.html\">Sugest\u00e3o de Hospedagem<\/a><\/h2>\n<h2>Sobre a cidade do Recife<\/h2>\n<p><img fetchpriority=\"high\" decoding=\"async\" class=\"aligncenter size-full wp-image-642\" src=\"http:\/\/200.134.10.33\/tempDainf\/wp-content\/uploads\/2016\/01\/recife.jpg\" alt=\"recife\" width=\"1920\" height=\"750\" srcset=\"https:\/\/utfpr-ct-static-content.s3.amazonaws.com\/utfpr.curitiba.br\/wp-content\/uploads\/sites\/63\/2016\/01\/recife.jpg 1920w, https:\/\/utfpr-ct-static-content.s3.amazonaws.com\/utfpr.curitiba.br\/wp-content\/uploads\/sites\/63\/2016\/01\/recife-300x117.jpg 300w, https:\/\/utfpr-ct-static-content.s3.amazonaws.com\/utfpr.curitiba.br\/wp-content\/uploads\/sites\/63\/2016\/01\/recife-1024x400.jpg 1024w\" sizes=\"(max-width: 1920px) 100vw, 1920px\" \/><\/p>\n<p>Porta de entrada do Nordeste brasileiro, Recife al\u00e9m de belas paisagens &#8211; com pontes e rios cortando toda a cidade, atrai milhares de turistas todos os anos. Rica em manifesta\u00e7\u00f5es culturais e folcl\u00f3ricas, suas ra\u00edzes est\u00e3o sempre traduzidas em sua ess\u00eancia art\u00edstica e preservadas como importante patrim\u00f4nio.<\/p>\n<p>Recife \u00e9 considerado o primeiro polo gastron\u00f4mico do Nordeste, o segundo polo m\u00e9dico do Brasil, al\u00e9m de abrigar o maior parque tecnol\u00f3gico do Pa\u00eds, conhecido como Porto Digital.<\/p>\n<p><strong>Fonte e mais informa\u00e7\u00f5es sobre a cidade:<\/strong> <a href=\"http:\/\/www2.recife.pe.gov.br\/servico\/cidade-1?op=NTMwMg==\">www2.recife.pe.gov.br<\/a><\/p>\n<h2>RioMar Shopping<\/h2>\n<p><img decoding=\"async\" class=\"aligncenter wp-image-516 size-full\" src=\"http:\/\/200.134.10.33\/tempDainf\/wp-content\/uploads\/2016\/01\/riomar.png\" alt=\"\" width=\"3669\" height=\"1012\" srcset=\"https:\/\/utfpr-ct-static-content.s3.amazonaws.com\/utfpr.curitiba.br\/wp-content\/uploads\/sites\/63\/2016\/01\/riomar.png 3669w, https:\/\/utfpr-ct-static-content.s3.amazonaws.com\/utfpr.curitiba.br\/wp-content\/uploads\/sites\/63\/2016\/01\/riomar-300x82.png 300w, https:\/\/utfpr-ct-static-content.s3.amazonaws.com\/utfpr.curitiba.br\/wp-content\/uploads\/sites\/63\/2016\/01\/riomar-1024x282.png 1024w\" sizes=\"(max-width: 3669px) 100vw, 3669px\" \/><\/p>\n<p>Na estrutura,\u00a0101.000 m\u00b2 de \u00e1rea de lojas (ABL) em um total de 295.000 m\u00b2 de \u00e1rea constru\u00edda. Estacionamento com 6.200 vagas (70% cobertas) e duas unidades do Valet Parking.<\/p>\n<p>No projeto inovador, com arquitetura sofisticada, corredores amplos, de f\u00e1cil circula\u00e7\u00e3o e ilumina\u00e7\u00e3o natural.<\/p>\n<p>No compromisso socioambiental, o RioMar possui 40.000m\u00b2 de \u00e1rea verde implantada, al\u00e9m de monitoramento e renova\u00e7\u00e3o do ar, economia de energia com utiliza\u00e7\u00e3o de ilumina\u00e7\u00e3o natural, 70% dos res\u00edduos destinados \u00e0 reciclagem e compostagem, economia de 50% na utiliza\u00e7\u00e3o de \u00e1gua.<\/p>\n<p>Um shopping incompar\u00e1vel integrado \u00e0 paisagem do Recife e em sintonia com o momento de dinamismo de Pernambuco.<\/p>\n<p><strong>Fonte e mais informa\u00e7\u00f5es:<\/strong> <a href=\"http:\/\/riomarrecife.com.br\/\">http:\/\/riomarrecife.com.br\/<\/a><\/p>\n<h2>Localiza\u00e7\u00e3o<\/h2>\n<p><strong>a 1,4km (3 minutos) da Avenida Boa Viagem<\/strong>, onde se encontra a principal orla da capital pernambucana, voltada para o lazer, a cultura e a pr\u00e1tica desportiva. No entorno, existe uma rede hoteleira com alto padr\u00e3o de qualidade.<\/p>\n<p><strong>a 4,9 km (11 minutos) de um dos principais polos de Tecnologia da Informa\u00e7\u00e3o do pa\u00eds, o Porto Digital <\/strong>e o Centro de Estudos e Sistemas Avan\u00e7ados do Recife (C.E.S.A.R). O complexo \u00e9 composto por grandes empresas nacionais e multinacionais.<\/p>\n<p><strong>a 8,9 km (19 minutos) do Aeroporto Internacional dos Guararapes (Gilberto Freyre)<\/strong>, um dos mais modernos e bonitos do Brasil. Tem o que h\u00e1 de mais avan\u00e7ado em tecnologia aeroportu\u00e1ria, al\u00e9m de ser uma galeria p\u00fablica da arte pernambucana.<\/p>\n<h2>Como chegar<\/h2>\n<p><img decoding=\"async\" class=\"aligncenter size-full wp-image-518\" src=\"http:\/\/200.134.10.33\/tempDainf\/wp-content\/uploads\/2016\/01\/mapaRiomar.png\" alt=\"mapaRiomar\" width=\"1232\" height=\"471\" srcset=\"https:\/\/utfpr-ct-static-content.s3.amazonaws.com\/utfpr.curitiba.br\/wp-content\/uploads\/sites\/63\/2016\/01\/mapaRiomar.png 1232w, https:\/\/utfpr-ct-static-content.s3.amazonaws.com\/utfpr.curitiba.br\/wp-content\/uploads\/sites\/63\/2016\/01\/mapaRiomar-300x114.png 300w, https:\/\/utfpr-ct-static-content.s3.amazonaws.com\/utfpr.curitiba.br\/wp-content\/uploads\/sites\/63\/2016\/01\/mapaRiomar-1024x391.png 1024w\" sizes=\"(max-width: 1232px) 100vw, 1232px\" \/><\/p>\n","protected":false},"excerpt":{"rendered":"<p>Sugest\u00e3o de Hospedagem Sobre a cidade do Recife Porta de entrada do Nordeste brasileiro, Recife al\u00e9m de belas paisagens &#8211; com pontes e rios cortando toda a cidade, atrai milhares de turistas todos os anos. Rica em manifesta\u00e7\u00f5es culturais e folcl\u00f3ricas, suas ra\u00edzes est\u00e3o sempre traduzidas em sua ess\u00eancia art\u00edstica e preservadas como importante patrim\u00f4nio. [&hellip;]<\/p>\n","protected":false},"author":2,"featured_media":0,"parent":0,"menu_order":0,"comment_status":"closed","ping_status":"closed","template":"","meta":{"footnotes":""},"class_list":["post-19","page","type-page","status-publish","hentry"],"_links":{"self":[{"href":"https:\/\/utfpr.curitiba.br\/larccbr16\/index.php?rest_route=\/wp\/v2\/pages\/19","targetHints":{"allow":["GET"]}}],"collection":[{"href":"https:\/\/utfpr.curitiba.br\/larccbr16\/index.php?rest_route=\/wp\/v2\/pages"}],"about":[{"href":"https:\/\/utfpr.curitiba.br\/larccbr16\/index.php?rest_route=\/wp\/v2\/types\/page"}],"author":[{"embeddable":true,"href":"https:\/\/utfpr.curitiba.br\/larccbr16\/index.php?rest_route=\/wp\/v2\/users\/2"}],"replies":[{"embeddable":true,"href":"https:\/\/utfpr.curitiba.br\/larccbr16\/index.php?rest_route=%2Fwp%2Fv2%2Fcomments&post=19"}],"version-history":[{"count":0,"href":"https:\/\/utfpr.curitiba.br\/larccbr16\/index.php?rest_route=\/wp\/v2\/pages\/19\/revisions"}],"wp:attachment":[{"href":"https:\/\/utfpr.curitiba.br\/larccbr16\/index.php?rest_route=%2Fwp%2Fv2%2Fmedia&parent=19"}],"curies":[{"name":"wp","href":"https:\/\/api.w.org\/{rel}","templated":true}]}}