{"id":32,"date":"2017-07-17T18:48:06","date_gmt":"2017-07-17T18:48:06","guid":{"rendered":"http:\/\/labiotox.ct.utfpr.edu.br\/?page_id=32"},"modified":"2021-04-13T19:06:04","modified_gmt":"2021-04-13T19:06:04","slug":"professor-jonas-golart","status":"publish","type":"page","link":"https:\/\/utfpr.curitiba.br\/laqmed\/professores\/professor-jonas-golart\/","title":{"rendered":"Dr. Jonas Golart"},"content":{"rendered":"<p><a href=\"http:\/\/utfpr-ct-static-content.s3.amazonaws.com\/utfpr.curitiba.br\/wp-content\/uploads\/sites\/29\/2017\/07\/eu.png\"><img decoding=\"async\" class=\"alignnone  wp-image-178\" src=\"http:\/\/utfpr-ct-static-content.s3.amazonaws.com\/utfpr.curitiba.br\/wp-content\/uploads\/sites\/29\/2017\/07\/eu.png\" alt=\"\" width=\"162\" height=\"168\" \/><\/a><\/p>\n<p>Professor Adjunto da Universidade Tecnol\u00f3gica Federal do Paran\u00e1. Graduado em biologia (2002) pela Universidade Estadual de Goi\u00e1s com especializa\u00e7\u00e3o em farmacologia (2004) pela Universidade Federal de Lavras, mestrado (2009) e doutorado (2017) em farmacologia pela Universidade Federal do Paran\u00e1.<\/p>\n<p>As \u00e1reas de concentra\u00e7\u00e3o e pesquisa s\u00e3o relacionadas a compreen\u00e7\u00e3o da rela\u00e7\u00e3o estrutura\/atividade de compostos qu\u00edmicos com potencial a\u00e7\u00e3o sobre a toxicologia reprodutiva e do sistema nervoso central e o estudo computacional (docking molecular) de novos farmac\u00f3foros. Desenvolve seus estudos no Departamento Acad\u00eamico de Qu\u00edmica e Biologia da UTFPR e em colabora\u00e7\u00e3o com outras institui\u00e7\u00f5es.<\/p>\n","protected":false},"excerpt":{"rendered":"<p>Professor Adjunto da Universidade Tecnol\u00f3gica Federal do Paran\u00e1. Graduado em biologia (2002) pela Universidade Estadual de Goi\u00e1s com especializa\u00e7\u00e3o em<\/p>\n","protected":false},"author":6,"featured_media":53,"parent":22,"menu_order":0,"comment_status":"closed","ping_status":"closed","template":"","meta":{"colormag_page_container_layout":"default_layout","colormag_page_sidebar_layout":"default_layout","footnotes":""},"class_list":["post-32","page","type-page","status-publish","has-post-thumbnail","hentry"],"_links":{"self":[{"href":"https:\/\/utfpr.curitiba.br\/laqmed\/wp-json\/wp\/v2\/pages\/32","targetHints":{"allow":["GET"]}}],"collection":[{"href":"https:\/\/utfpr.curitiba.br\/laqmed\/wp-json\/wp\/v2\/pages"}],"about":[{"href":"https:\/\/utfpr.curitiba.br\/laqmed\/wp-json\/wp\/v2\/types\/page"}],"author":[{"embeddable":true,"href":"https:\/\/utfpr.curitiba.br\/laqmed\/wp-json\/wp\/v2\/users\/6"}],"replies":[{"embeddable":true,"href":"https:\/\/utfpr.curitiba.br\/laqmed\/wp-json\/wp\/v2\/comments?post=32"}],"version-history":[{"count":6,"href":"https:\/\/utfpr.curitiba.br\/laqmed\/wp-json\/wp\/v2\/pages\/32\/revisions"}],"predecessor-version":[{"id":397,"href":"https:\/\/utfpr.curitiba.br\/laqmed\/wp-json\/wp\/v2\/pages\/32\/revisions\/397"}],"up":[{"embeddable":true,"href":"https:\/\/utfpr.curitiba.br\/laqmed\/wp-json\/wp\/v2\/pages\/22"}],"wp:featuredmedia":[{"embeddable":true,"href":"https:\/\/utfpr.curitiba.br\/laqmed\/wp-json\/wp\/v2\/media\/53"}],"wp:attachment":[{"href":"https:\/\/utfpr.curitiba.br\/laqmed\/wp-json\/wp\/v2\/media?parent=32"}],"curies":[{"name":"wp","href":"https:\/\/api.w.org\/{rel}","templated":true}]}}