{"id":28,"date":"2017-07-17T18:46:58","date_gmt":"2017-07-17T18:46:58","guid":{"rendered":"http:\/\/labiotox.ct.utfpr.edu.br\/?page_id=28"},"modified":"2021-04-13T19:05:35","modified_gmt":"2021-04-13T19:05:35","slug":"estrutura","status":"publish","type":"page","link":"https:\/\/utfpr.curitiba.br\/laqmed\/estrutura\/","title":{"rendered":"Estrutura"},"content":{"rendered":"<p>O laborat\u00f3rio de Qu\u00edmica Medicinal &#8211; LaQmed da UTPFR <em>Campus<\/em> Curitiba conta hoje com equipamentos para realizarem pesquisar na \u00e1rea de QSAR e Docking, al\u00e9m de contar com a ajuda computacional do <a href=\"http:\/\/hpc.ct.utfpr.edu.br\/\">Centro de Computa\u00e7\u00e3o Cient\u00edfica e Tecnol\u00f3gica<\/a> da UTFPR. Conjuntamente ao LaQmed algumas atividades s\u00e3o desenvolvidas com o Laborat\u00f3rio de Qu\u00edmica Computacional e Cin\u00e9tica- LaCoci.<\/p>\n<p>Equipamentos alocados no LaQmed:<\/p>\n<p>Workstation 1: CPU\u00a0intel I7-7700K, 32 GB DDR4, SSD 240 GB, Windows 10 Pro<\/p>\n<p>Workstation 2: CPU\u00a0intel\u00a0I7-8700K, 32 GB DDR4, SSD 480 GB Raid 0, GPU 1080Ti, Windows 10 Pro<\/p>\n<p>PC 1: CPU intel I3-4460, 8GB DDR3, SSD 120 GB, Windows 10 Pro<\/p>\n<p>PC 2:\u00a0CPU intel I3-4460, 8GB DDR3, HD 6400 GB Raid 0, Linux Ubuntu 18.4<\/p>\n<p>PC 3:\u00a0CPU\u00a0intel\u00a0I7-3770K, 16 GB DDR4, SSD 120 GB Raid 0, GPU Radeon 7970, Windows 10 Pro<\/p>\n<p>Nossa rede l\u00f3gica \u00e9 de 1 Gb\/s fornecida pela RNP (Rede Nacional de Pesquisa)<\/p>\n<p><img decoding=\"async\" class=\"\" src=\"https:\/\/www.rnp.br\/sites\/default\/themes\/sitepublico\/logo.png\" alt=\"Resultado de imagem para rnp\" width=\"119\" height=\"64\" \/><\/p>\n<p>Abaixo est\u00e3o alguns dos Programas e Web Services que o LaQmed utiliza\u00a0para suas pesquisas.<\/p>\n<p>Din\u00e2mica Molecular:<\/p>\n<p>&nbsp;<\/p>\n<p><img decoding=\"async\" class=\"\" src=\"http:\/\/nova.disfarm.unimi.it\/manual\/images\/vega_zz_print.jpg\" alt=\"Resultado de imagem para vega zz\" width=\"279\" height=\"114\" \/>\u00a0\u00a0<img decoding=\"async\" class=\"\" src=\"https:\/\/i1.wp.com\/bioexcel.eu\/wp-content\/uploads\/2016\/05\/GROMACS.png?fit=1200%2C512&amp;ssl=1\" alt=\"Resultado de imagem para gromacs\" width=\"260\" height=\"111\" \/><\/p>\n<p>Modelagem 2D e 3D<\/p>\n<p><img loading=\"lazy\" decoding=\"async\" class=\"\" src=\"http:\/\/3.bp.blogspot.com\/-Ym_BiditDSw\/UUr342V833I\/AAAAAAAAB-0\/Md0_Od51N8M\/s1600\/avogadro.png\" alt=\"Resultado de imagem para avogadro software\" width=\"152\" height=\"153\" \/>\u00a0\u00a0<img loading=\"lazy\" decoding=\"async\" class=\"\" src=\"http:\/\/tse2.mm.bing.net\/th?id=OIP.JqWtzvvXp6Wltb5uhws84wHaDr\" alt=\"Resultado de imagem para marvinsketch\" width=\"297\" height=\"147\" \/>\u00a0\u00a0<img loading=\"lazy\" decoding=\"async\" class=\"\" src=\"http:\/\/share-fastly.picmonkey.com\/prod\/photo_posts\/AKY5RxmBWKm_11312349.jpg\" alt=\"Resultado de imagem para discovery studio\" width=\"269\" height=\"151\" \/>\u00a0\u00a0<img loading=\"lazy\" decoding=\"async\" class=\"\" src=\"https:\/\/i.ytimg.com\/vi\/Ro2IhDN8Ns0\/maxresdefault.jpg\" alt=\"Resultado de imagem para maestro schrodinger\" width=\"280\" height=\"153\" \/><\/p>\n<p>Docking<\/p>\n<p><a href=\"http:\/\/utfpr-ct-static-content.s3.amazonaws.com\/utfpr.curitiba.br\/wp-content\/uploads\/sites\/29\/2018\/09\/vina.png\"><img loading=\"lazy\" decoding=\"async\" class=\"alignnone size-full wp-image-390\" src=\"http:\/\/utfpr-ct-static-content.s3.amazonaws.com\/utfpr.curitiba.br\/wp-content\/uploads\/sites\/29\/2018\/09\/vina.png\" alt=\"\" width=\"251\" height=\"66\" \/><\/a> <a href=\"http:\/\/utfpr-ct-static-content.s3.amazonaws.com\/utfpr.curitiba.br\/wp-content\/uploads\/sites\/29\/2018\/09\/dock.png\"><img loading=\"lazy\" decoding=\"async\" class=\"alignnone size-medium wp-image-391\" src=\"http:\/\/utfpr-ct-static-content.s3.amazonaws.com\/utfpr.curitiba.br\/wp-content\/uploads\/sites\/29\/2018\/09\/dock.png\" alt=\"\" width=\"269\" height=\"86\" \/><\/a><\/p>\n<p>QSAR<\/p>\n<p><a href=\"http:\/\/utfpr-ct-static-content.s3.amazonaws.com\/utfpr.curitiba.br\/wp-content\/uploads\/sites\/29\/2018\/09\/guaruda.png\"><img loading=\"lazy\" decoding=\"async\" class=\"alignnone size-full wp-image-392\" src=\"http:\/\/utfpr-ct-static-content.s3.amazonaws.com\/utfpr.curitiba.br\/wp-content\/uploads\/sites\/29\/2018\/09\/guaruda.png\" alt=\"\" width=\"241\" height=\"81\" \/><\/a><a href=\"http:\/\/utfpr-ct-static-content.s3.amazonaws.com\/utfpr.curitiba.br\/wp-content\/uploads\/sites\/29\/2018\/09\/tool.png\"><img loading=\"lazy\" decoding=\"async\" class=\"alignnone size-medium wp-image-393\" src=\"http:\/\/utfpr-ct-static-content.s3.amazonaws.com\/utfpr.curitiba.br\/wp-content\/uploads\/sites\/29\/2018\/09\/tool-300x93.png\" alt=\"\" width=\"300\" height=\"93\" srcset=\"https:\/\/utfpr-ct-static-content.s3.amazonaws.com\/utfpr.curitiba.br\/wp-content\/uploads\/sites\/29\/2018\/09\/tool-300x93.png 300w, https:\/\/utfpr-ct-static-content.s3.amazonaws.com\/utfpr.curitiba.br\/wp-content\/uploads\/sites\/29\/2018\/09\/tool.png 594w\" sizes=\"(max-width: 300px) 100vw, 300px\" \/>\u00a0\u00a0<img loading=\"lazy\" decoding=\"async\" class=\"\" src=\"https:\/\/dockthor.lncc.br\/v2\/images\/header\/logo_teste.png\" alt=\"Resultado de imagem para dockthor\" width=\"386\" height=\"101\" \/><\/a><\/p>\n<p><a href=\"http:\/\/utfpr-ct-static-content.s3.amazonaws.com\/utfpr.curitiba.br\/wp-content\/uploads\/sites\/29\/2018\/09\/ambit.png\"><img loading=\"lazy\" decoding=\"async\" class=\"alignnone size-medium wp-image-394\" src=\"http:\/\/utfpr-ct-static-content.s3.amazonaws.com\/utfpr.curitiba.br\/wp-content\/uploads\/sites\/29\/2018\/09\/ambit-300x51.png\" alt=\"\" width=\"300\" height=\"51\" srcset=\"https:\/\/utfpr-ct-static-content.s3.amazonaws.com\/utfpr.curitiba.br\/wp-content\/uploads\/sites\/29\/2018\/09\/ambit-300x51.png 300w, https:\/\/utfpr-ct-static-content.s3.amazonaws.com\/utfpr.curitiba.br\/wp-content\/uploads\/sites\/29\/2018\/09\/ambit.png 320w\" sizes=\"(max-width: 300px) 100vw, 300px\" \/><\/a> <a href=\"http:\/\/utfpr-ct-static-content.s3.amazonaws.com\/utfpr.curitiba.br\/wp-content\/uploads\/sites\/29\/2018\/09\/lazar.png\"><img loading=\"lazy\" decoding=\"async\" class=\"alignnone size-medium wp-image-395\" src=\"http:\/\/utfpr-ct-static-content.s3.amazonaws.com\/utfpr.curitiba.br\/wp-content\/uploads\/sites\/29\/2018\/09\/lazar.png\" alt=\"\" width=\"172\" height=\"74\" \/><\/a><\/p>\n","protected":false},"excerpt":{"rendered":"<p>O laborat\u00f3rio de Qu\u00edmica Medicinal &#8211; LaQmed da UTPFR Campus Curitiba conta hoje com equipamentos para realizarem pesquisar na \u00e1rea<\/p>\n","protected":false},"author":6,"featured_media":0,"parent":0,"menu_order":0,"comment_status":"closed","ping_status":"closed","template":"","meta":{"colormag_page_container_layout":"default_layout","colormag_page_sidebar_layout":"default_layout","footnotes":""},"class_list":["post-28","page","type-page","status-publish","hentry"],"_links":{"self":[{"href":"https:\/\/utfpr.curitiba.br\/laqmed\/wp-json\/wp\/v2\/pages\/28","targetHints":{"allow":["GET"]}}],"collection":[{"href":"https:\/\/utfpr.curitiba.br\/laqmed\/wp-json\/wp\/v2\/pages"}],"about":[{"href":"https:\/\/utfpr.curitiba.br\/laqmed\/wp-json\/wp\/v2\/types\/page"}],"author":[{"embeddable":true,"href":"https:\/\/utfpr.curitiba.br\/laqmed\/wp-json\/wp\/v2\/users\/6"}],"replies":[{"embeddable":true,"href":"https:\/\/utfpr.curitiba.br\/laqmed\/wp-json\/wp\/v2\/comments?post=28"}],"version-history":[{"count":5,"href":"https:\/\/utfpr.curitiba.br\/laqmed\/wp-json\/wp\/v2\/pages\/28\/revisions"}],"predecessor-version":[{"id":401,"href":"https:\/\/utfpr.curitiba.br\/laqmed\/wp-json\/wp\/v2\/pages\/28\/revisions\/401"}],"wp:attachment":[{"href":"https:\/\/utfpr.curitiba.br\/laqmed\/wp-json\/wp\/v2\/media?parent=28"}],"curies":[{"name":"wp","href":"https:\/\/api.w.org\/{rel}","templated":true}]}}