{"id":255,"date":"2017-12-20T15:03:52","date_gmt":"2017-12-20T15:03:52","guid":{"rendered":"http:\/\/laqmed.ct.utfpr.edu.br\/?page_id=255"},"modified":"2021-04-13T19:05:35","modified_gmt":"2021-04-13T19:05:35","slug":"dr-thiago-camargo","status":"publish","type":"page","link":"https:\/\/utfpr.curitiba.br\/laqmed\/colaboradores\/dr-thiago-camargo\/","title":{"rendered":"Dr. Tiago Camargo"},"content":{"rendered":"<p><a href=\"http:\/\/utfpr-ct-static-content.s3.amazonaws.com\/utfpr.curitiba.br\/wp-content\/uploads\/sites\/29\/2017\/12\/thiago.png\"><img decoding=\"async\" class=\"alignnone  wp-image-256\" src=\"http:\/\/utfpr-ct-static-content.s3.amazonaws.com\/utfpr.curitiba.br\/wp-content\/uploads\/sites\/29\/2017\/12\/thiago.png\" alt=\"\" width=\"187\" height=\"184\" \/><\/a><\/p>\n<p>Possui gradua\u00e7\u00e3o em Qu\u00edmica pela Universidade Federal de Santa Catarina (2006), mestrado (2009) e doutorado em Qu\u00edmica pela Universidade Federal de Santa Catarina (2013). Tem experi\u00eancia na \u00e1rea de Qu\u00edmica, com \u00eanfase em Qu\u00edmica Bio-Inorg\u00e2nica, atuando principalmente nos seguintes temas: Complexos mono e binucleares como modelos biomim\u00e9ticos do s\u00edtio ativo de metaloenzimas e compostos de coordena\u00e7\u00e3o com propriedades luminescentes. Atualmente \u00e9 Professor Adjunto e Pesquisador na Universidade Tecnol\u00f3gica Federal do Paran\u00e1 &#8211; Campus Curitiba<\/p>\n<p>Contato:\u00a0<a href=\"https:\/\/daqbi.weebly.com\/\">https:\/\/daqbi.weebly.com\/<\/a><\/p>\n","protected":false},"excerpt":{"rendered":"<p>Possui gradua\u00e7\u00e3o em Qu\u00edmica pela Universidade Federal de Santa Catarina (2006), mestrado (2009) e doutorado em Qu\u00edmica pela Universidade Federal<\/p>\n","protected":false},"author":6,"featured_media":0,"parent":166,"menu_order":0,"comment_status":"closed","ping_status":"closed","template":"","meta":{"colormag_page_container_layout":"default_layout","colormag_page_sidebar_layout":"default_layout","footnotes":""},"class_list":["post-255","page","type-page","status-publish","hentry"],"_links":{"self":[{"href":"https:\/\/utfpr.curitiba.br\/laqmed\/wp-json\/wp\/v2\/pages\/255","targetHints":{"allow":["GET"]}}],"collection":[{"href":"https:\/\/utfpr.curitiba.br\/laqmed\/wp-json\/wp\/v2\/pages"}],"about":[{"href":"https:\/\/utfpr.curitiba.br\/laqmed\/wp-json\/wp\/v2\/types\/page"}],"author":[{"embeddable":true,"href":"https:\/\/utfpr.curitiba.br\/laqmed\/wp-json\/wp\/v2\/users\/6"}],"replies":[{"embeddable":true,"href":"https:\/\/utfpr.curitiba.br\/laqmed\/wp-json\/wp\/v2\/comments?post=255"}],"version-history":[{"count":4,"href":"https:\/\/utfpr.curitiba.br\/laqmed\/wp-json\/wp\/v2\/pages\/255\/revisions"}],"predecessor-version":[{"id":400,"href":"https:\/\/utfpr.curitiba.br\/laqmed\/wp-json\/wp\/v2\/pages\/255\/revisions\/400"}],"up":[{"embeddable":true,"href":"https:\/\/utfpr.curitiba.br\/laqmed\/wp-json\/wp\/v2\/pages\/166"}],"wp:attachment":[{"href":"https:\/\/utfpr.curitiba.br\/laqmed\/wp-json\/wp\/v2\/media?parent=255"}],"curies":[{"name":"wp","href":"https:\/\/api.w.org\/{rel}","templated":true}]}}