{"id":194,"date":"2017-09-01T12:06:23","date_gmt":"2017-09-01T12:06:23","guid":{"rendered":"http:\/\/laqmed.ct.utfpr.edu.br\/?page_id=194"},"modified":"2021-04-13T19:05:35","modified_gmt":"2021-04-13T19:05:35","slug":"dr-marcos-brown","status":"publish","type":"page","link":"https:\/\/utfpr.curitiba.br\/laqmed\/colaboradores\/dr-marcos-brown\/","title":{"rendered":"Dr. Marcos Brown"},"content":{"rendered":"<p><a href=\"http:\/\/utfpr-ct-static-content.s3.amazonaws.com\/utfpr.curitiba.br\/wp-content\/uploads\/sites\/29\/2017\/09\/marcos.png\"><img decoding=\"async\" class=\"alignnone  wp-image-197\" src=\"http:\/\/utfpr-ct-static-content.s3.amazonaws.com\/utfpr.curitiba.br\/wp-content\/uploads\/sites\/29\/2017\/09\/marcos.png\" alt=\"\" width=\"190\" height=\"179\" \/><\/a><\/p>\n<p>Professor da Universidade Tecnol\u00f3gica Federal do Paran\u00e1 (UTFPR) campus Curitiba, possui doutorado em F\u00edsica pelo Instituto de F\u00edsica da Universidade de S\u00e3o Paulo na \u00e1rea de F\u00edsica da Mat\u00e9ria Condensada e F\u00edsica Molecular. Possui P\u00f3s-doutorado em Biof\u00edsica Computacional pela GRS-SIM\/RWTH Aachen Alemanha. Tem experi\u00eancia na \u00e1rea de Modelagem Molecular com \u00eanfase em Biof\u00edsica Molecular, F\u00edsica da Mat\u00e9ria Condensada e Modelagem Molecular no Ensino de Ci\u00eancias.<\/p>\n<p>Contato: marcosb@utfpr.edu.br<\/p>\n<p><a href=\"http:\/\/modelagemmolecular.wix.com\/marcos\">http:\/\/modelagemmolecular.wix.com\/marcos<\/a><\/p>\n","protected":false},"excerpt":{"rendered":"<p>Professor da Universidade Tecnol\u00f3gica Federal do Paran\u00e1 (UTFPR) campus Curitiba, possui doutorado em F\u00edsica pelo Instituto de F\u00edsica da Universidade<\/p>\n","protected":false},"author":6,"featured_media":0,"parent":166,"menu_order":0,"comment_status":"closed","ping_status":"closed","template":"","meta":{"colormag_page_container_layout":"default_layout","colormag_page_sidebar_layout":"default_layout","footnotes":""},"class_list":["post-194","page","type-page","status-publish","hentry"],"_links":{"self":[{"href":"https:\/\/utfpr.curitiba.br\/laqmed\/wp-json\/wp\/v2\/pages\/194","targetHints":{"allow":["GET"]}}],"collection":[{"href":"https:\/\/utfpr.curitiba.br\/laqmed\/wp-json\/wp\/v2\/pages"}],"about":[{"href":"https:\/\/utfpr.curitiba.br\/laqmed\/wp-json\/wp\/v2\/types\/page"}],"author":[{"embeddable":true,"href":"https:\/\/utfpr.curitiba.br\/laqmed\/wp-json\/wp\/v2\/users\/6"}],"replies":[{"embeddable":true,"href":"https:\/\/utfpr.curitiba.br\/laqmed\/wp-json\/wp\/v2\/comments?post=194"}],"version-history":[{"count":4,"href":"https:\/\/utfpr.curitiba.br\/laqmed\/wp-json\/wp\/v2\/pages\/194\/revisions"}],"predecessor-version":[{"id":398,"href":"https:\/\/utfpr.curitiba.br\/laqmed\/wp-json\/wp\/v2\/pages\/194\/revisions\/398"}],"up":[{"embeddable":true,"href":"https:\/\/utfpr.curitiba.br\/laqmed\/wp-json\/wp\/v2\/pages\/166"}],"wp:attachment":[{"href":"https:\/\/utfpr.curitiba.br\/laqmed\/wp-json\/wp\/v2\/media?parent=194"}],"curies":[{"name":"wp","href":"https:\/\/api.w.org\/{rel}","templated":true}]}}