{"id":171,"date":"2017-08-23T12:44:48","date_gmt":"2017-08-23T12:44:48","guid":{"rendered":"http:\/\/laqmed.ct.utfpr.edu.br\/?page_id=171"},"modified":"2021-04-13T19:05:35","modified_gmt":"2021-04-13T19:05:35","slug":"renan-borsoi","status":"publish","type":"page","link":"https:\/\/utfpr.curitiba.br\/laqmed\/colaboradores\/renan-borsoi\/","title":{"rendered":"Dr. Renan Borsoi Campos"},"content":{"rendered":"<p><a href=\"http:\/\/utfpr-ct-static-content.s3.amazonaws.com\/utfpr.curitiba.br\/wp-content\/uploads\/sites\/29\/2017\/08\/renan.png\"><img decoding=\"async\" class=\"alignnone  wp-image-172\" src=\"http:\/\/utfpr-ct-static-content.s3.amazonaws.com\/utfpr.curitiba.br\/wp-content\/uploads\/sites\/29\/2017\/08\/renan.png\" alt=\"\" width=\"160\" height=\"189\" \/><\/a><\/p>\n<p>Possui bacharelado e licenciatura em Qu\u00edmica (2004,2005), mestrado (2007) e doutorado em F\u00edsico-Qu\u00edmica (2017) pela Universidade Federal do Paran\u00e1 (UFPR), com per\u00edodo sandu\u00edche na University of California &#8211; Davis (UCD). Atualmente \u00e9 professor efetivo da Universidade Tecnol\u00f3gica Federal do Paran\u00e1 (UTFPR), campus Curitiba e professor do Programa de P\u00f3s-Gradua\u00e7\u00e3o em Qu\u00edmica, PPGQ\/UTFPR. Tem experi\u00eancia na \u00e1rea de qu\u00edmica, com \u00eanfase em f\u00edsico-qu\u00edmica org\u00e2nica, atuando principalmente nos temas: metodologias te\u00f3rico-experimentais aplicadas \u00e0 elucida\u00e7\u00e3o de mecanismos de rea\u00e7\u00e3o; estudos de rea\u00e7\u00f5es envolvendo \u00e9steres de fosfato; avalia\u00e7\u00e3o de propriedades catal\u00edticas e reatividade de mol\u00e9culas org\u00e2nicas.<\/p>\n","protected":false},"excerpt":{"rendered":"<p>Possui bacharelado e licenciatura em Qu\u00edmica (2004,2005), mestrado (2007) e doutorado em F\u00edsico-Qu\u00edmica (2017) pela Universidade Federal do Paran\u00e1 (UFPR),<\/p>\n","protected":false},"author":6,"featured_media":0,"parent":166,"menu_order":0,"comment_status":"closed","ping_status":"closed","template":"","meta":{"colormag_page_container_layout":"default_layout","colormag_page_sidebar_layout":"default_layout","footnotes":""},"class_list":["post-171","page","type-page","status-publish","hentry"],"_links":{"self":[{"href":"https:\/\/utfpr.curitiba.br\/laqmed\/wp-json\/wp\/v2\/pages\/171","targetHints":{"allow":["GET"]}}],"collection":[{"href":"https:\/\/utfpr.curitiba.br\/laqmed\/wp-json\/wp\/v2\/pages"}],"about":[{"href":"https:\/\/utfpr.curitiba.br\/laqmed\/wp-json\/wp\/v2\/types\/page"}],"author":[{"embeddable":true,"href":"https:\/\/utfpr.curitiba.br\/laqmed\/wp-json\/wp\/v2\/users\/6"}],"replies":[{"embeddable":true,"href":"https:\/\/utfpr.curitiba.br\/laqmed\/wp-json\/wp\/v2\/comments?post=171"}],"version-history":[{"count":4,"href":"https:\/\/utfpr.curitiba.br\/laqmed\/wp-json\/wp\/v2\/pages\/171\/revisions"}],"predecessor-version":[{"id":399,"href":"https:\/\/utfpr.curitiba.br\/laqmed\/wp-json\/wp\/v2\/pages\/171\/revisions\/399"}],"up":[{"embeddable":true,"href":"https:\/\/utfpr.curitiba.br\/laqmed\/wp-json\/wp\/v2\/pages\/166"}],"wp:attachment":[{"href":"https:\/\/utfpr.curitiba.br\/laqmed\/wp-json\/wp\/v2\/media?parent=171"}],"curies":[{"name":"wp","href":"https:\/\/api.w.org\/{rel}","templated":true}]}}