{"id":133,"date":"2017-08-10T14:11:21","date_gmt":"2017-08-10T14:11:21","guid":{"rendered":"http:\/\/laqmed.ct.utfpr.edu.br\/?page_id=133"},"modified":"2021-04-13T19:05:35","modified_gmt":"2021-04-13T19:05:35","slug":"quimica-medicinal","status":"publish","type":"page","link":"https:\/\/utfpr.curitiba.br\/laqmed\/linhas-de-pesquisa\/quimica-medicinal\/","title":{"rendered":"Qu\u00edmica medicinal"},"content":{"rendered":"<p>As linhas de pesquisa em qu\u00edmica medicinal do LabQmed s\u00e3o voltadas para o:<\/p>\n<blockquote><p>Estudo e o desenvolvimento de metodologias relacionadas a modelos de QSAR (Quantitative Structure Activity Relationship) para predi\u00e7\u00e3o de compostos qu\u00edmicos relacionados a toxicologia reprodutiva.<\/p><\/blockquote>\n<p>&nbsp;<\/p>\n<blockquote><p>Estudos de modelagem molecular e docking para compreender os mecanismos f\u00edsicos-qu\u00edmicos de intera\u00e7\u00e3o de compostos qu\u00edmicos com estruturas relacionadas a atividades biol\u00f3gicas.<\/p><\/blockquote>\n","protected":false},"excerpt":{"rendered":"<p>As linhas de pesquisa em qu\u00edmica medicinal do LabQmed s\u00e3o voltadas para o: Estudo e o desenvolvimento de metodologias relacionadas<\/p>\n","protected":false},"author":6,"featured_media":0,"parent":25,"menu_order":0,"comment_status":"closed","ping_status":"closed","template":"","meta":{"colormag_page_container_layout":"default_layout","colormag_page_sidebar_layout":"default_layout","footnotes":""},"class_list":["post-133","page","type-page","status-publish","hentry"],"_links":{"self":[{"href":"https:\/\/utfpr.curitiba.br\/laqmed\/wp-json\/wp\/v2\/pages\/133","targetHints":{"allow":["GET"]}}],"collection":[{"href":"https:\/\/utfpr.curitiba.br\/laqmed\/wp-json\/wp\/v2\/pages"}],"about":[{"href":"https:\/\/utfpr.curitiba.br\/laqmed\/wp-json\/wp\/v2\/types\/page"}],"author":[{"embeddable":true,"href":"https:\/\/utfpr.curitiba.br\/laqmed\/wp-json\/wp\/v2\/users\/6"}],"replies":[{"embeddable":true,"href":"https:\/\/utfpr.curitiba.br\/laqmed\/wp-json\/wp\/v2\/comments?post=133"}],"version-history":[{"count":3,"href":"https:\/\/utfpr.curitiba.br\/laqmed\/wp-json\/wp\/v2\/pages\/133\/revisions"}],"predecessor-version":[{"id":250,"href":"https:\/\/utfpr.curitiba.br\/laqmed\/wp-json\/wp\/v2\/pages\/133\/revisions\/250"}],"up":[{"embeddable":true,"href":"https:\/\/utfpr.curitiba.br\/laqmed\/wp-json\/wp\/v2\/pages\/25"}],"wp:attachment":[{"href":"https:\/\/utfpr.curitiba.br\/laqmed\/wp-json\/wp\/v2\/media?parent=133"}],"curies":[{"name":"wp","href":"https:\/\/api.w.org\/{rel}","templated":true}]}}