{"id":94,"date":"2018-12-17T09:31:34","date_gmt":"2018-12-17T11:31:34","guid":{"rendered":"http:\/\/labtutor.ct.utfpr.edu.br\/?page_id=94"},"modified":"2018-12-17T13:46:42","modified_gmt":"2018-12-17T15:46:42","slug":"enem","status":"publish","type":"page","link":"https:\/\/utfpr.curitiba.br\/labtutor\/index.php\/enem\/","title":{"rendered":"Enem"},"content":{"rendered":"\n<p><br>Reconhecido como o maior exame educacional do pa\u00eds, o Exame Nacional do Ensino M\u00e9dio (Enem) foi criado em 1998, pelo Minist\u00e9rio da Educa\u00e7\u00e3o (MEC), com o objetivo de avaliar o desempenho do estudante ao fim da escolaridade b\u00e1sica.<\/p>\n\n\n\n<p>Atualmente, o Enem avalia o desempenho e a qualidade do ensino no pa\u00eds, sendo uma ferramenta que auxilia na mensura\u00e7\u00e3o de desempenho dos estudantes, para que assim possam ser realizadas, se necess\u00e1rio, a implementa\u00e7\u00e3o das pol\u00edticas p\u00fablicas na \u00e1rea da educa\u00e7\u00e3o. Ele tamb\u00e9m \u00e9 a principal forma de ingresso no ensino superior.<\/p>\n\n\n\n<p>\u00c9 por meio do Enem que estudantes podem participar de programas criados pelo governo federal para acesso ao ensino superior, como:<\/p>\n\n\n\n<p>&#8211; Programa Universidade para Todos (<strong><a href=\"http:\/\/labtutor.ct.utfpr.edu.br\/index.php\/sisu\/\">ProUni<\/a><\/strong>), que oferta\u00a0bolsas de estudo<strong>\u00a0<\/strong>parciais ou integrais em institui\u00e7\u00f5es particulares;<\/p>\n\n\n\n<p>&#8211; Fundo de Financiamento Estudantil (<strong><a href=\"http:\/\/labtutor.ct.utfpr.edu.br\/index.php\/fies\/\">Fies<\/a><\/strong>), que concede financiamento sem juros ou com juros baixo em faculdades particulares;<\/p>\n\n\n\n<p>&#8211; Sistema de Sele\u00e7\u00e3o Unificada (<strong><a href=\"http:\/\/labtutor.ct.utfpr.edu.br\/index.php\/sisu\/\">SiSU<\/a><\/strong>), que oferta vagas em institui\u00e7\u00f5es p\u00fablicas de ensino superior.<\/p>\n\n\n\n<p>Saiba mais sobre o Enem clicando <a href=\"https:\/\/enem.inep.gov.br\/\">aqui<\/a><\/p>\n","protected":false},"excerpt":{"rendered":"<p>Reconhecido como o maior exame educacional do pa\u00eds, o Exame Nacional do Ensino M\u00e9dio (Enem) foi criado em 1998, pelo Minist\u00e9rio da Educa\u00e7\u00e3o (MEC), com o objetivo de avaliar o desempenho do estudante ao fim da escolaridade b\u00e1sica. Atualmente, o Enem avalia o desempenho e a qualidade do ensino no pa\u00eds, sendo uma ferramenta que &hellip; <a href=\"https:\/\/utfpr.curitiba.br\/labtutor\/index.php\/enem\/\" class=\"more-link\">Continue lendo <span class=\"screen-reader-text\">Enem<\/span> <span class=\"meta-nav\">&rarr;<\/span><\/a><\/p>\n","protected":false},"author":17,"featured_media":0,"parent":0,"menu_order":0,"comment_status":"closed","ping_status":"closed","template":"","meta":{"footnotes":""},"class_list":["post-94","page","type-page","status-publish","hentry"],"_links":{"self":[{"href":"https:\/\/utfpr.curitiba.br\/labtutor\/index.php\/wp-json\/wp\/v2\/pages\/94","targetHints":{"allow":["GET"]}}],"collection":[{"href":"https:\/\/utfpr.curitiba.br\/labtutor\/index.php\/wp-json\/wp\/v2\/pages"}],"about":[{"href":"https:\/\/utfpr.curitiba.br\/labtutor\/index.php\/wp-json\/wp\/v2\/types\/page"}],"author":[{"embeddable":true,"href":"https:\/\/utfpr.curitiba.br\/labtutor\/index.php\/wp-json\/wp\/v2\/users\/17"}],"replies":[{"embeddable":true,"href":"https:\/\/utfpr.curitiba.br\/labtutor\/index.php\/wp-json\/wp\/v2\/comments?post=94"}],"version-history":[{"count":2,"href":"https:\/\/utfpr.curitiba.br\/labtutor\/index.php\/wp-json\/wp\/v2\/pages\/94\/revisions"}],"predecessor-version":[{"id":457,"href":"https:\/\/utfpr.curitiba.br\/labtutor\/index.php\/wp-json\/wp\/v2\/pages\/94\/revisions\/457"}],"wp:attachment":[{"href":"https:\/\/utfpr.curitiba.br\/labtutor\/index.php\/wp-json\/wp\/v2\/media?parent=94"}],"curies":[{"name":"wp","href":"https:\/\/api.w.org\/{rel}","templated":true}]}}