{"id":909,"date":"2020-04-20T23:54:39","date_gmt":"2020-04-21T02:54:39","guid":{"rendered":"http:\/\/labtutor.ct.utfpr.edu.br\/?page_id=909"},"modified":"2020-04-21T00:04:34","modified_gmt":"2020-04-21T03:04:34","slug":"rede-de-apoio","status":"publish","type":"page","link":"https:\/\/utfpr.curitiba.br\/labtutor\/index.php\/rede-de-apoio\/","title":{"rendered":"Rede de apoio"},"content":{"rendered":"\n<p>Em tempos de pandemia todos n\u00f3s precisamos nos adaptar. O Projeto Tutor tamb\u00e9m pode se adaptar para poder auxiliar e apoiar os alunos e professores da rede p\u00fablica, bem como toda a comunidade em geral.<\/p>\n\n\n\n<p>Anteriormente nossas a\u00e7\u00f5es eram feitas nas escolas, onde lev\u00e1vamos informa\u00e7\u00f5es sobre a universidade, suas carreiras e formas de ingresso, pois acreditamos que cada pessoa merece conhecer seus direitos.<\/p>\n\n\n\n<p>Por\u00e9m em tempos de isolamento social desejamos manter e alargar nossas rela\u00e7\u00f5es com o pr\u00f3ximo e sermos solid\u00e1rios.  Logo, sabendo que este \u00e9 um tempo de muitas dificuldades tanto em quest\u00f5es de adapta\u00e7\u00e3o, organiza\u00e7\u00e3o, isolamento e como tamb\u00e9m de outras \u00e1reas de nossas vidas que entram em quest\u00e3o desejamos auxiliar e apoiar. <\/p>\n\n\n\n<p>Conhe\u00e7a nossas <a href=\"http:\/\/labtutor.ct.utfpr.edu.br\/index.php\/talk-13-04\/\">a\u00e7\u00f5es<\/a>!<\/p>\n","protected":false},"excerpt":{"rendered":"<p>Em tempos de pandemia todos n\u00f3s precisamos nos adaptar. O Projeto Tutor tamb\u00e9m pode se adaptar para poder auxiliar e apoiar os alunos e professores da rede p\u00fablica, bem como toda a comunidade em geral. Anteriormente nossas a\u00e7\u00f5es eram feitas nas escolas, onde lev\u00e1vamos informa\u00e7\u00f5es sobre a universidade, suas carreiras e formas de ingresso, pois &hellip; <a href=\"https:\/\/utfpr.curitiba.br\/labtutor\/index.php\/rede-de-apoio\/\" class=\"more-link\">Continue lendo <span class=\"screen-reader-text\">Rede de apoio<\/span> <span class=\"meta-nav\">&rarr;<\/span><\/a><\/p>\n","protected":false},"author":17,"featured_media":0,"parent":0,"menu_order":0,"comment_status":"closed","ping_status":"closed","template":"","meta":{"footnotes":""},"class_list":["post-909","page","type-page","status-publish","hentry"],"_links":{"self":[{"href":"https:\/\/utfpr.curitiba.br\/labtutor\/index.php\/wp-json\/wp\/v2\/pages\/909","targetHints":{"allow":["GET"]}}],"collection":[{"href":"https:\/\/utfpr.curitiba.br\/labtutor\/index.php\/wp-json\/wp\/v2\/pages"}],"about":[{"href":"https:\/\/utfpr.curitiba.br\/labtutor\/index.php\/wp-json\/wp\/v2\/types\/page"}],"author":[{"embeddable":true,"href":"https:\/\/utfpr.curitiba.br\/labtutor\/index.php\/wp-json\/wp\/v2\/users\/17"}],"replies":[{"embeddable":true,"href":"https:\/\/utfpr.curitiba.br\/labtutor\/index.php\/wp-json\/wp\/v2\/comments?post=909"}],"version-history":[{"count":2,"href":"https:\/\/utfpr.curitiba.br\/labtutor\/index.php\/wp-json\/wp\/v2\/pages\/909\/revisions"}],"predecessor-version":[{"id":915,"href":"https:\/\/utfpr.curitiba.br\/labtutor\/index.php\/wp-json\/wp\/v2\/pages\/909\/revisions\/915"}],"wp:attachment":[{"href":"https:\/\/utfpr.curitiba.br\/labtutor\/index.php\/wp-json\/wp\/v2\/media?parent=909"}],"curies":[{"name":"wp","href":"https:\/\/api.w.org\/{rel}","templated":true}]}}