{"id":885,"date":"2020-04-20T22:01:17","date_gmt":"2020-04-21T01:01:17","guid":{"rendered":"http:\/\/labtutor.ct.utfpr.edu.br\/?page_id=885"},"modified":"2020-04-21T02:02:53","modified_gmt":"2020-04-21T05:02:53","slug":"tutor-e-a-escola","status":"publish","type":"page","link":"https:\/\/utfpr.curitiba.br\/labtutor\/index.php\/tutor-e-a-escola\/","title":{"rendered":"Tutor e a escola"},"content":{"rendered":"\n<p>O Projeto Tutor tem em vista  poder dar suporte e levar informa\u00e7\u00e3o \u00e0s escolas da rede p\u00fablica. Acreditamos que cada pessoa merece ter a chance de saber quais op\u00e7\u00f5es tem para que fa\u00e7a sua escolha. O Projeto tem como objetivo informar estes alunos sobre a universidade, suas carreiras e suas formas de ingresso. Para isto realizamos oficinas de orienta\u00e7\u00e3o profissional dentro das escolas. <\/p>\n\n\n\n<p>No momento esta modalidade de atividade est\u00e1 suspensa devido ao Coronav\u00edrus. <\/p>\n\n\n\n<p>Atualmente estamos atendendo alunos e professores da rede p\u00fablica municipal e estadual atrav\u00e9s de videoconfer\u00eancias. <\/p>\n\n\n\n<p>Saiba mais sobre nossas atividades remotas <em><a href=\"http:\/\/labtutor.ct.utfpr.edu.br\/index.php\/rede-de-apoio\/\">aqui!<\/a><\/em><\/p>\n\n\n\n<p>Temos tamb\u00e9m dispon\u00edveis para voc\u00eas materiais de apoio para que neste tempo de quarentena voc\u00eas possam realizar uma jornada de autoconhecimento. <a href=\"http:\/\/labtutor.ct.utfpr.edu.br\/index.php\/material-de-apoio-2\/\">Clique aqui!<\/a><\/p>\n\n\n\n<p><\/p>\n\n\n\n<p><\/p>\n","protected":false},"excerpt":{"rendered":"<p>O Projeto Tutor tem em vista poder dar suporte e levar informa\u00e7\u00e3o \u00e0s escolas da rede p\u00fablica. Acreditamos que cada pessoa merece ter a chance de saber quais op\u00e7\u00f5es tem para que fa\u00e7a sua escolha. O Projeto tem como objetivo informar estes alunos sobre a universidade, suas carreiras e suas formas de ingresso. Para isto &hellip; <a href=\"https:\/\/utfpr.curitiba.br\/labtutor\/index.php\/tutor-e-a-escola\/\" class=\"more-link\">Continue lendo <span class=\"screen-reader-text\">Tutor e a escola<\/span> <span class=\"meta-nav\">&rarr;<\/span><\/a><\/p>\n","protected":false},"author":17,"featured_media":0,"parent":0,"menu_order":0,"comment_status":"closed","ping_status":"closed","template":"","meta":{"footnotes":""},"class_list":["post-885","page","type-page","status-publish","hentry"],"_links":{"self":[{"href":"https:\/\/utfpr.curitiba.br\/labtutor\/index.php\/wp-json\/wp\/v2\/pages\/885","targetHints":{"allow":["GET"]}}],"collection":[{"href":"https:\/\/utfpr.curitiba.br\/labtutor\/index.php\/wp-json\/wp\/v2\/pages"}],"about":[{"href":"https:\/\/utfpr.curitiba.br\/labtutor\/index.php\/wp-json\/wp\/v2\/types\/page"}],"author":[{"embeddable":true,"href":"https:\/\/utfpr.curitiba.br\/labtutor\/index.php\/wp-json\/wp\/v2\/users\/17"}],"replies":[{"embeddable":true,"href":"https:\/\/utfpr.curitiba.br\/labtutor\/index.php\/wp-json\/wp\/v2\/comments?post=885"}],"version-history":[{"count":3,"href":"https:\/\/utfpr.curitiba.br\/labtutor\/index.php\/wp-json\/wp\/v2\/pages\/885\/revisions"}],"predecessor-version":[{"id":958,"href":"https:\/\/utfpr.curitiba.br\/labtutor\/index.php\/wp-json\/wp\/v2\/pages\/885\/revisions\/958"}],"wp:attachment":[{"href":"https:\/\/utfpr.curitiba.br\/labtutor\/index.php\/wp-json\/wp\/v2\/media?parent=885"}],"curies":[{"name":"wp","href":"https:\/\/api.w.org\/{rel}","templated":true}]}}