{"id":869,"date":"2020-04-13T13:56:03","date_gmt":"2020-04-13T16:56:03","guid":{"rendered":"http:\/\/labtutor.ct.utfpr.edu.br\/?page_id=869"},"modified":"2020-05-19T16:17:06","modified_gmt":"2020-05-19T19:17:06","slug":"talk-13-04","status":"publish","type":"page","link":"https:\/\/utfpr.curitiba.br\/labtutor\/index.php\/talk-13-04\/","title":{"rendered":"A\u00e7\u00f5es"},"content":{"rendered":"\n<p><\/p>\n\n\n\n<figure class=\"wp-block-image size-large\"><img fetchpriority=\"high\" decoding=\"async\" width=\"940\" height=\"788\" src=\"https:\/\/utfpr-ct-static-content.s3.amazonaws.com\/utfpr.curitiba.br\/wp-content\/uploads\/sites\/87\/2020\/05\/talk-sobre-tecnologias-digitais.png\" alt=\"\" class=\"wp-image-995\" srcset=\"https:\/\/utfpr-ct-static-content.s3.amazonaws.com\/utfpr.curitiba.br\/wp-content\/uploads\/sites\/87\/2020\/05\/talk-sobre-tecnologias-digitais.png 940w, https:\/\/utfpr-ct-static-content.s3.amazonaws.com\/utfpr.curitiba.br\/wp-content\/uploads\/sites\/87\/2020\/05\/talk-sobre-tecnologias-digitais-300x251.png 300w, https:\/\/utfpr-ct-static-content.s3.amazonaws.com\/utfpr.curitiba.br\/wp-content\/uploads\/sites\/87\/2020\/05\/talk-sobre-tecnologias-digitais-768x644.png 768w\" sizes=\"(max-width: 940px) 100vw, 940px\" \/><\/figure>\n\n\n\n<figure class=\"wp-block-image size-large\"><img decoding=\"async\" width=\"940\" height=\"788\" src=\"https:\/\/utfpr-ct-static-content.s3.amazonaws.com\/utfpr.curitiba.br\/wp-content\/uploads\/sites\/87\/2020\/05\/TALK-SOBRE-VIOL\u00caNCIA-CONTRA-A-MULHER-MARISTELA-4.png\" alt=\"\" class=\"wp-image-994\" srcset=\"https:\/\/utfpr-ct-static-content.s3.amazonaws.com\/utfpr.curitiba.br\/wp-content\/uploads\/sites\/87\/2020\/05\/TALK-SOBRE-VIOL\u00caNCIA-CONTRA-A-MULHER-MARISTELA-4.png 940w, https:\/\/utfpr-ct-static-content.s3.amazonaws.com\/utfpr.curitiba.br\/wp-content\/uploads\/sites\/87\/2020\/05\/TALK-SOBRE-VIOL\u00caNCIA-CONTRA-A-MULHER-MARISTELA-4-300x251.png 300w, https:\/\/utfpr-ct-static-content.s3.amazonaws.com\/utfpr.curitiba.br\/wp-content\/uploads\/sites\/87\/2020\/05\/TALK-SOBRE-VIOL\u00caNCIA-CONTRA-A-MULHER-MARISTELA-4-768x644.png 768w\" sizes=\"(max-width: 940px) 100vw, 940px\" \/><\/figure>\n\n\n\n<figure class=\"wp-block-image size-large\"><img decoding=\"async\" width=\"940\" height=\"788\" src=\"https:\/\/utfpr-ct-static-content.s3.amazonaws.com\/utfpr.curitiba.br\/wp-content\/uploads\/sites\/87\/2020\/05\/TALK-SOBRE-CORONAV\u00cdRUS-E-ESTADO-DE-EMERG\u00caNCIA-3.png\" alt=\"\" class=\"wp-image-993\" srcset=\"https:\/\/utfpr-ct-static-content.s3.amazonaws.com\/utfpr.curitiba.br\/wp-content\/uploads\/sites\/87\/2020\/05\/TALK-SOBRE-CORONAV\u00cdRUS-E-ESTADO-DE-EMERG\u00caNCIA-3.png 940w, https:\/\/utfpr-ct-static-content.s3.amazonaws.com\/utfpr.curitiba.br\/wp-content\/uploads\/sites\/87\/2020\/05\/TALK-SOBRE-CORONAV\u00cdRUS-E-ESTADO-DE-EMERG\u00caNCIA-3-300x251.png 300w, https:\/\/utfpr-ct-static-content.s3.amazonaws.com\/utfpr.curitiba.br\/wp-content\/uploads\/sites\/87\/2020\/05\/TALK-SOBRE-CORONAV\u00cdRUS-E-ESTADO-DE-EMERG\u00caNCIA-3-768x644.png 768w\" sizes=\"(max-width: 940px) 100vw, 940px\" \/><\/figure>\n\n\n\n<figure class=\"wp-block-image size-large\"><img loading=\"lazy\" decoding=\"async\" width=\"940\" height=\"788\" src=\"https:\/\/utfpr-ct-static-content.s3.amazonaws.com\/utfpr.curitiba.br\/wp-content\/uploads\/sites\/87\/2020\/05\/sobre-mulheres-na-engenharia-1.png\" alt=\"\" class=\"wp-image-991\" srcset=\"https:\/\/utfpr-ct-static-content.s3.amazonaws.com\/utfpr.curitiba.br\/wp-content\/uploads\/sites\/87\/2020\/05\/sobre-mulheres-na-engenharia-1.png 940w, https:\/\/utfpr-ct-static-content.s3.amazonaws.com\/utfpr.curitiba.br\/wp-content\/uploads\/sites\/87\/2020\/05\/sobre-mulheres-na-engenharia-1-300x251.png 300w, https:\/\/utfpr-ct-static-content.s3.amazonaws.com\/utfpr.curitiba.br\/wp-content\/uploads\/sites\/87\/2020\/05\/sobre-mulheres-na-engenharia-1-768x644.png 768w\" sizes=\"(max-width: 940px) 100vw, 940px\" \/><\/figure>\n\n\n\n<figure class=\"wp-block-image size-large\"><img loading=\"lazy\" decoding=\"async\" width=\"940\" height=\"788\" src=\"https:\/\/utfpr-ct-static-content.s3.amazonaws.com\/utfpr.curitiba.br\/wp-content\/uploads\/sites\/87\/2020\/05\/ressignificando-nosso-lixo.png\" alt=\"\" class=\"wp-image-989\" srcset=\"https:\/\/utfpr-ct-static-content.s3.amazonaws.com\/utfpr.curitiba.br\/wp-content\/uploads\/sites\/87\/2020\/05\/ressignificando-nosso-lixo.png 940w, https:\/\/utfpr-ct-static-content.s3.amazonaws.com\/utfpr.curitiba.br\/wp-content\/uploads\/sites\/87\/2020\/05\/ressignificando-nosso-lixo-300x251.png 300w, https:\/\/utfpr-ct-static-content.s3.amazonaws.com\/utfpr.curitiba.br\/wp-content\/uploads\/sites\/87\/2020\/05\/ressignificando-nosso-lixo-768x644.png 768w\" sizes=\"(max-width: 940px) 100vw, 940px\" \/><\/figure>\n\n\n\n<figure class=\"wp-block-image size-large\"><img loading=\"lazy\" decoding=\"async\" width=\"940\" height=\"788\" src=\"https:\/\/utfpr-ct-static-content.s3.amazonaws.com\/utfpr.curitiba.br\/wp-content\/uploads\/sites\/87\/2020\/05\/talk-sobre-mulheres-e-viol\u00eancia-de-g\u00eanero-3.png\" alt=\"\" class=\"wp-image-990\" srcset=\"https:\/\/utfpr-ct-static-content.s3.amazonaws.com\/utfpr.curitiba.br\/wp-content\/uploads\/sites\/87\/2020\/05\/talk-sobre-mulheres-e-viol\u00eancia-de-g\u00eanero-3.png 940w, https:\/\/utfpr-ct-static-content.s3.amazonaws.com\/utfpr.curitiba.br\/wp-content\/uploads\/sites\/87\/2020\/05\/talk-sobre-mulheres-e-viol\u00eancia-de-g\u00eanero-3-300x251.png 300w, https:\/\/utfpr-ct-static-content.s3.amazonaws.com\/utfpr.curitiba.br\/wp-content\/uploads\/sites\/87\/2020\/05\/talk-sobre-mulheres-e-viol\u00eancia-de-g\u00eanero-3-768x644.png 768w\" sizes=\"(max-width: 940px) 100vw, 940px\" \/><\/figure>\n\n\n\n<figure class=\"wp-block-image size-large\"><img loading=\"lazy\" decoding=\"async\" width=\"940\" height=\"788\" src=\"https:\/\/utfpr-ct-static-content.s3.amazonaws.com\/utfpr.curitiba.br\/wp-content\/uploads\/sites\/87\/2020\/05\/talk-sobre-transforma\u00e7\u00f5es-do-trabalho-1.png\" alt=\"\" class=\"wp-image-988\" srcset=\"https:\/\/utfpr-ct-static-content.s3.amazonaws.com\/utfpr.curitiba.br\/wp-content\/uploads\/sites\/87\/2020\/05\/talk-sobre-transforma\u00e7\u00f5es-do-trabalho-1.png 940w, https:\/\/utfpr-ct-static-content.s3.amazonaws.com\/utfpr.curitiba.br\/wp-content\/uploads\/sites\/87\/2020\/05\/talk-sobre-transforma\u00e7\u00f5es-do-trabalho-1-300x251.png 300w, https:\/\/utfpr-ct-static-content.s3.amazonaws.com\/utfpr.curitiba.br\/wp-content\/uploads\/sites\/87\/2020\/05\/talk-sobre-transforma\u00e7\u00f5es-do-trabalho-1-768x644.png 768w\" sizes=\"(max-width: 940px) 100vw, 940px\" \/><\/figure>\n\n\n\n<p><\/p>\n\n\n\n<figure class=\"wp-block-image\"><img loading=\"lazy\" decoding=\"async\" width=\"940\" height=\"788\" src=\"http:\/\/utfpr-ct-static-content.s3.amazonaws.com\/utfpr.curitiba.br\/wp-content\/uploads\/sites\/87\/2020\/05\/talk-com-claudia-toniotti-1.png\" alt=\"\" class=\"wp-image-971\" srcset=\"https:\/\/utfpr-ct-static-content.s3.amazonaws.com\/utfpr.curitiba.br\/wp-content\/uploads\/sites\/87\/2020\/05\/talk-com-claudia-toniotti-1.png 940w, https:\/\/utfpr-ct-static-content.s3.amazonaws.com\/utfpr.curitiba.br\/wp-content\/uploads\/sites\/87\/2020\/05\/talk-com-claudia-toniotti-1-300x251.png 300w, https:\/\/utfpr-ct-static-content.s3.amazonaws.com\/utfpr.curitiba.br\/wp-content\/uploads\/sites\/87\/2020\/05\/talk-com-claudia-toniotti-1-768x644.png 768w\" sizes=\"(max-width: 940px) 100vw, 940px\" \/><\/figure>\n\n\n\n<figure class=\"wp-block-image\"><img loading=\"lazy\" decoding=\"async\" width=\"1024\" height=\"768\" src=\"http:\/\/utfpr-ct-static-content.s3.amazonaws.com\/utfpr.curitiba.br\/wp-content\/uploads\/sites\/87\/2020\/05\/Colorido-Hexagonal-Mapa-Mental-4-1024x768.png\" alt=\"\" class=\"wp-image-970\" srcset=\"https:\/\/utfpr-ct-static-content.s3.amazonaws.com\/utfpr.curitiba.br\/wp-content\/uploads\/sites\/87\/2020\/05\/Colorido-Hexagonal-Mapa-Mental-4.png 1024w, https:\/\/utfpr-ct-static-content.s3.amazonaws.com\/utfpr.curitiba.br\/wp-content\/uploads\/sites\/87\/2020\/05\/Colorido-Hexagonal-Mapa-Mental-4-300x225.png 300w, https:\/\/utfpr-ct-static-content.s3.amazonaws.com\/utfpr.curitiba.br\/wp-content\/uploads\/sites\/87\/2020\/05\/Colorido-Hexagonal-Mapa-Mental-4-768x576.png 768w\" sizes=\"(max-width: 1024px) 100vw, 1024px\" \/><\/figure>\n\n\n\n<figure class=\"wp-block-image\"><img loading=\"lazy\" decoding=\"async\" width=\"940\" height=\"788\" src=\"http:\/\/utfpr-ct-static-content.s3.amazonaws.com\/utfpr.curitiba.br\/wp-content\/uploads\/sites\/87\/2020\/04\/live-estudantes-no-div\u00e3-2.png\" alt=\"\" class=\"wp-image-967\" srcset=\"https:\/\/utfpr-ct-static-content.s3.amazonaws.com\/utfpr.curitiba.br\/wp-content\/uploads\/sites\/87\/2020\/04\/live-estudantes-no-div\u00e3-2.png 940w, https:\/\/utfpr-ct-static-content.s3.amazonaws.com\/utfpr.curitiba.br\/wp-content\/uploads\/sites\/87\/2020\/04\/live-estudantes-no-div\u00e3-2-300x251.png 300w, https:\/\/utfpr-ct-static-content.s3.amazonaws.com\/utfpr.curitiba.br\/wp-content\/uploads\/sites\/87\/2020\/04\/live-estudantes-no-div\u00e3-2-768x644.png 768w\" sizes=\"(max-width: 940px) 100vw, 940px\" \/><\/figure>\n\n\n\n<figure class=\"wp-block-image\"><img loading=\"lazy\" decoding=\"async\" width=\"940\" height=\"788\" src=\"http:\/\/utfpr-ct-static-content.s3.amazonaws.com\/utfpr.curitiba.br\/wp-content\/uploads\/sites\/87\/2020\/04\/TALK-SOBRE-CORONAV\u00cdRUS-E-ESTADO-DE-EMERG\u00caNCIA-1.png\" alt=\"\" class=\"wp-image-963\" srcset=\"https:\/\/utfpr-ct-static-content.s3.amazonaws.com\/utfpr.curitiba.br\/wp-content\/uploads\/sites\/87\/2020\/04\/TALK-SOBRE-CORONAV\u00cdRUS-E-ESTADO-DE-EMERG\u00caNCIA-1.png 940w, https:\/\/utfpr-ct-static-content.s3.amazonaws.com\/utfpr.curitiba.br\/wp-content\/uploads\/sites\/87\/2020\/04\/TALK-SOBRE-CORONAV\u00cdRUS-E-ESTADO-DE-EMERG\u00caNCIA-1-300x251.png 300w, https:\/\/utfpr-ct-static-content.s3.amazonaws.com\/utfpr.curitiba.br\/wp-content\/uploads\/sites\/87\/2020\/04\/TALK-SOBRE-CORONAV\u00cdRUS-E-ESTADO-DE-EMERG\u00caNCIA-1-768x644.png 768w\" sizes=\"(max-width: 940px) 100vw, 940px\" \/><\/figure>\n\n\n\n<figure class=\"wp-block-image\"><img loading=\"lazy\" decoding=\"async\" width=\"940\" height=\"788\" src=\"http:\/\/utfpr-ct-static-content.s3.amazonaws.com\/utfpr.curitiba.br\/wp-content\/uploads\/sites\/87\/2020\/04\/Vamos-conversar_-4.png\" alt=\"\" class=\"wp-image-877\" srcset=\"https:\/\/utfpr-ct-static-content.s3.amazonaws.com\/utfpr.curitiba.br\/wp-content\/uploads\/sites\/87\/2020\/04\/Vamos-conversar_-4.png 940w, https:\/\/utfpr-ct-static-content.s3.amazonaws.com\/utfpr.curitiba.br\/wp-content\/uploads\/sites\/87\/2020\/04\/Vamos-conversar_-4-300x251.png 300w, https:\/\/utfpr-ct-static-content.s3.amazonaws.com\/utfpr.curitiba.br\/wp-content\/uploads\/sites\/87\/2020\/04\/Vamos-conversar_-4-768x644.png 768w\" sizes=\"(max-width: 940px) 100vw, 940px\" \/><\/figure>\n\n\n\n<figure class=\"wp-block-image\"><img loading=\"lazy\" decoding=\"async\" width=\"940\" height=\"788\" src=\"http:\/\/utfpr-ct-static-content.s3.amazonaws.com\/utfpr.curitiba.br\/wp-content\/uploads\/sites\/87\/2020\/04\/talk-1.png\" alt=\"\" class=\"wp-image-873\" srcset=\"https:\/\/utfpr-ct-static-content.s3.amazonaws.com\/utfpr.curitiba.br\/wp-content\/uploads\/sites\/87\/2020\/04\/talk-1.png 940w, https:\/\/utfpr-ct-static-content.s3.amazonaws.com\/utfpr.curitiba.br\/wp-content\/uploads\/sites\/87\/2020\/04\/talk-1-300x251.png 300w, https:\/\/utfpr-ct-static-content.s3.amazonaws.com\/utfpr.curitiba.br\/wp-content\/uploads\/sites\/87\/2020\/04\/talk-1-768x644.png 768w\" sizes=\"(max-width: 940px) 100vw, 940px\" \/><\/figure>\n\n\n\n<p><strong>Nesta quinta-feira teremos um TALK para todos os alunos! <\/strong><\/p>\n\n\n\n<p>Queremos conversar com voc\u00eas sobre estes tempos de isolamento social e darmos apoio. Neste momento precisamos ser solid\u00e1rios. <\/p>\n\n\n\n<p>Para se inscrever basta escanear o QR CODE! <\/p>\n\n\n\n<p>Esperamos por voc\u00eas!<\/p>\n\n\n\n<figure class=\"wp-block-image\"><img loading=\"lazy\" decoding=\"async\" width=\"940\" height=\"788\" src=\"http:\/\/utfpr-ct-static-content.s3.amazonaws.com\/utfpr.curitiba.br\/wp-content\/uploads\/sites\/87\/2020\/04\/WhatsApp-Image-2020-04-13-at-11.39.32.jpeg\" alt=\"\" class=\"wp-image-870\" srcset=\"https:\/\/utfpr-ct-static-content.s3.amazonaws.com\/utfpr.curitiba.br\/wp-content\/uploads\/sites\/87\/2020\/04\/WhatsApp-Image-2020-04-13-at-11.39.32.jpeg 940w, https:\/\/utfpr-ct-static-content.s3.amazonaws.com\/utfpr.curitiba.br\/wp-content\/uploads\/sites\/87\/2020\/04\/WhatsApp-Image-2020-04-13-at-11.39.32-300x251.jpeg 300w, https:\/\/utfpr-ct-static-content.s3.amazonaws.com\/utfpr.curitiba.br\/wp-content\/uploads\/sites\/87\/2020\/04\/WhatsApp-Image-2020-04-13-at-11.39.32-768x644.jpeg 768w\" sizes=\"(max-width: 940px) 100vw, 940px\" \/><\/figure>\n\n\n\n<p>Nesta segunda-feira ( 13\/04) a Professora Dra. Maria Sara ir\u00e1 fazer um Talk.<\/p>\n\n\n\n<p>Queremos convidar voc\u00ea, professor da rede p\u00fablica, a estar participando conosco.<\/p>\n\n\n\n<p>Em tempos como estes, o ser humano precisou trabalhar em home office mas sem preparo algum ! \u00c9 preciso abrir espa\u00e7o para voc\u00ea tamb\u00e9m contar sua hist\u00f3ria!<\/p>\n\n\n\n<p>Voc\u00ea pode fazer sua incri\u00e7\u00e3o atrav\u00e9s do link: https:\/\/forms.gle\/C9cuMMvcwevCDJk7A<\/p>\n\n\n\n<p>Link para participar do TALK atrav\u00e9s da plataforma Google Hangouts.<br>\nhttps:\/\/hangouts.google.com\/call\/JFjjtFlyKK0L1JofHGV2AEEE<br>\nContamos com voc\u00ea!<\/p>\n","protected":false},"excerpt":{"rendered":"<p>Nesta quinta-feira teremos um TALK para todos os alunos! Queremos conversar com voc\u00eas sobre estes tempos de isolamento social e darmos apoio. Neste momento precisamos ser solid\u00e1rios. Para se inscrever basta escanear o QR CODE! Esperamos por voc\u00eas! Nesta segunda-feira ( 13\/04) a Professora Dra. Maria Sara ir\u00e1 fazer um Talk. Queremos convidar voc\u00ea, professor &hellip; <a href=\"https:\/\/utfpr.curitiba.br\/labtutor\/index.php\/talk-13-04\/\" class=\"more-link\">Continue lendo <span class=\"screen-reader-text\">A\u00e7\u00f5es<\/span> <span class=\"meta-nav\">&rarr;<\/span><\/a><\/p>\n","protected":false},"author":17,"featured_media":0,"parent":0,"menu_order":0,"comment_status":"closed","ping_status":"closed","template":"","meta":{"footnotes":""},"class_list":["post-869","page","type-page","status-publish","hentry"],"_links":{"self":[{"href":"https:\/\/utfpr.curitiba.br\/labtutor\/index.php\/wp-json\/wp\/v2\/pages\/869","targetHints":{"allow":["GET"]}}],"collection":[{"href":"https:\/\/utfpr.curitiba.br\/labtutor\/index.php\/wp-json\/wp\/v2\/pages"}],"about":[{"href":"https:\/\/utfpr.curitiba.br\/labtutor\/index.php\/wp-json\/wp\/v2\/types\/page"}],"author":[{"embeddable":true,"href":"https:\/\/utfpr.curitiba.br\/labtutor\/index.php\/wp-json\/wp\/v2\/users\/17"}],"replies":[{"embeddable":true,"href":"https:\/\/utfpr.curitiba.br\/labtutor\/index.php\/wp-json\/wp\/v2\/comments?post=869"}],"version-history":[{"count":10,"href":"https:\/\/utfpr.curitiba.br\/labtutor\/index.php\/wp-json\/wp\/v2\/pages\/869\/revisions"}],"predecessor-version":[{"id":996,"href":"https:\/\/utfpr.curitiba.br\/labtutor\/index.php\/wp-json\/wp\/v2\/pages\/869\/revisions\/996"}],"wp:attachment":[{"href":"https:\/\/utfpr.curitiba.br\/labtutor\/index.php\/wp-json\/wp\/v2\/media?parent=869"}],"curies":[{"name":"wp","href":"https:\/\/api.w.org\/{rel}","templated":true}]}}