{"id":849,"date":"2020-04-03T09:56:16","date_gmt":"2020-04-03T12:56:16","guid":{"rendered":"http:\/\/labtutor.ct.utfpr.edu.br\/?page_id=849"},"modified":"2020-04-03T10:02:17","modified_gmt":"2020-04-03T13:02:17","slug":"material-de-apoio-2","status":"publish","type":"page","link":"https:\/\/utfpr.curitiba.br\/labtutor\/index.php\/material-de-apoio-2\/","title":{"rendered":"Material de apoio"},"content":{"rendered":"\n<p>Nesta se\u00e7\u00e3o do nosso site voc\u00ea encontrar\u00e1 <a href=\"http:\/\/labtutor.ct.utfpr.edu.br\/index.php\/material-de-apoio\/\">testes sobre orienta\u00e7\u00e3o profissional e planejamento de carreira <\/a>de institui\u00e7\u00f5es e profissionais renomados na \u00e1rea da psicologia, que abordam este tema. Al\u00e9m disso, poder\u00e1 ter acesso a<a href=\"http:\/\/labtutor.ct.utfpr.edu.br\/index.php\/textos\/\"> artigos e outras informa\u00e7\u00f5es desta \u00e1rea de estudo. <\/a><\/p>\n","protected":false},"excerpt":{"rendered":"<p>Nesta se\u00e7\u00e3o do nosso site voc\u00ea encontrar\u00e1 testes sobre orienta\u00e7\u00e3o profissional e planejamento de carreira de institui\u00e7\u00f5es e profissionais renomados na \u00e1rea da psicologia, que abordam este tema. Al\u00e9m disso, poder\u00e1 ter acesso a artigos e outras informa\u00e7\u00f5es desta \u00e1rea de estudo.<\/p>\n","protected":false},"author":17,"featured_media":787,"parent":0,"menu_order":0,"comment_status":"closed","ping_status":"closed","template":"","meta":{"footnotes":""},"class_list":["post-849","page","type-page","status-publish","has-post-thumbnail","hentry"],"_links":{"self":[{"href":"https:\/\/utfpr.curitiba.br\/labtutor\/index.php\/wp-json\/wp\/v2\/pages\/849","targetHints":{"allow":["GET"]}}],"collection":[{"href":"https:\/\/utfpr.curitiba.br\/labtutor\/index.php\/wp-json\/wp\/v2\/pages"}],"about":[{"href":"https:\/\/utfpr.curitiba.br\/labtutor\/index.php\/wp-json\/wp\/v2\/types\/page"}],"author":[{"embeddable":true,"href":"https:\/\/utfpr.curitiba.br\/labtutor\/index.php\/wp-json\/wp\/v2\/users\/17"}],"replies":[{"embeddable":true,"href":"https:\/\/utfpr.curitiba.br\/labtutor\/index.php\/wp-json\/wp\/v2\/comments?post=849"}],"version-history":[{"count":2,"href":"https:\/\/utfpr.curitiba.br\/labtutor\/index.php\/wp-json\/wp\/v2\/pages\/849\/revisions"}],"predecessor-version":[{"id":852,"href":"https:\/\/utfpr.curitiba.br\/labtutor\/index.php\/wp-json\/wp\/v2\/pages\/849\/revisions\/852"}],"wp:featuredmedia":[{"embeddable":true,"href":"https:\/\/utfpr.curitiba.br\/labtutor\/index.php\/wp-json\/wp\/v2\/media\/787"}],"wp:attachment":[{"href":"https:\/\/utfpr.curitiba.br\/labtutor\/index.php\/wp-json\/wp\/v2\/media?parent=849"}],"curies":[{"name":"wp","href":"https:\/\/api.w.org\/{rel}","templated":true}]}}