{"id":774,"date":"2020-03-19T20:24:59","date_gmt":"2020-03-19T23:24:59","guid":{"rendered":"http:\/\/labtutor.ct.utfpr.edu.br\/?page_id=774"},"modified":"2020-07-27T21:29:23","modified_gmt":"2020-07-28T00:29:23","slug":"youtube","status":"publish","type":"page","link":"https:\/\/utfpr.curitiba.br\/labtutor\/index.php\/youtube\/","title":{"rendered":"YouTube"},"content":{"rendered":"\n<p>Lista de v\u00eddeos do grupo de leituras de Vygotsky<\/p>\n\n\n\n<figure class=\"wp-block-embed-youtube wp-block-embed is-type-video is-provider-youtube wp-embed-aspect-16-9 wp-has-aspect-ratio\"><div class=\"wp-block-embed__wrapper\">\n<iframe title=\"GRUPO DE LEITURAS VYGOTSKY 2020\" width=\"474\" height=\"267\" src=\"https:\/\/www.youtube.com\/embed\/videoseries?list=PLMCos50ezB0x8jJ1Bd6JJkufNsZBdqcbu\" frameborder=\"0\" allow=\"accelerometer; autoplay; clipboard-write; encrypted-media; gyroscope; picture-in-picture; web-share\" referrerpolicy=\"strict-origin-when-cross-origin\" allowfullscreen><\/iframe>\n<\/div><\/figure>\n\n\n\n<p><\/p>\n\n\n\n<p><\/p>\n\n\n\n<p>Aqui est\u00e3o aulas da professora Maria Sara e palestras realizadas atrav\u00e9s do projeto TUTOR.<\/p>\n\n\n\n<figure class=\"wp-block-embed-youtube wp-block-embed is-type-video is-provider-youtube wp-embed-aspect-16-9 wp-has-aspect-ratio\"><div class=\"wp-block-embed__wrapper\">\n<iframe title=\"Ciclo de Palestras NUEVO 2020: A Loucura do Capitalismo e a Sa\u00fade Mental na Pandemia.\" width=\"474\" height=\"267\" src=\"https:\/\/www.youtube.com\/embed\/jlogK_bU7WE?start=14&#038;feature=oembed\" frameborder=\"0\" allow=\"accelerometer; autoplay; clipboard-write; encrypted-media; gyroscope; picture-in-picture; web-share\" referrerpolicy=\"strict-origin-when-cross-origin\" allowfullscreen><\/iframe>\n<\/div><\/figure>\n\n\n\n<figure class=\"wp-block-embed-youtube wp-block-embed is-type-video is-provider-youtube wp-embed-aspect-4-3 wp-has-aspect-ratio\"><div class=\"wp-block-embed__wrapper\">\n<iframe title=\"Aula Introdut\u00f3ria PLC\" width=\"474\" height=\"356\" src=\"https:\/\/www.youtube.com\/embed\/bbK46qUzsGA?list=PLptTPYWnI7mMH4sUNBwOF0elT-ZcRUSKV\" frameborder=\"0\" allow=\"accelerometer; autoplay; clipboard-write; encrypted-media; gyroscope; picture-in-picture; web-share\" referrerpolicy=\"strict-origin-when-cross-origin\" allowfullscreen><\/iframe>\n<\/div><\/figure>\n\n\n\n<figure class=\"wp-block-embed-youtube wp-block-embed is-type-video is-provider-youtube wp-embed-aspect-4-3 wp-has-aspect-ratio\"><div class=\"wp-block-embed__wrapper\">\n<iframe title=\"Aula - Tomada de Decis\u00e3o\" width=\"474\" height=\"267\" src=\"https:\/\/www.youtube.com\/embed\/7WfOpXPFsJ8?list=PLptTPYWnI7mMH4sUNBwOF0elT-ZcRUSKV\" frameborder=\"0\" allow=\"accelerometer; autoplay; clipboard-write; encrypted-media; gyroscope; picture-in-picture; web-share\" referrerpolicy=\"strict-origin-when-cross-origin\" allowfullscreen><\/iframe>\n<\/div><\/figure>\n\n\n\n<figure class=\"wp-block-embed-youtube wp-block-embed is-type-video is-provider-youtube wp-embed-aspect-4-3 wp-has-aspect-ratio\"><div class=\"wp-block-embed__wrapper\">\n<iframe title=\"Aula - A escolha e o projeto familiar.\" width=\"474\" height=\"267\" src=\"https:\/\/www.youtube.com\/embed\/WIMJ7k5UPQQ?list=PLptTPYWnI7mMH4sUNBwOF0elT-ZcRUSKV\" frameborder=\"0\" allow=\"accelerometer; autoplay; clipboard-write; encrypted-media; gyroscope; picture-in-picture; web-share\" referrerpolicy=\"strict-origin-when-cross-origin\" allowfullscreen><\/iframe>\n<\/div><\/figure>\n\n\n\n<figure class=\"wp-block-embed-youtube wp-block-embed is-type-video is-provider-youtube wp-embed-aspect-4-3 wp-has-aspect-ratio\"><div class=\"wp-block-embed__wrapper\">\n<iframe title=\"Aula : A diferen\u00e7a entre conhecimento e compet\u00eancia.\" width=\"474\" height=\"267\" src=\"https:\/\/www.youtube.com\/embed\/SKTz_GFre1w?list=PLptTPYWnI7mMH4sUNBwOF0elT-ZcRUSKV\" frameborder=\"0\" allow=\"accelerometer; autoplay; clipboard-write; encrypted-media; gyroscope; picture-in-picture; web-share\" referrerpolicy=\"strict-origin-when-cross-origin\" allowfullscreen><\/iframe>\n<\/div><\/figure>\n\n\n\n<figure class=\"wp-block-embed-youtube wp-block-embed is-type-video is-provider-youtube wp-embed-aspect-16-9 wp-has-aspect-ratio\"><div class=\"wp-block-embed__wrapper\">\n<iframe title=\"Aula- Sobre o significado da palavra trabalho\" width=\"474\" height=\"267\" src=\"https:\/\/www.youtube.com\/embed\/AMpTCfGqCdc?list=PLptTPYWnI7mMH4sUNBwOF0elT-ZcRUSKV\" frameborder=\"0\" allow=\"accelerometer; autoplay; clipboard-write; encrypted-media; gyroscope; picture-in-picture; web-share\" referrerpolicy=\"strict-origin-when-cross-origin\" allowfullscreen><\/iframe>\n<\/div><figcaption><br>Professora Maria Sara fala sobre a introdu\u00e7\u00e3o \u00e0 disciplina Planejamento de Carreira.<br><\/figcaption><\/figure>\n","protected":false},"excerpt":{"rendered":"<p>Lista de v\u00eddeos do grupo de leituras de Vygotsky Aqui est\u00e3o aulas da professora Maria Sara e palestras realizadas atrav\u00e9s do projeto TUTOR.<\/p>\n","protected":false},"author":17,"featured_media":777,"parent":0,"menu_order":0,"comment_status":"closed","ping_status":"closed","template":"","meta":{"footnotes":""},"class_list":["post-774","page","type-page","status-publish","has-post-thumbnail","hentry"],"_links":{"self":[{"href":"https:\/\/utfpr.curitiba.br\/labtutor\/index.php\/wp-json\/wp\/v2\/pages\/774","targetHints":{"allow":["GET"]}}],"collection":[{"href":"https:\/\/utfpr.curitiba.br\/labtutor\/index.php\/wp-json\/wp\/v2\/pages"}],"about":[{"href":"https:\/\/utfpr.curitiba.br\/labtutor\/index.php\/wp-json\/wp\/v2\/types\/page"}],"author":[{"embeddable":true,"href":"https:\/\/utfpr.curitiba.br\/labtutor\/index.php\/wp-json\/wp\/v2\/users\/17"}],"replies":[{"embeddable":true,"href":"https:\/\/utfpr.curitiba.br\/labtutor\/index.php\/wp-json\/wp\/v2\/comments?post=774"}],"version-history":[{"count":10,"href":"https:\/\/utfpr.curitiba.br\/labtutor\/index.php\/wp-json\/wp\/v2\/pages\/774\/revisions"}],"predecessor-version":[{"id":1089,"href":"https:\/\/utfpr.curitiba.br\/labtutor\/index.php\/wp-json\/wp\/v2\/pages\/774\/revisions\/1089"}],"wp:featuredmedia":[{"embeddable":true,"href":"https:\/\/utfpr.curitiba.br\/labtutor\/index.php\/wp-json\/wp\/v2\/media\/777"}],"wp:attachment":[{"href":"https:\/\/utfpr.curitiba.br\/labtutor\/index.php\/wp-json\/wp\/v2\/media?parent=774"}],"curies":[{"name":"wp","href":"https:\/\/api.w.org\/{rel}","templated":true}]}}