{"id":47,"date":"2018-11-07T10:00:23","date_gmt":"2018-11-07T12:00:23","guid":{"rendered":"http:\/\/labtutor.ct.utfpr.edu.br\/?page_id=47"},"modified":"2020-04-20T23:42:32","modified_gmt":"2020-04-21T02:42:32","slug":"objetivos","status":"publish","type":"page","link":"https:\/\/utfpr.curitiba.br\/labtutor\/index.php\/objetivos\/","title":{"rendered":"Sobre o projeto"},"content":{"rendered":"<div class=\"UtePc RCETm yxgWrb\" dir=\"ltr\" role=\"main\" aria-hidden=\"false\">\n<section id=\"h.p_Y-SO22flJkdB\" class=\"yaqOZd qeLZfd\">\n<div class=\"mYVXT\">\n<div class=\"LS81yb VICjCf\" tabindex=\"-1\">\n<div class=\"hJDwNd-AhqUyc-uQSCkd purZT-AhqUyc-II5mzb pSzOP-AhqUyc-qWD73c JNdkSc\">\n<div class=\"oKdM2c\">\n<div id=\"h.p_Yods2_TkJhEl\" class=\"hJDwNd-AhqUyc-uQSCkd jXK9ad D2fZ2 OjCsFc wHaque GNzUNc\">\n<div class=\"jXK9ad-SmKAyb jXK9ad-SmKAyb-c4YZDc\">\n<div class=\"tyJCtd mGzaTb baZpAe\">\n<h2 style=\"text-align: center;\"><span style=\"color: #000000;\"><strong>QUEM SOMOS?<\/strong><\/span><\/h2>\n<hr>\n<p>Na rela\u00e7\u00e3o entre a educa\u00e7\u00e3o universit\u00e1ria e forma\u00e7\u00e3o profissional, o projeto TUTOR pretende estudar a constitui\u00e7\u00e3o da subjetividade em diferentes momentos da vida escolar e apoiar os alunos enquanto sujeitos hist\u00f3ricos que emergem no paradigma da educa\u00e7\u00e3o para o trabalho em sua escolha profissional, bem como analisar as trajet\u00f3rias dos sujeitos qualificados para o trabalho.<\/p>\n<p>As escolhas dos alunos, tanto do curso para o qual ele ir\u00e1 ingressar na universidade quanto da profiss\u00e3o que ir\u00e1 exercer ap\u00f3s sua forma\u00e7\u00e3o ter\u00e3o grande influ\u00eancia na sua vida profissional e pessoal. Para realizar tais escolhas os alunos nem sempre est\u00e3o cientes de suas afinidades com a profiss\u00e3o, ou carreira, que est\u00e1 sendo preparado para exercer. As escolhas profissionais no mundo contempor\u00e2neo est\u00e3o extremamente complexas e repercutem em ansiedades.<\/p>\n<p>O resultado disso pode ser o elevado \u00edndice de evas\u00e3o e abandono das gradua\u00e7\u00f5es. Ou ainda um profissional frustrado com sua carreira, pois escolheu uma forma\u00e7\u00e3o profissional sem o conhecimento de si e do mundo do trabalho.<\/p>\n<p>Com estas quest\u00f5es da rela\u00e7\u00e3o entre o mundo acad\u00eamico e o mundo do trabalho surgiu o projeto de extens\u00e3o TUTOR- Tecnologia, Universidade, Trabalho e Orienta\u00e7\u00e3o: um laborat\u00f3rio localizado nas depend\u00eancias da Universidade Tecnol\u00f3gica Federal do Paran\u00e1 (UTFPR). Formado por um grupo de alunos e professores dedicados a desenvolver: palestras, minicursos, workshops e materiais did\u00e1ticos voltados \u00e0 orienta\u00e7\u00e3o de alunos do ensino m\u00e9dio e superior bem como futuros ingressantes no ambiente acad\u00eamico.<\/p>\n<hr>\n<h2 style=\"text-align: center;\"><span style=\"color: #000000;\"><strong>OBJETIVOS<\/strong><\/span><\/h2>\n<h4 style=\"text-align: left;\">Geral<\/h4>\n<p id=\"h.p_uGGCqXu5fwE7\" class=\"zfr3Q\">Realizar a\u00e7\u00f5es de cunho pedag\u00f3gico e de orienta\u00e7\u00e3o profissional atrav\u00e9s da analise das situa\u00e7\u00f5es sociais, hist\u00f3ricas e culturais que envolvem elementos da escolha profissional<\/p>\n<h4 class=\"zfr3Q\">Espec\u00edficos<\/h4>\n<ul class=\"n8H08c UVNKR\">\n<li id=\"h.p_csumzBoYJhyp\" class=\"zfr3Q TYR86d\">Investigar a situa\u00e7\u00e3o da escolha profissional e da evas\u00e3o dentro e fora da UTFPR;<\/li>\n<li id=\"h.p_RQNFTHObJhy5\" class=\"zfr3Q TYR86d\">Analisar os efeitos produzidos pelas interven\u00e7\u00f5es de orienta\u00e7\u00e3o educativa e profissional;<\/li>\n<li id=\"h.p_l1eUC1CQJhzJ\" class=\"zfr3Q TYR86d\">Produzir artigos cient\u00edficos sobre as pesquisas realizadas, como resultado das interven\u00e7\u00f5es.<\/li>\n<\/ul>\n<hr>\n<\/div>\n<h2 style=\"text-align: center;\"><span style=\"color: #000000;\"><strong>METODOLOGIA<\/strong><\/span><\/h2>\n<p id=\"h.p_YjhVAU57JtmG\" class=\"zfr3Q YzcKX\">Triangula\u00e7\u00e3o metodol\u00f3gica: valendo-se de m\u00faltiplos m\u00e9todos para o estudo, observa\u00e7\u00f5es do campo, question\u00e1rios, entrevistas e grava\u00e7\u00f5es.<\/p>\n<p id=\"h.p_mWD9LbAc2Cqy\" class=\"zfr3Q YzcKX\">A triangula\u00e7\u00e3o dos investigadores participando como orientadores do grupo e avaliadores dos dados coletados possibilitar\u00e3o a triangula\u00e7\u00e3o te\u00f3rica da orienta\u00e7\u00e3o educativa e profissional em diferentes \u00e1reas do saber.<\/p>\n<p id=\"h.p_n5v9XGpr2GtJ\" class=\"zfr3Q YzcKX\">A aplica\u00e7\u00e3o de a\u00e7\u00f5es com a popula\u00e7\u00e3o do projeto que ser\u00e3o realizadas em tr\u00eas n\u00edveis:<\/p>\n<p id=\"h.p_mhFb0XCB2OiN\" class=\"zfr3Q YzcKX\">a) em n\u00edvel de sistema de ensino, onde se fixam as pol\u00edticas de orienta\u00e7\u00e3o, ou seja, no ensino&nbsp;<a href=\"https:\/\/docs.google.com\/forms\/d\/e\/1FAIpQLSf8RKCDOXNbfEsaK1-6QYseWgLc2AluMwiFbiuecGvqwvDh0A\/viewform\">m\u00e9dio<\/a>&nbsp;e no ensino&nbsp;<a href=\"https:\/\/docs.google.com\/forms\/d\/e\/1FAIpQLSeIKDRUjdGRha66Z6vsC3oUyS08DmKzJz7cq-OlURlgs9vEuA\/viewform\">superior.<\/a><\/p>\n<p id=\"h.p_juJIr-ve2Rlx\" class=\"zfr3Q YzcKX\">b) em n\u00edvel de servi\u00e7os onde se levam a cabo essas pol\u00edticas, contribuindo na elabora\u00e7\u00e3o de um portal de atendimento aos alunos internos e externos \u00e0 UTFPR, como<a href=\"https:\/\/docs.google.com\/forms\/d\/e\/1FAIpQLSf86QCRMobEZEFRhV38R__rppLASSAOeOgA7iaOyO4Yy2xPuw\/viewform\">&nbsp;institui\u00e7\u00e3o de ensino<\/a>.<\/p>\n<p id=\"h.p_5s0uJ8n62T55\" class=\"zfr3Q YzcKX\">c) em n\u00edvel de comunidade, envolvendo todos os receptores da pol\u00edtica educativa na metodologia da orienta\u00e7\u00e3o profissional e de carreiras.<\/p>\n<\/div>\n<\/div>\n<\/div>\n<\/div>\n<\/div>\n<\/div>\n<\/section>\n<\/div>\n","protected":false},"excerpt":{"rendered":"<p>QUEM SOMOS? Na rela\u00e7\u00e3o entre a educa\u00e7\u00e3o universit\u00e1ria e forma\u00e7\u00e3o profissional, o projeto TUTOR pretende estudar a constitui\u00e7\u00e3o da subjetividade em diferentes momentos da vida escolar e apoiar os alunos enquanto sujeitos hist\u00f3ricos que emergem no paradigma da educa\u00e7\u00e3o para o trabalho em sua escolha profissional, bem como analisar as trajet\u00f3rias dos sujeitos qualificados para &hellip; <a href=\"https:\/\/utfpr.curitiba.br\/labtutor\/index.php\/objetivos\/\" class=\"more-link\">Continue lendo <span class=\"screen-reader-text\">Sobre o projeto<\/span> <span class=\"meta-nav\">&rarr;<\/span><\/a><\/p>\n","protected":false},"author":17,"featured_media":0,"parent":0,"menu_order":0,"comment_status":"closed","ping_status":"closed","template":"","meta":{"footnotes":""},"class_list":["post-47","page","type-page","status-publish","hentry"],"_links":{"self":[{"href":"https:\/\/utfpr.curitiba.br\/labtutor\/index.php\/wp-json\/wp\/v2\/pages\/47","targetHints":{"allow":["GET"]}}],"collection":[{"href":"https:\/\/utfpr.curitiba.br\/labtutor\/index.php\/wp-json\/wp\/v2\/pages"}],"about":[{"href":"https:\/\/utfpr.curitiba.br\/labtutor\/index.php\/wp-json\/wp\/v2\/types\/page"}],"author":[{"embeddable":true,"href":"https:\/\/utfpr.curitiba.br\/labtutor\/index.php\/wp-json\/wp\/v2\/users\/17"}],"replies":[{"embeddable":true,"href":"https:\/\/utfpr.curitiba.br\/labtutor\/index.php\/wp-json\/wp\/v2\/comments?post=47"}],"version-history":[{"count":4,"href":"https:\/\/utfpr.curitiba.br\/labtutor\/index.php\/wp-json\/wp\/v2\/pages\/47\/revisions"}],"predecessor-version":[{"id":907,"href":"https:\/\/utfpr.curitiba.br\/labtutor\/index.php\/wp-json\/wp\/v2\/pages\/47\/revisions\/907"}],"wp:attachment":[{"href":"https:\/\/utfpr.curitiba.br\/labtutor\/index.php\/wp-json\/wp\/v2\/media?parent=47"}],"curies":[{"name":"wp","href":"https:\/\/api.w.org\/{rel}","templated":true}]}}