{"id":437,"date":"2018-12-17T09:44:03","date_gmt":"2018-12-17T11:44:03","guid":{"rendered":"http:\/\/labtutor.ct.utfpr.edu.br\/?page_id=437"},"modified":"2018-12-17T09:44:04","modified_gmt":"2018-12-17T11:44:04","slug":"fies","status":"publish","type":"page","link":"https:\/\/utfpr.curitiba.br\/labtutor\/index.php\/fies\/","title":{"rendered":"FIES"},"content":{"rendered":"\n<p>O Fundo de Financiamento Estudantil (FIES) foi criado em 1999 pelo Minist\u00e9rio da Educa\u00e7\u00e3o (MEC), tendo como objetivo subsidiar as mensalidades em cursos de gradua\u00e7\u00e3o para estudantes que estejam regularmente matriculados em institui\u00e7\u00f5es privadas de educa\u00e7\u00e3o superior. A inten\u00e7\u00e3o \u00e9 beneficiar prioritariamente estudantes de baixa renda.<\/p>\n\n\n\n<p>Al\u00e9m de praticar taxas de juros e encargos abaixo do que \u00e9 cobrado no mercado, o FIES permite aos estudantes pagar as mensalidades financiadas ap\u00f3s o final do curso. Conforme o caso, as presta\u00e7\u00f5es n\u00e3o podem comprometer mais que 10% da renda familiar.<\/p>\n\n\n\n<h4 class=\"wp-block-heading\"><strong>Quem pode se inscrever no FIES<\/strong><\/h4>\n\n\n\n<p>Para se inscrever no FIES, o estudante deve ter realizado as provas do Exame Nacional do Ensino M\u00e9dio (Enem), em edi\u00e7\u00f5es a partir de 2010, com\u00a0m\u00e9dia m\u00ednima de 450 pontos, sem ter zerado a reda\u00e7\u00e3o. Al\u00e9m disso, o candidato deve comprovar\u00a0renda familiar de at\u00e9 3 ou 5 sal\u00e1rios-m\u00ednimos, conforme a categoria em que se enquadrar.<\/p>\n\n\n\n<p>O estudante que deseja pleitear o FIES dever\u00e1, ainda, ter conclu\u00eddo o ensino m\u00e9dio e n\u00e3o pode ter terminado uma faculdade. A institui\u00e7\u00e3o de oferta do curso deve estar cadastrada junto ao programa e o curso precisa ter conceito positivo na avalia\u00e7\u00e3o do MEC.<\/p>\n\n\n\n<h2 class=\"wp-block-heading\"><strong>Modalidades FIES<\/strong><\/h2>\n\n\n\n<p>No final de 2017, o Governo anunciou algumas altera\u00e7\u00f5es no FIES, entre elas a cria\u00e7\u00e3o de duas faixas do programa: FIES e P-FIES. Apesar de manter algumas caracter\u00edsticas, a renda familiar e os juros cobrados variam conforme a categoria.<\/p>\n\n\n\n<p><strong>FIES<\/strong><br>&#8211; Juros zero com corre\u00e7\u00e3o da infla\u00e7\u00e3o<br>&#8211; Fonte de recurso: Tesouro Nacional<br>&#8211; Presta\u00e7\u00f5es m\u00e1xima de 10% da renda familiar<br>&#8211; Renda familiar mensal de at\u00e9 tr\u00eas sal\u00e1rios m\u00ednimos por pessoa<\/p>\n\n\n\n<p><strong>P-FIES<\/strong><br>&#8211; Juros de acordo com o banco em que o financiamento for fechado<br>&#8211; Fonte de recurso: Fundos Constitucionais e de Desenvolvimento<br>&#8211; Renda familiar mensal de at\u00e9 cinco sal\u00e1rios m\u00ednimos por pessoa<\/p>\n\n\n\n<h4 class=\"wp-block-heading\"><strong>Inscri\u00e7\u00f5es e sele\u00e7\u00e3o<\/strong><\/h4>\n\n\n\n<p>O processo seletivo do FIES \u00e9 realizado, geralmente, duas vezes ao ano, em fevereiro e julho, logo ap\u00f3s as inscri\u00e7\u00f5es para o Programa Universidade para Todos (ProUni). Todo o procedimento de inscri\u00e7\u00e3o \u00e9 feito pela internet,\u00a0no site do FIES. O primordial no FIES \u00e9 o desempenho no Enem, sendo a nota da reda\u00e7\u00e3o o primeiro crit\u00e9rio de desempate.<\/p>\n\n\n\n<p>Como o FIES visa atender os estudantes com situa\u00e7\u00e3o econ\u00f4mica menos privilegiada, o m\u00e9todo adotado leva em considera\u00e7\u00e3o tamb\u00e9m a renda declarada, considerando se o estudante realmente n\u00e3o possui condi\u00e7\u00f5es para assumir as despesas de um curso de gradua\u00e7\u00e3o.<\/p>\n\n\n\n<p>Ap\u00f3s a divulga\u00e7\u00e3o do resultado, o candidato selecionado deve finalizar a inscri\u00e7\u00e3o no SisFIES e validar o contrato junto \u00e0 Comiss\u00e3o Permanente de Supervis\u00e3o e Acompanhamento (CPSA), na institui\u00e7\u00e3o que oferece o curso de gradua\u00e7\u00e3o, e ao agente financeiro para formalizar o financiamento.<\/p>\n\n\n\n<h4 class=\"wp-block-heading\"><strong>Pagamento FIES<\/strong><\/h4>\n\n\n\n<p>Ap\u00f3s o fim do curso, o estudante come\u00e7a a pagar as parcelas do financiamento, mas o valor da mensalidade ser\u00e1 definida com base na renda familiar. Se o estudante n\u00e3o estiver empregado, o valor da presta\u00e7\u00e3o ser\u00e1 proporcional ao que ele j\u00e1 pagava durante o curso, referente \u00e0 taxa operacional do banco, seguro de vida e coparticipa\u00e7\u00e3o.<\/p>\n\n\n\n<p>Outra possibilidade para amortiza\u00e7\u00e3o da d\u00edvida \u00e9 o desconto em folha de pagamento, at\u00e9 o limite de 20% da renda. No entanto, essa \u00e9 uma op\u00e7\u00e3o que deve ser feita pelo pr\u00f3prio estudante.<\/p>\n\n\n\n<p>A taxa de juros do financiamento e a facilidade de aprova\u00e7\u00e3o no cadastro s\u00e3o as grandes vantagens do programa. O tempo para que o estudante finalize o pagamento do FIES ser\u00e1 definido conforme a renda ao final do curso, mas n\u00e3o poder\u00e1 ultrapassar 14 anos.<\/p>\n","protected":false},"excerpt":{"rendered":"<p>O Fundo de Financiamento Estudantil (FIES) foi criado em 1999 pelo Minist\u00e9rio da Educa\u00e7\u00e3o (MEC), tendo como objetivo subsidiar as mensalidades em cursos de gradua\u00e7\u00e3o para estudantes que estejam regularmente matriculados em institui\u00e7\u00f5es privadas de educa\u00e7\u00e3o superior. A inten\u00e7\u00e3o \u00e9 beneficiar prioritariamente estudantes de baixa renda. Al\u00e9m de praticar taxas de juros e encargos abaixo &hellip; <a href=\"https:\/\/utfpr.curitiba.br\/labtutor\/index.php\/fies\/\" class=\"more-link\">Continue lendo <span class=\"screen-reader-text\">FIES<\/span> <span class=\"meta-nav\">&rarr;<\/span><\/a><\/p>\n","protected":false},"author":17,"featured_media":0,"parent":0,"menu_order":0,"comment_status":"closed","ping_status":"closed","template":"","meta":{"footnotes":""},"class_list":["post-437","page","type-page","status-publish","hentry"],"_links":{"self":[{"href":"https:\/\/utfpr.curitiba.br\/labtutor\/index.php\/wp-json\/wp\/v2\/pages\/437","targetHints":{"allow":["GET"]}}],"collection":[{"href":"https:\/\/utfpr.curitiba.br\/labtutor\/index.php\/wp-json\/wp\/v2\/pages"}],"about":[{"href":"https:\/\/utfpr.curitiba.br\/labtutor\/index.php\/wp-json\/wp\/v2\/types\/page"}],"author":[{"embeddable":true,"href":"https:\/\/utfpr.curitiba.br\/labtutor\/index.php\/wp-json\/wp\/v2\/users\/17"}],"replies":[{"embeddable":true,"href":"https:\/\/utfpr.curitiba.br\/labtutor\/index.php\/wp-json\/wp\/v2\/comments?post=437"}],"version-history":[{"count":1,"href":"https:\/\/utfpr.curitiba.br\/labtutor\/index.php\/wp-json\/wp\/v2\/pages\/437\/revisions"}],"predecessor-version":[{"id":438,"href":"https:\/\/utfpr.curitiba.br\/labtutor\/index.php\/wp-json\/wp\/v2\/pages\/437\/revisions\/438"}],"wp:attachment":[{"href":"https:\/\/utfpr.curitiba.br\/labtutor\/index.php\/wp-json\/wp\/v2\/media?parent=437"}],"curies":[{"name":"wp","href":"https:\/\/api.w.org\/{rel}","templated":true}]}}