{"id":435,"date":"2018-12-17T09:37:49","date_gmt":"2018-12-17T11:37:49","guid":{"rendered":"http:\/\/labtutor.ct.utfpr.edu.br\/?page_id=435"},"modified":"2018-12-17T09:37:50","modified_gmt":"2018-12-17T11:37:50","slug":"prouni","status":"publish","type":"page","link":"https:\/\/utfpr.curitiba.br\/labtutor\/index.php\/prouni\/","title":{"rendered":"ProUni"},"content":{"rendered":"\n<p>O Programa Universidade Para Todos (ProUni) foi criado pela\u00a0Lei n\u00b0 11.096, de 13 de janeiro de 2005, com o objetivo de oferecer bolsas de estudo em institui\u00e7\u00f5es privadas de ensino superior. Por meio da nota obtida no Exame Nacional do Ensino M\u00e9dio (Enem), os estudantes concorrem \u00e0 vagas em cursos de gradua\u00e7\u00e3o e sequencias de forma\u00e7\u00e3o espec\u00edfica.<\/p>\n\n\n\n<p>As bolsas integrais s\u00e3o concedidas aos estudantes que comprovarem renda bruta familiar inferior a um sal\u00e1rio-m\u00ednimo e meio por pessoa. Os estudantes cuja renda familiar n\u00e3o excede tr\u00eas sal\u00e1rios-m\u00ednimos por pessoa podem concorrer \u00e0s bolsas parciais (50%).<\/p>\n\n\n\n<h2 class=\"wp-block-heading\"><strong>Quem pode participar do ProUni<\/strong><\/h2>\n\n\n\n<p>Al\u00e9m de preencher o requisito de renda, os interessados no ProUni tamb\u00e9m precisam:<\/p>\n\n\n\n<p>&#8211; Ter estudado o ensino m\u00e9dio completo em institui\u00e7\u00f5es da rede p\u00fablica de ensino;<br>&#8211; Ter estudado o ensino m\u00e9dio completo em institui\u00e7\u00f5es da rede privada de ensino como bolsista integral da pr\u00f3pria escola;<br>&#8211; Ter estudado o ensino m\u00e9dio parcialmente em escola da rede p\u00fablica e parcialmente em escola da rede privada, na condi\u00e7\u00e3o de bolsista integral da pr\u00f3pria escola privada;<br>&#8211; Ser pessoa com defici\u00eancia;<br>&#8211; Ser professor da rede p\u00fablica de ensino, no exerc\u00edcio da doc\u00eancia na educa\u00e7\u00e3o b\u00e1sica e constituindo o quadro de pessoal definitivo da institui\u00e7\u00e3o p\u00fablica e concorrer a bolsas exclusivamente nos cursos de licenciatura.<a href=\"http:\/\/vestibular.mundoeducacao.bol.uol.com.br\/bolsa-estudos\/faq-prounirespondendo-suas-duvidas.htm\"><strong>T<\/strong><\/a><\/p>\n\n\n\n<p>Todos os interessados no ProUni precisam ter&nbsp;realizado o Enem no ano imediatamente anterior ao per\u00edodo em que est\u00e1 pleiteando a bolsa. \u00c9 preciso ainda ter alcan\u00e7ado no m\u00ednimo 450 pontos de m\u00e9dia na m\u00e9dia das cinco provas (Linguagens e C\u00f3digos, Ci\u00eancias Humanas, Ci\u00eancias da Natureza, Matem\u00e1tica e Reda\u00e7\u00e3o).<\/p>\n\n\n\n<h2 class=\"wp-block-heading\"><strong>Como se inscrever no ProUni<\/strong><\/h2>\n\n\n\n<p>As inscri\u00e7\u00f5es para o ProUni acontecem duas vezes por ano, no come\u00e7o e no final do primeiro semestre. Todo o processo \u00e9 gratuito e acontece atrav\u00e9s da internet.<\/p>\n\n\n\n<p>Em geral, o resultado com a lista dos classificados se d\u00e1 em duas chamadas. Terminada as convoca\u00e7\u00f5es, s\u00e3o abertas as inscri\u00e7\u00f5es para os estudantes interessados nas vagas remanescentes do processo regular.<\/p>\n\n\n\n<p>Para concorrer a uma das oportunidades restantes \u00e9 necess\u00e1rio preencher todos os requisitos anterior, exceto o que trata do ano de realiza\u00e7\u00e3o do Enem. Nesse caso os candidatos podem ter realizado o exame em qualquer ano ap\u00f3s 2010.<\/p>\n\n\n\n<h2 class=\"wp-block-heading\"><strong>N\u00fameros<\/strong><\/h2>\n\n\n\n<p>No ano de cria\u00e7\u00e3o do programa, segundo o Sistema do ProUni (Sisprouni) foram ofertadas 112.275 bolsas, entre integrais e parciais. Em 2014 o n\u00famero de bolsas integrais concedidas foi de aproximadamente 205.000, ultrapassando no total a marca de 306.000 estudantes contemplados.<\/p>\n\n\n\n<p>Todos os anos o Minist\u00e9rio da Educa\u00e7\u00e3o (MEC) recebe aproximadamente 1,5 milh\u00e3o de inscri\u00e7\u00f5es, sendo que mais da metade das bolsas est\u00e3o localizadas nos estados da regi\u00e3o sudeste. Em 2014 os cursos que disponibilizaram bolsas s\u00e3o oferecidos em 943 institutos privados em todo o Brasil.<\/p>\n\n\n\n<p>Para saber mais sobre o ProUni clique <a href=\"http:\/\/prouniportal.mec.gov.br\/\">aqui<\/a><\/p>\n","protected":false},"excerpt":{"rendered":"<p>O Programa Universidade Para Todos (ProUni) foi criado pela\u00a0Lei n\u00b0 11.096, de 13 de janeiro de 2005, com o objetivo de oferecer bolsas de estudo em institui\u00e7\u00f5es privadas de ensino superior. Por meio da nota obtida no Exame Nacional do Ensino M\u00e9dio (Enem), os estudantes concorrem \u00e0 vagas em cursos de gradua\u00e7\u00e3o e sequencias de &hellip; <a href=\"https:\/\/utfpr.curitiba.br\/labtutor\/index.php\/prouni\/\" class=\"more-link\">Continue lendo <span class=\"screen-reader-text\">ProUni<\/span> <span class=\"meta-nav\">&rarr;<\/span><\/a><\/p>\n","protected":false},"author":17,"featured_media":0,"parent":0,"menu_order":0,"comment_status":"closed","ping_status":"closed","template":"","meta":{"footnotes":""},"class_list":["post-435","page","type-page","status-publish","hentry"],"_links":{"self":[{"href":"https:\/\/utfpr.curitiba.br\/labtutor\/index.php\/wp-json\/wp\/v2\/pages\/435","targetHints":{"allow":["GET"]}}],"collection":[{"href":"https:\/\/utfpr.curitiba.br\/labtutor\/index.php\/wp-json\/wp\/v2\/pages"}],"about":[{"href":"https:\/\/utfpr.curitiba.br\/labtutor\/index.php\/wp-json\/wp\/v2\/types\/page"}],"author":[{"embeddable":true,"href":"https:\/\/utfpr.curitiba.br\/labtutor\/index.php\/wp-json\/wp\/v2\/users\/17"}],"replies":[{"embeddable":true,"href":"https:\/\/utfpr.curitiba.br\/labtutor\/index.php\/wp-json\/wp\/v2\/comments?post=435"}],"version-history":[{"count":1,"href":"https:\/\/utfpr.curitiba.br\/labtutor\/index.php\/wp-json\/wp\/v2\/pages\/435\/revisions"}],"predecessor-version":[{"id":436,"href":"https:\/\/utfpr.curitiba.br\/labtutor\/index.php\/wp-json\/wp\/v2\/pages\/435\/revisions\/436"}],"wp:attachment":[{"href":"https:\/\/utfpr.curitiba.br\/labtutor\/index.php\/wp-json\/wp\/v2\/media?parent=435"}],"curies":[{"name":"wp","href":"https:\/\/api.w.org\/{rel}","templated":true}]}}