{"id":42,"date":"2018-11-07T09:52:27","date_gmt":"2018-11-07T11:52:27","guid":{"rendered":"http:\/\/labtutor.ct.utfpr.edu.br\/?page_id=42"},"modified":"2020-04-21T01:06:43","modified_gmt":"2020-04-21T04:06:43","slug":"novidades-de-orientacao-profissional","status":"publish","type":"page","link":"https:\/\/utfpr.curitiba.br\/labtutor\/index.php\/novidades-de-orientacao-profissional\/","title":{"rendered":"Como ingressar na Universidade"},"content":{"rendered":"\n<p>A UTFPR \u00e9 a Universidade Tecnol\u00f3gica Federal do Paran\u00e1,<\/p>\n\n\n\n<p> \ufeffA UTFPR oferece\u00a0<strong>gratuitamente<\/strong>\u00a0cursos de Ensino T\u00e9cnico e de Gradua\u00e7\u00e3o, Mestrado Acad\u00eamico, Mestrado Profissional e Doutorado nos treze c\u00e2mpus. <\/p>\n\n\n\n<h4 class=\"wp-block-heading\"><strong> Como ingressar nos Cursos de Gradua\u00e7\u00e3o da UTFPR-2020?<\/strong><\/h4>\n\n\n\n<p>O ingresso \u00e9 realizado somente via SISU, que por sua vez utiliza a nota do Enem 2019. Portanto para ingressar nos cursos de gradua\u00e7\u00e3o da UTFPR, o candidato deve fazer o Enem 2019 e depois fazer a inscri\u00e7\u00e3o no SISU. N\u00e3o existe vestibular para ingresso aos cursos de gradua\u00e7\u00e3o da UTFPR.<br><strong>O site do Enem \u00e9:\u00a0<\/strong><a href=\"http:\/\/portal.inep.gov.br\/enem\"><strong>http:\/\/portal.inep.gov.br\/enem<br><\/strong><\/a><strong>O site do SISU \u00e9:\u00a0<\/strong><a href=\"http:\/\/sisu.mec.gov.br\/\"><strong>http:\/\/sisu.mec.gov.br\/<\/strong><\/a><\/p>\n\n\n\n<p style=\"text-align:center\" class=\"has-background has-luminous-vivid-amber-background-color\"><strong>SISTEMA DE COTAS<\/strong><\/p>\n\n\n\n<p>Al\u00e9m de ser uma universidade gratuita existe o sistema de cotas! <\/p>\n\n\n\n<p> 50% das vagas s\u00e3o destinadas aos N\u00e3o Cotistas e 50% destinadas aos Cotistas.<\/p>\n\n\n\n<p>Como cotista podem se inscrever todos aqueles que possam comprovar ter cursado todas as s\u00e9ries do Ensino M\u00e9dio em escolas p\u00fablicas. O candidato que estudou em escola p\u00fablica tamb\u00e9m pode fazer a inscri\u00e7\u00e3o como N\u00e3o Cotista se assim o desejar. Na hora da inscri\u00e7\u00e3o o candidato simula a inscri\u00e7\u00e3o como cotista ou como N\u00e3o Cotista e decide a melhor forma para seu caso. <\/p>\n\n\n\n<p style=\"text-align:center\"><strong>Os cotistas s\u00e3o divididos em 8 categorias, a saber:<\/strong><\/p>\n\n\n\n<p><strong><em>Categoria L1<\/em><\/strong>&nbsp;\u2013 Candidatos com renda familiar bruta per capita igual ou inferior a 1,5 sal\u00e1rio m\u00ednimo que tenham cursado integralmente o ensino m\u00e9dio em escolas p\u00fablicas (Lei n\u00ba 12.711\/2012).<\/p>\n\n\n\n<p><strong><em>Categoria L2<\/em><\/strong>&nbsp;\u2013 Candidatos autodeclarados pretos, pardos ou ind\u00edgenas, com renda familiar bruta per capita igual ou inferior a 1,5 sal\u00e1rio m\u00ednimo e que tenham cursado integralmente o ensino m\u00e9dio em escolas p\u00fablicas (Lei n\u00ba 12.711\/2012).<\/p>\n\n\n\n<p><strong><em>Categoria L5<\/em><\/strong>&nbsp;\u2013 Candidatos que, independentemente da renda (art. 14, II, Portaria Normativa n\u00ba 18\/2012), tenham cursado integralmente o ensino m\u00e9dio em escolas p\u00fablicas (Lei n\u00ba 12.711\/2012).<\/p>\n\n\n\n<p><strong><em>Categoria L6<\/em><\/strong>&nbsp;\u2013 Candidatos autodeclarados pretos, pardos ou ind\u00edgenas que, independentemente da renda (art. 14, II, Portaria Normativa n\u00ba 18\/2012), tenham cursado integralmente o ensino m\u00e9dio em escolas p\u00fablicas (Lei n\u00ba 12.711\/2012).<\/p>\n\n\n\n<p><strong><em>Categoria L9<\/em><\/strong>&nbsp;\u2013 Candidatos com defici\u00eancia que tenham renda familiar bruta per capita igual ou inferior a 1,5 sal\u00e1rio m\u00ednimo e que tenham cursado integralmente o ensino m\u00e9dio em escolas p\u00fablicas (Lei n\u00ba 12.711\/2012).<\/p>\n\n\n\n<p><strong><em>Categoria L10<\/em><\/strong>&nbsp;\u2013 &nbsp;Candidatos com defici\u00eancia autodeclarados pretos, pardos ou ind\u00edgenas, que tenham renda familiar bruta per capita igual ou inferior a 1,5 sal\u00e1rio m\u00ednimo e que tenham cursado integralmente o ensino m\u00e9dio em escolas p\u00fablicas (Lei n\u00ba 12.711\/2012).<\/p>\n\n\n\n<p><strong><em>Categoria L13<\/em><\/strong>&nbsp;\u2013 Candidatos com defici\u00eancia que, independentemente da renda (art. 14, II, Portaria Normativa n\u00ba 18\/2012), tenham cursado integralmente o ensino m\u00e9dio em escolas p\u00fablicas (Lei n\u00ba 12.711\/2012).<\/p>\n\n\n\n<p><strong><em>Categoria L14<\/em><\/strong>\u00a0\u2013 Candidatos com defici\u00eancia autodeclarados pretos, pardos ou ind\u00edgenas que, independentemente da renda (art. 14, II, Portaria Normativa n\u00ba 18\/2012), tenham cursado integralmente o ensino m\u00e9dio em escolas p\u00fablicas (Lei n\u00ba 12.711\/2012).<\/p>\n\n\n\n<p class=\"has-background has-luminous-vivid-amber-background-color\">PARA MAIS INFORMA\u00c7\u00d5ES SOBRE FORMAS DE INGRESSO <a href=\"http:\/\/portal.utfpr.edu.br\/cursos\/estudenautfpr\/sisu\/perguntas-frequentes\">CLIQUE AQUI<\/a><br><\/p>\n","protected":false},"excerpt":{"rendered":"<p>A UTFPR \u00e9 a Universidade Tecnol\u00f3gica Federal do Paran\u00e1, \ufeffA UTFPR oferece\u00a0gratuitamente\u00a0cursos de Ensino T\u00e9cnico e de Gradua\u00e7\u00e3o, Mestrado Acad\u00eamico, Mestrado Profissional e Doutorado nos treze c\u00e2mpus. Como ingressar nos Cursos de Gradua\u00e7\u00e3o da UTFPR-2020? O ingresso \u00e9 realizado somente via SISU, que por sua vez utiliza a nota do Enem 2019. Portanto para ingressar &hellip; <a href=\"https:\/\/utfpr.curitiba.br\/labtutor\/index.php\/novidades-de-orientacao-profissional\/\" class=\"more-link\">Continue lendo <span class=\"screen-reader-text\">Como ingressar na Universidade<\/span> <span class=\"meta-nav\">&rarr;<\/span><\/a><\/p>\n","protected":false},"author":17,"featured_media":0,"parent":0,"menu_order":0,"comment_status":"closed","ping_status":"closed","template":"","meta":{"footnotes":""},"class_list":["post-42","page","type-page","status-publish","hentry"],"_links":{"self":[{"href":"https:\/\/utfpr.curitiba.br\/labtutor\/index.php\/wp-json\/wp\/v2\/pages\/42","targetHints":{"allow":["GET"]}}],"collection":[{"href":"https:\/\/utfpr.curitiba.br\/labtutor\/index.php\/wp-json\/wp\/v2\/pages"}],"about":[{"href":"https:\/\/utfpr.curitiba.br\/labtutor\/index.php\/wp-json\/wp\/v2\/types\/page"}],"author":[{"embeddable":true,"href":"https:\/\/utfpr.curitiba.br\/labtutor\/index.php\/wp-json\/wp\/v2\/users\/17"}],"replies":[{"embeddable":true,"href":"https:\/\/utfpr.curitiba.br\/labtutor\/index.php\/wp-json\/wp\/v2\/comments?post=42"}],"version-history":[{"count":6,"href":"https:\/\/utfpr.curitiba.br\/labtutor\/index.php\/wp-json\/wp\/v2\/pages\/42\/revisions"}],"predecessor-version":[{"id":929,"href":"https:\/\/utfpr.curitiba.br\/labtutor\/index.php\/wp-json\/wp\/v2\/pages\/42\/revisions\/929"}],"wp:attachment":[{"href":"https:\/\/utfpr.curitiba.br\/labtutor\/index.php\/wp-json\/wp\/v2\/media?parent=42"}],"curies":[{"name":"wp","href":"https:\/\/api.w.org\/{rel}","templated":true}]}}