{"id":152,"date":"2018-11-13T14:50:26","date_gmt":"2018-11-13T16:50:26","guid":{"rendered":"http:\/\/labtutor.ct.utfpr.edu.br\/?page_id=152"},"modified":"2022-07-08T15:17:48","modified_gmt":"2022-07-08T18:17:48","slug":"contato","status":"publish","type":"page","link":"https:\/\/utfpr.curitiba.br\/labtutor\/index.php\/contato\/","title":{"rendered":"Contato"},"content":{"rendered":"<h1 id=\"h.p_cIbXapGn_aXL\" class=\"zfr3Q duRjpb\" style=\"text-align: left;\">Equipe<\/h1>\n<p id=\"h.p_Y4kmbJ-H_aXX\" class=\"zfr3Q\" style=\"text-align: left;\"><strong>Coordena\u00e7\u00e3o do projeto :<\/strong> Prof\u00aa. Dra. <a class=\"dhtgD\" href=\"http:\/\/www.google.com\/url?q=http%3A%2F%2Flattes.cnpq.br%2F4807954398668607&amp;sa=D&amp;sntz=1&amp;usg=AFQjCNG9vqwMHFtwDkuH9r7ecigkCe3HJQ\" target=\"_blank\" rel=\"noopener noreferrer\">Maria Sara de Lima Dias&nbsp;&nbsp;<\/a><br \/>\n<strong>Contato : <\/strong>mariadias@utfpr.edu.br<\/p>\n<p><strong>Vice coordena\u00e7\u00e3o do projeto :<\/strong> Prof\u00aa. Dr. Mario Amorim<br \/>\n<strong>Contato : <\/strong>marioamorim@utfpr.edu.br<\/p>\n<p id=\"h.p_HMhM3u2a_aXW\" class=\"zfr3Q\" style=\"text-align: left;\"><strong>Bolsista de extens\u00e3o :<\/strong>&nbsp;<br \/>\n<strong>Contato: mariadias@utfpr.edu.br&nbsp;<\/strong><\/p>\n<p><strong>Bolsista de Inicia\u00e7\u00e3o Cient\u00edfica: Jo\u00e3o Felipe Corso<\/strong><br \/>\n<strong>Contato:joaofelipecorso@alunos.utfpr.edu.br<\/strong><\/p>\n<p><strong>Apoio T\u00e9cnico:<\/strong><\/p>\n<p>Adauto Cruz de Souza<\/p>\n<p><strong>Contato :<\/strong> mariadias@utfpr.edu.br<\/p>\n<p id=\"h.p__B_YVBAu_aXN\" class=\"zfr3Q\" style=\"text-align: left;\"><strong>Equipe de professores :<\/strong><\/p>\n<ul class=\"n8H08c UVNKR\">\n<li style=\"list-style-type: none;\">\n<ul class=\"n8H08c UVNKR\">\n<li id=\"h.p_LFUKgzlo_aXQ\" class=\"zfr3Q TYR86d\" style=\"text-align: left;\"><a href=\"http:\/\/www.google.com\/url?q=http%3A%2F%2Flattes.cnpq.br%2F4807954398668607&amp;sa=D&amp;sntz=1&amp;usg=AFQjCNG9vqwMHFtwDkuH9r7ecigkCe3HJQ\">Prof. Dra. Maria Sara de Lima Dias<\/a><\/li>\n<li><a class=\"dhtgD\" href=\"http:\/\/www.google.com\/url?q=http%3A%2F%2Flattes.cnpq.br%2F5344824750599654&amp;sa=D&amp;sntz=1&amp;usg=AFQjCNHR31jwwhQX8doN4OiPXwYUAeDptQ\" target=\"_blank\" rel=\"noopener noreferrer\">Prof. Mario Lopes Amorim<\/a><\/li>\n<\/ul>\n<\/li>\n<\/ul>\n<ul class=\"n8H08c UVNKR\">\n<li style=\"list-style-type: none;\">&nbsp;<\/li>\n<\/ul>\n<p><strong>Local: Rua Deputado Heitor Alencar Furtado, 5000 &#8211; CIC &#8211; <\/strong><\/p>\n<p><strong>UTFPR CAMPUS ECOVILLE, BLOCO L, SEGUNDO ANDAR.<\/strong><\/p>\n<p><strong>Telefone:<\/strong> ( 41 ) 3279-6434<\/p>\n<p><strong>E-mail:<\/strong> mariadias@utfpr.edu.br<\/p>\n<p><strong>Redes sociais:<\/strong><\/p>\n<p>instagram: <a href=\"https:\/\/www.instagram.com\/tutor.utfpr\/?hl=pt-br\">tutor.utfpr<\/a><\/p>\n<p>facebook: <a href=\"https:\/\/www.facebook.com\/tutorutfpr\">TUTOR UTFPR<\/a><\/p>\n","protected":false},"excerpt":{"rendered":"<p>Equipe Coordena\u00e7\u00e3o do projeto : Prof\u00aa. Dra. Maria Sara de Lima Dias&nbsp;&nbsp; Contato : mariadias@utfpr.edu.br Vice coordena\u00e7\u00e3o do projeto : Prof\u00aa. Dr. Mario Amorim Contato : marioamorim@utfpr.edu.br Bolsista de extens\u00e3o :&nbsp; Contato: mariadias@utfpr.edu.br&nbsp; Bolsista de Inicia\u00e7\u00e3o Cient\u00edfica: Jo\u00e3o Felipe Corso Contato:joaofelipecorso@alunos.utfpr.edu.br Apoio T\u00e9cnico: Adauto Cruz de Souza Contato : mariadias@utfpr.edu.br Equipe de professores : Prof. &hellip; <a href=\"https:\/\/utfpr.curitiba.br\/labtutor\/index.php\/contato\/\" class=\"more-link\">Continue lendo <span class=\"screen-reader-text\">Contato<\/span> <span class=\"meta-nav\">&rarr;<\/span><\/a><\/p>\n","protected":false},"author":17,"featured_media":0,"parent":0,"menu_order":0,"comment_status":"closed","ping_status":"closed","template":"","meta":{"footnotes":""},"class_list":["post-152","page","type-page","status-publish","hentry"],"_links":{"self":[{"href":"https:\/\/utfpr.curitiba.br\/labtutor\/index.php\/wp-json\/wp\/v2\/pages\/152","targetHints":{"allow":["GET"]}}],"collection":[{"href":"https:\/\/utfpr.curitiba.br\/labtutor\/index.php\/wp-json\/wp\/v2\/pages"}],"about":[{"href":"https:\/\/utfpr.curitiba.br\/labtutor\/index.php\/wp-json\/wp\/v2\/types\/page"}],"author":[{"embeddable":true,"href":"https:\/\/utfpr.curitiba.br\/labtutor\/index.php\/wp-json\/wp\/v2\/users\/17"}],"replies":[{"embeddable":true,"href":"https:\/\/utfpr.curitiba.br\/labtutor\/index.php\/wp-json\/wp\/v2\/comments?post=152"}],"version-history":[{"count":16,"href":"https:\/\/utfpr.curitiba.br\/labtutor\/index.php\/wp-json\/wp\/v2\/pages\/152\/revisions"}],"predecessor-version":[{"id":1278,"href":"https:\/\/utfpr.curitiba.br\/labtutor\/index.php\/wp-json\/wp\/v2\/pages\/152\/revisions\/1278"}],"wp:attachment":[{"href":"https:\/\/utfpr.curitiba.br\/labtutor\/index.php\/wp-json\/wp\/v2\/media?parent=152"}],"curies":[{"name":"wp","href":"https:\/\/api.w.org\/{rel}","templated":true}]}}