{"id":147,"date":"2018-11-13T14:36:11","date_gmt":"2018-11-13T16:36:11","guid":{"rendered":"http:\/\/labtutor.ct.utfpr.edu.br\/?page_id=147"},"modified":"2021-08-20T21:28:03","modified_gmt":"2021-08-21T00:28:03","slug":"fotos","status":"publish","type":"page","link":"https:\/\/utfpr.curitiba.br\/labtutor\/index.php\/fotos\/","title":{"rendered":"Fotos"},"content":{"rendered":"\n<p>Nesta p\u00e1gina voc\u00ea encontra fotos de visitas \u00e0s escolas de rede p\u00fablica de Curitiba, onde a equipe e volunt\u00e1rios puderam executar as oficinas de orienta\u00e7\u00e3o profissional,  disseminando informa\u00e7\u00f5es sobre a universidade, suas carreiras e formas de ingresso. Venha se emocionar com a gente !<\/p>\n\n\n\n<h2 class=\"wp-block-heading\">Col\u00e9gio Estadual J\u00falio Mesquita<\/h2>\n\n\n\n<p>[ngg src=&#8221;galleries&#8221; ids=&#8221;4&#8243; display=&#8221;basic_thumbnail&#8221; thumbnail_crop=&#8221;0&#8243; images_per_page=&#8221;100&#8243;]<\/p>\n\n\n\n<h2 class=\"wp-block-heading\">Col\u00e9gio Dona Branca<\/h2>\n\n\n\n[ngg src=&#8221;galleries&#8221; ids=&#8221;2&#8243; display=&#8221;basic_thumbnail&#8221; thumbnail_crop=&#8221;0&#8243; images_per_page=&#8221;100&#8243;]\n\n\n\n<h2 class=\"wp-block-heading\">Col\u00e9gio Estadual Professor Elias Abrah\u00e3o<\/h2>\n\n\n\n[ngg src=&#8221;galleries&#8221; ids=&#8221;5&#8243; display=&#8221;basic_thumbnail&#8221; thumbnail_crop=&#8221;0&#8243; images_per_page=&#8221;100&#8243;]\n\n\n\n<h2 class=\"wp-block-heading\">Col\u00e9gio Estadual Professor Narciso Mendes<\/h2>\n\n\n\n[ngg src=&#8221;galleries&#8221; ids=&#8221;6&#8243; display=&#8221;basic_thumbnail&#8221; thumbnail_crop=&#8221;0&#8243; images_per_page=&#8221;100&#8243;]\n\n\n\n<h2 class=\"wp-block-heading\">Cursinho Popular &#8211; Positivo<\/h2>\n\n\n\n[ngg src=&#8221;galleries&#8221; ids=&#8221;3&#8243; display=&#8221;basic_thumbnail&#8221; thumbnail_crop=&#8221;0&#8243; images_per_page=&#8221;100&#8243;]\n\n\n\n<h2 class=\"wp-block-heading\">Col\u00e9gio Estadual Domingos Zanlorenzi<\/h2>\n\n\n\n[ngg src=&#8221;galleries&#8221; ids=&#8221;7&#8243; display=&#8221;basic_thumbnail&#8221; thumbnail_crop=&#8221;0&#8243;]\n\n\n\n<h2 class=\"wp-block-heading\">Centro Estadual de Educa\u00e7\u00e3o Profissional<\/h2>\n\n\n\n[ngg src=&#8221;galleries&#8221; ids=&#8221;8&#8243; display=&#8221;basic_thumbnail&#8221; thumbnail_crop=&#8221;0&#8243;]\n","protected":false},"excerpt":{"rendered":"<p>Nesta p\u00e1gina voc\u00ea encontra fotos de visitas \u00e0s escolas de rede p\u00fablica de Curitiba, onde a equipe e volunt\u00e1rios puderam executar as oficinas de orienta\u00e7\u00e3o profissional, disseminando informa\u00e7\u00f5es sobre a universidade, suas carreiras e formas de ingresso. Venha se emocionar com a gente ! Col\u00e9gio Estadual J\u00falio Mesquita [ngg src=&#8221;galleries&#8221; ids=&#8221;4&#8243; display=&#8221;basic_thumbnail&#8221; thumbnail_crop=&#8221;0&#8243; images_per_page=&#8221;100&#8243;] Col\u00e9gio &hellip; <a href=\"https:\/\/utfpr.curitiba.br\/labtutor\/index.php\/fotos\/\" class=\"more-link\">Continue lendo <span class=\"screen-reader-text\">Fotos<\/span> <span class=\"meta-nav\">&rarr;<\/span><\/a><\/p>\n","protected":false},"author":17,"featured_media":0,"parent":0,"menu_order":0,"comment_status":"closed","ping_status":"closed","template":"","meta":{"footnotes":""},"class_list":["post-147","page","type-page","status-publish","hentry"],"_links":{"self":[{"href":"https:\/\/utfpr.curitiba.br\/labtutor\/index.php\/wp-json\/wp\/v2\/pages\/147","targetHints":{"allow":["GET"]}}],"collection":[{"href":"https:\/\/utfpr.curitiba.br\/labtutor\/index.php\/wp-json\/wp\/v2\/pages"}],"about":[{"href":"https:\/\/utfpr.curitiba.br\/labtutor\/index.php\/wp-json\/wp\/v2\/types\/page"}],"author":[{"embeddable":true,"href":"https:\/\/utfpr.curitiba.br\/labtutor\/index.php\/wp-json\/wp\/v2\/users\/17"}],"replies":[{"embeddable":true,"href":"https:\/\/utfpr.curitiba.br\/labtutor\/index.php\/wp-json\/wp\/v2\/comments?post=147"}],"version-history":[{"count":21,"href":"https:\/\/utfpr.curitiba.br\/labtutor\/index.php\/wp-json\/wp\/v2\/pages\/147\/revisions"}],"predecessor-version":[{"id":1215,"href":"https:\/\/utfpr.curitiba.br\/labtutor\/index.php\/wp-json\/wp\/v2\/pages\/147\/revisions\/1215"}],"wp:attachment":[{"href":"https:\/\/utfpr.curitiba.br\/labtutor\/index.php\/wp-json\/wp\/v2\/media?parent=147"}],"curies":[{"name":"wp","href":"https:\/\/api.w.org\/{rel}","templated":true}]}}