{"id":2,"date":"2016-03-22T20:47:09","date_gmt":"2016-03-22T20:47:09","guid":{"rendered":"https:\/\/novolabens2.ct.utfpr.edu.br\/?page_id=2"},"modified":"2020-08-20T04:10:31","modified_gmt":"2020-08-20T07:10:31","slug":"inicio","status":"publish","type":"page","link":"https:\/\/utfpr.curitiba.br\/labens\/","title":{"rendered":"IN\u00cdCIO"},"content":{"rendered":"<p class=\"admin_shortcode\" style=\"text-align: justify;\">O Laborat\u00f3rio de Energia Solar &#8211; <a href=\"https:\/\/labens.ct.utfpr.edu.br\"><strong>LABENS<\/strong><\/a>, \u00e9 um esfor\u00e7o dos pesquisadores da <a href=\"http:\/\/ct.utfpr.edu.br\/\" target=\"_blank\" rel=\"noopener noreferrer\"><strong>UTFPR &#8211; Campus Curitiba<\/strong><\/a> em desenvolver pesquisas relacionadas \u00e0 energia solar, para determina\u00e7\u00e3o da distribui\u00e7\u00e3o da radia\u00e7\u00e3o solar e do potencial fotovoltaico no estado do Paran\u00e1 e na an\u00e1lise dos \u00edndices de m\u00e9rito de sistemas fotovoltaicos conectados \u00e0 rede el\u00e9trica de energia instalados na pr\u00f3pria Universidade. Os resultados destas pesquisas t\u00eam como principal objetivo, auxiliar na dissemina\u00e7\u00e3o desta importante fonte de energia no estado e de subsidiar cursos para forma\u00e7\u00e3o de profissionais habilitados para atuar nesta \u00e1rea.<\/p>\n<p class=\"admin_shortcode\" style=\"text-align: justify;\">O <strong><a href=\"https:\/\/labens.ct.utfpr.edu.br\">LABENS<\/a> <\/strong>conta com o apoio do <strong><a href=\"http:\/\/dgp.cnpq.br\/dgp\/espelhogrupo\/1608368326766417\" target=\"_blank\" rel=\"noopener noreferrer\">Grupo de Pesquisa<\/a>\u00a0<\/strong>em Energia Solar e Sistemas Fotovoltaicos, e de outras importantes institui\u00e7\u00f5es para o desenvolvimento das suas pesquisas.<\/p>\n<p class=\"admin_shortcode\" style=\"text-align: justify;\">O Grupo de Pesquisa em Energia Solar e Sistemas Fotovoltaicos tem como objetivo principal desenvolver pesquisas relacionadas ao mapeamento e aos diferentes aproveitamentos do potencial da radia\u00e7\u00e3o solar, seja na forma t\u00e9rmica, na convers\u00e3o da energia t\u00e9rmica em el\u00e9trica, e principalmente na convers\u00e3o direta da radia\u00e7\u00e3o solar em energia el\u00e9trica atrav\u00e9s de sistemas fotovoltaicos.<\/p>\n<h4>\u00a0<\/h4>\n<h4 style=\"text-align: center;\">NOSSOS PARCEIROS<\/h4>\n<p style=\"text-align: center;\"><a href=\"http:\/\/www.inpe.br\/\"><img decoding=\"async\" class=\"alignnone wp-image-72 \" title=\"Instituto Nacional de Pesquisas Espaciais\" src=\"https:\/\/utfpr-ct-static-content.s3.amazonaws.com\/utfpr.curitiba.br\/wp-content\/uploads\/sites\/85\/2016\/03\/logo_inpe-e1467055665650.png\" alt=\"\" width=\"85\" height=\"68\" \/><\/a>\u00a0\u00a0\u00a0\u00a0\u00a0\u00a0\u00a0\u00a0\u00a0 <a href=\"http:\/\/www.copel.com\/\"><img decoding=\"async\" class=\"alignnone wp-image-994\" src=\"https:\/\/utfpr-ct-static-content.s3.amazonaws.com\/utfpr.curitiba.br\/wp-content\/uploads\/sites\/85\/2018\/12\/logotipo-copel-300x106.png\" alt=\"\" width=\"179\" height=\"63\" srcset=\"https:\/\/utfpr-ct-static-content.s3.amazonaws.com\/utfpr.curitiba.br\/wp-content\/uploads\/sites\/85\/2018\/12\/logotipo-copel-300x106.png 300w, https:\/\/utfpr-ct-static-content.s3.amazonaws.com\/utfpr.curitiba.br\/wp-content\/uploads\/sites\/85\/2018\/12\/logotipo-copel.png 378w\" sizes=\"(max-width: 179px) 100vw, 179px\" \/><\/a>\u00a0\u00a0\u00a0\u00a0\u00a0 <a href=\"https:\/\/www.itaipu.gov.br\/\"><img decoding=\"async\" class=\"alignnone wp-image-467\" src=\"https:\/\/utfpr-ct-static-content.s3.amazonaws.com\/utfpr.curitiba.br\/wp-content\/uploads\/sites\/85\/2016\/03\/Logo_Itaipu-300x242.jpg\" alt=\"logo_itaipu\" width=\"103\" height=\"83\" srcset=\"https:\/\/utfpr-ct-static-content.s3.amazonaws.com\/utfpr.curitiba.br\/wp-content\/uploads\/sites\/85\/2016\/03\/Logo_Itaipu-300x242.jpg 300w, https:\/\/utfpr-ct-static-content.s3.amazonaws.com\/utfpr.curitiba.br\/wp-content\/uploads\/sites\/85\/2016\/03\/Logo_Itaipu.jpg 322w\" sizes=\"(max-width: 103px) 100vw, 103px\" \/><\/a>\u00a0 \u00a0\u00a0 \u00a0 <a href=\"http:\/\/www.pti.org.br\/\" target=\"_blank\" rel=\"noopener noreferrer\"><img loading=\"lazy\" decoding=\"async\" class=\"alignnone wp-image-376\" src=\"https:\/\/utfpr-ct-static-content.s3.amazonaws.com\/utfpr.curitiba.br\/wp-content\/uploads\/sites\/85\/2016\/06\/logo-pti-300x149.png\" alt=\"logo-pti\" width=\"176\" height=\"87\" srcset=\"https:\/\/utfpr-ct-static-content.s3.amazonaws.com\/utfpr.curitiba.br\/wp-content\/uploads\/sites\/85\/2016\/06\/logo-pti-300x149.png 300w, https:\/\/utfpr-ct-static-content.s3.amazonaws.com\/utfpr.curitiba.br\/wp-content\/uploads\/sites\/85\/2016\/06\/logo-pti-768x381.png 768w, https:\/\/utfpr-ct-static-content.s3.amazonaws.com\/utfpr.curitiba.br\/wp-content\/uploads\/sites\/85\/2016\/06\/logo-pti.png 807w\" sizes=\"(max-width: 176px) 100vw, 176px\" \/><\/a>\u00a0 <a href=\"http:\/\/labren.ccst.inpe.br\/\" target=\"_blank\" rel=\"noopener noreferrer\"><img loading=\"lazy\" decoding=\"async\" class=\"alignnone wp-image-1354 \" src=\"https:\/\/utfpr-ct-static-content.s3.amazonaws.com\/utfpr.curitiba.br\/wp-content\/uploads\/sites\/85\/2019\/12\/Logo_LABRENINPE_fundo_transp-300x69.png\" alt=\"\" width=\"335\" height=\"77\" srcset=\"https:\/\/utfpr-ct-static-content.s3.amazonaws.com\/utfpr.curitiba.br\/wp-content\/uploads\/sites\/85\/2019\/12\/Logo_LABRENINPE_fundo_transp-300x69.png 300w, https:\/\/utfpr-ct-static-content.s3.amazonaws.com\/utfpr.curitiba.br\/wp-content\/uploads\/sites\/85\/2019\/12\/Logo_LABRENINPE_fundo_transp-1024x235.png 1024w, https:\/\/utfpr-ct-static-content.s3.amazonaws.com\/utfpr.curitiba.br\/wp-content\/uploads\/sites\/85\/2019\/12\/Logo_LABRENINPE_fundo_transp-768x176.png 768w, https:\/\/utfpr-ct-static-content.s3.amazonaws.com\/utfpr.curitiba.br\/wp-content\/uploads\/sites\/85\/2019\/12\/Logo_LABRENINPE_fundo_transp-1536x353.png 1536w, https:\/\/utfpr-ct-static-content.s3.amazonaws.com\/utfpr.curitiba.br\/wp-content\/uploads\/sites\/85\/2019\/12\/Logo_LABRENINPE_fundo_transp-2048x471.png 2048w\" sizes=\"(max-width: 335px) 100vw, 335px\" \/><\/a> <a href=\"http:\/\/elco.eng.br\/\" target=\"_blank\" rel=\"noopener noreferrer\"><img loading=\"lazy\" decoding=\"async\" class=\"alignnone wp-image-641\" src=\"https:\/\/utfpr-ct-static-content.s3.amazonaws.com\/utfpr.curitiba.br\/wp-content\/uploads\/sites\/85\/2017\/04\/Capture.png\" alt=\"\" width=\"159\" height=\"68\" \/><\/a> \u00a0 \u00a0 \u00a0 <a href=\"http:\/\/solarenergy.com.br\/\" target=\"_blank\" rel=\"noopener noreferrer\"><img loading=\"lazy\" decoding=\"async\" class=\"alignnone wp-image-86\" title=\"Solar Energy do Brasil\" src=\"https:\/\/utfpr-ct-static-content.s3.amazonaws.com\/utfpr.curitiba.br\/wp-content\/uploads\/sites\/85\/2016\/03\/logo_solarMelhor.png\" alt=\"logo_solarMelhor\" width=\"127\" height=\"76\" \/><\/a> \u00a0\u00a0 \u00a0 \u00a0 <a href=\"http:\/\/ecosolys.com.br\/\" target=\"_blank\" rel=\"noopener noreferrer\"><img loading=\"lazy\" decoding=\"async\" class=\"alignnone wp-image-416\" src=\"https:\/\/utfpr-ct-static-content.s3.amazonaws.com\/utfpr.curitiba.br\/wp-content\/uploads\/sites\/85\/2016\/07\/EcoSolys-300x86.jpg\" alt=\"EcoSolys\" width=\"182\" height=\"52\" srcset=\"https:\/\/utfpr-ct-static-content.s3.amazonaws.com\/utfpr.curitiba.br\/wp-content\/uploads\/sites\/85\/2016\/07\/EcoSolys-300x86.jpg 300w, https:\/\/utfpr-ct-static-content.s3.amazonaws.com\/utfpr.curitiba.br\/wp-content\/uploads\/sites\/85\/2016\/07\/EcoSolys.jpg 472w\" sizes=\"(max-width: 182px) 100vw, 182px\" \/><\/a> \u00a0\u00a0 \u00a0\u00a0 \u00a0<a href=\"http:\/\/www.escritorioverdeonline.com.br\/\" target=\"_blank\" rel=\"noopener noreferrer\"><img loading=\"lazy\" decoding=\"async\" class=\"alignnone wp-image-656\" src=\"https:\/\/utfpr-ct-static-content.s3.amazonaws.com\/utfpr.curitiba.br\/wp-content\/uploads\/sites\/85\/2017\/04\/EV-300x77.png\" alt=\"\" width=\"268\" height=\"68\" srcset=\"https:\/\/utfpr-ct-static-content.s3.amazonaws.com\/utfpr.curitiba.br\/wp-content\/uploads\/sites\/85\/2017\/04\/EV-300x77.png 300w, https:\/\/utfpr-ct-static-content.s3.amazonaws.com\/utfpr.curitiba.br\/wp-content\/uploads\/sites\/85\/2017\/04\/EV-768x197.png 768w, https:\/\/utfpr-ct-static-content.s3.amazonaws.com\/utfpr.curitiba.br\/wp-content\/uploads\/sites\/85\/2017\/04\/EV.png 805w\" sizes=\"(max-width: 268px) 100vw, 268px\" \/><\/a> \u00a0\u00a0 \u00a0\u00a0 \u00a0<a href=\"https:\/\/nhssolar.com.br\/\" target=\"_blank\" rel=\"noopener noreferrer\"><img loading=\"lazy\" decoding=\"async\" class=\"alignnone wp-image-1353\" src=\"https:\/\/utfpr-ct-static-content.s3.amazonaws.com\/utfpr.curitiba.br\/wp-content\/uploads\/sites\/85\/2019\/12\/nhs-solar-300x117.png\" alt=\"\" width=\"139\" height=\"55\" srcset=\"https:\/\/utfpr-ct-static-content.s3.amazonaws.com\/utfpr.curitiba.br\/wp-content\/uploads\/sites\/85\/2019\/12\/nhs-solar-300x117.png 300w, https:\/\/utfpr-ct-static-content.s3.amazonaws.com\/utfpr.curitiba.br\/wp-content\/uploads\/sites\/85\/2019\/12\/nhs-solar.png 509w\" sizes=\"(max-width: 139px) 100vw, 139px\" \/><\/a>\u00a0 \u00a0 \u00a0 \u00a0 \u00a0<a style=\"vertical-align: bottom;\" href=\"https:\/\/www.campbellsci.com.br\/\" target=\"_blank\" rel=\"noopener noreferrer\"><img loading=\"lazy\" decoding=\"async\" class=\"alignnone wp-image-1355\" src=\"https:\/\/utfpr-ct-static-content.s3.amazonaws.com\/utfpr.curitiba.br\/wp-content\/uploads\/sites\/85\/2019\/12\/Campbell-Scientific-300x82.png\" alt=\"\" width=\"193\" height=\"53\" srcset=\"https:\/\/utfpr-ct-static-content.s3.amazonaws.com\/utfpr.curitiba.br\/wp-content\/uploads\/sites\/85\/2019\/12\/Campbell-Scientific-300x82.png 300w, https:\/\/utfpr-ct-static-content.s3.amazonaws.com\/utfpr.curitiba.br\/wp-content\/uploads\/sites\/85\/2019\/12\/Campbell-Scientific-768x210.png 768w, https:\/\/utfpr-ct-static-content.s3.amazonaws.com\/utfpr.curitiba.br\/wp-content\/uploads\/sites\/85\/2019\/12\/Campbell-Scientific.png 828w\" sizes=\"(max-width: 193px) 100vw, 193px\" \/><\/a>\u00a0 \u00a0 \u00a0 \u00a0 <a href=\"https:\/\/www.gebit.com.br\/\"><img loading=\"lazy\" decoding=\"async\" class=\"alignnone  wp-image-1642\" src=\"https:\/\/utfpr-ct-static-content.s3.amazonaws.com\/utfpr.curitiba.br\/wp-content\/uploads\/sites\/85\/2020\/08\/logo_gebit_128x128.png\" alt=\"\" width=\"77\" height=\"77\" \/><\/a><\/p>\n<p>\u00a0<\/p>\n\n\n<p><\/p>\n","protected":false},"excerpt":{"rendered":"<p>O Laborat\u00f3rio de Energia Solar &#8211; LABENS, \u00e9 um esfor\u00e7o dos pesquisadores da UTFPR &#8211; Campus Curitiba em desenvolver pesquisas<\/p>\n","protected":false},"author":15,"featured_media":0,"parent":0,"menu_order":0,"comment_status":"closed","ping_status":"open","template":"","meta":{"colormag_page_container_layout":"default_layout","colormag_page_sidebar_layout":"default_layout","footnotes":""},"class_list":["post-2","page","type-page","status-publish","hentry"],"_links":{"self":[{"href":"https:\/\/utfpr.curitiba.br\/labens\/wp-json\/wp\/v2\/pages\/2","targetHints":{"allow":["GET"]}}],"collection":[{"href":"https:\/\/utfpr.curitiba.br\/labens\/wp-json\/wp\/v2\/pages"}],"about":[{"href":"https:\/\/utfpr.curitiba.br\/labens\/wp-json\/wp\/v2\/types\/page"}],"author":[{"embeddable":true,"href":"https:\/\/utfpr.curitiba.br\/labens\/wp-json\/wp\/v2\/users\/15"}],"replies":[{"embeddable":true,"href":"https:\/\/utfpr.curitiba.br\/labens\/wp-json\/wp\/v2\/comments?post=2"}],"version-history":[{"count":5,"href":"https:\/\/utfpr.curitiba.br\/labens\/wp-json\/wp\/v2\/pages\/2\/revisions"}],"predecessor-version":[{"id":1654,"href":"https:\/\/utfpr.curitiba.br\/labens\/wp-json\/wp\/v2\/pages\/2\/revisions\/1654"}],"wp:attachment":[{"href":"https:\/\/utfpr.curitiba.br\/labens\/wp-json\/wp\/v2\/media?parent=2"}],"curies":[{"name":"wp","href":"https:\/\/api.w.org\/{rel}","templated":true}]}}