{"id":1921,"date":"2021-05-10T17:51:58","date_gmt":"2021-05-10T20:51:58","guid":{"rendered":"https:\/\/labens.ct.utfpr.edu.br\/?page_id=1921"},"modified":"2021-05-10T18:07:37","modified_gmt":"2021-05-10T21:07:37","slug":"links-importantes","status":"publish","type":"page","link":"https:\/\/utfpr.curitiba.br\/labens\/links-importantes\/","title":{"rendered":"Links importantes"},"content":{"rendered":"\n<p><\/p>\n\n\n\n<div class=\"wp-block-columns is-layout-flex wp-container-core-columns-is-layout-28f84493 wp-block-columns-is-layout-flex\">\n<div class=\"wp-block-column is-layout-flow wp-block-column-is-layout-flow\" style=\"flex-basis:100%\">\n<div class=\"wp-block-columns is-layout-flex wp-container-core-columns-is-layout-28f84493 wp-block-columns-is-layout-flex\">\n<div class=\"wp-block-column is-layout-flow wp-block-column-is-layout-flow\" style=\"flex-basis:100%\">\n<p>Atlas de Energia Solar do Estado do Paran\u00e1: <a href=\"http:\/\/www.atlassolarparana.com\" target=\"_blank\" rel=\"noreferrer noopener\">http:\/\/www.atlassolarparana.com<\/a><\/p>\n\n\n\n<p>Mapa Solar do Estado do Paran\u00e1: <a rel=\"noreferrer noopener\" href=\"https:\/\/solar.copel.com\/solar\/\" target=\"_blank\">https:\/\/solar.copel.com\/solar\/<\/a><\/p>\n\n\n\n<p>Atlas E\u00f3lico e Solar do Cear\u00e1: <a rel=\"noreferrer noopener\" href=\"http:\/\/atlas.adece.ce.gov.br\/User?ReturnUrl=%2F\" target=\"_blank\">http:\/\/atlas.adece.ce.gov.br\/User?ReturnUrl=%2F<\/a><\/p>\n\n\n\n<p>ABSOLAR: <a rel=\"noreferrer noopener\" href=\"https:\/\/www.absolar.org.br\" target=\"_blank\">https:\/\/www.absolar.org.br<\/a><\/p>\n\n\n\n<p>ABGD: <a rel=\"noreferrer noopener\" href=\"http:\/\/www.abgd.com.br\/portal\/\" target=\"_blank\">http:\/\/www.abgd.com.br\/portal\/<\/a><\/p>\n\n\n\n<p>LABREN\/INPE: <a rel=\"noreferrer noopener\" href=\"http:\/\/labren.ccst.inpe.br\" target=\"_blank\">http:\/\/labren.ccst.inpe.br<\/a><\/p>\n\n\n\n<p>CRESESB: <a rel=\"noreferrer noopener\" href=\"http:\/\/www.cresesb.cepel.br\" target=\"_blank\">http:\/\/www.cresesb.cepel.br<\/a><\/p>\n\n\n\n<p>UFRGS &#8211; RADIASOL: <a rel=\"noreferrer noopener\" href=\"http:\/\/www.solar.ufrgs.br\" target=\"_blank\">http:\/\/www.solar.ufrgs.br<\/a><\/p>\n\n\n\n<p>Fotovoltaica UFSC: <a rel=\"noreferrer noopener\" href=\"http:\/\/fotovoltaica.ufsc.br\" target=\"_blank\">http:\/\/fotovoltaica.ufsc.br<\/a><\/p>\n\n\n\n<p>COPEL: <a rel=\"noreferrer noopener\" href=\"https:\/\/www.copel.com\/hpcweb\/\" target=\"_blank\">https:\/\/www.copel.com\/hpcweb\/<\/a><\/p>\n\n\n\n<p>COPEL Taxas e Tarifas: <a rel=\"noreferrer noopener\" href=\"https:\/\/www.copel.com\/hpcweb\/copel-distribuicao\/taxas-tarifas\/\" target=\"_blank\">https:\/\/www.copel.com\/hpcweb\/copel-distribuicao\/taxas-tarifas\/<\/a><\/p>\n\n\n\n<p>ANEEL: <a rel=\"noreferrer noopener\" href=\"https:\/\/www.aneel.gov.br\" target=\"_blank\">https:\/\/www.aneel.gov.br<\/a><\/p>\n\n\n\n<p>ANEEL &#8211; Gera\u00e7\u00e3o Distribu\u00edda: <a rel=\"noreferrer noopener\" href=\"https:\/\/www.aneel.gov.br\/geracao-distribuida\" target=\"_blank\">https:\/\/www.aneel.gov.br\/geracao-distribuida<\/a><\/p>\n\n\n\n<p>ANEEL &#8211; Dados de Gera\u00e7\u00e3o: <a rel=\"noreferrer noopener\" href=\"https:\/\/www.aneel.gov.br\/dados\/geracao\" target=\"_blank\">https:\/\/www.aneel.gov.br\/dados\/geracao<\/a><\/p>\n\n\n\n<p>ONS: <a rel=\"noreferrer noopener\" href=\"http:\/\/www.ons.org.br\" target=\"_blank\">http:\/\/www.ons.org.br<\/a><\/p>\n<\/div>\n<\/div>\n<\/div>\n<\/div>\n\n\n\n<p><\/p>\n","protected":false},"excerpt":{"rendered":"<p>Atlas de Energia Solar do Estado do Paran\u00e1: http:\/\/www.atlassolarparana.com Mapa Solar do Estado do Paran\u00e1: https:\/\/solar.copel.com\/solar\/ Atlas E\u00f3lico e Solar<\/p>\n","protected":false},"author":20,"featured_media":0,"parent":0,"menu_order":0,"comment_status":"closed","ping_status":"closed","template":"","meta":{"colormag_page_container_layout":"default_layout","colormag_page_sidebar_layout":"default_layout","footnotes":""},"class_list":["post-1921","page","type-page","status-publish","hentry"],"_links":{"self":[{"href":"https:\/\/utfpr.curitiba.br\/labens\/wp-json\/wp\/v2\/pages\/1921","targetHints":{"allow":["GET"]}}],"collection":[{"href":"https:\/\/utfpr.curitiba.br\/labens\/wp-json\/wp\/v2\/pages"}],"about":[{"href":"https:\/\/utfpr.curitiba.br\/labens\/wp-json\/wp\/v2\/types\/page"}],"author":[{"embeddable":true,"href":"https:\/\/utfpr.curitiba.br\/labens\/wp-json\/wp\/v2\/users\/20"}],"replies":[{"embeddable":true,"href":"https:\/\/utfpr.curitiba.br\/labens\/wp-json\/wp\/v2\/comments?post=1921"}],"version-history":[{"count":5,"href":"https:\/\/utfpr.curitiba.br\/labens\/wp-json\/wp\/v2\/pages\/1921\/revisions"}],"predecessor-version":[{"id":1940,"href":"https:\/\/utfpr.curitiba.br\/labens\/wp-json\/wp\/v2\/pages\/1921\/revisions\/1940"}],"wp:attachment":[{"href":"https:\/\/utfpr.curitiba.br\/labens\/wp-json\/wp\/v2\/media?parent=1921"}],"curies":[{"name":"wp","href":"https:\/\/api.w.org\/{rel}","templated":true}]}}