{"id":11,"date":"2016-05-02T14:30:50","date_gmt":"2016-05-02T14:30:50","guid":{"rendered":"https:\/\/novolabens2.ct.utfpr.edu.br\/?page_id=11"},"modified":"2023-12-04T07:39:45","modified_gmt":"2023-12-04T10:39:45","slug":"pos-graduacao","status":"publish","type":"page","link":"https:\/\/utfpr.curitiba.br\/labens\/pos-graduacao\/","title":{"rendered":"P\u00d3S-GRADUA\u00c7\u00c3O"},"content":{"rendered":"<h2>Especializa\u00e7\u00e3o em Energias Renov\u00e1veis<\/h2>\n<hr \/>\n<p>OBJETIVO GERAL: Especializar profissionais de n\u00edvel superior quanto as formas de gera\u00e7\u00e3o de energia el\u00e9trica a partir de fontes renov\u00e1veis, capacitando-os para atuar principalmente em empresas do setor energ\u00e9tico.<\/p>\n<p>OBJETIVO ESPEC\u00cdFICO: Apresentar os conceitos de gera\u00e7\u00e3o de energia el\u00e9trica por fonte renov\u00e1vel.Desenvolver nos estudantes, ao final do curso, uma vis\u00e3o ampla sobre as formas de gera\u00e7\u00e3o de energia por fonte renov\u00e1vel.Proporcionar aos estudantes, ao final do curso, os conhecimentos e as aptid\u00f5es \u00fateis para: resolver problemas pr\u00e1ticos, adquirir uma vis\u00e3o cr\u00edtica do assunto e, para o desenvolvimento profissional do estudante.<\/p>\n<p>Disciplinas:<br \/>\n1. Metodologia da Pesquisa<br \/>\n2. Introdu\u00e7\u00e3o as Energias Renov\u00e1veis<br \/>\n3. Energia Solar Fotovoltaica<br \/>\n4. Projeto de Sistemas Fotovoltaicos<br \/>\n5. Energia de Biomassa<br \/>\n6. Conceitos, Tecnologias e Viabilidade de Centrais E\u00f3licas<br \/>\n7. Projeto e Constru\u00e7\u00e3o de Centrais E\u00f3licas<br \/>\n8. Aspectos Regulat\u00f3rios, Comerciais e Leil\u00f5es de Energia<br \/>\n9. Subesta\u00e7\u00f5es e Redes de M\u00e9dia Tens\u00e3o: Conceitos e Comissionamento<br \/>\n10. Implanta\u00e7\u00e3o de Projetos Renov\u00e1veis<br \/>\n11. Introdu\u00e7\u00e3o a Seguran\u00e7a do Trabalho<br \/>\n12. Confiabilidade Aplicada a Sistemas de Energias<br \/>\n13. Semin\u00e1rios Direcionados<br \/>\nDura\u00e7\u00e3o do Curso: 18 meses<br \/>\nCidades onde o curso \u00e9 ofertado: Curitiba<\/p>\n<p>Informa\u00e7\u00f5es:<br \/>\nCoordena\u00e7\u00e3o: Prof. Marcelo Rodrigues<br \/>\n(41) 3310-4626<br \/>\nmarcelor@utfpr.edu.br<\/p>\n<p>Secretaria: Ivone da Costa Dias Sucla<br \/>\n(41) 3310-4866<br \/>\nivonesucla@utfpr.edu.br<\/p>\n<h2>Mestrado Profissional em Sistemas de Energia<\/h2>\n<hr \/>\n<p>OBJETIVO GERAL: O objetivo geral do curso \u00e9 complementar a forma\u00e7\u00e3o acad\u00eamica de profissionais da \u00e1rea el\u00e9trica atrav\u00e9s de p\u00f3s-gradua\u00e7\u00e3o stricto-sensu, de forma a capacit\u00e1-los na condu\u00e7\u00e3o da busca por solu\u00e7\u00f5es dos novos problemas relativos \u00e0s quest\u00f5es processamento e an\u00e1lise de energia, automa\u00e7\u00e3o e instrumenta\u00e7\u00e3o.<\/p>\n<p>OBJETIVOS ESPEC\u00cdFICOS: Ao final do curso, o Mestre em Engenharia El\u00e9trica da \u00e1rea de Automa\u00e7\u00e3o e Sistemas de Energia ser\u00e1 capaz de: &#8211; Propor e desenvolver investiga\u00e7\u00e3o cient\u00edfica na \u00e1rea; &#8211; Desenvolver massa cr\u00edtica capaz de resolver problemas de engenharia, gerando e difundindo conhecimento t\u00e9cnico e cient\u00edfico; &#8211; Liderar projetos de P&amp;D em suas respectivas empresas; &#8211; Especificar, implantar e desenvolver novas tecnologias que resultem em maior rendimento energ\u00e9tico; &#8211; Desenvolver tecnologias para a gera\u00e7\u00e3o e processamento de energia de forma sustent\u00e1vel e renov\u00e1vel; &#8211; Desenvolver e implementar tecnologias mais modernas e inovadoras que resultem na melhoria dos processos industriais existentes; &#8211; Desenvolver instrumentos de medi\u00e7\u00e3o, aperfei\u00e7oar t\u00e9cnicas experimentais e suas aplica\u00e7\u00f5es tecnol\u00f3gicas; &#8211; Desenvolver capacidades para an\u00e1lise, opera\u00e7\u00e3o, controle e prote\u00e7\u00e3o de sistemas el\u00e9tricos de pot\u00eancia.<\/p>\n<p><span style=\"color: #0000ff\"><a class=\"external-link\" style=\"color: #0000ff\" title=\"PROPPG - PR\u00d3-REITORIA DE PESQUISA E P\u00d3S-GRADUA\u00c7\u00c3O\" href=\"http:\/\/www.utfpr.edu.br\/estrutura-universitaria\/pro-reitorias\/proppg\" target=\"_blank\" rel=\"noopener\">PROPPhttp:\/\/bit.ly\/2fCRDIqG &#8211; PR\u00d3-REITORIA DE PESQUISA E P\u00d3S-GRADUA\u00c7\u00c3O<\/a><\/span><br \/>\n<span style=\"color: #0000ff\"> <a class=\"external-link\" style=\"color: #0000ff\" title=\"DIRPPG - DIRETORIA DE PESQUISA E P\u00d3S-GRADUA\u00c7\u00c3O\" href=\"http:\/\/www.utfpr.edu.br\/curitiba\/estrutura-universitaria\/diretorias\/dirppg\/inicio\" target=\"_blank\" rel=\"noopener\">DIRPPG &#8211; DIRETORIA DE PESQUISA E P\u00d3S-GRADUA\u00c7\u00c3O<\/a><\/span><br \/>\nPPGSE &#8211; Programa de P\u00f3s-Gradua\u00e7\u00e3o em Sistemas de Energia<br \/>\nC\u00c2MPUS CURITIBA &#8211; SEDE CENTRO<br \/>\nAv. Sete de Setembro, 3165 &#8211; Rebou\u00e7as<br \/>\nCEP 80230-901 &#8211; Curitiba &#8211; PR &#8211; Brasil<br \/>\nFone: +55 41 3310-4626<\/p>\n<p class=\"discreet\"><span style=\"color: #0000ff\"><a class=\"email-link\" style=\"color: #0000ff\" title=\"\" href=\"mailto:ppgse-ct@utfpr.edu.br\" target=\"_blank\" rel=\"noopener\">ppgse-ct@utfpr.edu.br<\/a><\/span><\/p>\n","protected":false},"excerpt":{"rendered":"<p>Especializa\u00e7\u00e3o em Energias Renov\u00e1veis OBJETIVO GERAL: Especializar profissionais de n\u00edvel superior quanto as formas de gera\u00e7\u00e3o de energia el\u00e9trica a<\/p>\n","protected":false},"author":15,"featured_media":0,"parent":0,"menu_order":0,"comment_status":"closed","ping_status":"closed","template":"","meta":{"colormag_page_container_layout":"default_layout","colormag_page_sidebar_layout":"default_layout","footnotes":""},"class_list":["post-11","page","type-page","status-publish","hentry"],"_links":{"self":[{"href":"https:\/\/utfpr.curitiba.br\/labens\/wp-json\/wp\/v2\/pages\/11","targetHints":{"allow":["GET"]}}],"collection":[{"href":"https:\/\/utfpr.curitiba.br\/labens\/wp-json\/wp\/v2\/pages"}],"about":[{"href":"https:\/\/utfpr.curitiba.br\/labens\/wp-json\/wp\/v2\/types\/page"}],"author":[{"embeddable":true,"href":"https:\/\/utfpr.curitiba.br\/labens\/wp-json\/wp\/v2\/users\/15"}],"replies":[{"embeddable":true,"href":"https:\/\/utfpr.curitiba.br\/labens\/wp-json\/wp\/v2\/comments?post=11"}],"version-history":[{"count":2,"href":"https:\/\/utfpr.curitiba.br\/labens\/wp-json\/wp\/v2\/pages\/11\/revisions"}],"predecessor-version":[{"id":2081,"href":"https:\/\/utfpr.curitiba.br\/labens\/wp-json\/wp\/v2\/pages\/11\/revisions\/2081"}],"wp:attachment":[{"href":"https:\/\/utfpr.curitiba.br\/labens\/wp-json\/wp\/v2\/media?parent=11"}],"curies":[{"name":"wp","href":"https:\/\/api.w.org\/{rel}","templated":true}]}}