{"id":393,"date":"2022-07-20T14:52:09","date_gmt":"2022-07-20T17:52:09","guid":{"rendered":"https:\/\/utfpr.curitiba.br\/internacional\/?page_id=393"},"modified":"2022-10-05T15:30:08","modified_gmt":"2022-10-05T18:30:08","slug":"pra-int","status":"publish","type":"page","link":"https:\/\/utfpr.curitiba.br\/internacional\/pra-int\/","title":{"rendered":"PRA-INT"},"content":{"rendered":"\t\t<div data-elementor-type=\"wp-page\" data-elementor-id=\"393\" class=\"elementor elementor-393\">\n\t\t\t\t\t\t<section class=\"elementor-section elementor-top-section elementor-element elementor-element-f60a68a elementor-section-boxed elementor-section-height-default elementor-section-height-default\" data-id=\"f60a68a\" data-element_type=\"section\" data-e-type=\"section\">\n\t\t\t\t\t\t<div class=\"elementor-container elementor-column-gap-default\">\n\t\t\t\t\t<div class=\"elementor-column elementor-col-100 elementor-top-column elementor-element elementor-element-aa2483b\" data-id=\"aa2483b\" data-element_type=\"column\" data-e-type=\"column\">\n\t\t\t<div class=\"elementor-widget-wrap elementor-element-populated\">\n\t\t\t\t\t\t<div class=\"elementor-element elementor-element-cfc6769 elementor-widget elementor-widget-text-editor\" data-id=\"cfc6769\" data-element_type=\"widget\" data-e-type=\"widget\" data-widget_type=\"text-editor.default\">\n\t\t\t\t<div class=\"elementor-widget-container\">\n\t\t\t\t\t\t\t\t\t<p>Cada curso de Gradua\u00e7\u00e3o da UTFPR possui um(a) Professor(a) Respons\u00e1vel pelas A\u00e7\u00f5es de Internacionaliza\u00e7\u00e3o &#8211; <b>PRAInt<\/b>.&nbsp;Em conjunto com o DERINT, esses docentes atuam com o objetivo de atender aos objetivos de internacionaliza\u00e7\u00e3o previstos no PPC do curso, com a busca de potenciais parcerias, e no acompanhamento acad\u00eamico dos estudantes participantes dos programas de mobilidade internacional.<\/p>\t\t\t\t\t\t\t\t<\/div>\n\t\t\t\t<\/div>\n\t\t\t\t\t<\/div>\n\t\t<\/div>\n\t\t\t\t\t<\/div>\n\t\t<\/section>\n\t\t\t\t<section class=\"elementor-section elementor-top-section elementor-element elementor-element-82a86a4 elementor-section-boxed elementor-section-height-default elementor-section-height-default\" data-id=\"82a86a4\" data-element_type=\"section\" data-e-type=\"section\">\n\t\t\t\t\t\t<div class=\"elementor-container elementor-column-gap-default\">\n\t\t\t\t\t<div class=\"elementor-column elementor-col-100 elementor-top-column elementor-element elementor-element-0521bee\" data-id=\"0521bee\" data-element_type=\"column\" data-e-type=\"column\">\n\t\t\t<div class=\"elementor-widget-wrap elementor-element-populated\">\n\t\t\t\t\t\t<div class=\"elementor-element elementor-element-fcec12e elementor-widget elementor-widget-spacer\" data-id=\"fcec12e\" data-element_type=\"widget\" data-e-type=\"widget\" data-widget_type=\"spacer.default\">\n\t\t\t\t<div class=\"elementor-widget-container\">\n\t\t\t\t\t\t\t<div class=\"elementor-spacer\">\n\t\t\t<div class=\"elementor-spacer-inner\"><\/div>\n\t\t<\/div>\n\t\t\t\t\t\t<\/div>\n\t\t\t\t<\/div>\n\t\t\t\t\t<\/div>\n\t\t<\/div>\n\t\t\t\t\t<\/div>\n\t\t<\/section>\n\t\t\t\t<section class=\"elementor-section elementor-top-section elementor-element elementor-element-57debd2 elementor-section-boxed elementor-section-height-default elementor-section-height-default\" data-id=\"57debd2\" data-element_type=\"section\" data-e-type=\"section\">\n\t\t\t\t\t\t<div class=\"elementor-container elementor-column-gap-default\">\n\t\t\t\t\t<div class=\"elementor-column elementor-col-100 elementor-top-column elementor-element elementor-element-9826a3e\" data-id=\"9826a3e\" data-element_type=\"column\" data-e-type=\"column\">\n\t\t\t<div class=\"elementor-widget-wrap elementor-element-populated\">\n\t\t\t\t\t\t<div class=\"elementor-element elementor-element-57448d3 elementor-widget elementor-widget-heading\" data-id=\"57448d3\" data-element_type=\"widget\" data-e-type=\"widget\" data-widget_type=\"heading.default\">\n\t\t\t\t<div class=\"elementor-widget-container\">\n\t\t\t\t\t<h2 class=\"elementor-heading-title elementor-size-default\">Rela\u00e7\u00e3o de PRAInts do Campus Curitiba<\/h2>\t\t\t\t<\/div>\n\t\t\t\t<\/div>\n\t\t\t\t\t<\/div>\n\t\t<\/div>\n\t\t\t\t\t<\/div>\n\t\t<\/section>\n\t\t\t\t<section class=\"elementor-section elementor-top-section elementor-element elementor-element-1938bef elementor-section-boxed elementor-section-height-default elementor-section-height-default\" data-id=\"1938bef\" data-element_type=\"section\" data-e-type=\"section\">\n\t\t\t\t\t\t<div class=\"elementor-container elementor-column-gap-default\">\n\t\t\t\t\t<div class=\"elementor-column elementor-col-100 elementor-top-column elementor-element elementor-element-9c5ea13\" data-id=\"9c5ea13\" data-element_type=\"column\" data-e-type=\"column\">\n\t\t\t<div class=\"elementor-widget-wrap elementor-element-populated\">\n\t\t\t\t\t\t<div class=\"elementor-element elementor-element-1459a92 elementor-widget elementor-widget-text-editor\" data-id=\"1459a92\" data-element_type=\"widget\" data-e-type=\"widget\" data-widget_type=\"text-editor.default\">\n\t\t\t\t<div class=\"elementor-widget-container\">\n\t\t\t\t\t\t\t\t\t<ul><li>\u00a0Dispon\u00edvel no\u00a0<a href=\"https:\/\/docs.google.com\/spreadsheets\/d\/e\/2PACX-1vTu07FPhjUgw07Co2PdlXZaG6wZUWtNS9zbYciIfZOc8JydPySqqSfZ_o7qkced2ovu2WRdWsxEm6a7\/pubhtml?gid=1049905209&amp;single=true\" target=\"_blank\" rel=\"noopener\">link<\/a>.<\/li><\/ul>\t\t\t\t\t\t\t\t<\/div>\n\t\t\t\t<\/div>\n\t\t\t\t\t<\/div>\n\t\t<\/div>\n\t\t\t\t\t<\/div>\n\t\t<\/section>\n\t\t\t\t<section class=\"elementor-section elementor-top-section elementor-element elementor-element-176ebbd elementor-section-boxed elementor-section-height-default elementor-section-height-default\" data-id=\"176ebbd\" data-element_type=\"section\" data-e-type=\"section\">\n\t\t\t\t\t\t<div class=\"elementor-container elementor-column-gap-default\">\n\t\t\t\t\t<div class=\"elementor-column elementor-col-100 elementor-top-column elementor-element elementor-element-5a53431\" data-id=\"5a53431\" data-element_type=\"column\" data-e-type=\"column\">\n\t\t\t<div class=\"elementor-widget-wrap elementor-element-populated\">\n\t\t\t\t\t\t\t<\/div>\n\t\t<\/div>\n\t\t\t\t\t<\/div>\n\t\t<\/section>\n\t\t\t\t<\/div>\n\t\t","protected":false},"excerpt":{"rendered":"<p>Cada curso de Gradua\u00e7\u00e3o da UTFPR possui um(a) Professor(a) Respons\u00e1vel pelas A\u00e7\u00f5es de Internacionaliza\u00e7\u00e3o &#8211; PRAInt.&nbsp;Em conjunto com o DERINT, esses docentes atuam com o objetivo de atender aos objetivos de internacionaliza\u00e7\u00e3o previstos no PPC do curso, com a busca de potenciais parcerias, e no acompanhamento acad\u00eamico dos estudantes participantes dos programas de mobilidade internacional. [&hellip;]<\/p>\n","protected":false},"author":104,"featured_media":0,"parent":0,"menu_order":0,"comment_status":"closed","ping_status":"closed","template":"","meta":{"footnotes":""},"class_list":["post-393","page","type-page","status-publish","czr-hentry"],"_links":{"self":[{"href":"https:\/\/utfpr.curitiba.br\/internacional\/wp-json\/wp\/v2\/pages\/393","targetHints":{"allow":["GET"]}}],"collection":[{"href":"https:\/\/utfpr.curitiba.br\/internacional\/wp-json\/wp\/v2\/pages"}],"about":[{"href":"https:\/\/utfpr.curitiba.br\/internacional\/wp-json\/wp\/v2\/types\/page"}],"author":[{"embeddable":true,"href":"https:\/\/utfpr.curitiba.br\/internacional\/wp-json\/wp\/v2\/users\/104"}],"replies":[{"embeddable":true,"href":"https:\/\/utfpr.curitiba.br\/internacional\/wp-json\/wp\/v2\/comments?post=393"}],"version-history":[{"count":32,"href":"https:\/\/utfpr.curitiba.br\/internacional\/wp-json\/wp\/v2\/pages\/393\/revisions"}],"predecessor-version":[{"id":2321,"href":"https:\/\/utfpr.curitiba.br\/internacional\/wp-json\/wp\/v2\/pages\/393\/revisions\/2321"}],"wp:attachment":[{"href":"https:\/\/utfpr.curitiba.br\/internacional\/wp-json\/wp\/v2\/media?parent=393"}],"curies":[{"name":"wp","href":"https:\/\/api.w.org\/{rel}","templated":true}]}}