{"id":232,"date":"2022-07-18T15:59:44","date_gmt":"2022-07-18T18:59:44","guid":{"rendered":"https:\/\/utfpr.curitiba.br\/internacional\/?page_id=232"},"modified":"2022-10-04T15:20:32","modified_gmt":"2022-10-04T18:20:32","slug":"global-talk","status":"publish","type":"page","link":"https:\/\/utfpr.curitiba.br\/internacional\/global-talk\/","title":{"rendered":"Global Talk"},"content":{"rendered":"\t\t<div data-elementor-type=\"wp-page\" data-elementor-id=\"232\" class=\"elementor elementor-232\">\n\t\t\t\t\t\t<section class=\"elementor-section elementor-top-section elementor-element elementor-element-c8d1f4a elementor-section-boxed elementor-section-height-default elementor-section-height-default\" data-id=\"c8d1f4a\" data-element_type=\"section\" data-e-type=\"section\">\n\t\t\t\t\t\t<div class=\"elementor-container elementor-column-gap-default\">\n\t\t\t\t\t<div class=\"elementor-column elementor-col-100 elementor-top-column elementor-element elementor-element-6914288\" data-id=\"6914288\" data-element_type=\"column\" data-e-type=\"column\">\n\t\t\t<div class=\"elementor-widget-wrap elementor-element-populated\">\n\t\t\t\t\t\t<div class=\"elementor-element elementor-element-a9a622c elementor-widget elementor-widget-image\" data-id=\"a9a622c\" data-element_type=\"widget\" data-e-type=\"widget\" data-widget_type=\"image.default\">\n\t\t\t\t<div class=\"elementor-widget-container\">\n\t\t\t\t\t\t\t\t\t\t\t\t\t\t\t<img fetchpriority=\"high\" decoding=\"async\" width=\"1024\" height=\"393\" src=\"https:\/\/utfpr-ct-static-content.s3.amazonaws.com\/utfpr.curitiba.br\/wp-content\/uploads\/sites\/125\/2022\/07\/SLIDES-APRESENTCAO-UTFPR-1024x393.png\" class=\"attachment-large size-large wp-image-234\" alt=\"\" srcset=\"https:\/\/utfpr-ct-static-content.s3.amazonaws.com\/utfpr.curitiba.br\/wp-content\/uploads\/sites\/125\/2022\/07\/SLIDES-APRESENTCAO-UTFPR-1024x393.png 1024w, https:\/\/utfpr-ct-static-content.s3.amazonaws.com\/utfpr.curitiba.br\/wp-content\/uploads\/sites\/125\/2022\/07\/SLIDES-APRESENTCAO-UTFPR-300x115.png 300w, https:\/\/utfpr-ct-static-content.s3.amazonaws.com\/utfpr.curitiba.br\/wp-content\/uploads\/sites\/125\/2022\/07\/SLIDES-APRESENTCAO-UTFPR-768x294.png 768w, https:\/\/utfpr-ct-static-content.s3.amazonaws.com\/utfpr.curitiba.br\/wp-content\/uploads\/sites\/125\/2022\/07\/SLIDES-APRESENTCAO-UTFPR-1536x589.png 1536w, https:\/\/utfpr-ct-static-content.s3.amazonaws.com\/utfpr.curitiba.br\/wp-content\/uploads\/sites\/125\/2022\/07\/SLIDES-APRESENTCAO-UTFPR.png 1920w\" sizes=\"(max-width: 1024px) 100vw, 1024px\" \/>\t\t\t\t\t\t\t\t\t\t\t\t\t\t\t<\/div>\n\t\t\t\t<\/div>\n\t\t\t\t\t<\/div>\n\t\t<\/div>\n\t\t\t\t\t<\/div>\n\t\t<\/section>\n\t\t\t\t<section class=\"elementor-section elementor-top-section elementor-element elementor-element-ee06101 elementor-section-boxed elementor-section-height-default elementor-section-height-default\" data-id=\"ee06101\" data-element_type=\"section\" data-e-type=\"section\">\n\t\t\t\t\t\t<div class=\"elementor-container elementor-column-gap-default\">\n\t\t\t\t\t<div class=\"elementor-column elementor-col-100 elementor-top-column elementor-element elementor-element-472641a\" data-id=\"472641a\" data-element_type=\"column\" data-e-type=\"column\">\n\t\t\t<div class=\"elementor-widget-wrap elementor-element-populated\">\n\t\t\t\t\t\t<div class=\"elementor-element elementor-element-7bebbfa elementor-widget elementor-widget-text-editor\" data-id=\"7bebbfa\" data-element_type=\"widget\" data-e-type=\"widget\" data-widget_type=\"text-editor.default\">\n\t\t\t\t<div class=\"elementor-widget-container\">\n\t\t\t\t\t\t\t\t\t<p>O Global Talk \u00e9 uma s\u00e9rie de eventos &#8211; palestras, rodas de conversa, sess\u00f5es informativas &#8211; pensada como um espa\u00e7o aberto para conversas sobre as a\u00e7\u00f5es de internacionaliza\u00e7\u00e3o do Campus Curitiba e, mais especificamente, de mobilidade acad\u00eamica. Nosso objetivo principal \u00e9 aproximar os interessados na tem\u00e1tica das op\u00e7\u00f5es dispon\u00edveis e tamb\u00e9m nos oportunizar repensar as a\u00e7\u00f5es em desenvolvimento para o aprimoramento e a diversifica\u00e7\u00e3o de oportunidades.<\/p>\t\t\t\t\t\t\t\t<\/div>\n\t\t\t\t<\/div>\n\t\t\t\t\t<\/div>\n\t\t<\/div>\n\t\t\t\t\t<\/div>\n\t\t<\/section>\n\t\t\t\t<section class=\"elementor-section elementor-top-section elementor-element elementor-element-18409c3 elementor-section-boxed elementor-section-height-default elementor-section-height-default\" data-id=\"18409c3\" data-element_type=\"section\" data-e-type=\"section\">\n\t\t\t\t\t\t<div class=\"elementor-container elementor-column-gap-default\">\n\t\t\t\t\t<div class=\"elementor-column elementor-col-100 elementor-top-column elementor-element elementor-element-fab1c81\" data-id=\"fab1c81\" data-element_type=\"column\" data-e-type=\"column\">\n\t\t\t<div class=\"elementor-widget-wrap elementor-element-populated\">\n\t\t\t\t\t\t\t<\/div>\n\t\t<\/div>\n\t\t\t\t\t<\/div>\n\t\t<\/section>\n\t\t\t\t<\/div>\n\t\t","protected":false},"excerpt":{"rendered":"<p>O Global Talk \u00e9 uma s\u00e9rie de eventos &#8211; palestras, rodas de conversa, sess\u00f5es informativas &#8211; pensada como um espa\u00e7o aberto para conversas sobre as a\u00e7\u00f5es de internacionaliza\u00e7\u00e3o do Campus Curitiba e, mais especificamente, de mobilidade acad\u00eamica. Nosso objetivo principal \u00e9 aproximar os interessados na tem\u00e1tica das op\u00e7\u00f5es dispon\u00edveis e tamb\u00e9m nos oportunizar repensar as [&hellip;]<\/p>\n","protected":false},"author":104,"featured_media":0,"parent":0,"menu_order":0,"comment_status":"closed","ping_status":"closed","template":"","meta":{"footnotes":""},"class_list":["post-232","page","type-page","status-publish","czr-hentry"],"_links":{"self":[{"href":"https:\/\/utfpr.curitiba.br\/internacional\/wp-json\/wp\/v2\/pages\/232","targetHints":{"allow":["GET"]}}],"collection":[{"href":"https:\/\/utfpr.curitiba.br\/internacional\/wp-json\/wp\/v2\/pages"}],"about":[{"href":"https:\/\/utfpr.curitiba.br\/internacional\/wp-json\/wp\/v2\/types\/page"}],"author":[{"embeddable":true,"href":"https:\/\/utfpr.curitiba.br\/internacional\/wp-json\/wp\/v2\/users\/104"}],"replies":[{"embeddable":true,"href":"https:\/\/utfpr.curitiba.br\/internacional\/wp-json\/wp\/v2\/comments?post=232"}],"version-history":[{"count":19,"href":"https:\/\/utfpr.curitiba.br\/internacional\/wp-json\/wp\/v2\/pages\/232\/revisions"}],"predecessor-version":[{"id":2302,"href":"https:\/\/utfpr.curitiba.br\/internacional\/wp-json\/wp\/v2\/pages\/232\/revisions\/2302"}],"wp:attachment":[{"href":"https:\/\/utfpr.curitiba.br\/internacional\/wp-json\/wp\/v2\/media?parent=232"}],"curies":[{"name":"wp","href":"https:\/\/api.w.org\/{rel}","templated":true}]}}