{"id":562,"date":"2023-07-13T02:05:54","date_gmt":"2023-07-13T05:05:54","guid":{"rendered":"https:\/\/utfpr.lsda.online\/?page_id=82"},"modified":"2024-03-06T13:21:19","modified_gmt":"2024-03-06T16:21:19","slug":"inscreva-se","status":"publish","type":"page","link":"https:\/\/utfpr.curitiba.br\/industria40\/inscreva-se\/","title":{"rendered":"INSCRI\u00c7\u00d5ES ENCERRADAS"},"content":{"rendered":"\t\t<div data-elementor-type=\"wp-page\" data-elementor-id=\"562\" class=\"elementor elementor-562\">\n\t\t\t\t\t\t<section class=\"elementor-section elementor-top-section elementor-element elementor-element-2e70328 elementor-section-boxed elementor-section-height-default elementor-section-height-default\" data-id=\"2e70328\" data-element_type=\"section\" data-e-type=\"section\">\n\t\t\t\t\t\t<div class=\"elementor-container elementor-column-gap-default\">\n\t\t\t\t\t<div class=\"elementor-column elementor-col-50 elementor-top-column elementor-element elementor-element-9b3df4d\" data-id=\"9b3df4d\" data-element_type=\"column\" data-e-type=\"column\">\n\t\t\t<div class=\"elementor-widget-wrap elementor-element-populated\">\n\t\t\t\t\t\t<div class=\"elementor-element elementor-element-f74e77f elementor-widget elementor-widget-heading\" data-id=\"f74e77f\" data-element_type=\"widget\" data-e-type=\"widget\" data-widget_type=\"heading.default\">\n\t\t\t\t<div class=\"elementor-widget-container\">\n\t\t\t\t\t<h2 class=\"elementor-heading-title elementor-size-default\">Inscreva-se<\/h2>\t\t\t\t<\/div>\n\t\t\t\t<\/div>\n\t\t\t\t<div class=\"elementor-element elementor-element-bec467d elementor-widget elementor-widget-text-editor\" data-id=\"bec467d\" data-element_type=\"widget\" data-e-type=\"widget\" data-widget_type=\"text-editor.default\">\n\t\t\t\t<div class=\"elementor-widget-container\">\n\t\t\t\t\t\t\t\t\t<p>Per\u00edodo de Inscri\u00e7\u00e3o: 15\/04\/2023 \u00e0 <b>09\/02\/2024<\/b><\/p><p>Resultado da classifica\u00e7\u00e3o: 16\/02\/2024<\/p><p>Interposi\u00e7\u00e3o de Recurso: 19\/02\/2024 \u00e0 20\/02\/2024<\/p><p>Per\u00edodo de Matr\u00edcula: 21\/02\/2024 \u00e0 27\/02\/2024<\/p><p>Segunda chamada para matr\u00edcula: 28\/02\/2024 \u00e0 29\/02\/2024<br \/><br \/><\/p><p><b>Inscri\u00e7\u00f5es aqui:<\/b><br \/><a href=\"http:\/\/conveniar.funtefpr.org.br\/eventos\/Forms\/Servicos\/EventoDados.aspx?action=1484\">http:\/\/conveniar.funtefpr.org.br\/eventos\/Forms\/Servicos\/EventoDados.aspx?action=1484<\/a><\/p><p>\u00a0<\/p>\t\t\t\t\t\t\t\t<\/div>\n\t\t\t\t<\/div>\n\t\t\t\t\t<\/div>\n\t\t<\/div>\n\t\t\t\t<div class=\"elementor-column elementor-col-50 elementor-top-column elementor-element elementor-element-d6deb76\" data-id=\"d6deb76\" data-element_type=\"column\" data-e-type=\"column\" data-settings=\"{&quot;background_background&quot;:&quot;classic&quot;}\">\n\t\t\t<div class=\"elementor-widget-wrap elementor-element-populated\">\n\t\t\t\t\t\t<div class=\"elementor-element elementor-element-b13e7bf elementor-widget elementor-widget-heading\" data-id=\"b13e7bf\" data-element_type=\"widget\" data-e-type=\"widget\" data-widget_type=\"heading.default\">\n\t\t\t\t<div class=\"elementor-widget-container\">\n\t\t\t\t\t<h2 class=\"elementor-heading-title elementor-size-default\">Formul\u00e1rio de contato<\/h2>\t\t\t\t<\/div>\n\t\t\t\t<\/div>\n\t\t\t\t<div class=\"elementor-element elementor-element-6bba4c9 elementor-widget elementor-widget-shortcode\" data-id=\"6bba4c9\" data-element_type=\"widget\" data-e-type=\"widget\" data-widget_type=\"shortcode.default\">\n\t\t\t\t<div class=\"elementor-widget-container\">\n\t\t\t\t\t\t\t<div class=\"elementor-shortcode\">[contact-form-7 id=\"554\" title=\"Inscri\u00e7\u00f5es\"]<\/div>\n\t\t\t\t\t\t<\/div>\n\t\t\t\t<\/div>\n\t\t\t\t\t<\/div>\n\t\t<\/div>\n\t\t\t\t\t<\/div>\n\t\t<\/section>\n\t\t\t\t<section class=\"elementor-section elementor-top-section elementor-element elementor-element-a71abed elementor-hidden-desktop elementor-hidden-tablet elementor-hidden-mobile elementor-section-boxed elementor-section-height-default elementor-section-height-default\" data-id=\"a71abed\" data-element_type=\"section\" data-e-type=\"section\">\n\t\t\t\t\t\t<div class=\"elementor-container elementor-column-gap-default\">\n\t\t\t\t\t<div class=\"elementor-column elementor-col-50 elementor-top-column elementor-element elementor-element-297f085\" data-id=\"297f085\" data-element_type=\"column\" data-e-type=\"column\">\n\t\t\t<div class=\"elementor-widget-wrap elementor-element-populated\">\n\t\t\t\t\t\t<div class=\"elementor-element elementor-element-38f81d6 elementor-widget__width-initial elementor-widget-mobile__width-inherit elementor-widget elementor-widget-text-editor\" data-id=\"38f81d6\" data-element_type=\"widget\" data-e-type=\"widget\" data-widget_type=\"text-editor.default\">\n\t\t\t\t<div class=\"elementor-widget-container\">\n\t\t\t\t\t\t\t\t\t<p>Per\u00edodo de Inscri\u00e7\u00e3o 15\/11\/2022 \u00e0 24\/02\/2023<\/p><p><br \/>Resultado da classifica\u00e7\u00e3o 27\/02\/2023<\/p><p><br \/>Interposi\u00e7\u00e3o de Recurso 28\/02\/2023 \u00e0 01\/03\/2023<\/p><p><br \/>Per\u00edodo de Matr\u00edcula 02\/03\/2023 \u00e0 08\/03\/2023<\/p><p><br \/>Segunda chamada para matr\u00edcula 09\/03\/2023 \u00e0 10\/03\/2023<\/p>\t\t\t\t\t\t\t\t<\/div>\n\t\t\t\t<\/div>\n\t\t\t\t\t<\/div>\n\t\t<\/div>\n\t\t\t\t<div class=\"elementor-column elementor-col-50 elementor-top-column elementor-element elementor-element-4aaa7cb\" data-id=\"4aaa7cb\" data-element_type=\"column\" data-e-type=\"column\" data-settings=\"{&quot;background_background&quot;:&quot;classic&quot;}\">\n\t\t\t<div class=\"elementor-widget-wrap elementor-element-populated\">\n\t\t\t\t\t\t<div class=\"elementor-element elementor-element-1a7922d elementor-widget elementor-widget-heading\" data-id=\"1a7922d\" data-element_type=\"widget\" data-e-type=\"widget\" data-widget_type=\"heading.default\">\n\t\t\t\t<div class=\"elementor-widget-container\">\n\t\t\t\t\t<h2 class=\"elementor-heading-title elementor-size-default\">Formul\u00e1rio de contato<\/h2>\t\t\t\t<\/div>\n\t\t\t\t<\/div>\n\t\t\t\t<div class=\"elementor-element elementor-element-e3fd8b6 elementor-widget elementor-widget-shortcode\" data-id=\"e3fd8b6\" data-element_type=\"widget\" data-e-type=\"widget\" data-widget_type=\"shortcode.default\">\n\t\t\t\t<div class=\"elementor-widget-container\">\n\t\t\t\t\t\t\t<div class=\"elementor-shortcode\">[contact-form-7 id=\"554\" title=\"Inscri\u00e7\u00f5es\"]<\/div>\n\t\t\t\t\t\t<\/div>\n\t\t\t\t<\/div>\n\t\t\t\t\t<\/div>\n\t\t<\/div>\n\t\t\t\t\t<\/div>\n\t\t<\/section>\n\t\t\t\t<\/div>\n\t\t","protected":false},"excerpt":{"rendered":"<p>\/*! elementor &#8211; v3.15.0 &#8211; 20-08-2023 *\/ .elementor-heading-title{padding:0;margin:0;line-height:1}.elementor-widget-heading .elementor-heading-title[class*=elementor-size-]&gt;a{color:inherit;font-size:inherit;line-height:inherit}.elementor-widget-heading .elementor-heading-title.elementor-size-small{font-size:15px}.elementor-widget-heading .elementor-heading-title.elementor-size-medium{font-size:19px}.elementor-widget-heading .elementor-heading-title.elementor-size-large{font-size:29px}.elementor-widget-heading .elementor-heading-title.elementor-size-xl{font-size:39px}.elementor-widget-heading .elementor-heading-title.elementor-size-xxl{font-size:59px} Inscreva-se Per\u00edodo de Inscri\u00e7\u00e3o: 15\/04\/2023 \u00e0 09\/02\/2024 Resultado da classifica\u00e7\u00e3o: 16\/02\/2024 Interposi\u00e7\u00e3o de Recurso: 19\/02\/2024 \u00e0 20\/02\/2024 Per\u00edodo de Matr\u00edcula: 21\/02\/2024 \u00e0 27\/02\/2024 Segunda chamada para matr\u00edcula: 28\/02\/2024 \u00e0 29\/02\/2024 Inscri\u00e7\u00f5es aqui: http:\/\/conveniar.funtefpr.org.br\/eventos\/Forms\/Servicos\/EventoDados.aspx?action=1484 Formul\u00e1rio de contato [contact-form-7 id=&#8221;554&#8243; title=&#8221;Inscri\u00e7\u00f5es&#8221;] Per\u00edodo de [&hellip;]<\/p>\n","protected":false},"author":15,"featured_media":0,"parent":0,"menu_order":0,"comment_status":"closed","ping_status":"closed","template":"","meta":{"footnotes":""},"class_list":["post-562","page","type-page","status-publish","hentry"],"_links":{"self":[{"href":"https:\/\/utfpr.curitiba.br\/industria40\/wp-json\/wp\/v2\/pages\/562","targetHints":{"allow":["GET"]}}],"collection":[{"href":"https:\/\/utfpr.curitiba.br\/industria40\/wp-json\/wp\/v2\/pages"}],"about":[{"href":"https:\/\/utfpr.curitiba.br\/industria40\/wp-json\/wp\/v2\/types\/page"}],"author":[{"embeddable":true,"href":"https:\/\/utfpr.curitiba.br\/industria40\/wp-json\/wp\/v2\/users\/15"}],"replies":[{"embeddable":true,"href":"https:\/\/utfpr.curitiba.br\/industria40\/wp-json\/wp\/v2\/comments?post=562"}],"version-history":[{"count":32,"href":"https:\/\/utfpr.curitiba.br\/industria40\/wp-json\/wp\/v2\/pages\/562\/revisions"}],"predecessor-version":[{"id":732,"href":"https:\/\/utfpr.curitiba.br\/industria40\/wp-json\/wp\/v2\/pages\/562\/revisions\/732"}],"wp:attachment":[{"href":"https:\/\/utfpr.curitiba.br\/industria40\/wp-json\/wp\/v2\/media?parent=562"}],"curies":[{"name":"wp","href":"https:\/\/api.w.org\/{rel}","templated":true}]}}