{"id":561,"date":"2023-06-14T19:30:00","date_gmt":"2023-06-14T22:30:00","guid":{"rendered":"http:\/\/dagee.local\/especializacao\/?page_id=6"},"modified":"2023-10-02T18:53:57","modified_gmt":"2023-10-02T21:53:57","slug":"curso","status":"publish","type":"page","link":"https:\/\/utfpr.curitiba.br\/industria40\/","title":{"rendered":"CURSO"},"content":{"rendered":"\t\t<div data-elementor-type=\"wp-page\" data-elementor-id=\"561\" class=\"elementor elementor-561\">\n\t\t\t\t\t\t<section class=\"elementor-section elementor-top-section elementor-element elementor-element-7e0d4164 elementor-section-height-min-height elementor-section-boxed elementor-section-height-default elementor-section-items-middle\" data-id=\"7e0d4164\" data-element_type=\"section\" data-e-type=\"section\" data-settings=\"{&quot;background_background&quot;:&quot;classic&quot;}\">\n\t\t\t\t\t\t\t<div class=\"elementor-background-overlay\"><\/div>\n\t\t\t\t\t\t\t<div class=\"elementor-container elementor-column-gap-default\">\n\t\t\t\t\t<div class=\"elementor-column elementor-col-100 elementor-top-column elementor-element elementor-element-61256691\" data-id=\"61256691\" data-element_type=\"column\" data-e-type=\"column\">\n\t\t\t<div class=\"elementor-widget-wrap elementor-element-populated\">\n\t\t\t\t\t\t<div class=\"elementor-element elementor-element-59a6d7da elementor-widget__width-initial elementor-widget-mobile__width-inherit elementor-invisible elementor-widget elementor-widget-heading\" data-id=\"59a6d7da\" data-element_type=\"widget\" data-e-type=\"widget\" data-settings=\"{&quot;_animation&quot;:&quot;fadeInUp&quot;,&quot;_animation_delay&quot;:&quot;10&quot;}\" data-widget_type=\"heading.default\">\n\t\t\t\t<div class=\"elementor-widget-container\">\n\t\t\t\t\t<h1 class=\"elementor-heading-title elementor-size-default\">Curso de Especializa\u00e7\u00e3o em Ind\u00fastria 4.0<\/h1>\t\t\t\t<\/div>\n\t\t\t\t<\/div>\n\t\t\t\t\t<\/div>\n\t\t<\/div>\n\t\t\t\t\t<\/div>\n\t\t<\/section>\n\t\t\t\t<section class=\"elementor-section elementor-top-section elementor-element elementor-element-c23b829 elementor-section-boxed elementor-section-height-default elementor-section-height-default\" data-id=\"c23b829\" data-element_type=\"section\" data-e-type=\"section\" data-settings=\"{&quot;background_background&quot;:&quot;classic&quot;}\">\n\t\t\t\t\t\t<div class=\"elementor-container elementor-column-gap-default\">\n\t\t\t\t\t<div class=\"elementor-column elementor-col-100 elementor-top-column elementor-element elementor-element-592410d\" data-id=\"592410d\" data-element_type=\"column\" data-e-type=\"column\" data-settings=\"{&quot;background_background&quot;:&quot;classic&quot;}\">\n\t\t\t<div class=\"elementor-widget-wrap elementor-element-populated\">\n\t\t\t\t\t\t<div class=\"elementor-element elementor-element-201927a elementor-widget elementor-widget-heading\" data-id=\"201927a\" data-element_type=\"widget\" data-e-type=\"widget\" data-widget_type=\"heading.default\">\n\t\t\t\t<div class=\"elementor-widget-container\">\n\t\t\t\t\t<h2 class=\"elementor-heading-title elementor-size-default\">Objetivos<\/h2>\t\t\t\t<\/div>\n\t\t\t\t<\/div>\n\t\t\t\t<div class=\"elementor-element elementor-element-28b32a1 elementor-widget elementor-widget-text-editor\" data-id=\"28b32a1\" data-element_type=\"widget\" data-e-type=\"widget\" data-widget_type=\"text-editor.default\">\n\t\t\t\t<div class=\"elementor-widget-container\">\n\t\t\t\t\t\t\t\t\t<p>Esse curso de especializa\u00e7\u00e3o em Ind\u00fastria 4.0 tem como objetivo oferecer um diferencial no desempenho profissional dos participantes na forma de uma vis\u00e3o ampla e ao mesmo tempo detalhada do processo, que lhes permitam tomar decis\u00f5es e atitudes para facilitar a solu\u00e7\u00e3o de problemas nas ind\u00fastrias atualmente.<\/p>\t\t\t\t\t\t\t\t<\/div>\n\t\t\t\t<\/div>\n\t\t\t\t\t<\/div>\n\t\t<\/div>\n\t\t\t\t\t<\/div>\n\t\t<\/section>\n\t\t\t\t<section class=\"elementor-section elementor-top-section elementor-element elementor-element-0f622a0 elementor-section-boxed elementor-section-height-default elementor-section-height-default\" data-id=\"0f622a0\" data-element_type=\"section\" data-e-type=\"section\" data-settings=\"{&quot;background_background&quot;:&quot;classic&quot;}\">\n\t\t\t\t\t\t<div class=\"elementor-container elementor-column-gap-default\">\n\t\t\t\t\t<div class=\"elementor-column elementor-col-50 elementor-top-column elementor-element elementor-element-16be447\" data-id=\"16be447\" data-element_type=\"column\" data-e-type=\"column\">\n\t\t\t<div class=\"elementor-widget-wrap elementor-element-populated\">\n\t\t\t\t\t\t<div class=\"elementor-element elementor-element-170e051 elementor-widget elementor-widget-heading\" data-id=\"170e051\" data-element_type=\"widget\" data-e-type=\"widget\" data-widget_type=\"heading.default\">\n\t\t\t\t<div class=\"elementor-widget-container\">\n\t\t\t\t\t<h2 class=\"elementor-heading-title elementor-size-default\">P\u00fablico-Alvo<\/h2>\t\t\t\t<\/div>\n\t\t\t\t<\/div>\n\t\t\t\t<div class=\"elementor-element elementor-element-f6d07bb elementor-widget__width-initial elementor-widget elementor-widget-text-editor\" data-id=\"f6d07bb\" data-element_type=\"widget\" data-e-type=\"widget\" data-widget_type=\"text-editor.default\">\n\t\t\t\t<div class=\"elementor-widget-container\">\n\t\t\t\t\t\t\t\t\t<p>O curso se destina, preferencialmente, \u00e0 portadores de diploma de cursos reconhecidos pelo MEC, em engenharias (el\u00e9trica, mec\u00e2nica, eletr\u00f4nica, da computa\u00e7\u00e3o), em inform\u00e1tica (Sistema de Informa\u00e7\u00e3o, Ci\u00eancia da Computa\u00e7\u00e3o, Tecnologia em Processamento de Dados, Telecomunica\u00e7\u00f5es) ou \u00e1reas afins, que desejam atualizar-se e aumentar seus conhecimentos,<br \/>possibilitando seu ingresso no setor de TI.<\/p>\t\t\t\t\t\t\t\t<\/div>\n\t\t\t\t<\/div>\n\t\t\t\t\t<\/div>\n\t\t<\/div>\n\t\t\t\t<div class=\"elementor-column elementor-col-50 elementor-top-column elementor-element elementor-element-d4ffe2e\" data-id=\"d4ffe2e\" data-element_type=\"column\" data-e-type=\"column\">\n\t\t\t<div class=\"elementor-widget-wrap elementor-element-populated\">\n\t\t\t\t\t\t<div class=\"elementor-element elementor-element-0b54bff elementor-widget elementor-widget-heading\" data-id=\"0b54bff\" data-element_type=\"widget\" data-e-type=\"widget\" data-widget_type=\"heading.default\">\n\t\t\t\t<div class=\"elementor-widget-container\">\n\t\t\t\t\t<h2 class=\"elementor-heading-title elementor-size-default\">Carga hor\u00e1ria e hor\u00e1rio das aulas<\/h2>\t\t\t\t<\/div>\n\t\t\t\t<\/div>\n\t\t\t\t<div class=\"elementor-element elementor-element-95ac969 elementor-widget__width-initial elementor-widget elementor-widget-text-editor\" data-id=\"95ac969\" data-element_type=\"widget\" data-e-type=\"widget\" data-widget_type=\"text-editor.default\">\n\t\t\t\t<div class=\"elementor-widget-container\">\n\t\t\t\t\t\t\t\t\t<p>A carga hor\u00e1ria total do curso \u00e9 de\u00a0360\u00a0horas, sendo que as aulas ser\u00e3o ministradas 100% online de forma s\u00edncrona, \u00e0s\u00a0sextas-feiras\u00a0\u00e0 noite (das 18:40 \u00e0s 23:00) e aos\u00a0s\u00e1bados, no turno da manh\u00e3 e tarde (das 08:20 \u00e0s 17:30). Preferencialmente de forma quinzenal.<\/p>\t\t\t\t\t\t\t\t<\/div>\n\t\t\t\t<\/div>\n\t\t\t\t\t<\/div>\n\t\t<\/div>\n\t\t\t\t\t<\/div>\n\t\t<\/section>\n\t\t\t\t<\/div>\n\t\t","protected":false},"excerpt":{"rendered":"<p>\/*! elementor &#8211; v3.15.0 &#8211; 20-08-2023 *\/ .elementor-heading-title{padding:0;margin:0;line-height:1}.elementor-widget-heading .elementor-heading-title[class*=elementor-size-]&gt;a{color:inherit;font-size:inherit;line-height:inherit}.elementor-widget-heading .elementor-heading-title.elementor-size-small{font-size:15px}.elementor-widget-heading .elementor-heading-title.elementor-size-medium{font-size:19px}.elementor-widget-heading .elementor-heading-title.elementor-size-large{font-size:29px}.elementor-widget-heading .elementor-heading-title.elementor-size-xl{font-size:39px}.elementor-widget-heading .elementor-heading-title.elementor-size-xxl{font-size:59px} Curso de Especializa\u00e7\u00e3o em Ind\u00fastria 4.0 Objetivos Esse curso de especializa\u00e7\u00e3o em Ind\u00fastria 4.0 tem como objetivo oferecer um diferencial no desempenho profissional dos participantes na forma de uma vis\u00e3o ampla e ao mesmo tempo detalhada do processo, que lhes permitam [&hellip;]<\/p>\n","protected":false},"author":15,"featured_media":0,"parent":0,"menu_order":0,"comment_status":"closed","ping_status":"closed","template":"","meta":{"footnotes":""},"class_list":["post-561","page","type-page","status-publish","hentry"],"_links":{"self":[{"href":"https:\/\/utfpr.curitiba.br\/industria40\/wp-json\/wp\/v2\/pages\/561","targetHints":{"allow":["GET"]}}],"collection":[{"href":"https:\/\/utfpr.curitiba.br\/industria40\/wp-json\/wp\/v2\/pages"}],"about":[{"href":"https:\/\/utfpr.curitiba.br\/industria40\/wp-json\/wp\/v2\/types\/page"}],"author":[{"embeddable":true,"href":"https:\/\/utfpr.curitiba.br\/industria40\/wp-json\/wp\/v2\/users\/15"}],"replies":[{"embeddable":true,"href":"https:\/\/utfpr.curitiba.br\/industria40\/wp-json\/wp\/v2\/comments?post=561"}],"version-history":[{"count":40,"href":"https:\/\/utfpr.curitiba.br\/industria40\/wp-json\/wp\/v2\/pages\/561\/revisions"}],"predecessor-version":[{"id":669,"href":"https:\/\/utfpr.curitiba.br\/industria40\/wp-json\/wp\/v2\/pages\/561\/revisions\/669"}],"wp:attachment":[{"href":"https:\/\/utfpr.curitiba.br\/industria40\/wp-json\/wp\/v2\/media?parent=561"}],"curies":[{"name":"wp","href":"https:\/\/api.w.org\/{rel}","templated":true}]}}