{"id":560,"date":"2023-07-24T22:32:19","date_gmt":"2023-07-25T01:32:19","guid":{"rendered":"https:\/\/utfpr.lsda.online\/mbagestaoempresaria\/?page_id=11"},"modified":"2023-10-02T18:54:39","modified_gmt":"2023-10-02T21:54:39","slug":"investimento","status":"publish","type":"page","link":"https:\/\/utfpr.curitiba.br\/industria40\/investimento\/","title":{"rendered":"INVESTIMENTO"},"content":{"rendered":"\t\t<div data-elementor-type=\"wp-page\" data-elementor-id=\"560\" class=\"elementor elementor-560\">\n\t\t\t\t\t\t<section class=\"elementor-section elementor-top-section elementor-element elementor-element-58a7919 elementor-section-boxed elementor-section-height-default elementor-section-height-default\" data-id=\"58a7919\" data-element_type=\"section\" data-e-type=\"section\">\n\t\t\t\t\t\t<div class=\"elementor-container elementor-column-gap-default\">\n\t\t\t\t\t<div class=\"elementor-column elementor-col-100 elementor-top-column elementor-element elementor-element-08ac578\" data-id=\"08ac578\" data-element_type=\"column\" data-e-type=\"column\">\n\t\t\t<div class=\"elementor-widget-wrap elementor-element-populated\">\n\t\t\t\t\t\t<div class=\"elementor-element elementor-element-149c025 elementor-widget elementor-widget-heading\" data-id=\"149c025\" data-element_type=\"widget\" data-e-type=\"widget\" data-widget_type=\"heading.default\">\n\t\t\t\t<div class=\"elementor-widget-container\">\n\t\t\t\t\t<h2 class=\"elementor-heading-title elementor-size-default\">Investimento<\/h2>\t\t\t\t<\/div>\n\t\t\t\t<\/div>\n\t\t\t\t<div class=\"elementor-element elementor-element-b7ca4a9 elementor-widget elementor-widget-text-editor\" data-id=\"b7ca4a9\" data-element_type=\"widget\" data-e-type=\"widget\" data-widget_type=\"text-editor.default\">\n\t\t\t\t<div class=\"elementor-widget-container\">\n\t\t\t\t\t\t\t\t\t<p><strong>Taxa de Inscri\u00e7\u00e3o: R$ 50,00<\/strong><\/p>\n<p>1. O candidato, no ato da matr\u00edcula, far\u00e1 a op\u00e7\u00e3o de uma das seguintes condi\u00e7\u00f5es<br>de pagamento:<br>a) Valor do Curso \u00e0 vista: Matr\u00edcula no valor de R$ 500,00 e parcela \u00fanica no<br>valor de R$ 9.450,00.<br>b) Valor do Curso parcelado: Matr\u00edcula no valor de R$ 500,00 mais 20 parcelas<br>de R$ 500,00 com vencimentos nos dias 10 de cada m\u00eas, a partir do m\u00eas de<br>setembro de 2023.<\/p><p><br>2. N\u00e3o haver\u00e1 a devolu\u00e7\u00e3o da taxa de inscri\u00e7\u00e3o dos candidatos desistentes ou n\u00e3o<br>classificados, caso o curso tiver sua abertura confirmada.<\/p><p><br>3. A devolu\u00e7\u00e3o da taxa de matr\u00edcula, no caso de desist\u00eancia, se far\u00e1 no montante<br>de 80% de seu valor, desde que solicitada antes do in\u00edcio das aulas do curso.<\/p>\t\t\t\t\t\t\t\t<\/div>\n\t\t\t\t<\/div>\n\t\t\t\t\t<\/div>\n\t\t<\/div>\n\t\t\t\t\t<\/div>\n\t\t<\/section>\n\t\t\t\t<\/div>\n\t\t","protected":false},"excerpt":{"rendered":"<p>\/*! elementor &#8211; v3.14.0 &#8211; 26-06-2023 *\/ .elementor-heading-title{padding:0;margin:0;line-height:1}.elementor-widget-heading .elementor-heading-title[class*=elementor-size-]&gt;a{color:inherit;font-size:inherit;line-height:inherit}.elementor-widget-heading .elementor-heading-title.elementor-size-small{font-size:15px}.elementor-widget-heading .elementor-heading-title.elementor-size-medium{font-size:19px}.elementor-widget-heading .elementor-heading-title.elementor-size-large{font-size:29px}.elementor-widget-heading .elementor-heading-title.elementor-size-xl{font-size:39px}.elementor-widget-heading .elementor-heading-title.elementor-size-xxl{font-size:59px} Investimento Taxa de Inscri\u00e7\u00e3o: R$ 50,00 1. O candidato, no ato da matr\u00edcula, far\u00e1 a op\u00e7\u00e3o de uma das seguintes condi\u00e7\u00f5es de pagamento: a) Valor do Curso \u00e0 vista: Matr\u00edcula no valor de R$ 500,00 e parcela \u00fanica no valor de [&hellip;]<\/p>\n","protected":false},"author":15,"featured_media":0,"parent":0,"menu_order":0,"comment_status":"closed","ping_status":"closed","template":"","meta":{"footnotes":""},"class_list":["post-560","page","type-page","status-publish","hentry"],"_links":{"self":[{"href":"https:\/\/utfpr.curitiba.br\/industria40\/wp-json\/wp\/v2\/pages\/560","targetHints":{"allow":["GET"]}}],"collection":[{"href":"https:\/\/utfpr.curitiba.br\/industria40\/wp-json\/wp\/v2\/pages"}],"about":[{"href":"https:\/\/utfpr.curitiba.br\/industria40\/wp-json\/wp\/v2\/types\/page"}],"author":[{"embeddable":true,"href":"https:\/\/utfpr.curitiba.br\/industria40\/wp-json\/wp\/v2\/users\/15"}],"replies":[{"embeddable":true,"href":"https:\/\/utfpr.curitiba.br\/industria40\/wp-json\/wp\/v2\/comments?post=560"}],"version-history":[{"count":1,"href":"https:\/\/utfpr.curitiba.br\/industria40\/wp-json\/wp\/v2\/pages\/560\/revisions"}],"predecessor-version":[{"id":672,"href":"https:\/\/utfpr.curitiba.br\/industria40\/wp-json\/wp\/v2\/pages\/560\/revisions\/672"}],"wp:attachment":[{"href":"https:\/\/utfpr.curitiba.br\/industria40\/wp-json\/wp\/v2\/media?parent=560"}],"curies":[{"name":"wp","href":"https:\/\/api.w.org\/{rel}","templated":true}]}}