{"id":42,"date":"2023-06-14T19:31:09","date_gmt":"2023-06-14T22:31:09","guid":{"rendered":"http:\/\/dagee.local\/especializacao\/?page_id=17"},"modified":"2023-10-02T18:53:41","modified_gmt":"2023-10-02T21:53:41","slug":"contato-2","status":"publish","type":"page","link":"https:\/\/utfpr.curitiba.br\/industria40\/contato-2\/","title":{"rendered":"CONTATO"},"content":{"rendered":"\t\t<div data-elementor-type=\"wp-page\" data-elementor-id=\"42\" class=\"elementor elementor-42\">\n\t\t\t\t\t\t<section class=\"elementor-section elementor-top-section elementor-element elementor-element-653eb527 elementor-section-boxed elementor-section-height-default elementor-section-height-default\" data-id=\"653eb527\" data-element_type=\"section\" data-e-type=\"section\">\n\t\t\t\t\t\t<div class=\"elementor-container elementor-column-gap-default\">\n\t\t\t\t\t<div class=\"elementor-column elementor-col-100 elementor-top-column elementor-element elementor-element-80d4fb0\" data-id=\"80d4fb0\" data-element_type=\"column\" data-e-type=\"column\">\n\t\t\t<div class=\"elementor-widget-wrap elementor-element-populated\">\n\t\t\t\t\t\t<section class=\"elementor-section elementor-inner-section elementor-element elementor-element-ecfdee6 elementor-section-full_width elementor-section-height-default elementor-section-height-default\" data-id=\"ecfdee6\" data-element_type=\"section\" data-e-type=\"section\">\n\t\t\t\t\t\t<div class=\"elementor-container elementor-column-gap-default\">\n\t\t\t\t\t<div class=\"elementor-column elementor-col-50 elementor-inner-column elementor-element elementor-element-26f37b0\" data-id=\"26f37b0\" data-element_type=\"column\" data-e-type=\"column\">\n\t\t\t<div class=\"elementor-widget-wrap elementor-element-populated\">\n\t\t\t\t\t\t<div class=\"elementor-element elementor-element-52f6ab2 elementor-widget elementor-widget-heading\" data-id=\"52f6ab2\" data-element_type=\"widget\" data-e-type=\"widget\" data-widget_type=\"heading.default\">\n\t\t\t\t<div class=\"elementor-widget-container\">\n\t\t\t\t\t<h2 class=\"elementor-heading-title elementor-size-default\">Contato<\/h2>\t\t\t\t<\/div>\n\t\t\t\t<\/div>\n\t\t\t\t<div class=\"elementor-element elementor-element-e26b4c1 elementor-widget elementor-widget-text-editor\" data-id=\"e26b4c1\" data-element_type=\"widget\" data-e-type=\"widget\" data-widget_type=\"text-editor.default\">\n\t\t\t\t<div class=\"elementor-widget-container\">\n\t\t\t\t\t\t\t\t\t<p>Universidade Tecnol\u00f3gica Federal do Paran\u00e1 \u2013 UTFPR \u2013 C\u00e2mpus Curitiba<br>Departamento Acad\u00eamico de Eletr\u00f4nica \u2013 DAELN<br>N\u00facleo Avan\u00e7ado de Tecnologia de Comunica\u00e7\u00f5es \u2013 NATEC<\/p>\n<p>Av. Sete de Setembro, 3165 \u2013 Rebou\u00e7as<br>CEP: 80230-901 \u2013 Curitiba \u2013 Paran\u00e1<\/p>\n<p>Coordena\u00e7\u00e3o:<br><b>Prof. Dr. Kleber Kendy Horikawa Nabas&nbsp;( kleber@utfpr.edu.br )<br>Prof. Dr. Emerson Rigoni&nbsp;( rigoni@utfpr.edu.br )<\/b><\/p>\n<p>Telefones:<br><b>(41) 99603-1790, Kleber<br>(41) 99982-5356, Rigoni<\/b><br>(41) 3310-4767, Laborat\u00f3rio NATEC<\/p>\t\t\t\t\t\t\t\t<\/div>\n\t\t\t\t<\/div>\n\t\t\t\t\t<\/div>\n\t\t<\/div>\n\t\t\t\t<div class=\"elementor-column elementor-col-50 elementor-inner-column elementor-element elementor-element-058395b\" data-id=\"058395b\" data-element_type=\"column\" data-e-type=\"column\" data-settings=\"{&quot;background_background&quot;:&quot;classic&quot;}\">\n\t\t\t<div class=\"elementor-widget-wrap elementor-element-populated\">\n\t\t\t\t\t\t<div class=\"elementor-element elementor-element-d779121 elementor-widget elementor-widget-heading\" data-id=\"d779121\" data-element_type=\"widget\" data-e-type=\"widget\" data-widget_type=\"heading.default\">\n\t\t\t\t<div class=\"elementor-widget-container\">\n\t\t\t\t\t<h2 class=\"elementor-heading-title elementor-size-default\">Formul\u00e1rio de contato<\/h2>\t\t\t\t<\/div>\n\t\t\t\t<\/div>\n\t\t\t\t<div class=\"elementor-element elementor-element-cd4ce54 elementor-widget elementor-widget-shortcode\" data-id=\"cd4ce54\" data-element_type=\"widget\" data-e-type=\"widget\" data-widget_type=\"shortcode.default\">\n\t\t\t\t<div class=\"elementor-widget-container\">\n\t\t\t\t\t\t\t<div class=\"elementor-shortcode\">[contact-form-7 id=\"555\" title=\"Contato\"]<\/div>\n\t\t\t\t\t\t<\/div>\n\t\t\t\t<\/div>\n\t\t\t\t\t<\/div>\n\t\t<\/div>\n\t\t\t\t\t<\/div>\n\t\t<\/section>\n\t\t\t\t<div class=\"elementor-element elementor-element-6493148d elementor-widget-divider--view-line elementor-widget elementor-widget-divider\" data-id=\"6493148d\" data-element_type=\"widget\" data-e-type=\"widget\" data-widget_type=\"divider.default\">\n\t\t\t\t<div class=\"elementor-widget-container\">\n\t\t\t\t\t\t\t<div class=\"elementor-divider\">\n\t\t\t<span class=\"elementor-divider-separator\">\n\t\t\t\t\t\t<\/span>\n\t\t<\/div>\n\t\t\t\t\t\t<\/div>\n\t\t\t\t<\/div>\n\t\t\t\t\t<\/div>\n\t\t<\/div>\n\t\t\t\t\t<\/div>\n\t\t<\/section>\n\t\t\t\t<\/div>\n\t\t","protected":false},"excerpt":{"rendered":"<p>\/*! elementor &#8211; v3.15.0 &#8211; 20-08-2023 *\/ .elementor-heading-title{padding:0;margin:0;line-height:1}.elementor-widget-heading .elementor-heading-title[class*=elementor-size-]&gt;a{color:inherit;font-size:inherit;line-height:inherit}.elementor-widget-heading .elementor-heading-title.elementor-size-small{font-size:15px}.elementor-widget-heading .elementor-heading-title.elementor-size-medium{font-size:19px}.elementor-widget-heading .elementor-heading-title.elementor-size-large{font-size:29px}.elementor-widget-heading .elementor-heading-title.elementor-size-xl{font-size:39px}.elementor-widget-heading .elementor-heading-title.elementor-size-xxl{font-size:59px} Contato Universidade Tecnol\u00f3gica Federal do Paran\u00e1 \u2013 UTFPR \u2013 C\u00e2mpus Curitiba Departamento Acad\u00eamico de Eletr\u00f4nica \u2013 DAELN N\u00facleo Avan\u00e7ado de Tecnologia de Comunica\u00e7\u00f5es \u2013 NATEC Av. Sete de Setembro, 3165 \u2013 Rebou\u00e7as CEP: 80230-901 \u2013 Curitiba \u2013 Paran\u00e1 Coordena\u00e7\u00e3o: Prof. Dr. [&hellip;]<\/p>\n","protected":false},"author":15,"featured_media":0,"parent":0,"menu_order":0,"comment_status":"closed","ping_status":"closed","template":"elementor_header_footer","meta":{"footnotes":""},"class_list":["post-42","page","type-page","status-publish","hentry"],"_links":{"self":[{"href":"https:\/\/utfpr.curitiba.br\/industria40\/wp-json\/wp\/v2\/pages\/42","targetHints":{"allow":["GET"]}}],"collection":[{"href":"https:\/\/utfpr.curitiba.br\/industria40\/wp-json\/wp\/v2\/pages"}],"about":[{"href":"https:\/\/utfpr.curitiba.br\/industria40\/wp-json\/wp\/v2\/types\/page"}],"author":[{"embeddable":true,"href":"https:\/\/utfpr.curitiba.br\/industria40\/wp-json\/wp\/v2\/users\/15"}],"replies":[{"embeddable":true,"href":"https:\/\/utfpr.curitiba.br\/industria40\/wp-json\/wp\/v2\/comments?post=42"}],"version-history":[{"count":7,"href":"https:\/\/utfpr.curitiba.br\/industria40\/wp-json\/wp\/v2\/pages\/42\/revisions"}],"predecessor-version":[{"id":668,"href":"https:\/\/utfpr.curitiba.br\/industria40\/wp-json\/wp\/v2\/pages\/42\/revisions\/668"}],"wp:attachment":[{"href":"https:\/\/utfpr.curitiba.br\/industria40\/wp-json\/wp\/v2\/media?parent=42"}],"curies":[{"name":"wp","href":"https:\/\/api.w.org\/{rel}","templated":true}]}}