{"id":574,"date":"2023-06-14T19:30:00","date_gmt":"2023-06-14T22:30:00","guid":{"rendered":"http:\/\/dagee.local\/especializacao\/?page_id=6"},"modified":"2025-10-22T11:00:24","modified_gmt":"2025-10-22T14:00:24","slug":"curso","status":"publish","type":"page","link":"https:\/\/utfpr.curitiba.br\/iaaplicada\/","title":{"rendered":"Curso"},"content":{"rendered":"\t\t<div data-elementor-type=\"wp-page\" data-elementor-id=\"574\" class=\"elementor elementor-574\">\n\t\t\t\t\t\t<section class=\"elementor-section elementor-top-section elementor-element elementor-element-7e0d4164 elementor-section-height-min-height elementor-section-boxed elementor-section-height-default elementor-section-items-middle\" data-id=\"7e0d4164\" data-element_type=\"section\" data-e-type=\"section\" data-settings=\"{&quot;background_background&quot;:&quot;classic&quot;}\">\n\t\t\t\t\t\t\t<div class=\"elementor-background-overlay\"><\/div>\n\t\t\t\t\t\t\t<div class=\"elementor-container elementor-column-gap-default\">\n\t\t\t\t\t<div class=\"elementor-column elementor-col-100 elementor-top-column elementor-element elementor-element-61256691\" data-id=\"61256691\" data-element_type=\"column\" data-e-type=\"column\">\n\t\t\t<div class=\"elementor-widget-wrap elementor-element-populated\">\n\t\t\t\t\t\t<div class=\"elementor-element elementor-element-59a6d7da elementor-widget__width-initial elementor-widget-mobile__width-inherit elementor-invisible elementor-widget elementor-widget-heading\" data-id=\"59a6d7da\" data-element_type=\"widget\" data-e-type=\"widget\" data-settings=\"{&quot;_animation&quot;:&quot;fadeInUp&quot;,&quot;_animation_delay&quot;:&quot;10&quot;}\" data-widget_type=\"heading.default\">\n\t\t\t\t\t<h1 class=\"elementor-heading-title elementor-size-default\">CURSO DE ESPECIALIZA\u00c7\u00c3O EM INTELIG\u00caNCIA ARTIFICIAL GENERATIVA APLICADA <\/h1>\t\t\t\t<\/div>\n\t\t\t\t\t<\/div>\n\t\t<\/div>\n\t\t\t\t\t<\/div>\n\t\t<\/section>\n\t\t\t\t<section class=\"elementor-section elementor-top-section elementor-element elementor-element-a2ccc8f elementor-section-boxed elementor-section-height-default elementor-section-height-default\" data-id=\"a2ccc8f\" data-element_type=\"section\" data-e-type=\"section\" data-settings=\"{&quot;background_background&quot;:&quot;classic&quot;}\">\n\t\t\t\t\t\t<div class=\"elementor-container elementor-column-gap-default\">\n\t\t\t\t\t<div class=\"elementor-column elementor-col-100 elementor-top-column elementor-element elementor-element-c4366c2\" data-id=\"c4366c2\" data-element_type=\"column\" data-e-type=\"column\" data-settings=\"{&quot;background_background&quot;:&quot;classic&quot;}\">\n\t\t\t<div class=\"elementor-widget-wrap elementor-element-populated\">\n\t\t\t\t\t\t<div class=\"elementor-element elementor-element-e12abfd elementor-widget elementor-widget-heading\" data-id=\"e12abfd\" data-element_type=\"widget\" data-e-type=\"widget\" data-widget_type=\"heading.default\">\n\t\t\t\t\t<h2 class=\"elementor-heading-title elementor-size-default\">Sobre<\/h2>\t\t\t\t<\/div>\n\t\t\t\t<div class=\"elementor-element elementor-element-179161b elementor-widget elementor-widget-text-editor\" data-id=\"179161b\" data-element_type=\"widget\" data-e-type=\"widget\" data-widget_type=\"text-editor.default\">\n\t\t\t\t\t\t\t\t\t<p class=\"Texto_Justificado\">A UTFPR tem miss\u00e3o expl\u00edcita de \u201cdesenvolver a educa\u00e7\u00e3o tecnol\u00f3gica de excel\u00eancia\u201d orientada \u00e0 solu\u00e7\u00e3o de desafios reais da sociedade. O curso proposto dialoga diretamente com essa agenda, formando talentos e transferindo conhecimento para o tecido produtivo nacional, de forma alinhada com os marcos regulat\u00f3rios que moldam a ado\u00e7\u00e3o segura da IA.<\/p><p>O curso proposto de Especializa\u00e7\u00e3o em Intelig\u00eancia Artificial Generativa Aplicada (IAGA) est\u00e1 plenamente alinhado \u00e0 miss\u00e3o da UTFPR e ao momento do ecossistema brasileiro. Al\u00e9m disso, ao conectar ci\u00eancia, engenharia e neg\u00f3cio, o curso posiciona a UTFPR como refer\u00eancia nacional em forma\u00e7\u00e3o aplicada em IA Generativa e como um instrumento direto de desenvolvimento regional e nacional sustent\u00e1vel.<\/p>\t\t\t\t\t\t\t\t<\/div>\n\t\t\t\t\t<\/div>\n\t\t<\/div>\n\t\t\t\t\t<\/div>\n\t\t<\/section>\n\t\t\t\t<section class=\"elementor-section elementor-top-section elementor-element elementor-element-0f622a0 elementor-section-boxed elementor-section-height-default elementor-section-height-default\" data-id=\"0f622a0\" data-element_type=\"section\" data-e-type=\"section\" data-settings=\"{&quot;background_background&quot;:&quot;classic&quot;}\">\n\t\t\t\t\t\t<div class=\"elementor-container elementor-column-gap-default\">\n\t\t\t\t\t<div class=\"elementor-column elementor-col-100 elementor-top-column elementor-element elementor-element-2691bf2\" data-id=\"2691bf2\" data-element_type=\"column\" data-e-type=\"column\">\n\t\t\t<div class=\"elementor-widget-wrap elementor-element-populated\">\n\t\t\t\t\t\t<div class=\"elementor-element elementor-element-104b973 elementor-widget elementor-widget-heading\" data-id=\"104b973\" data-element_type=\"widget\" data-e-type=\"widget\" data-widget_type=\"heading.default\">\n\t\t\t\t\t<h2 class=\"elementor-heading-title elementor-size-default\">\u00c1rea de Conhecimento<\/h2>\t\t\t\t<\/div>\n\t\t\t\t<div class=\"elementor-element elementor-element-2ffdd5f elementor-widget elementor-widget-text-editor\" data-id=\"2ffdd5f\" data-element_type=\"widget\" data-e-type=\"widget\" data-widget_type=\"text-editor.default\">\n\t\t\t\t\t\t\t\t\t<p>Ci\u00eancia da Computa\u00e7\u00e3o (<strong>Tabela CAPES 1.03.00.00\u20117<\/strong>)<\/p>\t\t\t\t\t\t\t\t<\/div>\n\t\t\t\t<div class=\"elementor-element elementor-element-0d88606 elementor-widget elementor-widget-heading\" data-id=\"0d88606\" data-element_type=\"widget\" data-e-type=\"widget\" data-widget_type=\"heading.default\">\n\t\t\t\t\t<h2 class=\"elementor-heading-title elementor-size-default\">P\u00fablico Alvo<\/h2>\t\t\t\t<\/div>\n\t\t\t\t<div class=\"elementor-element elementor-element-45835ec elementor-widget elementor-widget-text-editor\" data-id=\"45835ec\" data-element_type=\"widget\" data-e-type=\"widget\" data-widget_type=\"text-editor.default\">\n\t\t\t\t\t\t\t\t\t<p class=\"Texto_Justificado\">O curso \u00e9 destinado a profissionais, pesquisadores e empreendedores que desejam atuar na concep\u00e7\u00e3o, implementa\u00e7\u00e3o e gest\u00e3o de solu\u00e7\u00f5es baseadas em Intelig\u00eancia Artificial Generativa, tanto no setor privado quanto no setor p\u00fablico, abrangendo diferentes n\u00edveis de familiaridade com programa\u00e7\u00e3o.<\/p>\t\t\t\t\t\t\t\t<\/div>\n\t\t\t\t<div class=\"elementor-element elementor-element-99d3d9a elementor-widget elementor-widget-heading\" data-id=\"99d3d9a\" data-element_type=\"widget\" data-e-type=\"widget\" data-widget_type=\"heading.default\">\n\t\t\t\t\t<h2 class=\"elementor-heading-title elementor-size-default\">Finalidade do Curso<\/h2>\t\t\t\t<\/div>\n\t\t\t\t<div class=\"elementor-element elementor-element-02cab3b elementor-widget elementor-widget-text-editor\" data-id=\"02cab3b\" data-element_type=\"widget\" data-e-type=\"widget\" data-widget_type=\"text-editor.default\">\n\t\t\t\t\t\t\t\t\t<p class=\"Texto_Justificado\">Formar profissionais capazes de conceber, desenvolver, avaliar, operacionalizar e governar solu\u00e7\u00f5es de Intelig\u00eancia Artificial Generativa, com base cient\u00edfica s\u00f3lida, aplica\u00e7\u00e3o pr\u00e1tica em problemas reais e conformidade \u00e9tica, regulat\u00f3ria e de seguran\u00e7a.<\/p>\t\t\t\t\t\t\t\t<\/div>\n\t\t\t\t<div class=\"elementor-element elementor-element-dcc00c8 elementor-widget elementor-widget-heading\" data-id=\"dcc00c8\" data-element_type=\"widget\" data-e-type=\"widget\" data-widget_type=\"heading.default\">\n\t\t\t\t\t<h2 class=\"elementor-heading-title elementor-size-default\">Hor\u00e1rio das Aulas<\/h2>\t\t\t\t<\/div>\n\t\t\t\t<div class=\"elementor-element elementor-element-ec7de06 elementor-widget elementor-widget-text-editor\" data-id=\"ec7de06\" data-element_type=\"widget\" data-e-type=\"widget\" data-widget_type=\"text-editor.default\">\n\t\t\t\t\t\t\t\t\t<p>As aulas ser\u00e3o ministradas \u00e0s sextas-feiras \u00e0 noite e aos s\u00e1bados, no turno da manh\u00e3 e tarde, preferencialmente de forma quinzenal.<\/p><p>O curso ser\u00e1 ministrado na modalidade EaD.<\/p>\t\t\t\t\t\t\t\t<\/div>\n\t\t\t\t\t<\/div>\n\t\t<\/div>\n\t\t\t\t\t<\/div>\n\t\t<\/section>\n\t\t\t\t<\/div>\n\t\t","protected":false},"excerpt":{"rendered":"<p>CURSO DE ESPECIALIZA\u00c7\u00c3O EM INTELIG\u00caNCIA ARTIFICIAL GENERATIVA APLICADA Sobre A UTFPR tem miss\u00e3o expl\u00edcita de \u201cdesenvolver a educa\u00e7\u00e3o tecnol\u00f3gica de excel\u00eancia\u201d orientada \u00e0 solu\u00e7\u00e3o de desafios reais da sociedade. O curso proposto dialoga diretamente com essa agenda, formando talentos e transferindo conhecimento para o tecido produtivo nacional, de forma alinhada com os marcos regulat\u00f3rios que [&hellip;]<\/p>\n","protected":false},"author":24,"featured_media":0,"parent":0,"menu_order":0,"comment_status":"closed","ping_status":"closed","template":"","meta":{"footnotes":""},"class_list":["post-574","page","type-page","status-publish","hentry"],"_links":{"self":[{"href":"https:\/\/utfpr.curitiba.br\/iaaplicada\/wp-json\/wp\/v2\/pages\/574","targetHints":{"allow":["GET"]}}],"collection":[{"href":"https:\/\/utfpr.curitiba.br\/iaaplicada\/wp-json\/wp\/v2\/pages"}],"about":[{"href":"https:\/\/utfpr.curitiba.br\/iaaplicada\/wp-json\/wp\/v2\/types\/page"}],"author":[{"embeddable":true,"href":"https:\/\/utfpr.curitiba.br\/iaaplicada\/wp-json\/wp\/v2\/users\/24"}],"replies":[{"embeddable":true,"href":"https:\/\/utfpr.curitiba.br\/iaaplicada\/wp-json\/wp\/v2\/comments?post=574"}],"version-history":[{"count":15,"href":"https:\/\/utfpr.curitiba.br\/iaaplicada\/wp-json\/wp\/v2\/pages\/574\/revisions"}],"predecessor-version":[{"id":2721,"href":"https:\/\/utfpr.curitiba.br\/iaaplicada\/wp-json\/wp\/v2\/pages\/574\/revisions\/2721"}],"wp:attachment":[{"href":"https:\/\/utfpr.curitiba.br\/iaaplicada\/wp-json\/wp\/v2\/media?parent=574"}],"curies":[{"name":"wp","href":"https:\/\/api.w.org\/{rel}","templated":true}]}}