{"id":573,"date":"2023-07-24T22:32:19","date_gmt":"2023-07-25T01:32:19","guid":{"rendered":"https:\/\/utfpr.lsda.online\/mbagestaoempresaria\/?page_id=11"},"modified":"2025-10-20T11:15:40","modified_gmt":"2025-10-20T14:15:40","slug":"investimento","status":"publish","type":"page","link":"https:\/\/utfpr.curitiba.br\/iaaplicada\/investimento\/","title":{"rendered":"Investimento"},"content":{"rendered":"\t\t<div data-elementor-type=\"wp-page\" data-elementor-id=\"573\" class=\"elementor elementor-573\">\n\t\t\t\t\t\t<section class=\"elementor-section elementor-top-section elementor-element elementor-element-58a7919 elementor-section-boxed elementor-section-height-default elementor-section-height-default\" data-id=\"58a7919\" data-element_type=\"section\" data-e-type=\"section\">\n\t\t\t\t\t\t<div class=\"elementor-container elementor-column-gap-default\">\n\t\t\t\t\t<div class=\"elementor-column elementor-col-100 elementor-top-column elementor-element elementor-element-08ac578\" data-id=\"08ac578\" data-element_type=\"column\" data-e-type=\"column\">\n\t\t\t<div class=\"elementor-widget-wrap elementor-element-populated\">\n\t\t\t\t\t\t<div class=\"elementor-element elementor-element-149c025 elementor-widget elementor-widget-heading\" data-id=\"149c025\" data-element_type=\"widget\" data-e-type=\"widget\" data-widget_type=\"heading.default\">\n\t\t\t\t\t<h2 class=\"elementor-heading-title elementor-size-default\">Modalidade: on-line (EaD)<\/h2>\t\t\t\t<\/div>\n\t\t\t\t<div class=\"elementor-element elementor-element-b7ca4a9 elementor-widget elementor-widget-text-editor\" data-id=\"b7ca4a9\" data-element_type=\"widget\" data-e-type=\"widget\" data-widget_type=\"text-editor.default\">\n\t\t\t\t\t\t\t\t\t<p><strong>Taxa de Inscri\u00e7\u00e3o: R$ 50,00<\/strong><\/p><p>\u2013 \u00c0 vista: matr\u00edcula no valor de R$ 400,00 e parcela \u00fanica no valor de R$ 6.800,00.<\/p><p>\u2013 Parcelado: matr\u00edcula no valor de R$ 400,00\u00a0mais 19 parcelas de R$ 400,00.<\/p><p>\u00a0<\/p>\t\t\t\t\t\t\t\t<\/div>\n\t\t\t\t\t<\/div>\n\t\t<\/div>\n\t\t\t\t\t<\/div>\n\t\t<\/section>\n\t\t\t\t<\/div>\n\t\t","protected":false},"excerpt":{"rendered":"<p>Modalidade: on-line (EaD) Taxa de Inscri\u00e7\u00e3o: R$ 50,00 \u2013 \u00c0 vista: matr\u00edcula no valor de R$ 400,00 e parcela \u00fanica no valor de R$ 6.800,00. \u2013 Parcelado: matr\u00edcula no valor de R$ 400,00\u00a0mais 19 parcelas de R$ 400,00. \u00a0<\/p>\n","protected":false},"author":24,"featured_media":0,"parent":0,"menu_order":0,"comment_status":"closed","ping_status":"closed","template":"","meta":{"footnotes":""},"class_list":["post-573","page","type-page","status-publish","hentry"],"_links":{"self":[{"href":"https:\/\/utfpr.curitiba.br\/iaaplicada\/wp-json\/wp\/v2\/pages\/573","targetHints":{"allow":["GET"]}}],"collection":[{"href":"https:\/\/utfpr.curitiba.br\/iaaplicada\/wp-json\/wp\/v2\/pages"}],"about":[{"href":"https:\/\/utfpr.curitiba.br\/iaaplicada\/wp-json\/wp\/v2\/types\/page"}],"author":[{"embeddable":true,"href":"https:\/\/utfpr.curitiba.br\/iaaplicada\/wp-json\/wp\/v2\/users\/24"}],"replies":[{"embeddable":true,"href":"https:\/\/utfpr.curitiba.br\/iaaplicada\/wp-json\/wp\/v2\/comments?post=573"}],"version-history":[{"count":6,"href":"https:\/\/utfpr.curitiba.br\/iaaplicada\/wp-json\/wp\/v2\/pages\/573\/revisions"}],"predecessor-version":[{"id":2679,"href":"https:\/\/utfpr.curitiba.br\/iaaplicada\/wp-json\/wp\/v2\/pages\/573\/revisions\/2679"}],"wp:attachment":[{"href":"https:\/\/utfpr.curitiba.br\/iaaplicada\/wp-json\/wp\/v2\/media?parent=573"}],"curies":[{"name":"wp","href":"https:\/\/api.w.org\/{rel}","templated":true}]}}