{"id":2746,"date":"2026-01-03T10:55:43","date_gmt":"2026-01-03T13:55:43","guid":{"rendered":"https:\/\/utfpr.curitiba.br\/iaaplicada\/?page_id=2746"},"modified":"2026-01-03T11:05:18","modified_gmt":"2026-01-03T14:05:18","slug":"outros-cursos","status":"publish","type":"page","link":"https:\/\/utfpr.curitiba.br\/iaaplicada\/outros-cursos\/","title":{"rendered":"Outros Cursos"},"content":{"rendered":"\t\t<div data-elementor-type=\"wp-page\" data-elementor-id=\"2746\" class=\"elementor elementor-2746\">\n\t\t\t\t<div class=\"elementor-element elementor-element-d9e1583 e-flex e-con-boxed e-con e-parent\" data-id=\"d9e1583\" data-element_type=\"container\" data-e-type=\"container\">\n\t\t\t\t\t<div class=\"e-con-inner\">\n\t\t\t\t<div class=\"elementor-element elementor-element-231936d elementor-widget elementor-widget-spacer\" data-id=\"231936d\" data-element_type=\"widget\" data-e-type=\"widget\" data-widget_type=\"spacer.default\">\n\t\t\t\t\t\t\t<div class=\"elementor-spacer\">\n\t\t\t<div class=\"elementor-spacer-inner\"><\/div>\n\t\t<\/div>\n\t\t\t\t\t\t<\/div>\n\t\t\t\t\t<\/div>\n\t\t\t\t<\/div>\n\t\t<div class=\"elementor-element elementor-element-e5a3918 e-flex e-con-boxed e-con e-parent\" data-id=\"e5a3918\" data-element_type=\"container\" data-e-type=\"container\">\n\t\t\t\t\t<div class=\"e-con-inner\">\n\t\t\t\t<div class=\"elementor-element elementor-element-c9a705e elementor-widget elementor-widget-text-editor\" data-id=\"c9a705e\" data-element_type=\"widget\" data-e-type=\"widget\" data-widget_type=\"text-editor.default\">\n\t\t\t\t\t\t\t\t\t<p>Cursos 100% EaD com aulas ao vivo, nas sextas-feiras a noite e s\u00e1bados manh\u00e3 e tarde.<\/p><p>As aulas, ministradas ao vivo, ficam gravadas e podem ser acessadas a qualquer momento ao longo do curso.<\/p><p>Dura\u00e7\u00e3o de 18 meses e certifica\u00e7\u00e3o UTFPR, reconhecida pelo MEC.<\/p><p>Previs\u00e3o de In\u00edcio das Aulas: Abril\/2026 (aulas quinzenais)<\/p>\t\t\t\t\t\t\t\t<\/div>\n\t\t\t\t\t<\/div>\n\t\t\t\t<\/div>\n\t\t<div class=\"elementor-element elementor-element-0e73df6 e-flex e-con-boxed e-con e-parent\" data-id=\"0e73df6\" data-element_type=\"container\" data-e-type=\"container\">\n\t\t\t\t\t<div class=\"e-con-inner\">\n\t\t\t\t<div class=\"elementor-element elementor-element-87ce875 elementor-widget-divider--view-line elementor-widget elementor-widget-divider\" data-id=\"87ce875\" data-element_type=\"widget\" data-e-type=\"widget\" data-widget_type=\"divider.default\">\n\t\t\t\t\t\t\t<div class=\"elementor-divider\">\n\t\t\t<span class=\"elementor-divider-separator\">\n\t\t\t\t\t\t<\/span>\n\t\t<\/div>\n\t\t\t\t\t\t<\/div>\n\t\t\t\t\t<\/div>\n\t\t\t\t<\/div>\n\t\t<div class=\"elementor-element elementor-element-6e9b94e e-flex e-con-boxed e-con e-parent\" data-id=\"6e9b94e\" data-element_type=\"container\" data-e-type=\"container\">\n\t\t\t\t\t<div class=\"e-con-inner\">\n\t\t\t\t<div class=\"elementor-element elementor-element-d384c2b elementor-widget elementor-widget-text-editor\" data-id=\"d384c2b\" data-element_type=\"widget\" data-e-type=\"widget\" data-widget_type=\"text-editor.default\">\n\t\t\t\t\t\t\t\t\t<h2>Engenharia da Confiabilidade<\/h2><p>A Especializa\u00e7\u00e3o em Engenharia da Confiabilidade da UTFPR capacita profissionais para tomar decis\u00f5es t\u00e9cnicas e estrat\u00e9gicas baseadas em dados, reduzindo falhas, riscos e custos ao longo do ciclo de vida dos ativos.<\/p><p>O curso integra estat\u00edstica aplicada, an\u00e1lise de dados de vida, confiabilidade de sistemas, gest\u00e3o de riscos, desenvolvimento de produtos e manuten\u00e7\u00e3o, com foco em aplica\u00e7\u00f5es pr\u00e1ticas.<\/p><p>Ideal para engenheiros e gestores que buscam aumentar a disponibilidade e a produtividade de seus ativos com seguran\u00e7a e qualidade.<\/p><p>\u00danico curso no Brasil com este conte\u00fado especializado, para capacitar profissionais a dominar conceitos, m\u00e9todos e t\u00e9cnicas avan\u00e7adas de otimiza\u00e7\u00e3o do ciclo de vida dos ativos.<\/p>\t\t\t\t\t\t\t\t<\/div>\n\t\t\t\t\t<\/div>\n\t\t\t\t<\/div>\n\t\t<div class=\"elementor-element elementor-element-0cef516 e-flex e-con-boxed e-con e-parent\" data-id=\"0cef516\" data-element_type=\"container\" data-e-type=\"container\">\n\t\t\t\t\t<div class=\"e-con-inner\">\n\t\t<div class=\"elementor-element elementor-element-67e3d21 e-con-full e-flex e-con e-child\" data-id=\"67e3d21\" data-element_type=\"container\" data-e-type=\"container\">\n\t\t\t\t<div class=\"elementor-element elementor-element-29f5046 elementor-widget elementor-widget-button\" data-id=\"29f5046\" data-element_type=\"widget\" data-e-type=\"widget\" data-widget_type=\"button.default\">\n\t\t\t\t\t\t\t\t\t\t<a class=\"elementor-button elementor-button-link elementor-size-sm\" href=\"https:\/\/utfpr.curitiba.br\/confiabilidade\" target=\"_blank\">\n\t\t\t\t\t\t<span class=\"elementor-button-content-wrapper\">\n\t\t\t\t\t\t\t\t\t<span class=\"elementor-button-text\">Programa do Curso<\/span>\n\t\t\t\t\t<\/span>\n\t\t\t\t\t<\/a>\n\t\t\t\t\t\t\t\t<\/div>\n\t\t\t\t<\/div>\n\t\t<div class=\"elementor-element elementor-element-5204770 e-con-full e-flex e-con e-child\" data-id=\"5204770\" data-element_type=\"container\" data-e-type=\"container\">\n\t\t\t\t<div class=\"elementor-element elementor-element-0df19ec elementor-widget elementor-widget-button\" data-id=\"0df19ec\" data-element_type=\"widget\" data-e-type=\"widget\" data-widget_type=\"button.default\">\n\t\t\t\t\t\t\t\t\t\t<a class=\"elementor-button elementor-button-link elementor-size-sm\" href=\"https:\/\/funtefpr.conveniar.com.br\/Eventos\/Forms\/Servicos\/EventoDados.aspx?action=2106%20\" target=\"_blank\">\n\t\t\t\t\t\t<span class=\"elementor-button-content-wrapper\">\n\t\t\t\t\t\t\t\t\t<span class=\"elementor-button-text\">Inscreva-se<\/span>\n\t\t\t\t\t<\/span>\n\t\t\t\t\t<\/a>\n\t\t\t\t\t\t\t\t<\/div>\n\t\t\t\t<\/div>\n\t\t\t\t\t<\/div>\n\t\t\t\t<\/div>\n\t\t<div class=\"elementor-element elementor-element-e9714f3 e-flex e-con-boxed e-con e-parent\" data-id=\"e9714f3\" data-element_type=\"container\" data-e-type=\"container\">\n\t\t\t\t\t<div class=\"e-con-inner\">\n\t\t\t\t<div class=\"elementor-element elementor-element-1b5caca elementor-widget-divider--view-line elementor-widget elementor-widget-divider\" data-id=\"1b5caca\" data-element_type=\"widget\" data-e-type=\"widget\" data-widget_type=\"divider.default\">\n\t\t\t\t\t\t\t<div class=\"elementor-divider\">\n\t\t\t<span class=\"elementor-divider-separator\">\n\t\t\t\t\t\t<\/span>\n\t\t<\/div>\n\t\t\t\t\t\t<\/div>\n\t\t\t\t\t<\/div>\n\t\t\t\t<\/div>\n\t\t<div class=\"elementor-element elementor-element-7b4042c e-flex e-con-boxed e-con e-parent\" data-id=\"7b4042c\" data-element_type=\"container\" data-e-type=\"container\">\n\t\t\t\t\t<div class=\"e-con-inner\">\n\t\t\t\t<div class=\"elementor-element elementor-element-0e361ea elementor-widget elementor-widget-text-editor\" data-id=\"0e361ea\" data-element_type=\"widget\" data-e-type=\"widget\" data-widget_type=\"text-editor.default\">\n\t\t\t\t\t\t\t\t\t<h2>MBA em Gest\u00e3o de Ativos<\/h2><p>O MBA em Gest\u00e3o de Ativos da UTFPR prepara profissionais para tomar decis\u00f5es estrat\u00e9gicas ao longo de todo o ciclo de vida dos ativos, integrando engenharia, confiabilidade, manuten\u00e7\u00e3o, finan\u00e7as e lideran\u00e7a.<\/p><p>Alinhado \u00e0s normas ISO 55000, o curso foca em redu\u00e7\u00e3o de custos, aumento de disponibilidade, gest\u00e3o de riscos e maximiza\u00e7\u00e3o de valor.<\/p><p>Ideal para engenheiros e gestores que desejam elevar o desempenho dos ativos e se destacar em ambientes industriais competitivos.<\/p><p>Este curso combina a excel\u00eancia acad\u00eamica da UTFPR com metodologias pr\u00e1ticas do mercado, integrando: corpo docente especializado e experiente, metodologia aplicada ao mundo corporativo e networking com profissionais do setor.<\/p>\t\t\t\t\t\t\t\t<\/div>\n\t\t\t\t\t<\/div>\n\t\t\t\t<\/div>\n\t\t<div class=\"elementor-element elementor-element-45d3d66 e-flex e-con-boxed e-con e-parent\" data-id=\"45d3d66\" data-element_type=\"container\" data-e-type=\"container\">\n\t\t\t\t\t<div class=\"e-con-inner\">\n\t\t<div class=\"elementor-element elementor-element-53778af e-con-full e-flex e-con e-child\" data-id=\"53778af\" data-element_type=\"container\" data-e-type=\"container\">\n\t\t\t\t<div class=\"elementor-element elementor-element-2321f26 elementor-widget elementor-widget-button\" data-id=\"2321f26\" data-element_type=\"widget\" data-e-type=\"widget\" data-widget_type=\"button.default\">\n\t\t\t\t\t\t\t\t\t\t<a class=\"elementor-button elementor-button-link elementor-size-sm\" href=\"https:\/\/utfpr.curitiba.br\/gestaodeativos\" target=\"_blank\">\n\t\t\t\t\t\t<span class=\"elementor-button-content-wrapper\">\n\t\t\t\t\t\t\t\t\t<span class=\"elementor-button-text\">Programa do Curso<\/span>\n\t\t\t\t\t<\/span>\n\t\t\t\t\t<\/a>\n\t\t\t\t\t\t\t\t<\/div>\n\t\t\t\t<\/div>\n\t\t<div class=\"elementor-element elementor-element-1be560d e-con-full e-flex e-con e-child\" data-id=\"1be560d\" data-element_type=\"container\" data-e-type=\"container\">\n\t\t\t\t<div class=\"elementor-element elementor-element-adc7d12 elementor-widget elementor-widget-button\" data-id=\"adc7d12\" data-element_type=\"widget\" data-e-type=\"widget\" data-widget_type=\"button.default\">\n\t\t\t\t\t\t\t\t\t\t<a class=\"elementor-button elementor-button-link elementor-size-sm\" href=\"https:\/\/funtefpr.conveniar.com.br\/Eventos\/Forms\/Servicos\/EventoDados.aspx?action=2103\" target=\"_blank\">\n\t\t\t\t\t\t<span class=\"elementor-button-content-wrapper\">\n\t\t\t\t\t\t\t\t\t<span class=\"elementor-button-text\">Inscreva-se<\/span>\n\t\t\t\t\t<\/span>\n\t\t\t\t\t<\/a>\n\t\t\t\t\t\t\t\t<\/div>\n\t\t\t\t<\/div>\n\t\t\t\t\t<\/div>\n\t\t\t\t<\/div>\n\t\t<div class=\"elementor-element elementor-element-c98ebb0 e-flex e-con-boxed e-con e-parent\" data-id=\"c98ebb0\" data-element_type=\"container\" data-e-type=\"container\">\n\t\t\t\t\t<div class=\"e-con-inner\">\n\t\t\t\t<div class=\"elementor-element elementor-element-9743317 elementor-widget-divider--view-line elementor-widget elementor-widget-divider\" data-id=\"9743317\" data-element_type=\"widget\" data-e-type=\"widget\" data-widget_type=\"divider.default\">\n\t\t\t\t\t\t\t<div class=\"elementor-divider\">\n\t\t\t<span class=\"elementor-divider-separator\">\n\t\t\t\t\t\t<\/span>\n\t\t<\/div>\n\t\t\t\t\t\t<\/div>\n\t\t\t\t\t<\/div>\n\t\t\t\t<\/div>\n\t\t<div class=\"elementor-element elementor-element-28eedce e-flex e-con-boxed e-con e-parent\" data-id=\"28eedce\" data-element_type=\"container\" data-e-type=\"container\">\n\t\t\t\t\t<div class=\"e-con-inner\">\n\t\t\t\t<div class=\"elementor-element elementor-element-0b07c36 elementor-widget elementor-widget-text-editor\" data-id=\"0b07c36\" data-element_type=\"widget\" data-e-type=\"widget\" data-widget_type=\"text-editor.default\">\n\t\t\t\t\t\t\t\t\t<h2>Lean Six Sigma \u2013 Certifica\u00e7\u00e3o Black Belt<\/h2><p>A Especializa\u00e7\u00e3o em Lean Six Sigma \u2013 Certifica\u00e7\u00e3o Black Belt da UTFPR forma profissionais capazes de liderar projetos de melhoria cont\u00ednua, redu\u00e7\u00e3o de desperd\u00edcios e aumento de desempenho dos processos, com base em m\u00e9todos consagrados e estat\u00edstica aplicada.<\/p><p>O curso integra Lean, Six Sigma, DMAIC, DOE e Gest\u00e3o de Equipes, com foco em resultados reais e mensur\u00e1veis.<\/p><p>Ideal para quem busca alta performance, reconhecimento profissional e vantagem competitiva no mercado.<\/p><p>Transforme sua carreira e lidere a excel\u00eancia operacional!<\/p>\t\t\t\t\t\t\t\t<\/div>\n\t\t\t\t\t<\/div>\n\t\t\t\t<\/div>\n\t\t<div class=\"elementor-element elementor-element-f4379b8 e-flex e-con-boxed e-con e-parent\" data-id=\"f4379b8\" data-element_type=\"container\" data-e-type=\"container\">\n\t\t\t\t\t<div class=\"e-con-inner\">\n\t\t<div class=\"elementor-element elementor-element-bd924ae e-con-full e-flex e-con e-child\" data-id=\"bd924ae\" data-element_type=\"container\" data-e-type=\"container\">\n\t\t\t\t<div class=\"elementor-element elementor-element-2f8baec elementor-widget elementor-widget-button\" data-id=\"2f8baec\" data-element_type=\"widget\" data-e-type=\"widget\" data-widget_type=\"button.default\">\n\t\t\t\t\t\t\t\t\t\t<a class=\"elementor-button elementor-button-link elementor-size-sm\" href=\"https:\/\/utfpr.curitiba.br\/leansixsigma\" target=\"_blank\">\n\t\t\t\t\t\t<span class=\"elementor-button-content-wrapper\">\n\t\t\t\t\t\t\t\t\t<span class=\"elementor-button-text\">Programa do Curso<\/span>\n\t\t\t\t\t<\/span>\n\t\t\t\t\t<\/a>\n\t\t\t\t\t\t\t\t<\/div>\n\t\t\t\t<\/div>\n\t\t<div class=\"elementor-element elementor-element-fec85cd e-con-full e-flex e-con e-child\" data-id=\"fec85cd\" data-element_type=\"container\" data-e-type=\"container\">\n\t\t\t\t<div class=\"elementor-element elementor-element-79dbd95 elementor-widget elementor-widget-button\" data-id=\"79dbd95\" data-element_type=\"widget\" data-e-type=\"widget\" data-widget_type=\"button.default\">\n\t\t\t\t\t\t\t\t\t\t<a class=\"elementor-button elementor-button-link elementor-size-sm\" href=\"https:\/\/funtefpr.conveniar.com.br\/Eventos\/Forms\/Servicos\/EventoDados.aspx?action=2107\" target=\"_blank\">\n\t\t\t\t\t\t<span class=\"elementor-button-content-wrapper\">\n\t\t\t\t\t\t\t\t\t<span class=\"elementor-button-text\">Inscreva-se<\/span>\n\t\t\t\t\t<\/span>\n\t\t\t\t\t<\/a>\n\t\t\t\t\t\t\t\t<\/div>\n\t\t\t\t<\/div>\n\t\t\t\t\t<\/div>\n\t\t\t\t<\/div>\n\t\t\t\t<\/div>\n\t\t","protected":false},"excerpt":{"rendered":"<p>Cursos 100% EaD com aulas ao vivo, nas sextas-feiras a noite e s\u00e1bados manh\u00e3 e tarde. As aulas, ministradas ao vivo, ficam gravadas e podem ser acessadas a qualquer momento ao longo do curso. Dura\u00e7\u00e3o de 18 meses e certifica\u00e7\u00e3o UTFPR, reconhecida pelo MEC. Previs\u00e3o de In\u00edcio das Aulas: Abril\/2026 (aulas quinzenais) Engenharia da Confiabilidade [&hellip;]<\/p>\n","protected":false},"author":24,"featured_media":0,"parent":0,"menu_order":0,"comment_status":"closed","ping_status":"closed","template":"","meta":{"footnotes":""},"class_list":["post-2746","page","type-page","status-publish","hentry"],"_links":{"self":[{"href":"https:\/\/utfpr.curitiba.br\/iaaplicada\/wp-json\/wp\/v2\/pages\/2746","targetHints":{"allow":["GET"]}}],"collection":[{"href":"https:\/\/utfpr.curitiba.br\/iaaplicada\/wp-json\/wp\/v2\/pages"}],"about":[{"href":"https:\/\/utfpr.curitiba.br\/iaaplicada\/wp-json\/wp\/v2\/types\/page"}],"author":[{"embeddable":true,"href":"https:\/\/utfpr.curitiba.br\/iaaplicada\/wp-json\/wp\/v2\/users\/24"}],"replies":[{"embeddable":true,"href":"https:\/\/utfpr.curitiba.br\/iaaplicada\/wp-json\/wp\/v2\/comments?post=2746"}],"version-history":[{"count":7,"href":"https:\/\/utfpr.curitiba.br\/iaaplicada\/wp-json\/wp\/v2\/pages\/2746\/revisions"}],"predecessor-version":[{"id":2753,"href":"https:\/\/utfpr.curitiba.br\/iaaplicada\/wp-json\/wp\/v2\/pages\/2746\/revisions\/2753"}],"wp:attachment":[{"href":"https:\/\/utfpr.curitiba.br\/iaaplicada\/wp-json\/wp\/v2\/media?parent=2746"}],"curies":[{"name":"wp","href":"https:\/\/api.w.org\/{rel}","templated":true}]}}