{"id":87,"date":"2020-06-10T02:02:19","date_gmt":"2020-06-10T05:02:19","guid":{"rendered":"https:\/\/gyro.ct.utfpr.edu.br\/?page_id=87"},"modified":"2025-01-29T18:38:41","modified_gmt":"2025-01-29T21:38:41","slug":"eventos","status":"publish","type":"page","link":"https:\/\/utfpr.curitiba.br\/gyro\/eventos\/","title":{"rendered":"Publications"},"content":{"rendered":"\n<p>______________________________________________________________________________<\/p>\n\n\n\n<p>As publica\u00e7\u00f5es dispon\u00edveis neste site s\u00e3o as abertas (clique nas capas para acess\u00e1-las). <\/p>\n\n\n\n<p>Para lista das demais publica\u00e7\u00f5es acesse <a href=\"http:\/\/lattes.cnpq.br\/2271044514284983\">aqui<\/a>.<\/p>\n\n\n\n<p>__________________________________________________________________________<\/p>\n\n\n\n<p><strong>Global Resources Outlook 2024 &#8211; Country Profile: Brazil<\/strong><\/p>\n\n\n\n<figure class=\"wp-block-image size-full\"><a href=\"https:\/\/utfpr-ct-static-content.s3.amazonaws.com\/utfpr.curitiba.br\/wp-content\/uploads\/sites\/82\/2025\/01\/gro24_annex_Brazil_case_study-compressed-1.pdf\"><img fetchpriority=\"high\" decoding=\"async\" width=\"320\" height=\"449\" src=\"https:\/\/utfpr-ct-static-content.s3.amazonaws.com\/utfpr.curitiba.br\/wp-content\/uploads\/sites\/82\/2025\/01\/Screen-Shot-2025-01-29-at-18.24.43.png\" alt=\"\" class=\"wp-image-923\" srcset=\"https:\/\/utfpr-ct-static-content.s3.amazonaws.com\/utfpr.curitiba.br\/wp-content\/uploads\/sites\/82\/2025\/01\/Screen-Shot-2025-01-29-at-18.24.43.png 320w, https:\/\/utfpr-ct-static-content.s3.amazonaws.com\/utfpr.curitiba.br\/wp-content\/uploads\/sites\/82\/2025\/01\/Screen-Shot-2025-01-29-at-18.24.43-214x300.png 214w\" sizes=\"(max-width: 320px) 100vw, 320px\" \/><\/a><\/figure>\n\n\n\n<h2 class=\"wp-block-heading has-text-align-left\"><strong>ICV<\/strong><\/h2>\n\n\n\n<div class=\"wp-block-columns is-layout-flex wp-container-core-columns-is-layout-9d6595d7 wp-block-columns-is-layout-flex\">\n<div class=\"wp-block-column is-layout-flow wp-block-column-is-layout-flow\">\n<figure class=\"wp-block-image is-resized\"><a href=\"https:\/\/utfpr-ct-static-content.s3.amazonaws.com\/utfpr.curitiba.br\/wp-content\/uploads\/sites\/82\/2020\/08\/2-Manual-validac%CC%A7a%CC%83o-datasets-ecospold-ILCD_final.pdf\"><img decoding=\"async\" src=\"https:\/\/utfpr-ct-static-content.s3.amazonaws.com\/utfpr.curitiba.br\/wp-content\/uploads\/sites\/82\/2020\/09\/image.png\" alt=\"O atributo alt desta imagem est\u00e1 vazio. O nome do arquivo \u00e9 image.png\" style=\"width:449px;height:617px\" \/><\/a><figcaption class=\"wp-element-caption\"><a href=\"https:\/\/utfpr-ct-static-content.s3.amazonaws.com\/utfpr.curitiba.br\/wp-content\/uploads\/sites\/82\/2020\/08\/2-Manual-validac%CC%A7a%CC%83o-datasets-ecospold-ILCD_final.pdf\" target=\"_blank\" aria-label=\"undefined (opens in a new tab)\" rel=\"noreferrer noopener\">Manual valida\u00e7\u00e3o datasets ecospold ILCD<\/a><\/figcaption><\/figure>\n\n\n\n<p><\/p>\n<\/div>\n\n\n\n<div class=\"wp-block-column is-layout-flow wp-block-column-is-layout-flow\">\n<figure class=\"wp-block-image size-large is-resized\"><a href=\"https:\/\/utfpr-ct-static-content.s3.amazonaws.com\/utfpr.curitiba.br\/wp-content\/uploads\/sites\/82\/2020\/08\/Qualidata.pdf\"><img decoding=\"async\" width=\"590\" height=\"828\" src=\"https:\/\/utfpr-ct-static-content.s3.amazonaws.com\/utfpr.curitiba.br\/wp-content\/uploads\/sites\/82\/2020\/09\/guia-qualidata-2-5.png\" alt=\"\" class=\"wp-image-557\" style=\"width:440px;height:617px\" srcset=\"https:\/\/utfpr-ct-static-content.s3.amazonaws.com\/utfpr.curitiba.br\/wp-content\/uploads\/sites\/82\/2020\/09\/guia-qualidata-2-5.png 590w, https:\/\/utfpr-ct-static-content.s3.amazonaws.com\/utfpr.curitiba.br\/wp-content\/uploads\/sites\/82\/2020\/09\/guia-qualidata-2-5-214x300.png 214w, https:\/\/utfpr-ct-static-content.s3.amazonaws.com\/utfpr.curitiba.br\/wp-content\/uploads\/sites\/82\/2020\/09\/guia-qualidata-2-5-43x60.png 43w\" sizes=\"(max-width: 590px) 100vw, 590px\" \/><\/a><figcaption class=\"wp-element-caption\"> <a aria-label=\"undefined (opens in a new tab)\" href=\"https:\/\/utfpr-ct-static-content.s3.amazonaws.com\/utfpr.curitiba.br\/wp-content\/uploads\/sites\/82\/2020\/08\/Qualidata.pdf\" target=\"_blank\" rel=\"noreferrer noopener\">QualiData &#8211; Guia de Qualidade de Dados para a Base de Dados de ACV Nacional (SICV Brasil)<\/a><\/figcaption><\/figure>\n<\/div>\n<\/div>\n\n\n\n<h2 class=\"wp-block-heading has-text-align-left\"><strong>AICV<\/strong><\/h2>\n\n\n\n<div class=\"wp-block-columns is-layout-flex wp-container-core-columns-is-layout-9d6595d7 wp-block-columns-is-layout-flex\">\n<div class=\"wp-block-column is-layout-flow wp-block-column-is-layout-flow\">\n<figure class=\"wp-block-image is-resized\"><a href=\"https:\/\/c402277.ssl.cf1.rackcdn.com\/publications\/993\/files\/original\/LCIA-publication-preview.pdf?1488567549\"><img decoding=\"async\" src=\"https:\/\/utfpr-ct-static-content.s3.amazonaws.com\/utfpr.curitiba.br\/wp-content\/uploads\/sites\/82\/2020\/09\/image-5.png\" alt=\"O atributo alt desta imagem est\u00e1 vazio. O nome do arquivo \u00e9 image-5.png\" style=\"width:440px;height:619px\" \/><\/a><figcaption class=\"wp-element-caption\"><a href=\"https:\/\/c402277.ssl.cf1.rackcdn.com\/publications\/993\/files\/original\/LCIA-publication-preview.pdf?1488567549\" target=\"_blank\" aria-label=\"undefined (opens in a new tab)\" rel=\"noreferrer noopener\">Global Guidance for Life Cycle Impact Assessment Indicators &#8211; Volume I<\/a><\/figcaption><\/figure>\n\n\n\n<p><\/p>\n<\/div>\n\n\n\n<div class=\"wp-block-column is-layout-flow wp-block-column-is-layout-flow\">\n<figure class=\"wp-block-image size-large is-resized\"><a href=\"http:\/\/acv.ibict.br\/wp-content\/uploads\/2019\/07\/Relat%C3%B3rio-de-Recomenda%C3%A7%C3%B5es-de-Modelos-de-Avalia%C3%A7%C3%A3o-de-Impacto-para-o-Contexto-Brasileiro.pdf\"><img decoding=\"async\" width=\"598\" height=\"842\" src=\"https:\/\/utfpr-ct-static-content.s3.amazonaws.com\/utfpr.curitiba.br\/wp-content\/uploads\/sites\/82\/2020\/09\/Recomenda\u00e7\u00e3o-de-modelos-de-Avalia\u00e7\u00e3o-de-Impacto-do-Ciclo-de-Vida-para-o-Contexto-Brasileiro-1.png\" alt=\"\" class=\"wp-image-550\" style=\"width:441px;height:620px\" srcset=\"https:\/\/utfpr-ct-static-content.s3.amazonaws.com\/utfpr.curitiba.br\/wp-content\/uploads\/sites\/82\/2020\/09\/Recomenda\u00e7\u00e3o-de-modelos-de-Avalia\u00e7\u00e3o-de-Impacto-do-Ciclo-de-Vida-para-o-Contexto-Brasileiro-1.png 598w, https:\/\/utfpr-ct-static-content.s3.amazonaws.com\/utfpr.curitiba.br\/wp-content\/uploads\/sites\/82\/2020\/09\/Recomenda\u00e7\u00e3o-de-modelos-de-Avalia\u00e7\u00e3o-de-Impacto-do-Ciclo-de-Vida-para-o-Contexto-Brasileiro-1-213x300.png 213w, https:\/\/utfpr-ct-static-content.s3.amazonaws.com\/utfpr.curitiba.br\/wp-content\/uploads\/sites\/82\/2020\/09\/Recomenda\u00e7\u00e3o-de-modelos-de-Avalia\u00e7\u00e3o-de-Impacto-do-Ciclo-de-Vida-para-o-Contexto-Brasileiro-1-43x60.png 43w\" sizes=\"(max-width: 598px) 100vw, 598px\" \/><\/a><figcaption class=\"wp-element-caption\"><a href=\"http:\/\/acv.ibict.br\/wp-content\/uploads\/2019\/07\/Relat%C3%B3rio-de-Recomenda%C3%A7%C3%B5es-de-Modelos-de-Avalia%C3%A7%C3%A3o-de-Impacto-para-o-Contexto-Brasileiro.pdf\" target=\"_blank\" aria-label=\"undefined (opens in a new tab)\" rel=\"noreferrer noopener\">Recomenda\u00e7\u00e3o de modelos de Avalia\u00e7\u00e3o de Impacto do Ciclo de Vida para o Contexto Brasileiro<\/a><\/figcaption><\/figure>\n\n\n\n<p><\/p>\n<\/div>\n<\/div>\n\n\n\n<div class=\"wp-block-columns is-layout-flex wp-container-core-columns-is-layout-9d6595d7 wp-block-columns-is-layout-flex\">\n<div class=\"wp-block-column is-layout-flow wp-block-column-is-layout-flow\">\n<h2 class=\"wp-block-heading\"><strong>ACV Social<\/strong><\/h2>\n\n\n\n<figure class=\"wp-block-image size-large is-resized\"><a href=\"http:\/\/www.unep.fr\/shared\/publications\/pdf\/DTIx1164xPA-guidelines_sLCA.pdf\"><img loading=\"lazy\" decoding=\"async\" width=\"663\" height=\"941\" src=\"https:\/\/utfpr-ct-static-content.s3.amazonaws.com\/utfpr.curitiba.br\/wp-content\/uploads\/sites\/82\/2020\/09\/image-11.png\" alt=\"\" class=\"wp-image-546\" style=\"width:438px;height:621px\" srcset=\"https:\/\/utfpr-ct-static-content.s3.amazonaws.com\/utfpr.curitiba.br\/wp-content\/uploads\/sites\/82\/2020\/09\/image-11.png 663w, https:\/\/utfpr-ct-static-content.s3.amazonaws.com\/utfpr.curitiba.br\/wp-content\/uploads\/sites\/82\/2020\/09\/image-11-211x300.png 211w, https:\/\/utfpr-ct-static-content.s3.amazonaws.com\/utfpr.curitiba.br\/wp-content\/uploads\/sites\/82\/2020\/09\/image-11-42x60.png 42w\" sizes=\"(max-width: 663px) 100vw, 663px\" \/><\/a><figcaption class=\"wp-element-caption\"><a href=\"http:\/\/www.unep.fr\/shared\/publications\/pdf\/DTIx1164xPA-guidelines_sLCA.pdf\" target=\"_blank\" aria-label=\"undefined (opens in a new tab)\" rel=\"noreferrer noopener\">Guidelines for Social Life Cycle<br>Assessment of Products<\/a><\/figcaption><\/figure>\n<\/div>\n\n\n\n<div class=\"wp-block-column is-layout-flow wp-block-column-is-layout-flow\">\n<h2 class=\"wp-block-heading\"><strong>ASCV<\/strong><\/h2>\n\n\n\n<figure class=\"wp-block-image is-resized\"><a href=\"https:\/\/www.lifecycleinitiative.org\/wp-content\/uploads\/2012\/12\/2011%20-%20Towards%20LCSA.pdf\"><img decoding=\"async\" src=\"https:\/\/utfpr-ct-static-content.s3.amazonaws.com\/utfpr.curitiba.br\/wp-content\/uploads\/sites\/82\/2020\/09\/image-9.png\" alt=\"O atributo alt desta imagem est\u00e1 vazio. O nome do arquivo \u00e9 image-9.png\" style=\"width:437px;height:620px\" \/><\/a><figcaption class=\"wp-element-caption\"><a href=\"https:\/\/www.lifecycleinitiative.org\/wp-content\/uploads\/2012\/12\/2011%20-%20Towards%20LCSA.pdf\" target=\"_blank\" rel=\"noreferrer noopener\">Towards Life Cycle Sustainability Assessment<\/a><\/figcaption><\/figure>\n<\/div>\n<\/div>\n\n\n\n<p><\/p>\n","protected":false},"excerpt":{"rendered":"<p>______________________________________________________________________________ As publica\u00e7\u00f5es dispon\u00edveis neste site s\u00e3o as abertas (clique nas capas para acess\u00e1-las). Para lista das demais publica\u00e7\u00f5es acesse aqui. __________________________________________________________________________ Global Resources Outlook 2024 &#8211; Country Profile: Brazil &hellip; <\/p>\n","protected":false},"author":4,"featured_media":0,"parent":0,"menu_order":0,"comment_status":"closed","ping_status":"closed","template":"","meta":{"footnotes":""},"class_list":["post-87","page","type-page","status-publish","hentry"],"_links":{"self":[{"href":"https:\/\/utfpr.curitiba.br\/gyro\/wp-json\/wp\/v2\/pages\/87","targetHints":{"allow":["GET"]}}],"collection":[{"href":"https:\/\/utfpr.curitiba.br\/gyro\/wp-json\/wp\/v2\/pages"}],"about":[{"href":"https:\/\/utfpr.curitiba.br\/gyro\/wp-json\/wp\/v2\/types\/page"}],"author":[{"embeddable":true,"href":"https:\/\/utfpr.curitiba.br\/gyro\/wp-json\/wp\/v2\/users\/4"}],"replies":[{"embeddable":true,"href":"https:\/\/utfpr.curitiba.br\/gyro\/wp-json\/wp\/v2\/comments?post=87"}],"version-history":[{"count":11,"href":"https:\/\/utfpr.curitiba.br\/gyro\/wp-json\/wp\/v2\/pages\/87\/revisions"}],"predecessor-version":[{"id":929,"href":"https:\/\/utfpr.curitiba.br\/gyro\/wp-json\/wp\/v2\/pages\/87\/revisions\/929"}],"wp:attachment":[{"href":"https:\/\/utfpr.curitiba.br\/gyro\/wp-json\/wp\/v2\/media?parent=87"}],"curies":[{"name":"wp","href":"https:\/\/api.w.org\/{rel}","templated":true}]}}