{"id":51,"date":"2020-06-09T15:53:50","date_gmt":"2020-06-09T18:53:50","guid":{"rendered":"https:\/\/gyro.ct.utfpr.edu.br\/?page_id=51"},"modified":"2024-06-07T16:06:28","modified_gmt":"2024-06-07T19:06:28","slug":"gyro-4-people","status":"publish","type":"page","link":"https:\/\/utfpr.curitiba.br\/gyro\/gyro-4-people\/","title":{"rendered":"4PEOPLE"},"content":{"rendered":"\n<p>O Gyro se preocupa com os impactos sociais decorrentes de produtos e organiza\u00e7\u00f5es. Como decorr\u00eancia, o Gyro colabora para o desenvolvimento de modelos e a verifica\u00e7\u00e3o de meios para aplicar a Avalia\u00e7\u00e3o Social do Ciclo de Vida (ACV-S).<\/p>\n\n\n\n<p>O Gyro 4 People desenvolve projetos focados na avalia\u00e7\u00e3o de impactos sociais (positivos e negativos) relacionados ao ciclo de vida de produtos e servi\u00e7os, abrangendo assim desde a extra\u00e7\u00e3o de recursos at\u00e9 a disposi\u00e7\u00e3o final.<\/p>\n\n\n\n<p>Nesse sentido, j\u00e1 foram desenvolvidos projetos e modelos voltados \u00e0 avalia\u00e7\u00e3o do desempenho social de produtos. Os resultados foram   aplicados em cosm\u00e9ticos e novas mat\u00e9rias-primas, em parceria com organiza\u00e7\u00f5es dos setores privado e p\u00fablico em conjunto com outras t\u00e9cnicas reconhecidas internacionalmente, bem como bases de dados de ACV Social focadas na an\u00e1lise de Risco Social . <\/p>\n\n\n\n<p>O Gyro 4 People tamb\u00e9m foi respons\u00e1vel pela organiza\u00e7\u00e3o do IV Workshop em ACV-S, realizado em Curitiba\/ PR em 2018, al\u00e9m dos membros da equipe serem participantes ativos do Grupo de Trabalho em ACV Social (GTACV-S).<\/p>\n\n\n\n<p><strong>Colabora\u00e7\u00e3o<\/strong><\/p>\n\n\n\n<p>Grupo de Trabalho em ACV-S<\/p>\n\n\n\n<p>Universidad G. d&#8217; Annunzio<\/p>\n\n\n\n<p>Universidade de Coimbra<\/p>\n\n\n\n<p><strong>Apoio<\/strong> <strong>com recursos<\/strong><\/p>\n\n\n\n<figure class=\"wp-block-image size-large is-resized\"><img fetchpriority=\"high\" decoding=\"async\" width=\"300\" height=\"175\" src=\"https:\/\/utfpr-ct-static-content.s3.amazonaws.com\/utfpr.curitiba.br\/wp-content\/uploads\/sites\/82\/2020\/06\/Grupo-Boticario-Logo.png\" alt=\"\" class=\"wp-image-349\" style=\"width:137px;height:80px\" srcset=\"https:\/\/utfpr-ct-static-content.s3.amazonaws.com\/utfpr.curitiba.br\/wp-content\/uploads\/sites\/82\/2020\/06\/Grupo-Boticario-Logo.png 300w, https:\/\/utfpr-ct-static-content.s3.amazonaws.com\/utfpr.curitiba.br\/wp-content\/uploads\/sites\/82\/2020\/06\/Grupo-Boticario-Logo-103x60.png 103w\" sizes=\"(max-width: 300px) 100vw, 300px\" \/><\/figure>\n\n\n\n<figure class=\"wp-block-image size-large is-resized\"><img decoding=\"async\" width=\"618\" height=\"475\" src=\"https:\/\/utfpr-ct-static-content.s3.amazonaws.com\/utfpr.curitiba.br\/wp-content\/uploads\/sites\/82\/2020\/06\/222_download-removebg-preview_2_thb-1.png\" alt=\"\" class=\"wp-image-353\" style=\"width:124px;height:94px\" srcset=\"https:\/\/utfpr-ct-static-content.s3.amazonaws.com\/utfpr.curitiba.br\/wp-content\/uploads\/sites\/82\/2020\/06\/222_download-removebg-preview_2_thb-1.png 618w, https:\/\/utfpr-ct-static-content.s3.amazonaws.com\/utfpr.curitiba.br\/wp-content\/uploads\/sites\/82\/2020\/06\/222_download-removebg-preview_2_thb-1-300x231.png 300w, https:\/\/utfpr-ct-static-content.s3.amazonaws.com\/utfpr.curitiba.br\/wp-content\/uploads\/sites\/82\/2020\/06\/222_download-removebg-preview_2_thb-1-78x60.png 78w\" sizes=\"(max-width: 618px) 100vw, 618px\" \/><\/figure>\n\n\n\n<figure class=\"wp-block-image size-large is-resized\"><img decoding=\"async\" width=\"370\" height=\"88\" src=\"https:\/\/utfpr-ct-static-content.s3.amazonaws.com\/utfpr.curitiba.br\/wp-content\/uploads\/sites\/82\/2020\/06\/lci_2015-horizontal.png\" alt=\"\" class=\"wp-image-354\" style=\"width:238px;height:57px\" srcset=\"https:\/\/utfpr-ct-static-content.s3.amazonaws.com\/utfpr.curitiba.br\/wp-content\/uploads\/sites\/82\/2020\/06\/lci_2015-horizontal.png 370w, https:\/\/utfpr-ct-static-content.s3.amazonaws.com\/utfpr.curitiba.br\/wp-content\/uploads\/sites\/82\/2020\/06\/lci_2015-horizontal-300x71.png 300w, https:\/\/utfpr-ct-static-content.s3.amazonaws.com\/utfpr.curitiba.br\/wp-content\/uploads\/sites\/82\/2020\/06\/lci_2015-horizontal-252x60.png 252w\" sizes=\"(max-width: 370px) 100vw, 370px\" \/><\/figure>\n\n\n\n<figure class=\"wp-block-image size-large is-resized\"><img loading=\"lazy\" decoding=\"async\" width=\"1024\" height=\"437\" src=\"https:\/\/utfpr-ct-static-content.s3.amazonaws.com\/utfpr.curitiba.br\/wp-content\/uploads\/sites\/82\/2020\/06\/cnpq-logo-1024x437.png\" alt=\"\" class=\"wp-image-351\" style=\"width:141px;height:60px\" srcset=\"https:\/\/utfpr-ct-static-content.s3.amazonaws.com\/utfpr.curitiba.br\/wp-content\/uploads\/sites\/82\/2020\/06\/cnpq-logo-1024x437.png 1024w, https:\/\/utfpr-ct-static-content.s3.amazonaws.com\/utfpr.curitiba.br\/wp-content\/uploads\/sites\/82\/2020\/06\/cnpq-logo-300x128.png 300w, https:\/\/utfpr-ct-static-content.s3.amazonaws.com\/utfpr.curitiba.br\/wp-content\/uploads\/sites\/82\/2020\/06\/cnpq-logo-768x328.png 768w, https:\/\/utfpr-ct-static-content.s3.amazonaws.com\/utfpr.curitiba.br\/wp-content\/uploads\/sites\/82\/2020\/06\/cnpq-logo-1536x656.png 1536w, https:\/\/utfpr-ct-static-content.s3.amazonaws.com\/utfpr.curitiba.br\/wp-content\/uploads\/sites\/82\/2020\/06\/cnpq-logo-2048x875.png 2048w, https:\/\/utfpr-ct-static-content.s3.amazonaws.com\/utfpr.curitiba.br\/wp-content\/uploads\/sites\/82\/2020\/06\/cnpq-logo-140x60.png 140w\" sizes=\"(max-width: 1024px) 100vw, 1024px\" \/><\/figure>\n\n\n\n<figure class=\"wp-block-image size-large is-resized\"><img loading=\"lazy\" decoding=\"async\" width=\"1024\" height=\"948\" src=\"https:\/\/utfpr-ct-static-content.s3.amazonaws.com\/utfpr.curitiba.br\/wp-content\/uploads\/sites\/82\/2020\/06\/logo-original-fundo-claro-1024x948.png\" alt=\"\" class=\"wp-image-350\" style=\"width:114px;height:105px\" srcset=\"https:\/\/utfpr-ct-static-content.s3.amazonaws.com\/utfpr.curitiba.br\/wp-content\/uploads\/sites\/82\/2020\/06\/logo-original-fundo-claro-1024x948.png 1024w, https:\/\/utfpr-ct-static-content.s3.amazonaws.com\/utfpr.curitiba.br\/wp-content\/uploads\/sites\/82\/2020\/06\/logo-original-fundo-claro-300x278.png 300w, https:\/\/utfpr-ct-static-content.s3.amazonaws.com\/utfpr.curitiba.br\/wp-content\/uploads\/sites\/82\/2020\/06\/logo-original-fundo-claro-768x711.png 768w, https:\/\/utfpr-ct-static-content.s3.amazonaws.com\/utfpr.curitiba.br\/wp-content\/uploads\/sites\/82\/2020\/06\/logo-original-fundo-claro-1536x1422.png 1536w, https:\/\/utfpr-ct-static-content.s3.amazonaws.com\/utfpr.curitiba.br\/wp-content\/uploads\/sites\/82\/2020\/06\/logo-original-fundo-claro-2048x1896.png 2048w, https:\/\/utfpr-ct-static-content.s3.amazonaws.com\/utfpr.curitiba.br\/wp-content\/uploads\/sites\/82\/2020\/06\/logo-original-fundo-claro-65x60.png 65w\" sizes=\"(max-width: 1024px) 100vw, 1024px\" \/><\/figure>\n\n\n\n<figure class=\"wp-block-image size-large is-resized\"><img loading=\"lazy\" decoding=\"async\" width=\"722\" height=\"287\" src=\"https:\/\/utfpr-ct-static-content.s3.amazonaws.com\/utfpr.curitiba.br\/wp-content\/uploads\/sites\/82\/2020\/06\/logo_fundacao.png\" alt=\"\" class=\"wp-image-355\" style=\"width:164px;height:65px\" srcset=\"https:\/\/utfpr-ct-static-content.s3.amazonaws.com\/utfpr.curitiba.br\/wp-content\/uploads\/sites\/82\/2020\/06\/logo_fundacao.png 722w, https:\/\/utfpr-ct-static-content.s3.amazonaws.com\/utfpr.curitiba.br\/wp-content\/uploads\/sites\/82\/2020\/06\/logo_fundacao-300x119.png 300w, https:\/\/utfpr-ct-static-content.s3.amazonaws.com\/utfpr.curitiba.br\/wp-content\/uploads\/sites\/82\/2020\/06\/logo_fundacao-151x60.png 151w\" sizes=\"(max-width: 722px) 100vw, 722px\" \/><\/figure>\n\n\n\n<p><strong>Eventos<\/strong><\/p>\n\n\n\n<p><strong><em>9th International Conference of Social Life Cycle Assessment (S-LCA 2024)<\/em><\/strong><\/p>\n\n\n\n<figure class=\"wp-block-image size-large\"><img loading=\"lazy\" decoding=\"async\" width=\"1024\" height=\"664\" src=\"https:\/\/utfpr-ct-static-content.s3.amazonaws.com\/utfpr.curitiba.br\/wp-content\/uploads\/sites\/82\/2024\/06\/Opening-9-1024x664.jpg\" alt=\"\" class=\"wp-image-882\" srcset=\"https:\/\/utfpr-ct-static-content.s3.amazonaws.com\/utfpr.curitiba.br\/wp-content\/uploads\/sites\/82\/2024\/06\/Opening-9-1024x664.jpg 1024w, https:\/\/utfpr-ct-static-content.s3.amazonaws.com\/utfpr.curitiba.br\/wp-content\/uploads\/sites\/82\/2024\/06\/Opening-9-300x195.jpg 300w, https:\/\/utfpr-ct-static-content.s3.amazonaws.com\/utfpr.curitiba.br\/wp-content\/uploads\/sites\/82\/2024\/06\/Opening-9-768x498.jpg 768w, https:\/\/utfpr-ct-static-content.s3.amazonaws.com\/utfpr.curitiba.br\/wp-content\/uploads\/sites\/82\/2024\/06\/Opening-9-1536x996.jpg 1536w, https:\/\/utfpr-ct-static-content.s3.amazonaws.com\/utfpr.curitiba.br\/wp-content\/uploads\/sites\/82\/2024\/06\/Opening-9-2048x1328.jpg 2048w, https:\/\/utfpr-ct-static-content.s3.amazonaws.com\/utfpr.curitiba.br\/wp-content\/uploads\/sites\/82\/2024\/06\/Opening-9-92x60.jpg 92w\" sizes=\"(max-width: 1024px) 100vw, 1024px\" \/><\/figure>\n\n\n\n<p>S-LCA 2024: Ways forward to social change: mensurando impactos sociais na cadeia de valores\u00a0<\/p>\n\n\n\n<p>De 28 a 31 de maio, na UTFPR Curitiba, ocorreu o 9th International Conference of Social Life Cycle Assessment (S-LCA 2024) que contou com palestrantes renomados.<\/p>\n\n\n\n<p>A S-LCA (no portugu\u00eas, ACV-S) &nbsp;\u00e9 uma t\u00e9cnica poderosa que pode ser usada para promover a justi\u00e7a social, o bem-estar e o desenvolvimento sustent\u00e1vel. Ao participar do evento S-LCA 2024, voc\u00ea ter\u00e1 a oportunidade de aprender com os principais especialistas, fazer networking com l\u00edderes do setor e contribuir para impactos sociais positivos.<\/p>\n\n\n\n<p>Durante o evento, houve a oportunidade de ouvir 9 palestrantes, entre os quais:<\/p>\n\n\n\n<ul class=\"wp-block-list\">\n<li>o Prof. Gregory Norris (MIT), que tratou dos impactos sociais positivos de uma organiza\u00e7\u00e3o; <\/li>\n\n\n\n<li>Bernard Mazijn, do Minist\u00e9rio do Clima, Ambiente, Desenvolvimento Sustent\u00e1vel e Green Deal da B\u00e9lgica, que exp\u00f4s sobre Pol\u00edticas P\u00fablicas relacionadas \u00e0 Produ\u00e7\u00e3o e Consumo Sustent\u00e1vel;<\/li>\n\n\n\n<li>Prof. Marzia Traverso da Universidade de RWTH Aachen, Alemanha, que compartilhou sobre o piloto da primeira Declara\u00e7\u00e3o Social de Produto do mundo.<\/li>\n<\/ul>\n\n\n\n<p>Al\u00e9m disso, o evento contou com o desafio S-LCA Challenge 2024, que premiou a equipe com o melhor pitch e v\u00eddeo de divulga\u00e7\u00e3o cient\u00edfica.<\/p>\n\n\n\n<p>Os temas principais abordados no evento foram:<\/p>\n\n\n\n<p>* Mensurar impactos sociais no ciclo de vida \/ cadeia de valores<\/p>\n\n\n\n<p>* Conhecer experi\u00eancias em pol\u00edticas p\u00fablicas para a produ\u00e7\u00e3o e consumo respons\u00e1veis<\/p>\n\n\n\n<p>* Identificar e prevenir viola\u00e7\u00f5es de direitos humanos na cadeia de valores.<\/p>\n\n\n\n<p>* Envolver comunidades para garantir que seus valores e necessidades sejam considerados.<\/p>\n\n\n\n<p>* Comunicar os resultados da S-LCA de forma eficaz para stakeholders internos e externos.<\/p>\n\n\n\n<p>Com isso, o evento S-LCA 2024 contribuiu tanto com a ODS 12, de produ\u00e7\u00e3o e consumo sustent\u00e1vel, visando melhorar as condi\u00e7\u00f5es sociais, como do ODS 8 (Trabalho decente e crescimento econ\u00f4mico) e do ODS 10 (Redu\u00e7\u00e3o das desigualdades).<\/p>\n\n\n\n<figure class=\"wp-block-image size-large\"><img loading=\"lazy\" decoding=\"async\" width=\"1024\" height=\"444\" src=\"https:\/\/utfpr-ct-static-content.s3.amazonaws.com\/utfpr.curitiba.br\/wp-content\/uploads\/sites\/82\/2024\/06\/Opening2-5-1024x444.jpg\" alt=\"\" class=\"wp-image-881\" srcset=\"https:\/\/utfpr-ct-static-content.s3.amazonaws.com\/utfpr.curitiba.br\/wp-content\/uploads\/sites\/82\/2024\/06\/Opening2-5-1024x444.jpg 1024w, https:\/\/utfpr-ct-static-content.s3.amazonaws.com\/utfpr.curitiba.br\/wp-content\/uploads\/sites\/82\/2024\/06\/Opening2-5-300x130.jpg 300w, https:\/\/utfpr-ct-static-content.s3.amazonaws.com\/utfpr.curitiba.br\/wp-content\/uploads\/sites\/82\/2024\/06\/Opening2-5-768x333.jpg 768w, https:\/\/utfpr-ct-static-content.s3.amazonaws.com\/utfpr.curitiba.br\/wp-content\/uploads\/sites\/82\/2024\/06\/Opening2-5-1536x667.jpg 1536w, https:\/\/utfpr-ct-static-content.s3.amazonaws.com\/utfpr.curitiba.br\/wp-content\/uploads\/sites\/82\/2024\/06\/Opening2-5-2048x889.jpg 2048w, https:\/\/utfpr-ct-static-content.s3.amazonaws.com\/utfpr.curitiba.br\/wp-content\/uploads\/sites\/82\/2024\/06\/Opening2-5-138x60.jpg 138w\" sizes=\"(max-width: 1024px) 100vw, 1024px\" \/><\/figure>\n\n\n\n<figure class=\"wp-block-image size-full\"><img loading=\"lazy\" decoding=\"async\" width=\"995\" height=\"103\" src=\"https:\/\/utfpr-ct-static-content.s3.amazonaws.com\/utfpr.curitiba.br\/wp-content\/uploads\/sites\/82\/2024\/06\/image-1.png\" alt=\"\" class=\"wp-image-885\" srcset=\"https:\/\/utfpr-ct-static-content.s3.amazonaws.com\/utfpr.curitiba.br\/wp-content\/uploads\/sites\/82\/2024\/06\/image-1.png 995w, https:\/\/utfpr-ct-static-content.s3.amazonaws.com\/utfpr.curitiba.br\/wp-content\/uploads\/sites\/82\/2024\/06\/image-1-300x31.png 300w, https:\/\/utfpr-ct-static-content.s3.amazonaws.com\/utfpr.curitiba.br\/wp-content\/uploads\/sites\/82\/2024\/06\/image-1-768x80.png 768w, https:\/\/utfpr-ct-static-content.s3.amazonaws.com\/utfpr.curitiba.br\/wp-content\/uploads\/sites\/82\/2024\/06\/image-1-580x60.png 580w\" sizes=\"(max-width: 995px) 100vw, 995px\" \/><\/figure>\n\n\n\n<p><em><strong>IV Workshop de ACV-S<\/strong><\/em><\/p>\n\n\n\n<figure class=\"wp-block-image size-large\"><img loading=\"lazy\" decoding=\"async\" width=\"1024\" height=\"680\" src=\"https:\/\/utfpr-ct-static-content.s3.amazonaws.com\/utfpr.curitiba.br\/wp-content\/uploads\/sites\/82\/2020\/06\/IMG_2725-1024x680.jpg\" alt=\"\" class=\"wp-image-294\" srcset=\"https:\/\/utfpr-ct-static-content.s3.amazonaws.com\/utfpr.curitiba.br\/wp-content\/uploads\/sites\/82\/2020\/06\/IMG_2725-1024x680.jpg 1024w, https:\/\/utfpr-ct-static-content.s3.amazonaws.com\/utfpr.curitiba.br\/wp-content\/uploads\/sites\/82\/2020\/06\/IMG_2725-300x199.jpg 300w, https:\/\/utfpr-ct-static-content.s3.amazonaws.com\/utfpr.curitiba.br\/wp-content\/uploads\/sites\/82\/2020\/06\/IMG_2725-768x510.jpg 768w, https:\/\/utfpr-ct-static-content.s3.amazonaws.com\/utfpr.curitiba.br\/wp-content\/uploads\/sites\/82\/2020\/06\/IMG_2725-1536x1020.jpg 1536w, https:\/\/utfpr-ct-static-content.s3.amazonaws.com\/utfpr.curitiba.br\/wp-content\/uploads\/sites\/82\/2020\/06\/IMG_2725-90x60.jpg 90w, https:\/\/utfpr-ct-static-content.s3.amazonaws.com\/utfpr.curitiba.br\/wp-content\/uploads\/sites\/82\/2020\/06\/IMG_2725-370x247.jpg 370w, https:\/\/utfpr-ct-static-content.s3.amazonaws.com\/utfpr.curitiba.br\/wp-content\/uploads\/sites\/82\/2020\/06\/IMG_2725.jpg 1876w\" sizes=\"(max-width: 1024px) 100vw, 1024px\" \/><figcaption class=\"wp-element-caption\">IV Workshop de ACV-S, 19-20\/4\/2018 UTFPR Curitiba<\/figcaption><\/figure>\n\n\n\n<p><strong>Saiba mais<\/strong><\/p>\n\n\n\n<p>UGAYA, Cassia; DE ARA\u00daJO, JAYLTON BONACINA ; SOUZA, ALEXANDRE ; DO CARMO, BRENO BARROS TELLES ; DE OLIVEIRA, SUELI A. ; MACIEL, VIN\u00cdCIUS GON\u00c7ALVES . What&#8217;s up and where to go in social life cycle impact assessment cause-effect model development? INTERNATIONAL JOURNAL OF LIFE CYCLE ASSESSMENT, v. 28, p. 199-218, 2023.<\/p>\n\n\n\n<p>COSTA, ALLINE MARCHESIN ; MANCINI, SANDRO DONNINI ; PAES, MICHEL XOCAIRA ;&nbsp;Ugaya, Cassia Maria Lie; DE MEDEIROS, GERSON ARAUJO ; DE SOUZA, RICARDO GABBAY . Social evaluation of municipal solid waste management systems from a life cycle perspective: a systematic literature review. INTERNATIONAL JOURNAL OF LIFE CYCLE ASSESSMENT, v. 27, p. 719-739, 2022.<\/p>\n\n\n\n<p>DE ARAUJO, JAYLTON BONACINA ; FREGA, JOS\u00c9 ROBERTO ;&nbsp;Ugaya, C\u00e1ssia Maria Lie&nbsp;. From social impact subcategories to human health: an application of multivariate analysis on S-LCA. INTERNATIONAL JOURNAL OF LIFE CYCLE ASSESSMENT, v. 26, p. 1471-1493, 2021.<\/p>\n\n\n\n<p>SOUZA, ALEXANDRE ; WATANABE, MARCOS D. B. ; CAVALETT, OTAVIO ; CUNHA, MARCELO ;&nbsp;UGAYA, C\u00c1SSIA M. L.&nbsp;; BONOMI, ANTONIO . A novel social life cycle assessment method for determining workers? human development: a case study of the sugarcane biorefineries in Brazil. INTERNATIONAL JOURNAL OF LIFE CYCLE ASSESSMENT, v. X, p. X, 2021.<\/p>\n\n\n\n<p>DO CARMO, BRENO BARROS TELLES ; DE OLIVEIRA CASTRO, GABRIEL ; GON\u00c7ALO, THOMAS EDSON ESP\u00cdNDOLA ;&nbsp;Ugaya, C\u00e1ssia Maria Lie&nbsp;. Participatory approach for pertinent impact subcategory identification: Local community. INTERNATIONAL JOURNAL OF LIFE CYCLE ASSESSMENT, v. 26, p. 950-962, 2021.<\/p>\n\n\n\n<p>PETTI, LUIGIA ; SANCHEZ RAMIREZ, PAOLA KARINA ; TRAVERSO, MARZIA;&nbsp;Ugaya, Cassia Maria Lie&nbsp;. An Italian tomato -Cuore di Bue- case study: challenges and benefits using subcategory assessment method for social life cycle assessment. The International Journal of Life Cycle Assessment, v. 23, p. 569-580, 2018.<\/p>\n\n\n\n<p>DU, CHONGYANG ;&nbsp;UGAYA, C\u00c1SSIA&nbsp;; FREIRE, FAUSTO ; DIAS, LUIS C. ; CLIFT, ROLAND . Enriching the results of screening social life cycle assessment using content analysis: a case study of sugarcane in Brazil. INTERNATIONAL JOURNAL OF LIFE CYCLE ASSESSMENT, v. X, p. 1-13, 2018.<\/p>\n\n\n\n<p>UGAYA, C. M. L.;&nbsp;SOUZA, A. M<a rel=\"noreferrer noopener\" href=\"http:\/\/lattes.cnpq.br\/3575402419830757\" target=\"_blank\">.<\/a>&nbsp;; OLIVEIRA, S. ; ARAUJO, J. B. . Crit\u00e9rios para avalia\u00e7\u00e3o de modelos de Avalia\u00e7\u00e3o de Impacto do Ciclo de Vida Social. Revista Latino Americana em Avalia\u00e7\u00e3o do Ciclo de Vida, v. 2, p. 66-81, 2018.<\/p>\n\n\n\n<p>SOUZA, ALEXANDRE ; WATANABE, MARCOS DJUN BARBOSA ; CAVALETT, OTAVIO ;&nbsp;<strong>Ugaya, Cassia Maria Lie<\/strong>&nbsp;; BONOMI, ANTONIO . Social life cycle assessment of first and second-generation ethanol production technologies in Brazil. The International Journal of Life Cycle Assessment, v. 23, p. 617-628, 2018.<\/p>\n\n\n\n<p>Ramirez, P.K.S.&nbsp;; PETTI, LUIGIA ; BRONES, F. ;&nbsp;UGAYA, C. M. L<strong>.<\/strong>&nbsp;. Subcategory assessment method for social life cycle assessment. Part 2: application in Natura?s cocoa soap. The International Journal of Life Cycle Assessment, v. 21, p. 106-117, 2016.<\/p>\n\n\n\n<p>Ramirez, P.K.S.&nbsp;;&nbsp;Haberland, N.T.&nbsp;; Petti, L. ;&nbsp;Ugaya, Cassia Maria Lie&nbsp;. Subcategory assessment method for social life cycle assessment. Part 1: methodological framework. INTERNATIONAL JOURNAL OF LIFE CYCLE ASSESSMENT, v. 19, p. 1515-1523, 2014.<\/p>\n\n\n\n<p>UGAYA, C. M. L.. The Social Assessment of Products. In: Joy Murray; Darian McBain; Thomas Wiedmann. (Org.). THE SUSTAINABILITY PRACTITIONER?S GUIDE TO SOCIAL ANALYSIS AND ASSESSMENT. 1ed.Illinois: COMMON GROUND PUBLISHING LLC, 2015, v. 1, p. 18-28.<\/p>\n\n\n\n<p>Beno\u00eet, Catherine ; Norris, Gregory A. ; Valdivia, Sonia ; Ciroth, Andreas ; Moberg, Asa ; Bos, Ulrike ; Prakash, Siddharth ;&nbsp;UGAYA, C. M. L.&nbsp;; Beck, Tabea . The guidelines for social life cycle assessment of products: just in time!. International Journal of Life Cycle Assessment, p. 18-24, 2010.<\/p>\n\n\n\n<p>ANDREWS, E.S. ; BARTHEL, L-P. ; BECK, T. ; BENOIT, C. ; CIROTH, A. ; CUCUZELLA, C. ; GENSCH, C-O ; H\u00c9BERT, J. ; LESAGE, P. ; MADZJIN, B. ; MANHART, A. ; MAZEAU, P. ; METHOT, A-L ; MOBERG, A. ; PARENT, J. ; PRAKASH, S. ; REVERET, J-P. ; SPILLEMAECKERS, S. ;&nbsp;UGAYA, C. M. L.&nbsp;; VALDIVIA, S. ; WEIDEMA, B. . Guidelines for Social Life Cycle Assessment of Products. 1. ed. Paris: UNEP, 2009. 103p .<\/p>\n","protected":false},"excerpt":{"rendered":"<p>O Gyro se preocupa com os impactos sociais decorrentes de produtos e organiza\u00e7\u00f5es. Como decorr\u00eancia, o Gyro colabora para o desenvolvimento de modelos e a verifica\u00e7\u00e3o de meios para aplicar &hellip; <\/p>\n","protected":false},"author":2,"featured_media":0,"parent":0,"menu_order":0,"comment_status":"closed","ping_status":"closed","template":"","meta":{"footnotes":""},"class_list":["post-51","page","type-page","status-publish","hentry"],"_links":{"self":[{"href":"https:\/\/utfpr.curitiba.br\/gyro\/wp-json\/wp\/v2\/pages\/51","targetHints":{"allow":["GET"]}}],"collection":[{"href":"https:\/\/utfpr.curitiba.br\/gyro\/wp-json\/wp\/v2\/pages"}],"about":[{"href":"https:\/\/utfpr.curitiba.br\/gyro\/wp-json\/wp\/v2\/types\/page"}],"author":[{"embeddable":true,"href":"https:\/\/utfpr.curitiba.br\/gyro\/wp-json\/wp\/v2\/users\/2"}],"replies":[{"embeddable":true,"href":"https:\/\/utfpr.curitiba.br\/gyro\/wp-json\/wp\/v2\/comments?post=51"}],"version-history":[{"count":24,"href":"https:\/\/utfpr.curitiba.br\/gyro\/wp-json\/wp\/v2\/pages\/51\/revisions"}],"predecessor-version":[{"id":888,"href":"https:\/\/utfpr.curitiba.br\/gyro\/wp-json\/wp\/v2\/pages\/51\/revisions\/888"}],"wp:attachment":[{"href":"https:\/\/utfpr.curitiba.br\/gyro\/wp-json\/wp\/v2\/media?parent=51"}],"curies":[{"name":"wp","href":"https:\/\/api.w.org\/{rel}","templated":true}]}}