{"id":43,"date":"2020-06-09T18:48:13","date_gmt":"2020-06-09T21:48:13","guid":{"rendered":"https:\/\/gyro.ct.utfpr.edu.br\/?page_id=43"},"modified":"2023-02-16T10:55:16","modified_gmt":"2023-02-16T13:55:16","slug":"gyro-4-city","status":"publish","type":"page","link":"https:\/\/utfpr.curitiba.br\/gyro\/gyro-4-city\/","title":{"rendered":"4INNOVATION"},"content":{"rendered":"\n<p>Conhe\u00e7a projetos do Gyro relacionados \u00e0 Inova\u00e7\u00e3o:<\/p>\n\n\n\n<p><strong>Inova\u00e7\u00e3o na Gest\u00e3o do Ciclo de Vida<\/strong><\/p>\n\n\n\n<p>Desenvolvimento de ferramentas computacionais para facilitar a realiza\u00e7\u00e3o de ACV! Conhe\u00e7a um pouco da colabora\u00e7\u00e3o realizada com a All4Labels (<a rel=\"noreferrer noopener\" href=\"https:\/\/www.youtube.com\/watch?v=px1TF5gVa_Q\" data-type=\"URL\" data-id=\"https:\/\/www.youtube.com\/watch?v=px1TF5gVa_Q\" target=\"_blank\">a partir 1:07:35<\/a>).<\/p>\n\n\n\n<p><strong>Innovation in cities and buildings. <\/strong> <\/p>\n\n\n\n<p>Our most recently article &#8220;A systematic review of BIM usage for life cycle impact assessment&#8221; have been published!<\/p>\n\n\n\n<p>For those interested on sustainability in the civil engineering sector the article is available at: <a href=\"https:\/\/www.emerald.com\/insight\/content\/doi\/10.1108\/BEPAM-03-2019-0028\/full\/html?fbclid=IwAR1n3ISTQlGyc2IqMJrLZhdP9LvojqFsthy8gaJvzFIhH9e4JILD132M278\"><span class=\"has-inline-color has-cyan-bluish-gray-color\">click here!<\/span><\/a><\/p>\n\n\n\n<div class=\"wp-block-columns is-layout-flex wp-container-core-columns-is-layout-9d6595d7 wp-block-columns-is-layout-flex\">\n<div class=\"wp-block-column is-layout-flow wp-block-column-is-layout-flow\">\n<figure class=\"wp-block-image size-large is-resized\"><img fetchpriority=\"high\" decoding=\"async\" src=\"https:\/\/utfpr-ct-static-content.s3.amazonaws.com\/utfpr.curitiba.br\/wp-content\/uploads\/sites\/82\/2020\/07\/Sem-t\u00edtulo-1024x714.png\" alt=\"\" class=\"wp-image-363\" width=\"549\" height=\"383\" srcset=\"https:\/\/utfpr-ct-static-content.s3.amazonaws.com\/utfpr.curitiba.br\/wp-content\/uploads\/sites\/82\/2020\/07\/Sem-t\u00edtulo-1024x714.png 1024w, https:\/\/utfpr-ct-static-content.s3.amazonaws.com\/utfpr.curitiba.br\/wp-content\/uploads\/sites\/82\/2020\/07\/Sem-t\u00edtulo-300x209.png 300w, https:\/\/utfpr-ct-static-content.s3.amazonaws.com\/utfpr.curitiba.br\/wp-content\/uploads\/sites\/82\/2020\/07\/Sem-t\u00edtulo-768x535.png 768w, https:\/\/utfpr-ct-static-content.s3.amazonaws.com\/utfpr.curitiba.br\/wp-content\/uploads\/sites\/82\/2020\/07\/Sem-t\u00edtulo-86x60.png 86w, https:\/\/utfpr-ct-static-content.s3.amazonaws.com\/utfpr.curitiba.br\/wp-content\/uploads\/sites\/82\/2020\/07\/Sem-t\u00edtulo.png 1082w\" sizes=\"(max-width: 549px) 100vw, 549px\" \/><\/figure>\n<\/div>\n\n\n\n<div class=\"wp-block-column is-layout-flow wp-block-column-is-layout-flow\">\n<figure class=\"wp-block-image size-large is-resized\"><img decoding=\"async\" src=\"https:\/\/utfpr-ct-static-content.s3.amazonaws.com\/utfpr.curitiba.br\/wp-content\/uploads\/sites\/82\/2020\/07\/estrada-asfaltada-e-cidade-moderna_1127-3052.jpg\" alt=\"\" class=\"wp-image-362\" width=\"526\" height=\"388\" srcset=\"https:\/\/utfpr-ct-static-content.s3.amazonaws.com\/utfpr.curitiba.br\/wp-content\/uploads\/sites\/82\/2020\/07\/estrada-asfaltada-e-cidade-moderna_1127-3052.jpg 626w, https:\/\/utfpr-ct-static-content.s3.amazonaws.com\/utfpr.curitiba.br\/wp-content\/uploads\/sites\/82\/2020\/07\/estrada-asfaltada-e-cidade-moderna_1127-3052-300x221.jpg 300w, https:\/\/utfpr-ct-static-content.s3.amazonaws.com\/utfpr.curitiba.br\/wp-content\/uploads\/sites\/82\/2020\/07\/estrada-asfaltada-e-cidade-moderna_1127-3052-81x60.jpg 81w\" sizes=\"(max-width: 526px) 100vw, 526px\" \/><\/figure>\n<\/div>\n<\/div>\n\n\n\n<p><\/p>\n","protected":false},"excerpt":{"rendered":"<p>Conhe\u00e7a projetos do Gyro relacionados \u00e0 Inova\u00e7\u00e3o: Inova\u00e7\u00e3o na Gest\u00e3o do Ciclo de Vida Desenvolvimento de ferramentas computacionais para facilitar a realiza\u00e7\u00e3o de ACV! Conhe\u00e7a um pouco da colabora\u00e7\u00e3o realizada &hellip; <\/p>\n","protected":false},"author":2,"featured_media":0,"parent":0,"menu_order":0,"comment_status":"closed","ping_status":"closed","template":"","meta":{"footnotes":""},"class_list":["post-43","page","type-page","status-publish","hentry"],"_links":{"self":[{"href":"https:\/\/utfpr.curitiba.br\/gyro\/wp-json\/wp\/v2\/pages\/43","targetHints":{"allow":["GET"]}}],"collection":[{"href":"https:\/\/utfpr.curitiba.br\/gyro\/wp-json\/wp\/v2\/pages"}],"about":[{"href":"https:\/\/utfpr.curitiba.br\/gyro\/wp-json\/wp\/v2\/types\/page"}],"author":[{"embeddable":true,"href":"https:\/\/utfpr.curitiba.br\/gyro\/wp-json\/wp\/v2\/users\/2"}],"replies":[{"embeddable":true,"href":"https:\/\/utfpr.curitiba.br\/gyro\/wp-json\/wp\/v2\/comments?post=43"}],"version-history":[{"count":20,"href":"https:\/\/utfpr.curitiba.br\/gyro\/wp-json\/wp\/v2\/pages\/43\/revisions"}],"predecessor-version":[{"id":756,"href":"https:\/\/utfpr.curitiba.br\/gyro\/wp-json\/wp\/v2\/pages\/43\/revisions\/756"}],"wp:attachment":[{"href":"https:\/\/utfpr.curitiba.br\/gyro\/wp-json\/wp\/v2\/media?parent=43"}],"curies":[{"name":"wp","href":"https:\/\/api.w.org\/{rel}","templated":true}]}}