{"id":42,"date":"2020-06-09T18:48:13","date_gmt":"2020-06-09T21:48:13","guid":{"rendered":"https:\/\/gyro.ct.utfpr.edu.br\/?page_id=42"},"modified":"2024-06-18T19:13:24","modified_gmt":"2024-06-18T22:13:24","slug":"equipe","status":"publish","type":"page","link":"https:\/\/utfpr.curitiba.br\/gyro\/equipe\/","title":{"rendered":"Team"},"content":{"rendered":"\n<figure class=\"wp-block-table\"><table><tbody><tr><td><img decoding=\"async\" src=\"https:\/\/utfpr-ct-static-content.s3.amazonaws.com\/utfpr.curitiba.br\/wp-content\/uploads\/sites\/82\/2020\/06\/foto-cassia-2.jpg\" alt=\"O atributo alt desta imagem est\u00e1 vazio. O nome do arquivo \u00e9 foto-cassia-2.jpg\"><\/td><td>C\u00e1ssia Maria Lie Ugaya, Dr.<br><br><a rel=\"noreferrer noopener\" href=\"https:\/\/orcid.org\/0000-0003-2709-0643\" target=\"_blank\"><strong>Orcid<\/strong><\/a><br><a href=\"http:\/\/lattes.cnpq.br\/2271044514284983\"><strong>Lattes<\/strong><\/a><br><\/td><td>Coordenadora do Gyro. Professora da UTFPR, Campus Curitiba, no Departamento de Mec\u00e2nica e dos Programas de P\u00f3s Gradua\u00e7\u00e3o em Sustentabilidade Ambiental Urbana (<a rel=\"noreferrer noopener\" href=\"http:\/\/www.utfpr.edu.br\/cursos\/coordenacoes\/stricto-sensu\/ppgsau\" target=\"_blank\">PPGSAU)<\/a> e Ci\u00eancia e Tecnologia Ambiental (<a rel=\"noreferrer noopener\" href=\"http:\/\/www.utfpr.edu.br\/cursos\/coordenacoes\/stricto-sensu\/ppgcta-ct\/ppgmodelo\" target=\"_blank\">PPGCTA<\/a>) e em Engenharia Mec\u00e2nica e de Materiais (<a rel=\"noreferrer noopener\" href=\"http:\/\/www.utfpr.edu.br\/cursos\/coordenacoes\/stricto-sensu\/ppgem-ct\/copy_of_ppgmodelo\" target=\"_blank\">PPGEM<\/a>).<br>Atuou como consultora do PNUMA (atualmente ONU meio ambiente) e foi cofundadora da Rede Ibero Americana de Ciclo de Vida (RICV, a qual foi co-chair da primeira gest\u00e3o), da Associa\u00e7\u00e3o Brasileira do Ciclo de Vida, da Social LCA Alliance, da Rede de Pesquisa em Avalia\u00e7\u00e3o de Impacto do Ciclo de Vida (RAICV) e do Grupo de Trabalho em ACV Social (GTACV-S). Atualmente atua como coordenadora do Comit\u00ea T\u00e9cnico de Avalia\u00e7\u00e3o de Impacto do Ciclo de Vida do Programa Brasileiro de ACV, do Grupo de Trabalho em Avalia\u00e7\u00e3o Social do Ciclo de Vida e contribui tamb\u00e9m com o setor privado, participando da Rede Empresarial Brasileira de ACV.  <\/td><\/tr><tr><td><img decoding=\"async\" src=\"https:\/\/utfpr-ct-static-content.s3.amazonaws.com\/utfpr.curitiba.br\/wp-content\/uploads\/sites\/82\/2020\/06\/WhatsApp-Image-2020-06-16-at-15.09.55-2-1024x1024.jpeg\" alt=\"O atributo alt desta imagem est\u00e1 vazio. O nome do arquivo \u00e9 WhatsApp-Image-2020-06-16-at-15.09.55-2-1024x1024.jpeg\"><\/td><td>Jaylton Bonacina de Ara\u00fajo, MSc.<br><br><a href=\"http:\/\/lattes.cnpq.br\/8952786027484350\"><strong>Lattes<\/strong><\/a><\/td><td>P\u00f3s doutor. Graduado em Ci\u00eancias Econ\u00f4micas pela Universidade Federal da Grande Dourados (2014). Mestre em Agroneg\u00f3cios pela Universidade Federal da Grande Dourados (2016). Doutorar do Programa de P\u00f3s-Gradua\u00e7\u00e3o em Engenharia Mec\u00e2nica e de Materiais (PPGEM) da Universidade Tecnol\u00f3gica Federal do Paran\u00e1 (UTFPR). Atualmente \u00e9 pesquisador na \u00e1rea de Avalia\u00e7\u00e3o Social do Ciclo de Vida integrante do Gyro4People e Grupo de Trabalho em ACV-S (GTACV-S).<\/td><\/tr><tr><td><img decoding=\"async\" src=\"https:\/\/utfpr-ct-static-content.s3.amazonaws.com\/utfpr.curitiba.br\/wp-content\/uploads\/sites\/82\/2020\/06\/27993212_10156280939863304_139840439223076706_o-122.jpg\" alt=\"O atributo alt desta imagem est\u00e1 vazio. O nome do arquivo \u00e9 27993212_10156280939863304_139840439223076706_o-122.jpg\"><\/td><td>Julianna Crippa, MSc.<br><br><a href=\"https:\/\/orcid.org\/0000-0002-8870-1666\" target=\"_blank\" rel=\"noreferrer noopener\"><strong>Orcid<\/strong><\/a><br><a href=\"http:\/\/lattes.cnpq.br\/8153427754192350\"><strong>Lattes<\/strong><\/a><\/td><td>Doutoranda. Mestre em Constru\u00e7\u00e3o Civil pela Universidade Federal do Paran\u00e1 (2019) com gradua\u00e7\u00e3o em Engenharia Civil pela Universidade Federal do Paran\u00e1 (2015) e gradua\u00e7\u00e3o sandu\u00edche na Laurentian University, onde teve seu primeiro contato com a pesquisa acad\u00eamica. Membro do Centro de Avalia\u00e7\u00e3o da Sustentabilidade do Ciclo de Vida (GYRO), do Grupo de Estudos de Tecnologia da Informa\u00e7\u00e3o e Comunica\u00e7\u00e3o da Constru\u00e7\u00e3o (GTIC) e da Rede de Pesquisa em Avalia\u00e7\u00e3o de Impacto do Ciclo de Vida (RAICV). Tem experi\u00eancia na \u00e1rea de Engenharia Civil, com \u00eanfase em tecnologia, gest\u00e3o, BIM e sustentabilidade. Doutoranda em Sustentabilidade Ambiental Urbana na UTFPR.<\/td><\/tr><tr><td><img decoding=\"async\" src=\"https:\/\/utfpr-ct-static-content.s3.amazonaws.com\/utfpr.curitiba.br\/wp-content\/uploads\/sites\/82\/2020\/06\/WhatsApp-Image-2020-06-16-at-15.09.55-3-1024x1024.jpeg\" alt=\"O atributo alt desta imagem est\u00e1 vazio. O nome do arquivo \u00e9 WhatsApp-Image-2020-06-16-at-15.09.55-3-1024x1024.jpeg\"><\/td><td>Rodrigo T. Juchen, MSc.<br><br><a href=\"http:\/\/lattes.cnpq.br\/2985283121727711\"><strong><span class=\"has-inline-color has-very-dark-gray-color\">Lattes<\/span><\/strong><\/a><\/td><td>Doutorando. Mestre na \u00e1rea de desenvolvimento integrado de produto pelo Programa de P\u00f3s-gradua\u00e7\u00e3o em Engenharia Mec\u00e2nica e Materiais na UTFPR. Graduado em Engenharia Mec\u00e2nica pela Universidade Tecnol\u00f3gica Federal do Paran\u00e1 (UTFPR), campus de Curitiba. Experi\u00eancia profissional em engenharia de produto na Denso do Brasil Ltda. Realizaou gradua\u00e7\u00e3o sandu\u00edche, em Cleveland State University e est\u00e1gio de ver\u00e3o no laborat\u00f3rio de aerodin\u00e2mica na University of California, Los Angeles. <\/td><\/tr><tr><td><img decoding=\"async\" src=\"https:\/\/utfpr-ct-static-content.s3.amazonaws.com\/utfpr.curitiba.br\/wp-content\/uploads\/sites\/82\/2020\/10\/WhatsApp-Image-2020-10-06-at-15.40.58-809x1024.jpeg\" alt=\"O atributo alt desta imagem est\u00e1 vazio. O nome do arquivo \u00e9 WhatsApp-Image-2020-10-06-at-15.40.58-809x1024.jpeg\"><\/td><td>Thaisa Pilz, MSc.<br><br><a href=\"https:\/\/orcid.org\/0000-0002-4813-5321\" target=\"_blank\" aria-label=\"undefined (opens in a new tab)\" rel=\"noreferrer noopener\"><strong>Orcid<\/strong><\/a><br><a href=\"http:\/\/lattes.cnpq.br\/1531995165898840\"><strong>Lattes<\/strong><\/a><\/td><td>Doutoranda em Engenharia Mec\u00e2nica e de Materiais na Universidade Tecnol\u00f3gica Federal do Paran\u00e1 (PPGEM &#8211; UTFPR), Mestre em Engenharia de Produ\u00e7\u00e3o pela Universidade Federal do Paran\u00e1 (PPGEP &#8211; UFPR) e Bacharel em Engenharia de Produ\u00e7\u00e3o pela Universidade do Estado de Santa Catarina, Centro de Ci\u00eancias Tecnol\u00f3gicas (UDESC &#8211; CCT). Membro do Centro de Avalia\u00e7\u00e3o da Sustentabilidade do Ciclo de Vida (GYRO) e da Rede de Pesquisa em Avalia\u00e7\u00e3o de Impacto do Ciclo de Vida (RAICV). Participou como membro do Grupo de Estudo de Inova\u00e7\u00e3o Tecnol\u00f3gica (GESIT &#8211; UFPR, Paran\u00e1, Brasil), do colegiado do PPGEP &#8211; UFPR e do corpo editorial da Revista Latino-Americana de Inova\u00e7\u00e3o e Engenharia de Produ\u00e7\u00e3o (Relainep). Possui interesse nas \u00e1reas de Gest\u00e3o Ambiental, Avalia\u00e7\u00e3o do Ciclo de Vida (ACV), Economia Circular, Sustentabilidade, Avalia\u00e7\u00e3o do Ciclo de Vida Social (ACV-S) e Desenvolvimento de Produtos.<strong>&nbsp;<\/strong><\/td><\/tr><tr><td><img decoding=\"async\" src=\"https:\/\/utfpr-ct-static-content.s3.amazonaws.com\/utfpr.curitiba.br\/wp-content\/uploads\/sites\/82\/2020\/06\/WhatsApp-Image-2020-06-16-at-15.09.55-1.jpeg\" alt=\"O atributo alt desta imagem est\u00e1 vazio. O nome do arquivo \u00e9 WhatsApp-Image-2020-06-16-at-15.09.55-1.jpeg\"><\/td><td>Jos\u00e9 P. Savioli<br><br><a href=\"https:\/\/orcid.org\/0000-0002-4897-9970\" target=\"_blank\" rel=\"noreferrer noopener\"><strong>Orcid<\/strong><\/a><br><a href=\"http:\/\/lattes.cnpq.br\/1717523843710115\"><strong>Lattes<\/strong><\/a><\/td><td>Doutorando. Graduado em Engenharia mec\u00e2nica pela Universidade Tecnol\u00f3gica Federal do Paran\u00e1 (UTFPR), atualmente cursando mestrado na \u00e1rea de invent\u00e1rios de ciclo de vida para \u00e1gua. \u00c9 participante do grupo Gyro4Water e Gyro4Life, com enfoque na \u00e1rea de simula\u00e7\u00f5es.<\/td><\/tr><tr><td><img decoding=\"async\" src=\"https:\/\/utfpr-ct-static-content.s3.amazonaws.com\/utfpr.curitiba.br\/wp-content\/uploads\/sites\/82\/2020\/06\/WhatsApp-Image-2020-06-16-at-15.09.55-4-1024x1024.jpeg\" alt=\"O atributo alt desta imagem est\u00e1 vazio. O nome do arquivo \u00e9 WhatsApp-Image-2020-06-16-at-15.09.55-4-1024x1024.jpeg\"><\/td><td>Leandro de Oliveira<br><br><a href=\"http:\/\/lattes.cnpq.br\/8952786027484350\"><strong>Lattes<\/strong><\/a><\/td><td>Formando em Engenharia El\u00e9trica com \u00eanfase direcionada para diversas \u00e1reas, desde a eletr\u00f4nica a Sistemas El\u00e9tricos de Pot\u00eancia. Possui interesses direcionados a \u00e1rea de programa\u00e7\u00e3o e l\u00f3gica, Intelig\u00eancia Artificial e afins.<\/td><\/tr><tr><td><img decoding=\"async\" src=\"https:\/\/utfpr-ct-static-content.s3.amazonaws.com\/utfpr.curitiba.br\/wp-content\/uploads\/sites\/82\/2020\/06\/WhatsApp-Image-2020-06-23-at-18.57.26.jpeg\" alt=\"O atributo alt desta imagem est\u00e1 vazio. O nome do arquivo \u00e9 WhatsApp-Image-2020-06-23-at-18.57.26.jpeg\"><\/td><td>Fernanda Assolari<\/td><td>Mestranda no PPGEM-CT. Possui gradua\u00e7\u00e3o em Design de Produto pela Universidade Federal do Paran\u00e1 (2011). T\u00e9cnica em Design de Interiores pelo SENAC Paran\u00e1 (2010). Estudante de Engenharia Mec\u00e2nica na UTFPR, com interesse nas \u00e1reas de Projeto de Produtos, Gest\u00e3o de Projetos e Avalia\u00e7\u00e3o de Ciclo de Vida.<\/td><\/tr><tr><td><img fetchpriority=\"high\" decoding=\"async\" width=\"1932\" height=\"2339\" class=\"wp-image-663\" style=\"width: 150px\" src=\"https:\/\/utfpr-ct-static-content.s3.amazonaws.com\/utfpr.curitiba.br\/wp-content\/uploads\/sites\/82\/2021\/01\/20201204_Foto_Mac.jpg\" alt=\"\" srcset=\"https:\/\/utfpr-ct-static-content.s3.amazonaws.com\/utfpr.curitiba.br\/wp-content\/uploads\/sites\/82\/2021\/01\/20201204_Foto_Mac.jpg 1932w, https:\/\/utfpr-ct-static-content.s3.amazonaws.com\/utfpr.curitiba.br\/wp-content\/uploads\/sites\/82\/2021\/01\/20201204_Foto_Mac-248x300.jpg 248w, https:\/\/utfpr-ct-static-content.s3.amazonaws.com\/utfpr.curitiba.br\/wp-content\/uploads\/sites\/82\/2021\/01\/20201204_Foto_Mac-846x1024.jpg 846w, https:\/\/utfpr-ct-static-content.s3.amazonaws.com\/utfpr.curitiba.br\/wp-content\/uploads\/sites\/82\/2021\/01\/20201204_Foto_Mac-768x930.jpg 768w, https:\/\/utfpr-ct-static-content.s3.amazonaws.com\/utfpr.curitiba.br\/wp-content\/uploads\/sites\/82\/2021\/01\/20201204_Foto_Mac-1269x1536.jpg 1269w, https:\/\/utfpr-ct-static-content.s3.amazonaws.com\/utfpr.curitiba.br\/wp-content\/uploads\/sites\/82\/2021\/01\/20201204_Foto_Mac-1692x2048.jpg 1692w, https:\/\/utfpr-ct-static-content.s3.amazonaws.com\/utfpr.curitiba.br\/wp-content\/uploads\/sites\/82\/2021\/01\/20201204_Foto_Mac-50x60.jpg 50w\" sizes=\"(max-width: 1932px) 100vw, 1932px\" \/><\/td><td>Mac W. Barbosa<br><br><strong><a href=\"http:\/\/lattes.cnpq.br\/2275602177613470\">Lattes<\/a><\/strong><\/td><td>Graduando em Engenharia Ambiental e Sanit\u00e1ria pela Universidade Tecnol\u00f3gica Federal do Paran\u00e1 (UTFPR), atualmente participa como colaborador no projeto Indoor Planting dentro do<br>grupo Gyro4Food e tamb\u00e9m no aux\u00edlio da elabora\u00e7\u00e3o de conte\u00fados educacionais audiovisual no projeto Aprendizado Baseado em Problemas para Educa\u00e7\u00e3o Ambiental em Engenharia Mec\u00e2nica.<\/td><\/tr><\/tbody><\/table><\/figure>\n\n\n\n<p><\/p>\n\n\n\n<h2 class=\"wp-block-heading\">Membros antigos<\/h2>\n\n\n\n<p><\/p>\n\n\n\n<figure class=\"wp-block-table\"><table><tbody><tr><td><img decoding=\"async\" src=\"https:\/\/utfpr-ct-static-content.s3.amazonaws.com\/utfpr.curitiba.br\/wp-content\/uploads\/sites\/82\/2020\/06\/FOTO-LATTES-1.jpg\" alt=\"O atributo alt desta imagem est\u00e1 vazio. O nome do arquivo \u00e9 FOTO-LATTES-1.jpg\"><\/td><td>Sueli F. O. Miranda Santos, Dr.<br><br><a href=\"http:\/\/lattes.cnpq.br\/0708318389978502\"><strong>Lattes<\/strong><\/a><\/td><td>P\u00f3s doutoranda. Possui gradua\u00e7\u00e3o em Administra\u00e7\u00e3o pela Universidade de Taubat\u00e9 (2000), gradua\u00e7\u00e3o em Ci\u00eancias Cont\u00e1beis pela Universidade Estadual de Ponta Grossa (2006), mestrado em Engenharia de Produ\u00e7\u00e3o pela Universidade Tecnol\u00f3gica Federal do Paran\u00e1 &#8211; UTFPR (2007) e doutorado em Engenharia de Produ\u00e7\u00e3o pela UTFPR (2017), atuando principalmente nos seguintes temas: energia renov\u00e1vel, ciclo de vida de produtos e processos e produ\u00e7\u00e3o de carv\u00e3o vegetal.<\/td><\/tr><tr><td><img decoding=\"async\" src=\"https:\/\/utfpr-ct-static-content.s3.amazonaws.com\/utfpr.curitiba.br\/wp-content\/uploads\/sites\/82\/2021\/05\/IMG-20201228-WA0015.jpg\" alt=\"\"><\/td><td>Andr\u00e9 Felipe<br><a href=\"https:\/\/sites.google.com\/view\/diriodeumvisitante\/profissional\/trabalho?authuser=0\"><strong>Lattes<\/strong><\/a><\/td><td>Cursando engenharia Mecatr\u00f4nica na Universidade federal do Paran\u00e1 desde 2018\/2<br>Formado T\u00e9cnico em mec\u00e2nica pelo Instituto Federal do Paran\u00e1 (2015 &#8211; 2017).<br>Atuou como estagi\u00e1rio e como projetista na Startup Human Robotics.<br>Participou do Centro acad\u00eamico de engenharia Mecatr\u00f4nica.<br>Participou da organiza\u00e7\u00e3o da semana acad\u00eamica de engenharia mecatr\u00f4nica.<br>Atualmente desenvolve por conta pr\u00f3pria um medidor de consumo de agua e energia el\u00e9trica e tamb\u00e9m faz pequenas manuten\u00e7\u00f5es em aparelhos el\u00e9tricos\/ eletr\u00f4nicos.<\/td><\/tr><tr><td><img decoding=\"async\" src=\"https:\/\/utfpr-ct-static-content.s3.amazonaws.com\/utfpr.curitiba.br\/wp-content\/uploads\/sites\/82\/2021\/01\/Foto_Gisele-Maria.jpg\" alt=\"\"><\/td><td>Gisele Maria<\/td><td>Estudante de Engenharia Civil na Universidade Tecnol\u00f3gica Federal do Paran\u00e1. Atuou<br>como estagi\u00e1ria no Departamento de Engenharia Civil da Copel, auxiliando na elabora\u00e7\u00e3o<br>de relat\u00f3rios para o projeto b\u00e1sico de barragens. Trabalha como estagi\u00e1ria no Distrito de<br>Manuten\u00e7\u00e3o Urbana Bairro Novo, da Prefeitura Municipal de Curitiba. Faz parte da Empresa<br>J\u00fanior Econsultoria Solu\u00e7\u00f5es Sustent\u00e1veis na UTFPR e atua como volunt\u00e1ria no Projeto<br>Recursos Educacionais Abertos: Aprendizado Baseado em Problemas para a Educa\u00e7\u00e3o<br>Ambiental em Engenharia Mec\u00e2nica.<\/td><\/tr><tr><td><img decoding=\"async\" src=\"https:\/\/utfpr-ct-static-content.s3.amazonaws.com\/utfpr.curitiba.br\/wp-content\/uploads\/sites\/82\/2021\/01\/heitor.jpg\" alt=\"\"><\/td><td>Heitor de Oliveira Ramos<br><br><strong><a href=\"http:\/\/lattes.cnpq.br\/2167703721711153\">Lattes<\/a><\/strong><\/td><td>Graduado em Engenharia Ambiental pela Universidade de Santa Cruz do Sul. (UNISC). Atuou como Bolsista no projeto de pesquisa na bolsa PROBITI FAPERGS ( An\u00e1lise do Ciclo de Vida em aquecedor solar) desde Outubro de 2013 at\u00e9 Agosto de 2014. Realizou est\u00e1gio curricular na empresa Metal\u00fargica MOR em 2015 at\u00e9 Agosto de 2019, auxiliando na elabora\u00e7\u00e3o de relat\u00f3rios t\u00e9cnicos, bem como na elabora\u00e7\u00e3o e acompanhamento de licenciamentos ambientais, gerenciamento de res\u00edduos s\u00f3lidos industriais, do servi\u00e7o de sa\u00fade e de constru\u00e7\u00e3o civil, monitoramento e acompanhamento do tratamento de efluentes industriais e sanit\u00e1rios. Tem experi\u00eancia na \u00e1rea de Engenharia Ambiental, com \u00eanfase em Gest\u00e3o Ambiental, atuando principalmente nos seguintes temas: SGA, monitoramento e indicadores de desempenho. Possui tamb\u00e9m atua\u00e7\u00e3o e experi\u00eancia em auditorias internas de sistemas de gest\u00e3o ISO 9001 e ISO 14001. Atualmente \u00e9 discente do Programa de P\u00f3s-Gradua\u00e7\u00e3o em Ci\u00eancia e Tecnologia Ambiental pela Universidade Tecnol\u00f3gica Federal do Paran\u00e1 &#8211; Campus Curitiba, com linha de pesquisa voltada ao Monitoramento e Gest\u00e3o Ambiental.<\/td><\/tr><tr><td><img decoding=\"async\" src=\"https:\/\/utfpr-ct-static-content.s3.amazonaws.com\/utfpr.curitiba.br\/wp-content\/uploads\/sites\/82\/2021\/05\/WhatsApp-Image-2021-05-03-at-08.00.08.jpeg\" alt=\"\"><\/td><td>Isaac Santos<br><a href=\"http:\/\/lattes.cnpq.br\/2228408472520909\"><strong>Lattes<\/strong><\/a><\/td><td>Graduando em Engenharia Mec\u00e2nica pela Universidade Tecnol\u00f3gica Federal<br>do Paran\u00e1 (UTFPR), onde tamb\u00e9m formou-se T\u00e9cnico em Mec\u00e2nica. Participou de<br>programas de Inicia\u00e7\u00e3o Cient\u00edfica nas \u00e1reas de Tribologia de ferros fundidos e de<br>Otimiza\u00e7\u00e3o por teoria de grafos. Enfatizou-se em Energias Renov\u00e1veis pela<br>oportunidade de ter feito interc\u00e2mbio acad\u00eamico na Beuth Hochschule f\u00fcr Technik<br>Berlin (Alemanha), experi\u00eancia que uniu-o a um est\u00e1gio na costdata GmbH na \u00e1rea<br>automobil\u00edstica de Market Research. Expedicion\u00e1rio da Academia Amaz\u00f4nia Ensina,<br>tem forte interesse em sustentabilidade ambiental, refor\u00e7ado pela viv\u00eancia com o<br>projeto de extens\u00e3o voltado \u00e0 sustentabilidade pessoal #EstudanteAzul, o qual<br>coordena.<\/td><\/tr><tr><td><\/td><td>Raphael Andrei Alves Brito<br><\/td><td>Estudante do quinto per\u00edodo de Engenharia Mec\u00e2nica na Universidade Tecnol\u00f3gica Federal do Paran\u00e1 (UTFPR). No meio acad\u00eamico tive a oportunidade de participar do projeto F\u00f3rmula SAE (entre 2018 e 2019), onde trabalhei<br>na \u00e1rea de Estruturas e Design projetando, juntamente com a minha equipe da \u00e9poca, alguns componentes para o carro de competi\u00e7\u00e3o. Al\u00e9m disso, fui monitor da disciplina Materiais Cer\u00e2micos e Polim\u00e9ricos.<\/td><\/tr><tr><td><\/td><td>Ricardo Cereda Ferraz<br><\/td><td>Aluno de gradua\u00e7\u00e3o em engenharia mec\u00e2nica na Universidade Tecnol\u00f3gica Federal do Paran\u00e1 (UTFPR). Atuou como bolsista no Centro Multiusu\u00e1rio de Caracteriza\u00e7\u00e3o de Materiais durante 1 ano, auxiliando na opera\u00e7\u00e3o dos equipamentos do laborat\u00f3rio como o MEV e DRX. Atualmente participa como voluntario no projeto Aprendizado Baseado em Problemas para Educa\u00e7\u00e3o Ambiental em Engenharia Mec\u00e2nica.<br><\/td><\/tr><tr><td><\/td><td>Danielly Lazaro<br><\/td><td>Graduada em Design Gr\u00e1fico pela Universidade Tecnol\u00f3gica Federal do Paran\u00e1, p\u00f3s-graduada em Game Design pela Universidade Positivo, estudante de Bacharelado em Design pela Universidade Tecnol\u00f3gica Federal do Paran\u00e1. Possui experi\u00eancia profissional com design gr\u00e1fico e digital, e seus principais temas de interesse e desenvolvimento s\u00e3o interfaces de usu\u00e1rio para jogos e aplicativos e motion design.<\/td><\/tr><tr><td><\/td><td>La\u00eds Shigueoka<\/td><td>Gradua\u00e7\u00e3o sandu\u00edche em Engenharia Mec\u00e2nica em andamento na Universidade Tecnol\u00f3gica Federal do Paran\u00e1 (UTFPR) e na Technische Universit\u00e4t Dortmund, Alemanha. Possui experi\u00eancias profissionais em gest\u00e3o de inova\u00e7\u00e3o na Robert Bosch GmbH (Stuttgart, Alemanha), engenharia de desenvolvimento de produto na Robert Bosch Ltda. (Curitiba, Brasil) e tamb\u00e9m na planta da Bosch dos Estados Unidos localizada em Charleston, SC. Atualmente desenvolve um estudo sobre a Economia Circular e Avalia\u00e7\u00e3o do Ciclo de Vida de constru\u00e7\u00f5es provenientes de cont\u00eaineres mar\u00edtimos.<\/td><\/tr><tr><td><img decoding=\"async\" src=\"https:\/\/utfpr-ct-static-content.s3.amazonaws.com\/utfpr.curitiba.br\/wp-content\/uploads\/sites\/82\/2020\/06\/WhatsApp-Image-2020-06-15-at-16.44.58.jpeg\" alt=\"O atributo alt desta imagem est\u00e1 vazio. O nome do arquivo \u00e9 WhatsApp-Image-2020-06-15-at-16.44.58.jpeg\"><\/td><td>Adrison Carvalho de Loreto<br><br><a href=\"https:\/\/orcid.org\/0000-0002-6042-8282\" target=\"_blank\" rel=\"noreferrer noopener\"><strong>Orcid<\/strong><\/a><br><a href=\"http:\/\/lattes.cnpq.br\/8126258043202650\"><strong>Lattes<\/strong><\/a><br><\/td><td>Graduado em engenharia ambiental, Adrison tem trabalhado com a ferramenta Avalia\u00e7\u00e3o do Ciclo de Vida, na qual tem desenvolvido modelos para fase de invent\u00e1rio do ciclo de vida. Dentro do Gyro4Food, tem contribu\u00eddo em projetos vinculados na gest\u00e3o de alimentos e na cria\u00e7\u00e3o de modelos para quantifica\u00e7\u00e3o de desperd\u00edcio na fase de produ\u00e7\u00e3o.<\/td><\/tr><tr><td><img decoding=\"async\" src=\"https:\/\/utfpr-ct-static-content.s3.amazonaws.com\/utfpr.curitiba.br\/wp-content\/uploads\/sites\/82\/2020\/06\/IMG_20140416_115232185-1-708x1024.jpg\" alt=\"O atributo alt desta imagem est\u00e1 vazio. O nome do arquivo \u00e9 IMG_20140416_115232185-1-708x1024.jpg\"><\/td><td>Gabriele Sturm<br><br><a href=\"http:\/\/lattes.cnpq.br\/8952786027484350\"><strong>Lattes<\/strong><\/a><\/td><td>Graduada em Engenharia Ambiental pela Universidade Federal do Paran\u00e1 (UFPR) em 2015, atuou durante dois anos como respons\u00e1vel pela implanta\u00e7\u00e3o e manuten\u00e7\u00e3o do Sistema de Gest\u00e3o Ambiental e Certifica\u00e7\u00e3o ISO 14001 em uma empresa do ramo educacional. Em 2017, especializou-se em Educa\u00e7\u00e3o para Sustentabilidade pelo Centro Universit\u00e1rio Senac\/SP e, atualmente, est\u00e1 cursando o Mestrado em Ci\u00eancia e Tecnologia Ambiental pela Universidade Tecnol\u00f3gica Federal do Paran\u00e1 (UTFPR), no qual est\u00e1 desenvolvendo a pesquisa sobre Economia Circular no contexto alimentar, em paralelo \u00e0 Avalia\u00e7\u00e3o do Ciclo de Vida.<\/td><\/tr><tr><td><img decoding=\"async\" src=\"https:\/\/utfpr-ct-static-content.s3.amazonaws.com\/utfpr.curitiba.br\/wp-content\/uploads\/sites\/82\/2020\/06\/Luis-Esquiaqui-879x1024.jpg\" alt=\"O atributo alt desta imagem est\u00e1 vazio. O nome do arquivo \u00e9 Luis-Esquiaqui-879x1024.jpg\"><\/td><td>Luis Alfonso Esquiaqui Mar\u00edn<br><br><a href=\"http:\/\/lattes.cnpq.br\/1195099102478743\"><strong><span class=\"has-inline-color has-very-dark-gray-color\">Lattes<\/span><\/strong><\/a><\/td><td>Mestre em Ci\u00eancias e Tecnologias Ambientais pela UTFPR. Engenheiro Qu\u00edmico com experi\u00eancia de cinco anos na gest\u00e3o de garantia e controle da qualidade. Atuei na melhoria de processos e implementa\u00e7\u00e3o de sistema de gest\u00e3o na ind\u00fastria por meio das normas ISO 9001 e ISO 14001. Atualmente, em processo de conclus\u00e3o do mestrado na Universidade Tecnol\u00f3gica Federal do Paran\u00e1 (UTFPR),no programa de Ci\u00eancias e Tecnologia Ambiental.\u00a0\u00c9 pesquisador na \u00e1rea de\u00a0Avalia\u00e7\u00e3o do Ciclo de Vida de produtos energ\u00e9ticos\u00a0\u00a0e membro do Centro de Avalia\u00e7\u00e3o da Sustentabilidade do Ciclo de Vida (GYRO).<\/td><\/tr><tr><td><img decoding=\"async\" width=\"853\" height=\"853\" class=\"wp-image-684\" style=\"width: 150px\" src=\"https:\/\/utfpr-ct-static-content.s3.amazonaws.com\/utfpr.curitiba.br\/wp-content\/uploads\/sites\/82\/2021\/03\/WhatsApp-Image-2021-03-17-at-15.06.04.jpeg\" alt=\"\" srcset=\"https:\/\/utfpr-ct-static-content.s3.amazonaws.com\/utfpr.curitiba.br\/wp-content\/uploads\/sites\/82\/2021\/03\/WhatsApp-Image-2021-03-17-at-15.06.04.jpeg 853w, https:\/\/utfpr-ct-static-content.s3.amazonaws.com\/utfpr.curitiba.br\/wp-content\/uploads\/sites\/82\/2021\/03\/WhatsApp-Image-2021-03-17-at-15.06.04-300x300.jpeg 300w, https:\/\/utfpr-ct-static-content.s3.amazonaws.com\/utfpr.curitiba.br\/wp-content\/uploads\/sites\/82\/2021\/03\/WhatsApp-Image-2021-03-17-at-15.06.04-150x150.jpeg 150w, https:\/\/utfpr-ct-static-content.s3.amazonaws.com\/utfpr.curitiba.br\/wp-content\/uploads\/sites\/82\/2021\/03\/WhatsApp-Image-2021-03-17-at-15.06.04-768x768.jpeg 768w, https:\/\/utfpr-ct-static-content.s3.amazonaws.com\/utfpr.curitiba.br\/wp-content\/uploads\/sites\/82\/2021\/03\/WhatsApp-Image-2021-03-17-at-15.06.04-60x60.jpeg 60w\" sizes=\"(max-width: 853px) 100vw, 853px\" \/><\/td><td>Oksana Kuczynski<br><br><a href=\"http:\/\/lattes.cnpq.br\/7768900773139289\"><strong>Lattes<\/strong><\/a><\/td><td>Graduada em Engenharia de Produ\u00e7\u00e3o pela Universidade Tecnol\u00f3gica Federal do Paran\u00e1 \u2013 UTFPR (2018), com realiza\u00e7\u00e3o de um semestre de estudos no Instituto Superior T\u00e9cnico, da Universidade de Lisboa. Atuou no segmento de distribui\u00e7\u00e3o de combust\u00edveis para o varejo e lojas de conveni\u00eancia na Ra\u00edzen. Atualmente, cursa MBA em Gest\u00e3o de Neg\u00f3cios pela USP\/Esalq e \u00e9 mestranda no Programa de P\u00f3s-gradua\u00e7\u00e3o em Engenharia Mec\u00e2nica e de Materiais na UTFPR.<\/td><\/tr><tr><td><\/td><td>Cassiano Lemanski de Paiva<br><\/td><td>Mestre do PPGEM-CT. Gradua\u00e7\u00e3o em Engenharia Mec\u00e2nica.<\/td><\/tr><\/tbody><\/table><\/figure>\n\n\n\n<div class=\"wp-block-columns is-layout-flex wp-container-core-columns-is-layout-9d6595d7 wp-block-columns-is-layout-flex\">\n<div class=\"wp-block-column is-layout-flow wp-block-column-is-layout-flow\" style=\"flex-basis:100%\">\n<p><\/p>\n<\/div>\n<\/div>\n\n\n\n<p><\/p>\n\n\n\n<p><\/p>\n\n\n\n<p><\/p>\n\n\n\n<p><\/p>\n\n\n\n<p><\/p>\n","protected":false},"excerpt":{"rendered":"<p>C\u00e1ssia Maria Lie Ugaya, Dr. OrcidLattes Coordenadora do Gyro. Professora da UTFPR, Campus Curitiba, no Departamento de Mec\u00e2nica e dos Programas de P\u00f3s Gradua\u00e7\u00e3o em Sustentabilidade Ambiental Urbana (PPGSAU) e &hellip; <\/p>\n","protected":false},"author":2,"featured_media":0,"parent":0,"menu_order":0,"comment_status":"closed","ping_status":"closed","template":"","meta":{"footnotes":""},"class_list":["post-42","page","type-page","status-publish","hentry"],"_links":{"self":[{"href":"https:\/\/utfpr.curitiba.br\/gyro\/wp-json\/wp\/v2\/pages\/42","targetHints":{"allow":["GET"]}}],"collection":[{"href":"https:\/\/utfpr.curitiba.br\/gyro\/wp-json\/wp\/v2\/pages"}],"about":[{"href":"https:\/\/utfpr.curitiba.br\/gyro\/wp-json\/wp\/v2\/types\/page"}],"author":[{"embeddable":true,"href":"https:\/\/utfpr.curitiba.br\/gyro\/wp-json\/wp\/v2\/users\/2"}],"replies":[{"embeddable":true,"href":"https:\/\/utfpr.curitiba.br\/gyro\/wp-json\/wp\/v2\/comments?post=42"}],"version-history":[{"count":57,"href":"https:\/\/utfpr.curitiba.br\/gyro\/wp-json\/wp\/v2\/pages\/42\/revisions"}],"predecessor-version":[{"id":905,"href":"https:\/\/utfpr.curitiba.br\/gyro\/wp-json\/wp\/v2\/pages\/42\/revisions\/905"}],"wp:attachment":[{"href":"https:\/\/utfpr.curitiba.br\/gyro\/wp-json\/wp\/v2\/media?parent=42"}],"curies":[{"name":"wp","href":"https:\/\/api.w.org\/{rel}","templated":true}]}}