{"id":40,"date":"2020-06-09T18:48:13","date_gmt":"2020-06-09T21:48:13","guid":{"rendered":"https:\/\/gyro.ct.utfpr.edu.br\/?page_id=40"},"modified":"2023-02-16T15:23:16","modified_gmt":"2023-02-16T18:23:16","slug":"gyro-4-water","status":"publish","type":"page","link":"https:\/\/utfpr.curitiba.br\/gyro\/gyro-4-water\/","title":{"rendered":"4WATER"},"content":{"rendered":"\n<div class=\"wp-block-media-text alignwide is-stacked-on-mobile\"><figure class=\"wp-block-media-text__media\"><img fetchpriority=\"high\" decoding=\"async\" width=\"1024\" height=\"768\" src=\"https:\/\/utfpr-ct-static-content.s3.amazonaws.com\/utfpr.curitiba.br\/wp-content\/uploads\/sites\/82\/2020\/06\/Water-1024x768.jpg\" alt=\"\" class=\"wp-image-275 size-full\" srcset=\"https:\/\/utfpr-ct-static-content.s3.amazonaws.com\/utfpr.curitiba.br\/wp-content\/uploads\/sites\/82\/2020\/06\/Water-1024x768.jpg 1024w, https:\/\/utfpr-ct-static-content.s3.amazonaws.com\/utfpr.curitiba.br\/wp-content\/uploads\/sites\/82\/2020\/06\/Water-300x225.jpg 300w, https:\/\/utfpr-ct-static-content.s3.amazonaws.com\/utfpr.curitiba.br\/wp-content\/uploads\/sites\/82\/2020\/06\/Water-768x576.jpg 768w, https:\/\/utfpr-ct-static-content.s3.amazonaws.com\/utfpr.curitiba.br\/wp-content\/uploads\/sites\/82\/2020\/06\/Water-1536x1152.jpg 1536w, https:\/\/utfpr-ct-static-content.s3.amazonaws.com\/utfpr.curitiba.br\/wp-content\/uploads\/sites\/82\/2020\/06\/Water-2048x1536.jpg 2048w, https:\/\/utfpr-ct-static-content.s3.amazonaws.com\/utfpr.curitiba.br\/wp-content\/uploads\/sites\/82\/2020\/06\/Water-80x60.jpg 80w, https:\/\/utfpr-ct-static-content.s3.amazonaws.com\/utfpr.curitiba.br\/wp-content\/uploads\/sites\/82\/2020\/06\/Water-640x480.jpg 640w, https:\/\/utfpr-ct-static-content.s3.amazonaws.com\/utfpr.curitiba.br\/wp-content\/uploads\/sites\/82\/2020\/06\/Water-110x83.jpg 110w\" sizes=\"(max-width: 1024px) 100vw, 1024px\" \/><\/figure><div class=\"wp-block-media-text__content\">\n<p>O projeto 4Water do Gyro visa contribuir para o desenvolvimento de informa\u00e7\u00f5es que permitam avaliar o impacto potencial do consumo de \u00e1gua. Neste sentido, o projeto verifica a disponibilidade e uso da \u00e1gua georeferenciada no Brasil e no mundo, procurando identificar as demandas e os problemas h\u00eddricos enfrentados por regi\u00e3o.<\/p>\n\n\n\n<p>O projeto j\u00e1 resultou em recomenda\u00e7\u00f5es de modelos de pegada h\u00eddrica, na regionaliza\u00e7\u00e3o de fatores de caracteriza\u00e7\u00e3o para escassez h\u00eddrica e eutrofiza\u00e7\u00e3o e an\u00e1lise de incertezas. Atualmente est\u00e1 sendo realizada a estimativa do uso de \u00e1gua presente e futuro de irriga\u00e7\u00e3o no Brasil.<\/p>\n<\/div><\/div>\n\n\n\n<p><strong>Colabora\u00e7\u00f5es<\/strong><\/p>\n\n\n\n<p>Embrapa Agroind\u00fastria Tropical<\/p>\n\n\n\n<p>ETH Zurich<\/p>\n\n\n\n<p>RAICV<\/p>\n\n\n\n<p><strong>Eventos<\/strong><\/p>\n\n\n\n<p>Water Footprint Seminar, 4\/3\/2020<\/p>\n\n\n\n<figure class=\"wp-block-image size-large\"><img decoding=\"async\" width=\"1024\" height=\"389\" src=\"https:\/\/utfpr-ct-static-content.s3.amazonaws.com\/utfpr.curitiba.br\/wp-content\/uploads\/sites\/82\/2020\/06\/5905c9f7-f678-4d20-86a4-22907d9c3165-1024x389.jpg\" alt=\"\" class=\"wp-image-248\" srcset=\"https:\/\/utfpr-ct-static-content.s3.amazonaws.com\/utfpr.curitiba.br\/wp-content\/uploads\/sites\/82\/2020\/06\/5905c9f7-f678-4d20-86a4-22907d9c3165-1024x389.jpg 1024w, https:\/\/utfpr-ct-static-content.s3.amazonaws.com\/utfpr.curitiba.br\/wp-content\/uploads\/sites\/82\/2020\/06\/5905c9f7-f678-4d20-86a4-22907d9c3165-300x114.jpg 300w, https:\/\/utfpr-ct-static-content.s3.amazonaws.com\/utfpr.curitiba.br\/wp-content\/uploads\/sites\/82\/2020\/06\/5905c9f7-f678-4d20-86a4-22907d9c3165-768x292.jpg 768w, https:\/\/utfpr-ct-static-content.s3.amazonaws.com\/utfpr.curitiba.br\/wp-content\/uploads\/sites\/82\/2020\/06\/5905c9f7-f678-4d20-86a4-22907d9c3165-158x60.jpg 158w, https:\/\/utfpr-ct-static-content.s3.amazonaws.com\/utfpr.curitiba.br\/wp-content\/uploads\/sites\/82\/2020\/06\/5905c9f7-f678-4d20-86a4-22907d9c3165.jpg 1207w\" sizes=\"(max-width: 1024px) 100vw, 1024px\" \/><\/figure>\n\n\n\n<p><strong>Saiba mais!<\/strong><\/p>\n\n\n\n<p>DE ANDRADE, MA\u00cdRA CAETANO ;\u00a0Ugaya, C\u00e1ssia Maria Lie\u00a0; DE ALMEIDA NETO, JOS\u00c9 ADOLFO ; RODRIGUES, LUCIANO BRITO . Regionalized phosphorus fate factors for freshwater eutrophication in Bahia, Brazil: an analysis of spatial and temporal variability. INTERNATIONAL JOURNAL OF LIFE CYCLE ASSESSMENT, v. 26, p. 879-898, 2021.<\/p>\n\n\n\n<p>DE FREITAS ALVES, KILVIA ; ANDRADE, EDILENE PEREIRA ; SAVIOLI, J. P. ; PASTOR, AMANDINE VAL\u00c9RIE ;\u00a0Figueiredo, M.C.;\u00a0Ugaya, Cassia Maria Lie\u00a0. Water scarcity in Brazil: part 2?uncertainty assessment in regionalized characterization. The International Journal of Life Cycle Assessment, v. X, p. X, 2020.<\/p>\n\n\n\n<p>ANDRADE, EDILENE PEREIRA ; DE ARA\u00daJO NUNES, ANA B\u00c1RBARA ; DE FREITAS ALVES, KILVIA ;\u00a0Ugaya, C\u00e1ssia Maria Lie\u00a0; DA COSTA ALENCAR, MATEUS ; DE LIMA SANTOS, TAYANE ; DA SILVA BARROS, VIVIANE ; PASTOR, AMANDINE VAL\u00c9RIE ; de Figueir\u00eado, Maria Cl\u00e9a Brito . Water scarcity in Brazil: part 1-regionalization of the AWARE model characterization factors. The International Journal of Life Cycle Assessment, v. X, p. 1, 2019.<\/p>\n\n\n\n<p>CASTRO, A. L. A. ; ANDRADE, E. P. ; COSTA, M. A. ; SANTOS, T. L. ;\u00a0UGAYA, C. M. L.\u00a0; BRITO DE FIGUEIR\u00caDO, MARIA CL\u00c9A . Applicability and relevance of water scarcity models at local management scales: Review of models and recommendations for Brazil. Environmental Impact Assessment Review, v. 72, p. 126-136, 2018.<\/p>\n","protected":false},"excerpt":{"rendered":"<p>O projeto 4Water do Gyro visa contribuir para o desenvolvimento de informa\u00e7\u00f5es que permitam avaliar o impacto potencial do consumo de \u00e1gua. Neste sentido, o projeto verifica a disponibilidade e &hellip; <\/p>\n","protected":false},"author":2,"featured_media":0,"parent":0,"menu_order":0,"comment_status":"closed","ping_status":"closed","template":"","meta":{"footnotes":""},"class_list":["post-40","page","type-page","status-publish","hentry"],"_links":{"self":[{"href":"https:\/\/utfpr.curitiba.br\/gyro\/wp-json\/wp\/v2\/pages\/40","targetHints":{"allow":["GET"]}}],"collection":[{"href":"https:\/\/utfpr.curitiba.br\/gyro\/wp-json\/wp\/v2\/pages"}],"about":[{"href":"https:\/\/utfpr.curitiba.br\/gyro\/wp-json\/wp\/v2\/types\/page"}],"author":[{"embeddable":true,"href":"https:\/\/utfpr.curitiba.br\/gyro\/wp-json\/wp\/v2\/users\/2"}],"replies":[{"embeddable":true,"href":"https:\/\/utfpr.curitiba.br\/gyro\/wp-json\/wp\/v2\/comments?post=40"}],"version-history":[{"count":9,"href":"https:\/\/utfpr.curitiba.br\/gyro\/wp-json\/wp\/v2\/pages\/40\/revisions"}],"predecessor-version":[{"id":773,"href":"https:\/\/utfpr.curitiba.br\/gyro\/wp-json\/wp\/v2\/pages\/40\/revisions\/773"}],"wp:attachment":[{"href":"https:\/\/utfpr.curitiba.br\/gyro\/wp-json\/wp\/v2\/media?parent=40"}],"curies":[{"name":"wp","href":"https:\/\/api.w.org\/{rel}","templated":true}]}}