{"id":22,"date":"2020-06-05T18:18:25","date_gmt":"2020-06-05T21:18:25","guid":{"rendered":"http:\/\/gyro.ct.utfpr.edu.br\/?page_id=22"},"modified":"2021-09-10T22:57:59","modified_gmt":"2021-09-11T01:57:59","slug":"gyro","status":"publish","type":"page","link":"https:\/\/utfpr.curitiba.br\/gyro\/","title":{"rendered":"Gyro"},"content":{"rendered":"\n<p class=\"has-text-align-left\">O Centro de Avalia\u00e7\u00e3o da Sustentabilidade do Ciclo de Vida (Gyro*) da Universidade Tecnol\u00f3gica Federal do Paran\u00e1 (UTFPR) tem como objetivo fornecer informa\u00e7\u00f5es para apoiar os tomadores de decis\u00e3o referentes aos impactos potenciais da sustentabilidade (ambiental, social e econ\u00f4mica) no ciclo de vida e dedica-se \u00e0&nbsp;pesquisa, ensino e extens\u00e3o.<\/p>\n\n\n\n<p>Nossa Miss\u00e3o: auxiliar na tomada de decis\u00e3o acerca da sustentabilidade no ciclo de vida de produtos.<\/p>\n\n\n\n<p>Nosso Objetivo: fornecer informa\u00e7\u00f5es para apoiar os tomadores de decis\u00e3o referentes aos impactos potenciais da sustentabilidade (ambiental, social e econ\u00f4mica) no ciclo de vida.<\/p>\n\n\n\n<p>*Gyro remete a ciclo e girosc\u00f3pio, dispositivo usado para indicar as mudan\u00e7as de dire\u00e7\u00e3o de um objeto em movimento (enciclop\u00e9dia Britannica).<\/p>\n","protected":false},"excerpt":{"rendered":"<p>O Centro de Avalia\u00e7\u00e3o da Sustentabilidade do Ciclo de Vida (Gyro) da Universidade Tecnol\u00f3gica Federal do Paran\u00e1 (UTFPR) tem como objetivo fornecer informa\u00e7\u00f5es para apoiar os tomadores de decis\u00e3o referentes aos impactos potenciais da sustentabilidade (ambiental, social e econ\u00f4mica) no ciclo de vida.<\/p>\n","protected":false},"author":2,"featured_media":711,"parent":0,"menu_order":0,"comment_status":"closed","ping_status":"closed","template":"templates\/blossom-portfolio.php","meta":{"footnotes":""},"class_list":["post-22","page","type-page","status-publish","has-post-thumbnail","hentry"],"_links":{"self":[{"href":"https:\/\/utfpr.curitiba.br\/gyro\/wp-json\/wp\/v2\/pages\/22","targetHints":{"allow":["GET"]}}],"collection":[{"href":"https:\/\/utfpr.curitiba.br\/gyro\/wp-json\/wp\/v2\/pages"}],"about":[{"href":"https:\/\/utfpr.curitiba.br\/gyro\/wp-json\/wp\/v2\/types\/page"}],"author":[{"embeddable":true,"href":"https:\/\/utfpr.curitiba.br\/gyro\/wp-json\/wp\/v2\/users\/2"}],"replies":[{"embeddable":true,"href":"https:\/\/utfpr.curitiba.br\/gyro\/wp-json\/wp\/v2\/comments?post=22"}],"version-history":[{"count":9,"href":"https:\/\/utfpr.curitiba.br\/gyro\/wp-json\/wp\/v2\/pages\/22\/revisions"}],"predecessor-version":[{"id":376,"href":"https:\/\/utfpr.curitiba.br\/gyro\/wp-json\/wp\/v2\/pages\/22\/revisions\/376"}],"wp:featuredmedia":[{"embeddable":true,"href":"https:\/\/utfpr.curitiba.br\/gyro\/wp-json\/wp\/v2\/media\/711"}],"wp:attachment":[{"href":"https:\/\/utfpr.curitiba.br\/gyro\/wp-json\/wp\/v2\/media?parent=22"}],"curies":[{"name":"wp","href":"https:\/\/api.w.org\/{rel}","templated":true}]}}