{"id":108,"date":"2020-06-10T13:51:47","date_gmt":"2020-06-10T16:51:47","guid":{"rendered":"https:\/\/gyro.ct.utfpr.edu.br\/?page_id=108"},"modified":"2020-06-17T12:06:55","modified_gmt":"2020-06-17T15:06:55","slug":"gyro-4-all","status":"publish","type":"page","link":"https:\/\/utfpr.curitiba.br\/gyro\/gyro-4-all\/","title":{"rendered":"4ALL"},"content":{"rendered":"\n<p><a rel=\"noreferrer noopener\" href=\"http:\/\/dgp.cnpq.br\/dgp\/espelhogrupo\/5485523666497769\" target=\"_blank\"><strong>Grupo de Pesquisa de Avalia\u00e7\u00e3o da Sustentabilidade do Ciclo de Vida do CNPq<\/strong><\/a><\/p>\n\n\n\n<p><a rel=\"noreferrer noopener\" href=\"http:\/\/www.acvdeaaz.org\" target=\"_blank\"><strong>ACV de A a Z<\/strong><\/a>: o projeto teve originariamente apoio financeiro da Secretaria de Assuntos Econ\u00f4micos da Su\u00ed\u00e7a via o ecoinvent, envolvendo 10 institui\u00e7\u00f5es nacionais e internacionais e realizou diversos eventos no Brasil ofertando minicursos que j\u00e1 alcan\u00e7ou mais de 1000 participantes. Atualmente, os cursos est\u00e3o sendo organizados para Ensino \u00e0 Dist\u00e2ncia.<\/p>\n\n\n\n<figure class=\"wp-block-image size-large\"><img fetchpriority=\"high\" decoding=\"async\" width=\"1024\" height=\"582\" src=\"https:\/\/utfpr-ct-static-content.s3.amazonaws.com\/utfpr.curitiba.br\/wp-content\/uploads\/sites\/82\/2020\/06\/14560276-2027-4308-b551-5a5645b14a65-1024x582.jpg\" alt=\"\" class=\"wp-image-255\" srcset=\"https:\/\/utfpr-ct-static-content.s3.amazonaws.com\/utfpr.curitiba.br\/wp-content\/uploads\/sites\/82\/2020\/06\/14560276-2027-4308-b551-5a5645b14a65-1024x582.jpg 1024w, https:\/\/utfpr-ct-static-content.s3.amazonaws.com\/utfpr.curitiba.br\/wp-content\/uploads\/sites\/82\/2020\/06\/14560276-2027-4308-b551-5a5645b14a65-300x171.jpg 300w, https:\/\/utfpr-ct-static-content.s3.amazonaws.com\/utfpr.curitiba.br\/wp-content\/uploads\/sites\/82\/2020\/06\/14560276-2027-4308-b551-5a5645b14a65-768x437.jpg 768w, https:\/\/utfpr-ct-static-content.s3.amazonaws.com\/utfpr.curitiba.br\/wp-content\/uploads\/sites\/82\/2020\/06\/14560276-2027-4308-b551-5a5645b14a65-105x60.jpg 105w, https:\/\/utfpr-ct-static-content.s3.amazonaws.com\/utfpr.curitiba.br\/wp-content\/uploads\/sites\/82\/2020\/06\/14560276-2027-4308-b551-5a5645b14a65.jpg 1280w\" sizes=\"(max-width: 1024px) 100vw, 1024px\" \/><\/figure>\n\n\n\n<p><strong>Curso de Invent\u00e1rio do Ciclo de Vida Avan\u00e7ado nos Programas de P\u00f3s Gradua\u00e7\u00e3o<\/strong> <strong>da UTFPR, Unicamp e UFRGS<\/strong><\/p>\n\n\n\n<figure class=\"wp-block-image size-large\"><img decoding=\"async\" width=\"754\" height=\"637\" src=\"https:\/\/utfpr-ct-static-content.s3.amazonaws.com\/utfpr.curitiba.br\/wp-content\/uploads\/sites\/82\/2020\/06\/8c193f50-17e9-4cf4-beda-5fe620df69b5.jpg\" alt=\"\" class=\"wp-image-257\" srcset=\"https:\/\/utfpr-ct-static-content.s3.amazonaws.com\/utfpr.curitiba.br\/wp-content\/uploads\/sites\/82\/2020\/06\/8c193f50-17e9-4cf4-beda-5fe620df69b5.jpg 754w, https:\/\/utfpr-ct-static-content.s3.amazonaws.com\/utfpr.curitiba.br\/wp-content\/uploads\/sites\/82\/2020\/06\/8c193f50-17e9-4cf4-beda-5fe620df69b5-300x253.jpg 300w, https:\/\/utfpr-ct-static-content.s3.amazonaws.com\/utfpr.curitiba.br\/wp-content\/uploads\/sites\/82\/2020\/06\/8c193f50-17e9-4cf4-beda-5fe620df69b5-71x60.jpg 71w\" sizes=\"(max-width: 754px) 100vw, 754px\" \/><\/figure>\n\n\n\n<p>O objetivo da disciplina de ICV Avan\u00e7ado \u00e9 o de aprofundar o conhecimento acerca de abordagens de invent\u00e1rio do ciclo de vida dos discentes do Programa de P\u00f3s-Gradua\u00e7\u00e3o em Engenharia Civil &#8211; Constru\u00e7\u00e3o e Infraestrutura (PPGCI), da UFRGS; em Arquitetura, Tecnologia e Cidade (PPGATC) e em Engenharia Civil (PPGEC) da Unicamp e do Programa de P\u00f3s Gradua\u00e7\u00e3o em Engenharia Mec\u00e2nica e de Materiais (PPGEM) da UTFPR.<\/p>\n\n\n\n<p><strong>Rota Estrat\u00e9gica de Base de Dados Nacional de ACV<\/strong><\/p>\n\n\n\n<p>Com o objetivo de apoiar o desenvolvimento de bancos de dados para invent\u00e1rios do ciclo de vida, melhorando o acesso a dados para ACV e promovendo a interoperabilidade, o presente projeto visa elaborar a Rota Estrat\u00e9gica de Base de Dados Nacional de Avalia\u00e7\u00e3o do Ciclo de Vida, inserido no projeto internacional para o Desenvolvimento de Rotas Nacionais de Base de Dados de ACV que, por sua vez, \u00e9 parte do projeto Efici\u00eancia de Recursos por meio da Aplica\u00e7\u00e3o do Pensamento de Ciclo de Vida (Resource Efficiency through Application of Life cycle thinking &#8211; REAL) da Iniciativa de Ciclo de Vida da ONU Meio Ambiente e \u00e9 financiado pela Comiss\u00e3o Europeia.<\/p>\n\n\n\n<figure class=\"wp-block-image size-large\"><img decoding=\"async\" width=\"1024\" height=\"262\" src=\"https:\/\/utfpr-ct-static-content.s3.amazonaws.com\/utfpr.curitiba.br\/wp-content\/uploads\/sites\/82\/2020\/06\/80bc78ee-f22a-4f0e-96cd-a19b37a61403-3-1024x262.jpg\" alt=\"\" class=\"wp-image-267\" srcset=\"https:\/\/utfpr-ct-static-content.s3.amazonaws.com\/utfpr.curitiba.br\/wp-content\/uploads\/sites\/82\/2020\/06\/80bc78ee-f22a-4f0e-96cd-a19b37a61403-3-1024x262.jpg 1024w, https:\/\/utfpr-ct-static-content.s3.amazonaws.com\/utfpr.curitiba.br\/wp-content\/uploads\/sites\/82\/2020\/06\/80bc78ee-f22a-4f0e-96cd-a19b37a61403-3-300x77.jpg 300w, https:\/\/utfpr-ct-static-content.s3.amazonaws.com\/utfpr.curitiba.br\/wp-content\/uploads\/sites\/82\/2020\/06\/80bc78ee-f22a-4f0e-96cd-a19b37a61403-3-768x196.jpg 768w, https:\/\/utfpr-ct-static-content.s3.amazonaws.com\/utfpr.curitiba.br\/wp-content\/uploads\/sites\/82\/2020\/06\/80bc78ee-f22a-4f0e-96cd-a19b37a61403-3-235x60.jpg 235w, https:\/\/utfpr-ct-static-content.s3.amazonaws.com\/utfpr.curitiba.br\/wp-content\/uploads\/sites\/82\/2020\/06\/80bc78ee-f22a-4f0e-96cd-a19b37a61403-3.jpg 1198w\" sizes=\"(max-width: 1024px) 100vw, 1024px\" \/><figcaption>CILCA 2019, San Jos\u00e9, Costa Rica<\/figcaption><\/figure>\n\n\n\n<p>Al\u00e9m disso, o objetivo \u00e9 contribuir juntamente com o Cons\u00f3rcio Internacional (International Working Group &#8211; IWG) para o desenvolvimento da Central de Apoio T\u00e9cnico para Bancos de Dados Nacionais de ACV, a fim de apoiar o desenvolvimento de base de dados global. O IWG \u00e9 formado pela ecoinvent Association, da Su\u00ed\u00e7a; pela Universidade Tecnol\u00f3gica Federal do Paran\u00e1, no Brasil; Escuela Superior Polit\u00e9cnica del Litoral e Escuela Polit\u00e9cnica Nacional; Minist\u00e9rio do Meio Ambiente do Equador; Conserva\u00e7\u00e3o Internacional\u00a0 no Equador; National Environmental Engineering Research Institute e Confederation of Indian Industry na \u00cdndia, University of Cape Town, na \u00c1frica do Sul; National Cleaner Production Centre Sri Lanka, em Sri Lanka e Uganda LCA Network, em Uganda.<\/p>\n\n\n\n<p><strong>Rede de Pesquisa em Avalia\u00e7\u00e3o de Impacto do Ciclo de Vida (RAICV)<\/strong><\/p>\n\n\n\n<p>O Gyro esteve envolvido na forma\u00e7\u00e3o da RAICV. A <a href=\"http:\/\/facebook.com\/RAICV\" target=\"_blank\" rel=\"noreferrer noopener\">RAICV<\/a> consiste em uma rede de pesquisadores de diferentes institui\u00e7\u00f5es&nbsp;engajados no desenvolvimento e aprimoramento dos modelos de AICV no Brasil. Veja as recomenda\u00e7\u00f5es <a rel=\"noreferrer noopener\" href=\"http:\/\/acv.ibict.br\/wp-content\/uploads\/2019\/07\/Relat%C3%B3rio-de-Recomenda%C3%A7%C3%B5es-de-Modelos-de-Avalia%C3%A7%C3%A3o-de-Impacto-para-o-Contexto-Brasileiro.pdf\" target=\"_blank\">aqui<\/a>!<\/p>\n\n\n\n<figure class=\"wp-block-image size-large\"><img loading=\"lazy\" decoding=\"async\" width=\"960\" height=\"622\" src=\"https:\/\/utfpr-ct-static-content.s3.amazonaws.com\/utfpr.curitiba.br\/wp-content\/uploads\/sites\/82\/2020\/06\/RAICV.jpg\" alt=\"\" class=\"wp-image-258\" srcset=\"https:\/\/utfpr-ct-static-content.s3.amazonaws.com\/utfpr.curitiba.br\/wp-content\/uploads\/sites\/82\/2020\/06\/RAICV.jpg 960w, https:\/\/utfpr-ct-static-content.s3.amazonaws.com\/utfpr.curitiba.br\/wp-content\/uploads\/sites\/82\/2020\/06\/RAICV-300x194.jpg 300w, https:\/\/utfpr-ct-static-content.s3.amazonaws.com\/utfpr.curitiba.br\/wp-content\/uploads\/sites\/82\/2020\/06\/RAICV-768x498.jpg 768w, https:\/\/utfpr-ct-static-content.s3.amazonaws.com\/utfpr.curitiba.br\/wp-content\/uploads\/sites\/82\/2020\/06\/RAICV-93x60.jpg 93w\" sizes=\"(max-width: 960px) 100vw, 960px\" \/><\/figure>\n\n\n\n<p><\/p>\n","protected":false},"excerpt":{"rendered":"<p>Grupo de Pesquisa de Avalia\u00e7\u00e3o da Sustentabilidade do Ciclo de Vida do CNPq ACV de A a Z: o projeto teve originariamente apoio financeiro da Secretaria de Assuntos Econ\u00f4micos da &hellip; <\/p>\n","protected":false},"author":4,"featured_media":0,"parent":0,"menu_order":0,"comment_status":"closed","ping_status":"closed","template":"","meta":{"footnotes":""},"class_list":["post-108","page","type-page","status-publish","hentry"],"_links":{"self":[{"href":"https:\/\/utfpr.curitiba.br\/gyro\/wp-json\/wp\/v2\/pages\/108","targetHints":{"allow":["GET"]}}],"collection":[{"href":"https:\/\/utfpr.curitiba.br\/gyro\/wp-json\/wp\/v2\/pages"}],"about":[{"href":"https:\/\/utfpr.curitiba.br\/gyro\/wp-json\/wp\/v2\/types\/page"}],"author":[{"embeddable":true,"href":"https:\/\/utfpr.curitiba.br\/gyro\/wp-json\/wp\/v2\/users\/4"}],"replies":[{"embeddable":true,"href":"https:\/\/utfpr.curitiba.br\/gyro\/wp-json\/wp\/v2\/comments?post=108"}],"version-history":[{"count":13,"href":"https:\/\/utfpr.curitiba.br\/gyro\/wp-json\/wp\/v2\/pages\/108\/revisions"}],"predecessor-version":[{"id":268,"href":"https:\/\/utfpr.curitiba.br\/gyro\/wp-json\/wp\/v2\/pages\/108\/revisions\/268"}],"wp:attachment":[{"href":"https:\/\/utfpr.curitiba.br\/gyro\/wp-json\/wp\/v2\/media?parent=108"}],"curies":[{"name":"wp","href":"https:\/\/api.w.org\/{rel}","templated":true}]}}