{"id":411,"date":"2025-10-21T20:42:32","date_gmt":"2025-10-21T23:42:32","guid":{"rendered":"https:\/\/utfpr.curitiba.br\/grupoxue\/?page_id=411"},"modified":"2025-10-22T16:04:23","modified_gmt":"2025-10-22T19:04:23","slug":"inclue","status":"publish","type":"page","link":"https:\/\/utfpr.curitiba.br\/grupoxue\/?page_id=411","title":{"rendered":"Inclue"},"content":{"rendered":"\t\t<div data-elementor-type=\"wp-page\" data-elementor-id=\"411\" class=\"elementor elementor-411\">\n\t\t\t\t\t\t<section class=\"elementor-section elementor-top-section elementor-element elementor-element-5c39aa29 elementor-section-boxed elementor-section-height-default elementor-section-height-default\" data-id=\"5c39aa29\" data-element_type=\"section\" data-e-type=\"section\">\n\t\t\t\t\t\t<div class=\"elementor-container elementor-column-gap-default\">\n\t\t\t\t\t<div class=\"elementor-column elementor-col-100 elementor-top-column elementor-element elementor-element-53fd3d67\" data-id=\"53fd3d67\" data-element_type=\"column\" data-e-type=\"column\">\n\t\t\t<div class=\"elementor-widget-wrap elementor-element-populated\">\n\t\t\t\t\t\t<div class=\"elementor-element elementor-element-7321153c elementor-widget elementor-widget-text-editor\" data-id=\"7321153c\" data-element_type=\"widget\" data-e-type=\"widget\" data-widget_type=\"text-editor.default\">\n\t\t\t\t<div class=\"elementor-widget-container\">\n\t\t\t\t\t\t\t\t\t<p style=\"text-align: left\"><span style=\"color: #403e3e\"><\/span><\/p>\n<h3><span style=\"color: #454343\">Inclue &#8211; Rob\u00f3<\/span><span style=\"color: #454343\">tica Educacional: um caminho l\u00fadico,\u00a0parti<\/span><span style=\"color: #454343\">cipativo e aberto<img decoding=\"async\" class=\" wp-image-447 alignright\" src=\"https:\/\/utfpr-ct-static-content.s3.amazonaws.com\/utfpr.curitiba.br\/wp-content\/uploads\/sites\/81\/2025\/10\/Icon-inclueSemFundo-300x175.png\" alt=\"\" width=\"226\" height=\"132\" srcset=\"https:\/\/utfpr-ct-static-content.s3.amazonaws.com\/utfpr.curitiba.br\/wp-content\/uploads\/sites\/81\/2025\/10\/Icon-inclueSemFundo-300x175.png 300w, https:\/\/utfpr-ct-static-content.s3.amazonaws.com\/utfpr.curitiba.br\/wp-content\/uploads\/sites\/81\/2025\/10\/Icon-inclueSemFundo-1024x596.png 1024w, https:\/\/utfpr-ct-static-content.s3.amazonaws.com\/utfpr.curitiba.br\/wp-content\/uploads\/sites\/81\/2025\/10\/Icon-inclueSemFundo-768x447.png 768w, https:\/\/utfpr-ct-static-content.s3.amazonaws.com\/utfpr.curitiba.br\/wp-content\/uploads\/sites\/81\/2025\/10\/Icon-inclueSemFundo.png 1093w\" sizes=\"(max-width: 226px) 100vw, 226px\" \/><\/span><\/h3>\n<p><span style=\"color: #454343\"><\/span><\/p>\n<p><span style=\"color: #454343\">O <strong>Inclue<\/strong> \u00e9 um projeto de rob\u00f3tica educacional voltado \u00e0 inclus\u00e3o digital de crian\u00e7as e \u00e0 promo\u00e7\u00e3o de uma aprendizagem l\u00fadica, colaborativa e acess\u00edvel.<\/span><br \/><span style=\"color: #454343\">Mais do que ensinar programa\u00e7\u00e3o ou eletr\u00f4nica, o Inclue busca aproximar a tecnologia da realidade escolar de forma criativa e significativa, estimulando o racioc\u00ednio l\u00f3gico, a curiosidade e o trabalho em equipe.<\/span><\/p>\n<p><span style=\"color: #454343\"><\/span><\/p>\n<p><span style=\"color: #454343\">O projeto tem como diferencial seu car\u00e1ter aberto e participativo: educadores, pesquisadores e comunidades atuam juntos na constru\u00e7\u00e3o de recursos educacionais livres \u2014 entre eles, um hardware e um software abertos para rob\u00f3tica, al\u00e9m de cadernos de pr\u00e1ticas e materiais pedag\u00f3gicos para todas as s\u00e9ries do ensino fundamental. Esses recursos podem ser utilizados, adaptados e aprimorados livremente, fortalecendo uma rede colaborativa de ensino e inova\u00e7\u00e3o.<\/span><\/p>\n<p><span style=\"color: #454343\"><\/span><\/p>\n<p><span style=\"color: #454343\">Inspirado nos princ\u00edpios de Paulo Freire e na perspectiva CTS (Ci\u00eancia, Tecnologia e Sociedade), o Inclue entende a educa\u00e7\u00e3o como um processo dial\u00f3gico e emancipador, no qual todos s\u00e3o protagonistas da constru\u00e7\u00e3o do conhecimento. A proposta \u00e9 que a rob\u00f3tica sirva n\u00e3o apenas como ferramenta tecnol\u00f3gica, mas como instrumento de inclus\u00e3o, criatividade e transforma\u00e7\u00e3o social.<\/span><\/p>\n<p><span style=\"color: #454343\"><\/span><\/p>\n<p><span style=\"color: #454343\">Ao aproximar universidade, escola e comunidade, o projeto contribui para a forma\u00e7\u00e3o de cidad\u00e3os cr\u00edticos e aut\u00f4nomos, capazes de compreender e transformar o mundo digital em que vivem \u2014 sempre de forma aberta, participativa e divertida.<\/span><\/p>\n<p><span style=\"color: #403e3e\"><\/span><\/p>\t\t\t\t\t\t\t\t<\/div>\n\t\t\t\t<\/div>\n\t\t\t\t\t<\/div>\n\t\t<\/div>\n\t\t\t\t\t<\/div>\n\t\t<\/section>\n\t\t\t\t<\/div>\n\t\t","protected":false},"excerpt":{"rendered":"<p>Inclue &#8211; Rob\u00f3tica Educacional: um caminho l\u00fadico,\u00a0participativo e aberto O Inclue \u00e9 um projeto de rob\u00f3tica educacional voltado \u00e0 inclus\u00e3o digital de crian\u00e7as e \u00e0 promo\u00e7\u00e3o de uma aprendizagem l\u00fadica, colaborativa e acess\u00edvel.Mais do que ensinar programa\u00e7\u00e3o ou eletr\u00f4nica, o Inclue busca aproximar a tecnologia da realidade escolar de forma criativa e significativa, estimulando o [&hellip;]<\/p>\n","protected":false},"author":411,"featured_media":0,"parent":0,"menu_order":0,"comment_status":"closed","ping_status":"closed","template":"","meta":{"footnotes":""},"class_list":["post-411","page","type-page","status-publish","hentry"],"_links":{"self":[{"href":"https:\/\/utfpr.curitiba.br\/grupoxue\/index.php?rest_route=\/wp\/v2\/pages\/411","targetHints":{"allow":["GET"]}}],"collection":[{"href":"https:\/\/utfpr.curitiba.br\/grupoxue\/index.php?rest_route=\/wp\/v2\/pages"}],"about":[{"href":"https:\/\/utfpr.curitiba.br\/grupoxue\/index.php?rest_route=\/wp\/v2\/types\/page"}],"author":[{"embeddable":true,"href":"https:\/\/utfpr.curitiba.br\/grupoxue\/index.php?rest_route=\/wp\/v2\/users\/411"}],"replies":[{"embeddable":true,"href":"https:\/\/utfpr.curitiba.br\/grupoxue\/index.php?rest_route=%2Fwp%2Fv2%2Fcomments&post=411"}],"version-history":[{"count":25,"href":"https:\/\/utfpr.curitiba.br\/grupoxue\/index.php?rest_route=\/wp\/v2\/pages\/411\/revisions"}],"predecessor-version":[{"id":482,"href":"https:\/\/utfpr.curitiba.br\/grupoxue\/index.php?rest_route=\/wp\/v2\/pages\/411\/revisions\/482"}],"wp:attachment":[{"href":"https:\/\/utfpr.curitiba.br\/grupoxue\/index.php?rest_route=%2Fwp%2Fv2%2Fmedia&parent=411"}],"curies":[{"name":"wp","href":"https:\/\/api.w.org\/{rel}","templated":true}]}}