{"id":70,"date":"2015-08-12T22:32:19","date_gmt":"2015-08-12T22:32:19","guid":{"rendered":"https:\/\/discordgrupo.wordpress.com\/?page_id=70"},"modified":"2020-05-11T21:15:37","modified_gmt":"2020-05-11T21:15:37","slug":"discord-2-2","status":"publish","type":"page","link":"https:\/\/utfpr.curitiba.br\/grupodiscord\/","title":{"rendered":"Grupo de Pesquisa"},"content":{"rendered":"\n<hr class=\"wp-block-separator\"\/>\n\n\n\n<p>Conhe\u00e7a o mais recente projeto do grupo de pesquisa<\/p>\n\n\n\n<figure class=\"wp-block-image is-resized\"><a href=\"http:\/\/grupodiscord.ct.utfpr.edu.br\/DIZMULHER\/\"><img fetchpriority=\"high\" decoding=\"async\" src=\"http:\/\/utfpr-ct-static-content.s3.amazonaws.com\/utfpr.curitiba.br\/wp-content\/uploads\/sites\/80\/2020\/05\/dizmulher-logo-cor-02-1024x394.png\" alt=\"\" class=\"wp-image-272\" width=\"580\" height=\"223\" srcset=\"https:\/\/utfpr-ct-static-content.s3.amazonaws.com\/utfpr.curitiba.br\/wp-content\/uploads\/sites\/80\/2020\/05\/dizmulher-logo-cor-02-1024x394.png 1024w, https:\/\/utfpr-ct-static-content.s3.amazonaws.com\/utfpr.curitiba.br\/wp-content\/uploads\/sites\/80\/2020\/05\/dizmulher-logo-cor-02-300x115.png 300w, https:\/\/utfpr-ct-static-content.s3.amazonaws.com\/utfpr.curitiba.br\/wp-content\/uploads\/sites\/80\/2020\/05\/dizmulher-logo-cor-02-768x295.png 768w, https:\/\/utfpr-ct-static-content.s3.amazonaws.com\/utfpr.curitiba.br\/wp-content\/uploads\/sites\/80\/2020\/05\/dizmulher-logo-cor-02-1536x591.png 1536w, https:\/\/utfpr-ct-static-content.s3.amazonaws.com\/utfpr.curitiba.br\/wp-content\/uploads\/sites\/80\/2020\/05\/dizmulher-logo-cor-02-2048x788.png 2048w, https:\/\/utfpr-ct-static-content.s3.amazonaws.com\/utfpr.curitiba.br\/wp-content\/uploads\/sites\/80\/2020\/05\/dizmulher-logo-cor-02-624x240.png 624w\" sizes=\"(max-width: 580px) 100vw, 580px\" \/><\/a><\/figure>\n\n\n\n<hr class=\"wp-block-separator\"\/>\n\n\n\n<p><\/p>\n\n\n\n<div class=\"wp-block-columns is-layout-flex wp-container-core-columns-is-layout-9d6595d7 wp-block-columns-is-layout-flex\">\n<div class=\"wp-block-column is-layout-flow wp-block-column-is-layout-flow\">\n<figure class=\"wp-block-image size-large\"><img decoding=\"async\" width=\"300\" height=\"200\" src=\"http:\/\/utfpr-ct-static-content.s3.amazonaws.com\/utfpr.curitiba.br\/wp-content\/uploads\/sites\/80\/2020\/05\/Photo-by-CoWomen-on-Unsplash-cowomen-ZKHksse8tUU-unsplash.jpg\" alt=\"\" class=\"wp-image-259\"\/><figcaption><a href=\"http:\/\/grupodiscord.ct.utfpr.edu.br\/discord-2-2\/integrantes\/\">Pesquisadores<\/a><\/figcaption><\/figure>\n<\/div>\n\n\n\n<div class=\"wp-block-column is-layout-flow wp-block-column-is-layout-flow\">\n<figure class=\"wp-block-image size-large\"><img decoding=\"async\" width=\"300\" height=\"200\" src=\"http:\/\/utfpr-ct-static-content.s3.amazonaws.com\/utfpr.curitiba.br\/wp-content\/uploads\/sites\/80\/2020\/05\/Photo-by-Daria-Nepriakhina-on-Unsplash-daria-nepriakhina-9uEHFjGXnCE-unsplash.jpg\" alt=\"\" class=\"wp-image-261\"\/><figcaption><a href=\"http:\/\/grupodiscord.ct.utfpr.edu.br\/sobre\/pesquisa\/\">Projetos de Pesquisa<\/a><\/figcaption><\/figure>\n<\/div>\n\n\n\n<div class=\"wp-block-column is-layout-flow wp-block-column-is-layout-flow\">\n<figure class=\"wp-block-image size-large\"><img loading=\"lazy\" decoding=\"async\" width=\"300\" height=\"200\" src=\"http:\/\/utfpr-ct-static-content.s3.amazonaws.com\/utfpr.curitiba.br\/wp-content\/uploads\/sites\/80\/2020\/05\/Photo-by-Sam-McGhee-on-Unsplash-KieCLNzKoBo.jpg\" alt=\"\" class=\"wp-image-262\"\/><figcaption><a href=\"http:\/\/grupodiscord.ct.utfpr.edu.br\/sobre\/extensao\/\">Projetos de Extens\u00e3o<\/a><\/figcaption><\/figure>\n<\/div>\n<\/div>\n\n\n\n<hr class=\"wp-block-separator\"\/>\n\n\n\n<p>Redes de coopera\u00e7\u00e3o<\/p>\n\n\n\n<div class=\"wp-block-columns is-layout-flex wp-container-core-columns-is-layout-9d6595d7 wp-block-columns-is-layout-flex\">\n<div class=\"wp-block-column is-layout-flow wp-block-column-is-layout-flow\">\n<div class=\"wp-block-image\"><figure class=\"aligncenter size-large is-resized\"><a href=\"http:\/\/www.ponte.ufpr.br\/\"><img loading=\"lazy\" decoding=\"async\" src=\"http:\/\/utfpr-ct-static-content.s3.amazonaws.com\/utfpr.curitiba.br\/wp-content\/uploads\/sites\/80\/2020\/05\/Ponte-logo-versoes_circ-cor-sombra-1024x1020.png\" alt=\"\" class=\"wp-image-277\" width=\"90\" height=\"89\" srcset=\"https:\/\/utfpr-ct-static-content.s3.amazonaws.com\/utfpr.curitiba.br\/wp-content\/uploads\/sites\/80\/2020\/05\/Ponte-logo-versoes_circ-cor-sombra-1024x1020.png 1024w, https:\/\/utfpr-ct-static-content.s3.amazonaws.com\/utfpr.curitiba.br\/wp-content\/uploads\/sites\/80\/2020\/05\/Ponte-logo-versoes_circ-cor-sombra-300x300.png 300w, https:\/\/utfpr-ct-static-content.s3.amazonaws.com\/utfpr.curitiba.br\/wp-content\/uploads\/sites\/80\/2020\/05\/Ponte-logo-versoes_circ-cor-sombra-150x150.png 150w, https:\/\/utfpr-ct-static-content.s3.amazonaws.com\/utfpr.curitiba.br\/wp-content\/uploads\/sites\/80\/2020\/05\/Ponte-logo-versoes_circ-cor-sombra-768x765.png 768w, https:\/\/utfpr-ct-static-content.s3.amazonaws.com\/utfpr.curitiba.br\/wp-content\/uploads\/sites\/80\/2020\/05\/Ponte-logo-versoes_circ-cor-sombra-1536x1530.png 1536w, https:\/\/utfpr-ct-static-content.s3.amazonaws.com\/utfpr.curitiba.br\/wp-content\/uploads\/sites\/80\/2020\/05\/Ponte-logo-versoes_circ-cor-sombra-2048x2040.png 2048w, https:\/\/utfpr-ct-static-content.s3.amazonaws.com\/utfpr.curitiba.br\/wp-content\/uploads\/sites\/80\/2020\/05\/Ponte-logo-versoes_circ-cor-sombra-624x622.png 624w\" sizes=\"(max-width: 90px) 100vw, 90px\" \/><\/a><\/figure><\/div>\n<\/div>\n\n\n\n<div class=\"wp-block-column is-layout-flow wp-block-column-is-layout-flow\">\n<div class=\"wp-block-image\"><figure class=\"aligncenter size-large is-resized\"><img loading=\"lazy\" decoding=\"async\" src=\"http:\/\/utfpr-ct-static-content.s3.amazonaws.com\/utfpr.curitiba.br\/wp-content\/uploads\/sites\/80\/2020\/05\/dgp-cnpq.png\" alt=\"\" class=\"wp-image-292\" width=\"156\" height=\"57\"\/><\/figure><\/div>\n<\/div>\n\n\n\n<div class=\"wp-block-column is-layout-flow wp-block-column-is-layout-flow\">\n<div class=\"wp-block-image\"><figure class=\"aligncenter size-large is-resized\"><a href=\"https:\/\/inctdd.org\/\"><img loading=\"lazy\" decoding=\"async\" src=\"http:\/\/utfpr-ct-static-content.s3.amazonaws.com\/utfpr.curitiba.br\/wp-content\/uploads\/sites\/80\/2020\/05\/INCTDD-marca_inctdd-01-1024x683.png\" alt=\"\" class=\"wp-image-278\" width=\"141\" height=\"93\" srcset=\"https:\/\/utfpr-ct-static-content.s3.amazonaws.com\/utfpr.curitiba.br\/wp-content\/uploads\/sites\/80\/2020\/05\/INCTDD-marca_inctdd-01-1024x683.png 1024w, https:\/\/utfpr-ct-static-content.s3.amazonaws.com\/utfpr.curitiba.br\/wp-content\/uploads\/sites\/80\/2020\/05\/INCTDD-marca_inctdd-01-300x200.png 300w, https:\/\/utfpr-ct-static-content.s3.amazonaws.com\/utfpr.curitiba.br\/wp-content\/uploads\/sites\/80\/2020\/05\/INCTDD-marca_inctdd-01-768x512.png 768w, https:\/\/utfpr-ct-static-content.s3.amazonaws.com\/utfpr.curitiba.br\/wp-content\/uploads\/sites\/80\/2020\/05\/INCTDD-marca_inctdd-01-624x416.png 624w, https:\/\/utfpr-ct-static-content.s3.amazonaws.com\/utfpr.curitiba.br\/wp-content\/uploads\/sites\/80\/2020\/05\/INCTDD-marca_inctdd-01.png 1151w\" sizes=\"(max-width: 141px) 100vw, 141px\" \/><\/a><\/figure><\/div>\n<\/div>\n<\/div>\n\n\n\n<hr class=\"wp-block-separator\"\/>\n\n\n\n<p>Filia\u00e7\u00e3o Institucional do Grupo<\/p>\n\n\n\n<div class=\"wp-block-columns is-layout-flex wp-container-core-columns-is-layout-9d6595d7 wp-block-columns-is-layout-flex\">\n<div class=\"wp-block-column is-layout-flow wp-block-column-is-layout-flow\">\n<div class=\"wp-block-image\"><figure class=\"aligncenter size-large is-resized\"><a href=\"http:\/\/portal.utfpr.edu.br\/\"><img loading=\"lazy\" decoding=\"async\" src=\"http:\/\/utfpr-ct-static-content.s3.amazonaws.com\/utfpr.curitiba.br\/wp-content\/uploads\/sites\/80\/2020\/05\/logo_UTFPR_cor-1024x408.png\" alt=\"\" class=\"wp-image-282\" width=\"122\" height=\"48\" srcset=\"https:\/\/utfpr-ct-static-content.s3.amazonaws.com\/utfpr.curitiba.br\/wp-content\/uploads\/sites\/80\/2020\/05\/logo_UTFPR_cor-1024x408.png 1024w, https:\/\/utfpr-ct-static-content.s3.amazonaws.com\/utfpr.curitiba.br\/wp-content\/uploads\/sites\/80\/2020\/05\/logo_UTFPR_cor-300x119.png 300w, https:\/\/utfpr-ct-static-content.s3.amazonaws.com\/utfpr.curitiba.br\/wp-content\/uploads\/sites\/80\/2020\/05\/logo_UTFPR_cor-768x306.png 768w, https:\/\/utfpr-ct-static-content.s3.amazonaws.com\/utfpr.curitiba.br\/wp-content\/uploads\/sites\/80\/2020\/05\/logo_UTFPR_cor-1536x611.png 1536w, https:\/\/utfpr-ct-static-content.s3.amazonaws.com\/utfpr.curitiba.br\/wp-content\/uploads\/sites\/80\/2020\/05\/logo_UTFPR_cor-2048x815.png 2048w, https:\/\/utfpr-ct-static-content.s3.amazonaws.com\/utfpr.curitiba.br\/wp-content\/uploads\/sites\/80\/2020\/05\/logo_UTFPR_cor-624x248.png 624w\" sizes=\"(max-width: 122px) 100vw, 122px\" \/><\/a><\/figure><\/div>\n<\/div>\n\n\n\n<div class=\"wp-block-column is-layout-flow wp-block-column-is-layout-flow\">\n<div class=\"wp-block-image\"><figure class=\"aligncenter size-large is-resized\"><a href=\"http:\/\/portal.utfpr.edu.br\/cursos\/coordenacoes\/stricto-sensu\/pgp\"><img loading=\"lazy\" decoding=\"async\" src=\"http:\/\/utfpr-ct-static-content.s3.amazonaws.com\/utfpr.curitiba.br\/wp-content\/uploads\/sites\/80\/2020\/05\/ppgpgp.png\" alt=\"\" class=\"wp-image-288\" width=\"142\" height=\"65\"\/><\/a><\/figure><\/div>\n<\/div>\n\n\n\n<div class=\"wp-block-column is-layout-flow wp-block-column-is-layout-flow\">\n<figure class=\"wp-block-image size-large is-resized\"><a href=\"http:\/\/dalic.ct.utfpr.edu.br\/\"><img loading=\"lazy\" decoding=\"async\" src=\"http:\/\/utfpr-ct-static-content.s3.amazonaws.com\/utfpr.curitiba.br\/wp-content\/uploads\/sites\/80\/2020\/05\/logo-dalic-1024x415.jpg\" alt=\"\" class=\"wp-image-284\" width=\"111\" height=\"44\" srcset=\"https:\/\/utfpr-ct-static-content.s3.amazonaws.com\/utfpr.curitiba.br\/wp-content\/uploads\/sites\/80\/2020\/05\/logo-dalic-1024x415.jpg 1024w, https:\/\/utfpr-ct-static-content.s3.amazonaws.com\/utfpr.curitiba.br\/wp-content\/uploads\/sites\/80\/2020\/05\/logo-dalic-300x122.jpg 300w, https:\/\/utfpr-ct-static-content.s3.amazonaws.com\/utfpr.curitiba.br\/wp-content\/uploads\/sites\/80\/2020\/05\/logo-dalic-768x311.jpg 768w, https:\/\/utfpr-ct-static-content.s3.amazonaws.com\/utfpr.curitiba.br\/wp-content\/uploads\/sites\/80\/2020\/05\/logo-dalic-1536x622.jpg 1536w, https:\/\/utfpr-ct-static-content.s3.amazonaws.com\/utfpr.curitiba.br\/wp-content\/uploads\/sites\/80\/2020\/05\/logo-dalic-2048x830.jpg 2048w, https:\/\/utfpr-ct-static-content.s3.amazonaws.com\/utfpr.curitiba.br\/wp-content\/uploads\/sites\/80\/2020\/05\/logo-dalic-624x253.jpg 624w\" sizes=\"(max-width: 111px) 100vw, 111px\" \/><\/a><\/figure>\n<\/div>\n<\/div>\n\n\n\n<hr class=\"wp-block-separator\"\/>\n\n\n\n<p>Financiamentos recebidos<\/p>\n\n\n\n<div class=\"wp-block-columns is-layout-flex wp-container-core-columns-is-layout-9d6595d7 wp-block-columns-is-layout-flex\">\n<div class=\"wp-block-column is-layout-flow wp-block-column-is-layout-flow\">\n<div class=\"wp-block-image\"><figure class=\"aligncenter size-large is-resized\"><a href=\"http:\/\/capes.gov.br\/\"><img loading=\"lazy\" decoding=\"async\" src=\"http:\/\/utfpr-ct-static-content.s3.amazonaws.com\/utfpr.curitiba.br\/wp-content\/uploads\/sites\/80\/2020\/05\/logo-original-fundo-claro.jpg\" alt=\"\" class=\"wp-image-280\" width=\"61\" height=\"60\" srcset=\"https:\/\/utfpr-ct-static-content.s3.amazonaws.com\/utfpr.curitiba.br\/wp-content\/uploads\/sites\/80\/2020\/05\/logo-original-fundo-claro.jpg 850w, https:\/\/utfpr-ct-static-content.s3.amazonaws.com\/utfpr.curitiba.br\/wp-content\/uploads\/sites\/80\/2020\/05\/logo-original-fundo-claro-300x300.jpg 300w, https:\/\/utfpr-ct-static-content.s3.amazonaws.com\/utfpr.curitiba.br\/wp-content\/uploads\/sites\/80\/2020\/05\/logo-original-fundo-claro-150x150.jpg 150w, https:\/\/utfpr-ct-static-content.s3.amazonaws.com\/utfpr.curitiba.br\/wp-content\/uploads\/sites\/80\/2020\/05\/logo-original-fundo-claro-768x766.jpg 768w, https:\/\/utfpr-ct-static-content.s3.amazonaws.com\/utfpr.curitiba.br\/wp-content\/uploads\/sites\/80\/2020\/05\/logo-original-fundo-claro-624x623.jpg 624w\" sizes=\"(max-width: 61px) 100vw, 61px\" \/><\/a><\/figure><\/div>\n<\/div>\n\n\n\n<div class=\"wp-block-column is-layout-flow wp-block-column-is-layout-flow\">\n<div class=\"wp-block-image\"><figure class=\"aligncenter size-large is-resized\"><a href=\"http:\/\/cnpq.br\/\"><img loading=\"lazy\" decoding=\"async\" src=\"http:\/\/utfpr-ct-static-content.s3.amazonaws.com\/utfpr.curitiba.br\/wp-content\/uploads\/sites\/80\/2020\/05\/logobitmap.jpg\" alt=\"\" class=\"wp-image-281\" width=\"140\" height=\"62\"\/><\/a><\/figure><\/div>\n<\/div>\n\n\n\n<div class=\"wp-block-column is-layout-flow wp-block-column-is-layout-flow\">\n<figure class=\"wp-block-image size-large is-resized\"><a href=\"http:\/\/www.fappr.pr.gov.br\/\"><img loading=\"lazy\" decoding=\"async\" src=\"http:\/\/utfpr-ct-static-content.s3.amazonaws.com\/utfpr.curitiba.br\/wp-content\/uploads\/sites\/80\/2020\/05\/FA_Gov_2019_v2edit.jpg\" alt=\"\" class=\"wp-image-283\" width=\"140\" height=\"62\" srcset=\"https:\/\/utfpr-ct-static-content.s3.amazonaws.com\/utfpr.curitiba.br\/wp-content\/uploads\/sites\/80\/2020\/05\/FA_Gov_2019_v2edit.jpg 336w, https:\/\/utfpr-ct-static-content.s3.amazonaws.com\/utfpr.curitiba.br\/wp-content\/uploads\/sites\/80\/2020\/05\/FA_Gov_2019_v2edit-300x133.jpg 300w\" sizes=\"(max-width: 140px) 100vw, 140px\" \/><\/a><\/figure>\n<\/div>\n<\/div>\n\n\n\n<hr class=\"wp-block-separator\"\/>\n\n\n\n<ul class=\"wp-block-social-links aligncenter is-layout-flex wp-block-social-links-is-layout-flex\"><li class=\"wp-social-link wp-social-link-facebook  wp-block-social-link\"><a href=\"https:\/\/www.facebook.com\/pg\/discordgrupo\/\" class=\"wp-block-social-link-anchor\"><svg width=\"24\" height=\"24\" viewBox=\"0 0 24 24\" version=\"1.1\" xmlns=\"http:\/\/www.w3.org\/2000\/svg\" aria-hidden=\"true\" focusable=\"false\"><path d=\"M12 2C6.5 2 2 6.5 2 12c0 5 3.7 9.1 8.4 9.9v-7H7.9V12h2.5V9.8c0-2.5 1.5-3.9 3.8-3.9 1.1 0 2.2.2 2.2.2v2.5h-1.3c-1.2 0-1.6.8-1.6 1.6V12h2.8l-.4 2.9h-2.3v7C18.3 21.1 22 17 22 12c0-5.5-4.5-10-10-10z\"><\/path><\/svg><span class=\"wp-block-social-link-label screen-reader-text\">Facebook<\/span><\/a><\/li>\n\n<li class=\"wp-social-link wp-social-link-twitter  wp-block-social-link\"><a href=\"https:\/\/twitter.com\/discordgrupo\" class=\"wp-block-social-link-anchor\"><svg width=\"24\" height=\"24\" viewBox=\"0 0 24 24\" version=\"1.1\" xmlns=\"http:\/\/www.w3.org\/2000\/svg\" aria-hidden=\"true\" focusable=\"false\"><path d=\"M22.23,5.924c-0.736,0.326-1.527,0.547-2.357,0.646c0.847-0.508,1.498-1.312,1.804-2.27 c-0.793,0.47-1.671,0.812-2.606,0.996C18.324,4.498,17.257,4,16.077,4c-2.266,0-4.103,1.837-4.103,4.103 c0,0.322,0.036,0.635,0.106,0.935C8.67,8.867,5.647,7.234,3.623,4.751C3.27,5.357,3.067,6.062,3.067,6.814 c0,1.424,0.724,2.679,1.825,3.415c-0.673-0.021-1.305-0.206-1.859-0.513c0,0.017,0,0.034,0,0.052c0,1.988,1.414,3.647,3.292,4.023 c-0.344,0.094-0.707,0.144-1.081,0.144c-0.264,0-0.521-0.026-0.772-0.074c0.522,1.63,2.038,2.816,3.833,2.85 c-1.404,1.1-3.174,1.756-5.096,1.756c-0.331,0-0.658-0.019-0.979-0.057c1.816,1.164,3.973,1.843,6.29,1.843 c7.547,0,11.675-6.252,11.675-11.675c0-0.178-0.004-0.355-0.012-0.531C20.985,7.47,21.68,6.747,22.23,5.924z\"><\/path><\/svg><span class=\"wp-block-social-link-label screen-reader-text\">Twitter<\/span><\/a><\/li>\n\n<li class=\"wp-social-link wp-social-link-youtube  wp-block-social-link\"><a href=\"https:\/\/www.youtube.com\/channel\/UCZfy_D69Ah80JVCSkdMUS1w\" class=\"wp-block-social-link-anchor\"><svg width=\"24\" height=\"24\" viewBox=\"0 0 24 24\" version=\"1.1\" xmlns=\"http:\/\/www.w3.org\/2000\/svg\" aria-hidden=\"true\" focusable=\"false\"><path d=\"M21.8,8.001c0,0-0.195-1.378-0.795-1.985c-0.76-0.797-1.613-0.801-2.004-0.847c-2.799-0.202-6.997-0.202-6.997-0.202 h-0.009c0,0-4.198,0-6.997,0.202C4.608,5.216,3.756,5.22,2.995,6.016C2.395,6.623,2.2,8.001,2.2,8.001S2,9.62,2,11.238v1.517 c0,1.618,0.2,3.237,0.2,3.237s0.195,1.378,0.795,1.985c0.761,0.797,1.76,0.771,2.205,0.855c1.6,0.153,6.8,0.201,6.8,0.201 s4.203-0.006,7.001-0.209c0.391-0.047,1.243-0.051,2.004-0.847c0.6-0.607,0.795-1.985,0.795-1.985s0.2-1.618,0.2-3.237v-1.517 C22,9.62,21.8,8.001,21.8,8.001z M9.935,14.594l-0.001-5.62l5.404,2.82L9.935,14.594z\"><\/path><\/svg><span class=\"wp-block-social-link-label screen-reader-text\">YouTube<\/span><\/a><\/li><\/ul>\n","protected":false},"excerpt":{"rendered":"<p>Conhe\u00e7a o mais recente projeto do grupo de pesquisa Redes de coopera\u00e7\u00e3o Filia\u00e7\u00e3o Institucional do Grupo Financiamentos recebidos<\/p>\n","protected":false},"author":5,"featured_media":0,"parent":0,"menu_order":0,"comment_status":"closed","ping_status":"closed","template":"page-templates\/front-page.php","meta":{"footnotes":""},"class_list":["post-70","page","type-page","status-publish","hentry"],"_links":{"self":[{"href":"https:\/\/utfpr.curitiba.br\/grupodiscord\/wp-json\/wp\/v2\/pages\/70","targetHints":{"allow":["GET"]}}],"collection":[{"href":"https:\/\/utfpr.curitiba.br\/grupodiscord\/wp-json\/wp\/v2\/pages"}],"about":[{"href":"https:\/\/utfpr.curitiba.br\/grupodiscord\/wp-json\/wp\/v2\/types\/page"}],"author":[{"embeddable":true,"href":"https:\/\/utfpr.curitiba.br\/grupodiscord\/wp-json\/wp\/v2\/users\/5"}],"replies":[{"embeddable":true,"href":"https:\/\/utfpr.curitiba.br\/grupodiscord\/wp-json\/wp\/v2\/comments?post=70"}],"version-history":[{"count":32,"href":"https:\/\/utfpr.curitiba.br\/grupodiscord\/wp-json\/wp\/v2\/pages\/70\/revisions"}],"predecessor-version":[{"id":338,"href":"https:\/\/utfpr.curitiba.br\/grupodiscord\/wp-json\/wp\/v2\/pages\/70\/revisions\/338"}],"wp:attachment":[{"href":"https:\/\/utfpr.curitiba.br\/grupodiscord\/wp-json\/wp\/v2\/media?parent=70"}],"curies":[{"name":"wp","href":"https:\/\/api.w.org\/{rel}","templated":true}]}}