{"id":6,"date":"2015-06-15T16:05:07","date_gmt":"2015-06-15T16:05:07","guid":{"rendered":"http:\/\/discordgrupo.wordpress.com\/?page_id=1"},"modified":"2020-05-11T20:46:08","modified_gmt":"2020-05-11T20:46:08","slug":"sobre","status":"publish","type":"page","link":"https:\/\/utfpr.curitiba.br\/grupodiscord\/sobre\/","title":{"rendered":"Projetos"},"content":{"rendered":"<div>\n<h3>Projetos de Pesquisa<\/h3>\n<p><a href=\"http:\/\/grupodiscord.ct.utfpr.edu.br\/sobre\/pesquisa\/\">Dilemas da Comunica\u00e7\u00e3o no \u00e2mbito do Estado: conflitos entre a Propaganda e o Interesse P\u00fablico<\/a><\/p>\n<h3>Projetos de Extens\u00e3o<\/h3>\n<p><a href=\"http:\/\/grupodiscord.ct.utfpr.edu.br\/DIZMULHER\/\">Diz, mulher! Di\u00e1logos em Comunica\u00e7\u00e3o e Pol\u00edtica<\/a><\/p>\n<p><a href=\"http:\/\/comunicacaopublica.ct.utfpr.edu.br\/\">Comunica\u00e7\u00e3o P\u00fablica: Relatos de experi\u00eancias<\/a><\/p>\n<\/div>\n<p><a href=\"http:\/\/cibercultura.ct.utfpr.edu.br\/\">Almanaque da Cibercultura<\/a><\/p>\n","protected":false},"excerpt":{"rendered":"<p>Projetos de Pesquisa Dilemas da Comunica\u00e7\u00e3o no \u00e2mbito do Estado: conflitos entre a Propaganda e o Interesse P\u00fablico Projetos de Extens\u00e3o Diz, mulher! Di\u00e1logos em Comunica\u00e7\u00e3o e Pol\u00edtica Comunica\u00e7\u00e3o P\u00fablica: Relatos de experi\u00eancias Almanaque da Cibercultura<\/p>\n","protected":false},"author":5,"featured_media":0,"parent":0,"menu_order":0,"comment_status":"closed","ping_status":"closed","template":"","meta":{"footnotes":""},"class_list":["post-6","page","type-page","status-publish","hentry"],"_links":{"self":[{"href":"https:\/\/utfpr.curitiba.br\/grupodiscord\/wp-json\/wp\/v2\/pages\/6","targetHints":{"allow":["GET"]}}],"collection":[{"href":"https:\/\/utfpr.curitiba.br\/grupodiscord\/wp-json\/wp\/v2\/pages"}],"about":[{"href":"https:\/\/utfpr.curitiba.br\/grupodiscord\/wp-json\/wp\/v2\/types\/page"}],"author":[{"embeddable":true,"href":"https:\/\/utfpr.curitiba.br\/grupodiscord\/wp-json\/wp\/v2\/users\/5"}],"replies":[{"embeddable":true,"href":"https:\/\/utfpr.curitiba.br\/grupodiscord\/wp-json\/wp\/v2\/comments?post=6"}],"version-history":[{"count":4,"href":"https:\/\/utfpr.curitiba.br\/grupodiscord\/wp-json\/wp\/v2\/pages\/6\/revisions"}],"predecessor-version":[{"id":323,"href":"https:\/\/utfpr.curitiba.br\/grupodiscord\/wp-json\/wp\/v2\/pages\/6\/revisions\/323"}],"wp:attachment":[{"href":"https:\/\/utfpr.curitiba.br\/grupodiscord\/wp-json\/wp\/v2\/media?parent=6"}],"curies":[{"name":"wp","href":"https:\/\/api.w.org\/{rel}","templated":true}]}}