{"id":4638,"date":"2023-06-14T19:30:00","date_gmt":"2023-06-14T22:30:00","guid":{"rendered":"http:\/\/dagee.local\/especializacao\/?page_id=6"},"modified":"2026-01-03T10:25:32","modified_gmt":"2026-01-03T13:25:32","slug":"curso","status":"publish","type":"page","link":"https:\/\/utfpr.curitiba.br\/gestaodeativos\/","title":{"rendered":"Curso"},"content":{"rendered":"\t\t<div data-elementor-type=\"wp-page\" data-elementor-id=\"4638\" class=\"elementor elementor-4638\">\n\t\t\t\t\t\t<section class=\"elementor-section elementor-top-section elementor-element elementor-element-7e0d4164 elementor-section-height-min-height elementor-section-boxed elementor-section-height-default elementor-section-items-middle\" data-id=\"7e0d4164\" data-element_type=\"section\" data-e-type=\"section\" data-settings=\"{&quot;background_background&quot;:&quot;classic&quot;}\">\n\t\t\t\t\t\t\t<div class=\"elementor-background-overlay\"><\/div>\n\t\t\t\t\t\t\t<div class=\"elementor-container elementor-column-gap-default\">\n\t\t\t\t\t<div class=\"elementor-column elementor-col-100 elementor-top-column elementor-element elementor-element-61256691\" data-id=\"61256691\" data-element_type=\"column\" data-e-type=\"column\">\n\t\t\t<div class=\"elementor-widget-wrap elementor-element-populated\">\n\t\t\t\t\t\t<div class=\"elementor-element elementor-element-59a6d7da elementor-widget__width-initial elementor-widget-mobile__width-inherit elementor-invisible elementor-widget elementor-widget-heading\" data-id=\"59a6d7da\" data-element_type=\"widget\" data-e-type=\"widget\" data-settings=\"{&quot;_animation&quot;:&quot;fadeInUp&quot;,&quot;_animation_delay&quot;:&quot;10&quot;}\" data-widget_type=\"heading.default\">\n\t\t\t\t<div class=\"elementor-widget-container\">\n\t\t\t\t\t<h1 class=\"elementor-heading-title elementor-size-default\">CURSO DE ESPECIALIZA\u00c7\u00c3O EM GEST\u00c3O DE ATIVOS<\/h1>\t\t\t\t<\/div>\n\t\t\t\t<\/div>\n\t\t\t\t\t<\/div>\n\t\t<\/div>\n\t\t\t\t\t<\/div>\n\t\t<\/section>\n\t\t\t\t<section class=\"elementor-section elementor-top-section elementor-element elementor-element-dce9fba elementor-section-boxed elementor-section-height-default elementor-section-height-default\" data-id=\"dce9fba\" data-element_type=\"section\" data-e-type=\"section\">\n\t\t\t\t\t\t<div class=\"elementor-container elementor-column-gap-default\">\n\t\t\t\t\t<div class=\"elementor-column elementor-col-100 elementor-top-column elementor-element elementor-element-f096147\" data-id=\"f096147\" data-element_type=\"column\" data-e-type=\"column\" data-settings=\"{&quot;background_background&quot;:&quot;classic&quot;}\">\n\t\t\t<div class=\"elementor-widget-wrap elementor-element-populated\">\n\t\t\t\t\t\t<div class=\"elementor-element elementor-element-6102df2 elementor-widget elementor-widget-heading\" data-id=\"6102df2\" data-element_type=\"widget\" data-e-type=\"widget\" data-widget_type=\"heading.default\">\n\t\t\t\t<div class=\"elementor-widget-container\">\n\t\t\t\t\t<h2 class=\"elementor-heading-title elementor-size-default\">Sobre<\/h2>\t\t\t\t<\/div>\n\t\t\t\t<\/div>\n\t\t\t\t<div class=\"elementor-element elementor-element-7db1e19 elementor-widget elementor-widget-text-editor\" data-id=\"7db1e19\" data-element_type=\"widget\" data-e-type=\"widget\" data-widget_type=\"text-editor.default\">\n\t\t\t\t<div class=\"elementor-widget-container\">\n\t\t\t\t\t\t\t\t\t<p>O contexto atual das empresas exige dos seus gestores decis\u00f5es r\u00e1pidas e acertadas sobre a melhor forma de gerir os seus ativos. O MBA em Gest\u00e3o de Ativos da UTFPR possibilitar\u00e1 ao egresso o dom\u00ednio da metodologia e das ferramentas para apoiar a tomada de decis\u00e3o inerente \u00e0 gest\u00e3o de ativos, otimizando: investimentos, recursos operacionais, confiabilidade, mantenabilidade, disponibilidade e rentabilidade dos equipamentos ao longo do seu ciclo de vida. A Gest\u00e3o de Ativos, alinhada aos preceitos da PAS 55 e das normas ABNT\/ISO 55000, 55001 e 55002 \u00e9 um instrumento eficaz para apoiar a tomada de decis\u00e3o desde o desenvolvimento dos produtos at\u00e9 a fase de descarte, cobrindo, desta forma, todo o ciclo de vida dos ativos. O MBA em Gest\u00e3o de Ativos da UTFPR est\u00e1 plenamente alinhado com as normas, os requisitos e as melhores pr\u00e1ticas mundiais inerentes a Gest\u00e3o de Ativos.<\/p>\t\t\t\t\t\t\t\t<\/div>\n\t\t\t\t<\/div>\n\t\t\t\t\t<\/div>\n\t\t<\/div>\n\t\t\t\t\t<\/div>\n\t\t<\/section>\n\t\t\t\t<section class=\"elementor-section elementor-top-section elementor-element elementor-element-0f622a0 elementor-section-boxed elementor-section-height-default elementor-section-height-default\" data-id=\"0f622a0\" data-element_type=\"section\" data-e-type=\"section\" data-settings=\"{&quot;background_background&quot;:&quot;classic&quot;}\">\n\t\t\t\t\t\t<div class=\"elementor-container elementor-column-gap-default\">\n\t\t\t\t\t<div class=\"elementor-column elementor-col-100 elementor-top-column elementor-element elementor-element-2691bf2\" data-id=\"2691bf2\" data-element_type=\"column\" data-e-type=\"column\">\n\t\t\t<div class=\"elementor-widget-wrap elementor-element-populated\">\n\t\t\t\t\t\t<div class=\"elementor-element elementor-element-104b973 elementor-widget elementor-widget-heading\" data-id=\"104b973\" data-element_type=\"widget\" data-e-type=\"widget\" data-widget_type=\"heading.default\">\n\t\t\t\t<div class=\"elementor-widget-container\">\n\t\t\t\t\t<h2 class=\"elementor-heading-title elementor-size-default\">\u00c1rea de Conhecimento<\/h2>\t\t\t\t<\/div>\n\t\t\t\t<\/div>\n\t\t\t\t<div class=\"elementor-element elementor-element-2ffdd5f elementor-widget elementor-widget-text-editor\" data-id=\"2ffdd5f\" data-element_type=\"widget\" data-e-type=\"widget\" data-widget_type=\"text-editor.default\">\n\t\t\t\t<div class=\"elementor-widget-container\">\n\t\t\t\t\t\t\t\t\t<p>Engenharias III (Engenharia de Produ\u00e7\u00e3o \u2013 Tabela CAPES 3.08.00.00-5)<\/p>\t\t\t\t\t\t\t\t<\/div>\n\t\t\t\t<\/div>\n\t\t\t\t<div class=\"elementor-element elementor-element-0d88606 elementor-widget elementor-widget-heading\" data-id=\"0d88606\" data-element_type=\"widget\" data-e-type=\"widget\" data-widget_type=\"heading.default\">\n\t\t\t\t<div class=\"elementor-widget-container\">\n\t\t\t\t\t<h2 class=\"elementor-heading-title elementor-size-default\">P\u00fablico Alvo<\/h2>\t\t\t\t<\/div>\n\t\t\t\t<\/div>\n\t\t\t\t<div class=\"elementor-element elementor-element-45835ec elementor-widget elementor-widget-text-editor\" data-id=\"45835ec\" data-element_type=\"widget\" data-e-type=\"widget\" data-widget_type=\"text-editor.default\">\n\t\t\t\t<div class=\"elementor-widget-container\">\n\t\t\t\t\t\t\t\t\t<p>Engenheiros, tecn\u00f3logos, administradores, gestores de ativos e demais profissionais envolvidos na gest\u00e3o de processos produtivos, interessados nos conhecimentos inerentes \u00e0 Gest\u00e3o de Ativos.<\/p>\t\t\t\t\t\t\t\t<\/div>\n\t\t\t\t<\/div>\n\t\t\t\t<div class=\"elementor-element elementor-element-99d3d9a elementor-widget elementor-widget-heading\" data-id=\"99d3d9a\" data-element_type=\"widget\" data-e-type=\"widget\" data-widget_type=\"heading.default\">\n\t\t\t\t<div class=\"elementor-widget-container\">\n\t\t\t\t\t<h2 class=\"elementor-heading-title elementor-size-default\">Finalidade<\/h2>\t\t\t\t<\/div>\n\t\t\t\t<\/div>\n\t\t\t\t<div class=\"elementor-element elementor-element-02cab3b elementor-widget elementor-widget-text-editor\" data-id=\"02cab3b\" data-element_type=\"widget\" data-e-type=\"widget\" data-widget_type=\"text-editor.default\">\n\t\t\t\t<div class=\"elementor-widget-container\">\n\t\t\t\t\t\t\t\t\t<p>O MBA em Gest\u00e3o de Ativos tem por objetivo especializar profissionais de n\u00edvel superior para utilizar os conceitos, m\u00e9todos e t\u00e9cnicas inerentes \u00e0 Gest\u00e3o de Ativos como elementos de apoio \u00e0 tomada de decis\u00e3o, buscando aumento de disponibilidade, produtividade e qualidade.<\/p>\t\t\t\t\t\t\t\t<\/div>\n\t\t\t\t<\/div>\n\t\t\t\t<div class=\"elementor-element elementor-element-dcc00c8 elementor-widget elementor-widget-heading\" data-id=\"dcc00c8\" data-element_type=\"widget\" data-e-type=\"widget\" data-widget_type=\"heading.default\">\n\t\t\t\t<div class=\"elementor-widget-container\">\n\t\t\t\t\t<h2 class=\"elementor-heading-title elementor-size-default\">Hor\u00e1rio das Aulas<\/h2>\t\t\t\t<\/div>\n\t\t\t\t<\/div>\n\t\t\t\t<div class=\"elementor-element elementor-element-ec7de06 elementor-widget elementor-widget-text-editor\" data-id=\"ec7de06\" data-element_type=\"widget\" data-e-type=\"widget\" data-widget_type=\"text-editor.default\">\n\t\t\t\t<div class=\"elementor-widget-container\">\n\t\t\t\t\t\t\t\t\t<p>As aulas ser\u00e3o ministradas \u00e0s sextas-feiras \u00e0 noite e aos s\u00e1bados, no turno da manh\u00e3 e tarde, preferencialmente de forma quinzenal.<\/p><p>O curso ser\u00e1 ministrado na modalidade EaD.<\/p>\t\t\t\t\t\t\t\t<\/div>\n\t\t\t\t<\/div>\n\t\t\t\t\t<\/div>\n\t\t<\/div>\n\t\t\t\t\t<\/div>\n\t\t<\/section>\n\t\t\t\t<\/div>\n\t\t","protected":false},"excerpt":{"rendered":"<p>CURSO DE ESPECIALIZA\u00c7\u00c3O EM GEST\u00c3O DE ATIVOS Sobre O contexto atual das empresas exige dos seus gestores decis\u00f5es r\u00e1pidas e acertadas sobre a melhor forma de gerir os seus ativos. O MBA em Gest\u00e3o de Ativos da UTFPR possibilitar\u00e1 ao egresso o dom\u00ednio da metodologia e das ferramentas para apoiar a tomada de decis\u00e3o inerente [&hellip;]<\/p>\n","protected":false},"author":24,"featured_media":0,"parent":0,"menu_order":0,"comment_status":"closed","ping_status":"closed","template":"","meta":{"footnotes":""},"class_list":["post-4638","page","type-page","status-publish","hentry"],"_links":{"self":[{"href":"https:\/\/utfpr.curitiba.br\/gestaodeativos\/wp-json\/wp\/v2\/pages\/4638","targetHints":{"allow":["GET"]}}],"collection":[{"href":"https:\/\/utfpr.curitiba.br\/gestaodeativos\/wp-json\/wp\/v2\/pages"}],"about":[{"href":"https:\/\/utfpr.curitiba.br\/gestaodeativos\/wp-json\/wp\/v2\/types\/page"}],"author":[{"embeddable":true,"href":"https:\/\/utfpr.curitiba.br\/gestaodeativos\/wp-json\/wp\/v2\/users\/24"}],"replies":[{"embeddable":true,"href":"https:\/\/utfpr.curitiba.br\/gestaodeativos\/wp-json\/wp\/v2\/comments?post=4638"}],"version-history":[{"count":15,"href":"https:\/\/utfpr.curitiba.br\/gestaodeativos\/wp-json\/wp\/v2\/pages\/4638\/revisions"}],"predecessor-version":[{"id":16039,"href":"https:\/\/utfpr.curitiba.br\/gestaodeativos\/wp-json\/wp\/v2\/pages\/4638\/revisions\/16039"}],"wp:attachment":[{"href":"https:\/\/utfpr.curitiba.br\/gestaodeativos\/wp-json\/wp\/v2\/media?parent=4638"}],"curies":[{"name":"wp","href":"https:\/\/api.w.org\/{rel}","templated":true}]}}