{"id":46,"date":"2016-04-04T16:48:20","date_gmt":"2016-04-04T16:48:20","guid":{"rendered":"http:\/\/fotonanobio.ct.utfpr.edu.br\/?page_id=46"},"modified":"2020-05-15T01:50:46","modified_gmt":"2020-05-15T01:50:46","slug":"biofotonica","status":"publish","type":"page","link":"https:\/\/utfpr.curitiba.br\/fotonanobio\/?page_id=46","title":{"rendered":"Biofot\u00f4nica"},"content":{"rendered":"<p style=\"text-align: center;\"><a href=\"http:\/\/utfpr-ct-static-content.s3.amazonaws.com\/utfpr.curitiba.br\/wp-content\/uploads\/sites\/78\/Materias-de-Jornal.pdf\">Materias de Jornal<\/a><\/p>\n<p style=\"text-align: center;\"><a href=\"http:\/\/utfpr-ct-static-content.s3.amazonaws.com\/utfpr.curitiba.br\/wp-content\/uploads\/sites\/78\/pag1.gif\"><img fetchpriority=\"high\" decoding=\"async\" class=\"aligncenter size-medium wp-image-500\" src=\"http:\/\/utfpr-ct-static-content.s3.amazonaws.com\/utfpr.curitiba.br\/wp-content\/uploads\/sites\/78\/pag1-258x300.gif\" alt=\"\" width=\"258\" height=\"300\" srcset=\"https:\/\/utfpr-ct-static-content.s3.amazonaws.com\/utfpr.curitiba.br\/wp-content\/uploads\/sites\/78\/pag1-258x300.gif 258w, https:\/\/utfpr-ct-static-content.s3.amazonaws.com\/utfpr.curitiba.br\/wp-content\/uploads\/sites\/78\/pag1-768x894.gif 768w\" sizes=\"(max-width: 258px) 100vw, 258px\" \/><\/a><\/p>\n<p style=\"text-align: center;\"><a href=\"http:\/\/utfpr-ct-static-content.s3.amazonaws.com\/utfpr.curitiba.br\/wp-content\/uploads\/sites\/78\/Cientistas-do-Paran\u00e1-criam-teste-\u00fanico-para-sete-doen\u00e7as-do-sangue-Vida-e-Cidadania-Gazeta-do-Povo_05-2014.pdf\">Cientistas do Paran\u00e1 criam teste \u00fanico para sete doen\u00e7as do sangue &#8211; Vida e Cidadania &#8211; Gazeta do Povo_05-2014<\/a><\/p>\n<p style=\"text-align: center;\"><a href=\"http:\/\/utfpr-ct-static-content.s3.amazonaws.com\/utfpr.curitiba.br\/wp-content\/uploads\/sites\/78\/pag2.gif\"><img decoding=\"async\" class=\"aligncenter size-medium wp-image-501\" src=\"http:\/\/utfpr-ct-static-content.s3.amazonaws.com\/utfpr.curitiba.br\/wp-content\/uploads\/sites\/78\/pag2-255x300.gif\" alt=\"\" width=\"255\" height=\"300\" srcset=\"https:\/\/utfpr-ct-static-content.s3.amazonaws.com\/utfpr.curitiba.br\/wp-content\/uploads\/sites\/78\/pag2-255x300.gif 255w, https:\/\/utfpr-ct-static-content.s3.amazonaws.com\/utfpr.curitiba.br\/wp-content\/uploads\/sites\/78\/pag2-768x902.gif 768w\" sizes=\"(max-width: 255px) 100vw, 255px\" \/><\/a><\/p>\n<p>&nbsp;<\/p>\n","protected":false},"excerpt":{"rendered":"<p>Materias de Jornal Cientistas do Paran\u00e1 criam teste \u00fanico para sete doen\u00e7as do sangue &#8211; Vida e Cidadania &#8211; Gazeta do Povo_05-2014 &nbsp;<\/p>\n","protected":false},"author":111,"featured_media":0,"parent":0,"menu_order":0,"comment_status":"closed","ping_status":"closed","template":"","meta":{"footnotes":""},"class_list":["post-46","page","type-page","status-publish","hentry"],"_links":{"self":[{"href":"https:\/\/utfpr.curitiba.br\/fotonanobio\/index.php?rest_route=\/wp\/v2\/pages\/46","targetHints":{"allow":["GET"]}}],"collection":[{"href":"https:\/\/utfpr.curitiba.br\/fotonanobio\/index.php?rest_route=\/wp\/v2\/pages"}],"about":[{"href":"https:\/\/utfpr.curitiba.br\/fotonanobio\/index.php?rest_route=\/wp\/v2\/types\/page"}],"author":[{"embeddable":true,"href":"https:\/\/utfpr.curitiba.br\/fotonanobio\/index.php?rest_route=\/wp\/v2\/users\/111"}],"replies":[{"embeddable":true,"href":"https:\/\/utfpr.curitiba.br\/fotonanobio\/index.php?rest_route=%2Fwp%2Fv2%2Fcomments&post=46"}],"version-history":[{"count":12,"href":"https:\/\/utfpr.curitiba.br\/fotonanobio\/index.php?rest_route=\/wp\/v2\/pages\/46\/revisions"}],"predecessor-version":[{"id":502,"href":"https:\/\/utfpr.curitiba.br\/fotonanobio\/index.php?rest_route=\/wp\/v2\/pages\/46\/revisions\/502"}],"wp:attachment":[{"href":"https:\/\/utfpr.curitiba.br\/fotonanobio\/index.php?rest_route=%2Fwp%2Fv2%2Fmedia&parent=46"}],"curies":[{"name":"wp","href":"https:\/\/api.w.org\/{rel}","templated":true}]}}